{"id":28,"date":"2021-12-21T08:47:15","date_gmt":"2021-12-21T08:47:15","guid":{"rendered":"http:\/\/bestcharcoalmachine.local\/?page_id=28"},"modified":"2026-04-23T11:21:00","modified_gmt":"2026-04-23T03:21:00","slug":"about-us","status":"publish","type":"page","link":"https:\/\/bestcharcoalmachine.com\/es\/about-us\/","title":{"rendered":"Sobre nosotros"},"content":{"rendered":"<p>Fundada con a\u00f1os de experiencia en la fabricaci\u00f3n de maquinaria para el procesamiento de biomasa, Shuliy Machinery cuenta con una f\u00e1brica profesional y de gran escala dedicada a la investigaci\u00f3n, desarrollo, producci\u00f3n, ventas y servicio postventa de equipos para hacer carb\u00f3n.<\/p>    <p>Nos centramos en soluciones completas de producci\u00f3n de carb\u00f3n, que abarcan m\u00e1quinas de briquetas de carb\u00f3n, hornos de carbonizaci\u00f3n, trituradoras de madera, equipos de secado, m\u00e1quinas de carb\u00f3n shisha, l\u00edneas de producci\u00f3n de carb\u00f3n para barbacoa y toda la maquinaria auxiliar de apoyo.<\/p>    <p>Confiando en tecnolog\u00eda de producci\u00f3n madura, est\u00e1ndares de producci\u00f3n estrictos y experiencia de fabricaci\u00f3n abundante, seguimos optimizando la estructura de la m\u00e1quina, la eficiencia energ\u00e9tica y la capacidad de producci\u00f3n para satisfacer diferentes demandas de escala de producci\u00f3n de clientes en todo el mundo. Todo nuestro equipo principal se fabrica internamente, con rendimiento estable, larga vida \u00fatil y alto rendimiento de carb\u00f3n.<\/p>    <figure class=\"wp-block-gallery has-nested-images columns-default is-cropped wp-block-gallery-2 is-layout-flex wp-block-gallery-is-layout-flex\"> <figure class=\"wp-block-image size-large\"><img loading=\"lazy\" decoding=\"async\" width=\"720\" height=\"540\" data-id=\"4319\" src=\"https:\/\/bestcharcoalmachine.com\/wp-content\/uploads\/2026\/04\/shuliy-machinery.webp\" alt=\"Shuliy Machinery\" class=\"wp-image-4319\" srcset=\"https:\/\/bestcharcoalmachine.com\/wp-content\/uploads\/2026\/04\/shuliy-machinery.webp 720w, https:\/\/bestcharcoalmachine.com\/wp-content\/uploads\/2026\/04\/shuliy-machinery-300x225.webp 300w, https:\/\/bestcharcoalmachine.com\/wp-content\/uploads\/2026\/04\/shuliy-machinery-16x12.webp 16w\" sizes=\"auto, (max-width: 720px) 100vw, 720px\" \/><figcaption class=\"wp-element-caption\">Shuliy Machinery<\/figcaption><\/figure>    <figure class=\"wp-block-image size-large\"><img loading=\"lazy\" decoding=\"async\" width=\"720\" height=\"540\" data-id=\"4318\" src=\"https:\/\/bestcharcoalmachine.com\/wp-content\/uploads\/2026\/04\/shuliy-factory.webp\" alt=\"F\u00e1brica Shuliy\" class=\"wp-image-4318\" srcset=\"https:\/\/bestcharcoalmachine.com\/wp-content\/uploads\/2026\/04\/shuliy-factory.webp 720w, https:\/\/bestcharcoalmachine.com\/wp-content\/uploads\/2026\/04\/shuliy-factory-300x225.webp 300w, https:\/\/bestcharcoalmachine.com\/wp-content\/uploads\/2026\/04\/shuliy-factory-16x12.webp 16w\" sizes=\"auto, (max-width: 720px) 100vw, 720px\" \/><figcaption class=\"wp-element-caption\">F\u00e1brica Shuliy<\/figcaption><\/figure> <\/figure>    <h2 class=\"wp-block-heading\">Nuestra fuerza de producci\u00f3n<\/h2>    <p>Contamos con un taller de producci\u00f3n independiente que cubre una gran \u00e1rea de procesamiento, con equipos completos de mecanizado, l\u00edneas de ensamblaje profesionales y procesos de producci\u00f3n estandarizados.<\/p>    <p>Desde el procesamiento de materia prima, el mecanizado de piezas, el ensamblaje de toda la m\u00e1quina hasta la depuraci\u00f3n del producto terminado, cada enlace de producci\u00f3n se realiza de forma independiente en nuestra f\u00e1brica. Contamos con equipos de producci\u00f3n profesionales y trabajadores t\u00e9cnicos cualificados, que controlan estrictamente cada detalle de producci\u00f3n.<\/p>    <p>Apoyamos la producci\u00f3n personalizada seg\u00fan diferentes materias primas, condiciones del sitio y requisitos de producci\u00f3n de los clientes, lo que garantiza calidad estable y entrega confiable para cada conjunto de m\u00e1quinas de fabricaci\u00f3n de carb\u00f3n.<\/p>    <figure class=\"wp-block-gallery has-nested-images columns-2 is-cropped wp-block-gallery-3 is-layout-flex wp-block-gallery-is-layout-flex\"> <figure class=\"wp-block-image size-large\"><img loading=\"lazy\" decoding=\"async\" width=\"720\" height=\"540\" data-id=\"4310\" src=\"https:\/\/bestcharcoalmachine.com\/wp-content\/uploads\/2026\/04\/biomass-drying-machine-factory.webp\" alt=\"F\u00e1brica de secado de biomasa\" class=\"wp-image-4310\" srcset=\"https:\/\/bestcharcoalmachine.com\/wp-content\/uploads\/2026\/04\/biomass-drying-machine-factory.webp 720w, https:\/\/bestcharcoalmachine.com\/wp-content\/uploads\/2026\/04\/biomass-drying-machine-factory-300x225.webp 300w, https:\/\/bestcharcoalmachine.com\/wp-content\/uploads\/2026\/04\/biomass-drying-machine-factory-16x12.webp 16w\" sizes=\"auto, (max-width: 720px) 100vw, 720px\" \/><figcaption class=\"wp-element-caption\">F\u00e1brica de secado de biomasa<\/figcaption><\/figure>    <figure class=\"wp-block-image size-large\"><img loading=\"lazy\" decoding=\"async\" width=\"720\" height=\"540\" data-id=\"4311\" src=\"https:\/\/bestcharcoalmachine.com\/wp-content\/uploads\/2026\/04\/charcoal-briquette-machine-unit.webp\" alt=\"Unidad de m\u00e1quina de briquetas de carb\u00f3n\" class=\"wp-image-4311\" srcset=\"https:\/\/bestcharcoalmachine.com\/wp-content\/uploads\/2026\/04\/charcoal-briquette-machine-unit.webp 720w, https:\/\/bestcharcoalmachine.com\/wp-content\/uploads\/2026\/04\/charcoal-briquette-machine-unit-300x225.webp 300w, https:\/\/bestcharcoalmachine.com\/wp-content\/uploads\/2026\/04\/charcoal-briquette-machine-unit-16x12.webp 16w\" sizes=\"auto, (max-width: 720px) 100vw, 720px\" \/><figcaption class=\"wp-element-caption\">Unidad de m\u00e1quina de briquetas de carb\u00f3n<\/figcaption><\/figure>    <figure class=\"wp-block-image size-large\"><img loading=\"lazy\" decoding=\"async\" width=\"720\" height=\"540\" data-id=\"4312\" src=\"https:\/\/bestcharcoalmachine.com\/wp-content\/uploads\/2026\/04\/Mechanical-charcoal-production-line.webp\" alt=\"L\u00ednea de producci\u00f3n mec\u00e1nica de carb\u00f3n\" class=\"wp-image-4312\" srcset=\"https:\/\/bestcharcoalmachine.com\/wp-content\/uploads\/2026\/04\/Mechanical-charcoal-production-line.webp 720w, https:\/\/bestcharcoalmachine.com\/wp-content\/uploads\/2026\/04\/Mechanical-charcoal-production-line-300x225.webp 300w, https:\/\/bestcharcoalmachine.com\/wp-content\/uploads\/2026\/04\/Mechanical-charcoal-production-line-16x12.webp 16w\" sizes=\"auto, (max-width: 720px) 100vw, 720px\" \/><figcaption class=\"wp-element-caption\">L\u00ednea de producci\u00f3n mec\u00e1nica de carb\u00f3n<\/figcaption><\/figure>    <figure class=\"wp-block-image size-large\"><img loading=\"lazy\" decoding=\"async\" width=\"720\" height=\"540\" data-id=\"4313\" src=\"https:\/\/bestcharcoalmachine.com\/wp-content\/uploads\/2026\/04\/sawdust-briquette-making-machine-plant.webp\" alt=\"Planta de fabricaci\u00f3n de briquetas de aserr\u00edn\" class=\"wp-image-4313\" srcset=\"https:\/\/bestcharcoalmachine.com\/wp-content\/uploads\/2026\/04\/sawdust-briquette-making-machine-plant.webp 720w, https:\/\/bestcharcoalmachine.com\/wp-content\/uploads\/2026\/04\/sawdust-briquette-making-machine-plant-300x225.webp 300w, https:\/\/bestcharcoalmachine.com\/wp-content\/uploads\/2026\/04\/sawdust-briquette-making-machine-plant-16x12.webp 16w\" sizes=\"auto, (max-width: 720px) 100vw, 720px\" \/><figcaption class=\"wp-element-caption\">Planta de fabricaci\u00f3n de briquetas de aserr\u00edn<\/figcaption><\/figure> <\/figure>    <h2 class=\"wp-block-heading\">Casos de proyectos globales<\/h2>    <p>Con a\u00f1os de experiencia en exportaci\u00f3n, nuestras m\u00e1quinas de carb\u00f3n y l\u00edneas de producci\u00f3n completas se han exportado a decenas de pa\u00edses en todo el mundo, incluyendo Rusia, Arabia Saudita, Nepal, Argelia, Ecuador y muchos otros pa\u00edses del sudeste asi\u00e1tico, Oriente Medio y \u00c1frica.<\/p>    <p>Hemos acumulado un gran n\u00famero de casos de operaci\u00f3n en sitio exitosos en diferentes regiones. Seg\u00fan los recursos locales de materia prima y las necesidades de producci\u00f3n del cliente, proporcionamos una planificaci\u00f3n razonable de la l\u00ednea de producci\u00f3n, esquema de configuraci\u00f3n de equipos y orientaci\u00f3n en construcci\u00f3n en sitio. La calidad estable de nuestras m\u00e1quinas y las soluciones pr\u00e1cticas de producci\u00f3n han sido altamente reconocidas por compradores de todo el mundo.<\/p>    <figure class=\"wp-block-gallery has-nested-images columns-default is-cropped wp-block-gallery-4 is-layout-flex wp-block-gallery-is-layout-flex\"> <figure class=\"wp-block-image size-large\"><img loading=\"lazy\" decoding=\"async\" width=\"720\" height=\"540\" data-id=\"4303\" src=\"https:\/\/bestcharcoalmachine.com\/wp-content\/uploads\/2026\/04\/carbonization-furnace-exported-to-Jordan.webp\" alt=\"Horno de carbonizaci\u00f3n exportado a Jordania\" class=\"wp-image-4303\" srcset=\"https:\/\/bestcharcoalmachine.com\/wp-content\/uploads\/2026\/04\/carbonization-furnace-exported-to-Jordan.webp 720w, https:\/\/bestcharcoalmachine.com\/wp-content\/uploads\/2026\/04\/carbonization-furnace-exported-to-Jordan-300x225.webp 300w, https:\/\/bestcharcoalmachine.com\/wp-content\/uploads\/2026\/04\/carbonization-furnace-exported-to-Jordan-16x12.webp 16w\" sizes=\"auto, (max-width: 720px) 100vw, 720px\" \/><figcaption class=\"wp-element-caption\">Horno de carbonizaci\u00f3n exportado a Jordania<\/figcaption><\/figure>    <figure class=\"wp-block-image size-large\"><img loading=\"lazy\" decoding=\"async\" width=\"540\" height=\"720\" data-id=\"4304\" src=\"https:\/\/bestcharcoalmachine.com\/wp-content\/uploads\/2026\/04\/Dubai-clients-visit-the-factory.webp\" alt=\"Clientes de Dub\u00e1i visitan la f\u00e1brica\" class=\"wp-image-4304\" srcset=\"https:\/\/bestcharcoalmachine.com\/wp-content\/uploads\/2026\/04\/Dubai-clients-visit-the-factory.webp 540w, https:\/\/bestcharcoalmachine.com\/wp-content\/uploads\/2026\/04\/Dubai-clients-visit-the-factory-225x300.webp 225w, https:\/\/bestcharcoalmachine.com\/wp-content\/uploads\/2026\/04\/Dubai-clients-visit-the-factory-9x12.webp 9w\" sizes=\"auto, (max-width: 540px) 100vw, 540px\" \/><figcaption class=\"wp-element-caption\">Clientes de Dub\u00e1i visitan la f\u00e1brica<\/figcaption><\/figure>    <figure class=\"wp-block-image size-large\"><img loading=\"lazy\" decoding=\"async\" width=\"540\" height=\"720\" data-id=\"4305\" src=\"https:\/\/bestcharcoalmachine.com\/wp-content\/uploads\/2026\/04\/Japanese-customers-purchase-carbonisation-furnaces.webp\" alt=\"Clientes japoneses compran hornos de carbonizaci\u00f3n\" class=\"wp-image-4305\" srcset=\"https:\/\/bestcharcoalmachine.com\/wp-content\/uploads\/2026\/04\/Japanese-customers-purchase-carbonisation-furnaces.webp 540w, https:\/\/bestcharcoalmachine.com\/wp-content\/uploads\/2026\/04\/Japanese-customers-purchase-carbonisation-furnaces-225x300.webp 225w, https:\/\/bestcharcoalmachine.com\/wp-content\/uploads\/2026\/04\/Japanese-customers-purchase-carbonisation-furnaces-9x12.webp 9w\" sizes=\"auto, (max-width: 540px) 100vw, 540px\" \/><figcaption class=\"wp-element-caption\">Clientes japoneses compran hornos de carbonizaci\u00f3n<\/figcaption><\/figure>    <figure class=\"wp-block-image size-large\"><img loading=\"lazy\" decoding=\"async\" width=\"720\" height=\"540\" data-id=\"4306\" src=\"https:\/\/bestcharcoalmachine.com\/wp-content\/uploads\/2026\/04\/Nigerian-clients-visit-the-factory.webp\" alt=\"Clientes nigerianos visitan la f\u00e1brica\" class=\"wp-image-4306\" srcset=\"https:\/\/bestcharcoalmachine.com\/wp-content\/uploads\/2026\/04\/Nigerian-clients-visit-the-factory.webp 720w, https:\/\/bestcharcoalmachine.com\/wp-content\/uploads\/2026\/04\/Nigerian-clients-visit-the-factory-300x225.webp 300w, https:\/\/bestcharcoalmachine.com\/wp-content\/uploads\/2026\/04\/Nigerian-clients-visit-the-factory-16x12.webp 16w\" sizes=\"auto, (max-width: 720px) 100vw, 720px\" \/><figcaption class=\"wp-element-caption\">Clientes nigerianos visitan la f\u00e1brica<\/figcaption><\/figure>    <figure class=\"wp-block-image size-large\"><img loading=\"lazy\" decoding=\"async\" width=\"540\" height=\"720\" data-id=\"4307\" src=\"https:\/\/bestcharcoalmachine.com\/wp-content\/uploads\/2026\/04\/Pakistani-customer-purchases-a-log-debarker.webp\" alt=\"Cliente paquistan\u00ed compra un descortezador de troncos\" class=\"wp-image-4307\" srcset=\"https:\/\/bestcharcoalmachine.com\/wp-content\/uploads\/2026\/04\/Pakistani-customer-purchases-a-log-debarker.webp 540w, https:\/\/bestcharcoalmachine.com\/wp-content\/uploads\/2026\/04\/Pakistani-customer-purchases-a-log-debarker-225x300.webp 225w, https:\/\/bestcharcoalmachine.com\/wp-content\/uploads\/2026\/04\/Pakistani-customer-purchases-a-log-debarker-9x12.webp 9w\" sizes=\"auto, (max-width: 540px) 100vw, 540px\" \/><figcaption class=\"wp-element-caption\">Cliente paquistan\u00ed compra un descortezador de troncos<\/figcaption><\/figure>    <figure class=\"wp-block-image size-large\"><img loading=\"lazy\" decoding=\"async\" width=\"720\" height=\"540\" data-id=\"4308\" src=\"https:\/\/bestcharcoalmachine.com\/wp-content\/uploads\/2026\/04\/Turkish-clients-visit-the-company.webp\" alt=\"Clientes turcos visitan la empresa\" class=\"wp-image-4308\" srcset=\"https:\/\/bestcharcoalmachine.com\/wp-content\/uploads\/2026\/04\/Turkish-clients-visit-the-company.webp 720w, https:\/\/bestcharcoalmachine.com\/wp-content\/uploads\/2026\/04\/Turkish-clients-visit-the-company-300x225.webp 300w, https:\/\/bestcharcoalmachine.com\/wp-content\/uploads\/2026\/04\/Turkish-clients-visit-the-company-16x12.webp 16w\" sizes=\"auto, (max-width: 720px) 100vw, 720px\" \/><figcaption class=\"wp-element-caption\">Clientes turcos visitan la empresa<\/figcaption><\/figure> <\/figure>    <h2 class=\"wp-block-heading\">Calificaciones y Certificaciones<\/h2>    <p>Nuestros principales equipos de fabricaci\u00f3n de carb\u00f3n han obtenido certificaciones internacionales autorizadas. Con una gesti\u00f3n de producci\u00f3n estandarizada y calidad mec\u00e1nica calificada, cumplimos con las normas de comercio internacional y las especificaciones de seguridad mec\u00e1nica en todos los negocios de producci\u00f3n y exportaci\u00f3n.<\/p>    <p>Certificados de calificaci\u00f3n completos que garantizan la confiabilidad para la aduana, el uso del equipo y la operaci\u00f3n de producci\u00f3n posterior.<\/p>    <figure class=\"wp-block-image size-full\"><img loading=\"lazy\" decoding=\"async\" width=\"540\" height=\"720\" src=\"https:\/\/bestcharcoalmachine.com\/wp-content\/uploads\/2026\/04\/charcoal-briquette-making-machine-qualification-certificates.webp\" alt=\"Certificados de calificaci\u00f3n de la m\u00e1quina de fabricaci\u00f3n de briquetas de carb\u00f3n vegetal\" class=\"wp-image-4316\" srcset=\"https:\/\/bestcharcoalmachine.com\/wp-content\/uploads\/2026\/04\/charcoal-briquette-making-machine-qualification-certificates.webp 540w, https:\/\/bestcharcoalmachine.com\/wp-content\/uploads\/2026\/04\/charcoal-briquette-making-machine-qualification-certificates-225x300.webp 225w, https:\/\/bestcharcoalmachine.com\/wp-content\/uploads\/2026\/04\/charcoal-briquette-making-machine-qualification-certificates-9x12.webp 9w\" sizes=\"auto, (max-width: 540px) 100vw, 540px\" \/><figcaption class=\"wp-element-caption\">Certificados de calificaci\u00f3n de la m\u00e1quina de fabricaci\u00f3n de briquetas de carb\u00f3n vegetal<\/figcaption><\/figure>    <h2 class=\"wp-block-heading\">Servicio postventa integral<\/h2>    <p>Ofrecemos un servicio integral de una sola parada para clientes globales durante todo el proceso de cooperaci\u00f3n.<\/p>    <ul class=\"wp-block-list\"> <li>Antes del pedido: Planificaci\u00f3n gratuita de la l\u00ednea de producci\u00f3n profesional, sugerencias de selecci\u00f3n de equipos y cotizaci\u00f3n detallada seg\u00fan su demanda.<\/li>    <li>Durante la cooperaci\u00f3n: Programaci\u00f3n de producci\u00f3n estricta, retroalimentaci\u00f3n en tiempo real del progreso de producci\u00f3n y organizaci\u00f3n segura del env\u00edo en contenedores.<\/li>    <li>Despu\u00e9s de la entrega: Soporte t\u00e9cnico de por vida, orientaci\u00f3n en operaci\u00f3n en l\u00ednea, orientaci\u00f3n en instalaci\u00f3n, orientaci\u00f3n en mantenimiento de equipos y servicio de suministro de piezas de repuesto.<\/li> <\/ul>    <p>Nuestro equipo de servicio profesional est\u00e1 siempre disponible para resolver todos los problemas encontrados en el uso y producci\u00f3n de la m\u00e1quina.<\/p>    <figure class=\"wp-block-gallery has-nested-images columns-2 is-cropped wp-block-gallery-5 is-layout-flex wp-block-gallery-is-layout-flex\"> <figure class=\"wp-block-image size-large\"><img loading=\"lazy\" decoding=\"async\" width=\"720\" height=\"540\" data-id=\"4322\" src=\"https:\/\/bestcharcoalmachine.com\/wp-content\/uploads\/2026\/04\/Complete-Charcoal-Machine-Container-Loading.webp\" alt=\"Carga completa del contenedor de la m\u00e1quina de carb\u00f3n vegetal\" class=\"wp-image-4322\" srcset=\"https:\/\/bestcharcoalmachine.com\/wp-content\/uploads\/2026\/04\/Complete-Charcoal-Machine-Container-Loading.webp 720w, https:\/\/bestcharcoalmachine.com\/wp-content\/uploads\/2026\/04\/Complete-Charcoal-Machine-Container-Loading-300x225.webp 300w, https:\/\/bestcharcoalmachine.com\/wp-content\/uploads\/2026\/04\/Complete-Charcoal-Machine-Container-Loading-16x12.webp 16w\" sizes=\"auto, (max-width: 720px) 100vw, 720px\" \/><figcaption class=\"wp-element-caption\">Carga completa del contenedor de la m\u00e1quina de carb\u00f3n vegetal<\/figcaption><\/figure>    <figure class=\"wp-block-image size-large\"><img loading=\"lazy\" decoding=\"async\" width=\"720\" height=\"540\" data-id=\"4323\" src=\"https:\/\/bestcharcoalmachine.com\/wp-content\/uploads\/2026\/04\/Full-Set-Charcoal-Production-Line-In-Workshop.webp\" alt=\"L\u00ednea completa de producci\u00f3n de carb\u00f3n en taller\" class=\"wp-image-4323\" srcset=\"https:\/\/bestcharcoalmachine.com\/wp-content\/uploads\/2026\/04\/Full-Set-Charcoal-Production-Line-In-Workshop.webp 720w, https:\/\/bestcharcoalmachine.com\/wp-content\/uploads\/2026\/04\/Full-Set-Charcoal-Production-Line-In-Workshop-300x225.webp 300w, https:\/\/bestcharcoalmachine.com\/wp-content\/uploads\/2026\/04\/Full-Set-Charcoal-Production-Line-In-Workshop-16x12.webp 16w\" sizes=\"auto, (max-width: 720px) 100vw, 720px\" \/><figcaption class=\"wp-element-caption\">L\u00ednea completa de producci\u00f3n de carb\u00f3n en taller<\/figcaption><\/figure>    <figure class=\"wp-block-image size-large\"><img loading=\"lazy\" decoding=\"async\" width=\"720\" height=\"540\" data-id=\"4324\" src=\"https:\/\/bestcharcoalmachine.com\/wp-content\/uploads\/2026\/04\/Large-Biomass-Charcoal-Equipment-Shipment.webp\" alt=\"Env\u00edo de equipos grandes de carb\u00f3n de biomasa\" class=\"wp-image-4324\" srcset=\"https:\/\/bestcharcoalmachine.com\/wp-content\/uploads\/2026\/04\/Large-Biomass-Charcoal-Equipment-Shipment.webp 720w, https:\/\/bestcharcoalmachine.com\/wp-content\/uploads\/2026\/04\/Large-Biomass-Charcoal-Equipment-Shipment-300x225.webp 300w, https:\/\/bestcharcoalmachine.com\/wp-content\/uploads\/2026\/04\/Large-Biomass-Charcoal-Equipment-Shipment-16x12.webp 16w\" sizes=\"auto, (max-width: 720px) 100vw, 720px\" \/><figcaption class=\"wp-element-caption\">Env\u00edo de equipos grandes de carb\u00f3n de biomasa<\/figcaption><\/figure>    <figure class=\"wp-block-image size-large\"><img loading=\"lazy\" decoding=\"async\" width=\"720\" height=\"540\" data-id=\"4325\" src=\"https:\/\/bestcharcoalmachine.com\/wp-content\/uploads\/2026\/04\/Vertical-Carbonization-Furnace-Container-Loading.webp\" alt=\"Carga del contenedor del horno de carbonizaci\u00f3n vertical\" class=\"wp-image-4325\" srcset=\"https:\/\/bestcharcoalmachine.com\/wp-content\/uploads\/2026\/04\/Vertical-Carbonization-Furnace-Container-Loading.webp 720w, https:\/\/bestcharcoalmachine.com\/wp-content\/uploads\/2026\/04\/Vertical-Carbonization-Furnace-Container-Loading-300x225.webp 300w, https:\/\/bestcharcoalmachine.com\/wp-content\/uploads\/2026\/04\/Vertical-Carbonization-Furnace-Container-Loading-16x12.webp 16w\" sizes=\"auto, (max-width: 720px) 100vw, 720px\" \/><figcaption class=\"wp-element-caption\">Carga del contenedor del horno de carbonizaci\u00f3n vertical<\/figcaption><\/figure> <\/figure>    <h2 class=\"wp-block-heading\">Inicia tu negocio de carb\u00f3n con nosotros<\/h2>    <p>Si buscas m\u00e1quinas confiables y de alta eficiencia para hacer carb\u00f3n y soluciones completas de l\u00ednea de producci\u00f3n, somos tu fabricante cooperativo ideal a largo plazo.<\/p>    <p>No dudes en enviarnos tus requisitos detallados, te proporcionaremos un plan exclusivo personalizado y un precio directo de f\u00e1brica favorable.<\/p>    <div class=\"wp-block-buttons is-content-justification-left is-layout-flex wp-container-core-buttons-is-layout-fc4fd283 wp-block-buttons-is-layout-flex\"> <div class=\"wp-block-button is-style-outline is-style-outline--6\"><a class=\"wp-block-button__link wp-element-button\" href=\"https:\/\/wa.me\/+8617329326135\" target=\"_blank\" rel=\"noopener\">Obt\u00e9n tu cotizaci\u00f3n gratuita ahora<\/a><\/div> <\/div>","protected":false},"excerpt":{"rendered":"<p>Founded with years of manufacturing experience in biomass processing machinery, Shuliy machinery is backed by a professional, large-scale factory dedicated to the research, development, production, sales, and after-sales service of charcoal making equipment. We focus on full-set charcoal production solutions, covering charcoal briquette machines, carbonization furnaces, wood crusher machines, drying equipment, shisha charcoal machines, BBQ [&hellip;]<\/p>\n","protected":false},"author":1,"featured_media":0,"parent":0,"menu_order":0,"comment_status":"closed","ping_status":"closed","template":"","meta":{"footnotes":""},"class_list":["post-28","page","type-page","status-publish","hentry"],"_links":{"self":[{"href":"https:\/\/bestcharcoalmachine.com\/es\/wp-json\/wp\/v2\/pages\/28","targetHints":{"allow":["GET"]}}],"collection":[{"href":"https:\/\/bestcharcoalmachine.com\/es\/wp-json\/wp\/v2\/pages"}],"about":[{"href":"https:\/\/bestcharcoalmachine.com\/es\/wp-json\/wp\/v2\/types\/page"}],"author":[{"embeddable":true,"href":"https:\/\/bestcharcoalmachine.com\/es\/wp-json\/wp\/v2\/users\/1"}],"replies":[{"embeddable":true,"href":"https:\/\/bestcharcoalmachine.com\/es\/wp-json\/wp\/v2\/comments?post=28"}],"version-history":[{"count":9,"href":"https:\/\/bestcharcoalmachine.com\/es\/wp-json\/wp\/v2\/pages\/28\/revisions"}],"predecessor-version":[{"id":4331,"href":"https:\/\/bestcharcoalmachine.com\/es\/wp-json\/wp\/v2\/pages\/28\/revisions\/4331"}],"wp:attachment":[{"href":"https:\/\/bestcharcoalmachine.com\/es\/wp-json\/wp\/v2\/media?parent=28"}],"curies":[{"name":"wp","href":"https:\/\/api.w.org\/{rel}","templated":true}]}}