{"id":796,"date":"2021-11-24T07:17:40","date_gmt":"2021-11-24T07:17:40","guid":{"rendered":"https:\/\/bestcharcoalmachine.com\/?p=796"},"modified":"2022-09-28T16:52:18","modified_gmt":"2022-09-28T08:52:18","slug":"wood-peeling-machine","status":"publish","type":"product","link":"https:\/\/bestcharcoalmachine.com\/de\/product\/wood-peeling-machine\/","title":{"rendered":"Holzsch\u00e4lmaschine | Rundholz-Entrindungsger\u00e4t | Holz-Entrindungsmaschine"},"content":{"rendered":"<div class=\"kk-star-ratings kksr-auto kksr-align-left kksr-valign-top\"     data-payload='{&quot;align&quot;:&quot;left&quot;,&quot;id&quot;:&quot;796&quot;,&quot;slug&quot;:&quot;default&quot;,&quot;valign&quot;:&quot;top&quot;,&quot;ignore&quot;:&quot;&quot;,&quot;reference&quot;:&quot;auto&quot;,&quot;class&quot;:&quot;&quot;,&quot;count&quot;:&quot;11&quot;,&quot;legendonly&quot;:&quot;&quot;,&quot;readonly&quot;:&quot;&quot;,&quot;score&quot;:&quot;4.8&quot;,&quot;starsonly&quot;:&quot;&quot;,&quot;best&quot;:&quot;5&quot;,&quot;gap&quot;:&quot;5&quot;,&quot;greet&quot;:&quot;Rate this product&quot;,&quot;legend&quot;:&quot;4.8\\\/5 - (11 votes)&quot;,&quot;size&quot;:&quot;24&quot;,&quot;title&quot;:&quot;Wood Peeling Machine | Log Debarker | Wood Debarking Machine&quot;,&quot;width&quot;:&quot;136.7&quot;,&quot;_legend&quot;:&quot;{score}\\\/{best} - ({count} {votes})&quot;,&quot;font_factor&quot;:&quot;1.25&quot;}'>              <div class=\"kksr-stars\">      <div class=\"kksr-stars-inactive\">             <div class=\"kksr-star\" data-star=\"1\" style=\"padding-right: 5px\">               <div class=\"kksr-icon\" style=\"width: 24px; height: 24px;\"><\/div>         <\/div>             <div class=\"kksr-star\" data-star=\"2\" style=\"padding-right: 5px\">               <div class=\"kksr-icon\" style=\"width: 24px; height: 24px;\"><\/div>         <\/div>             <div class=\"kksr-star\" data-star=\"3\" style=\"padding-right: 5px\">               <div class=\"kksr-icon\" style=\"width: 24px; height: 24px;\"><\/div>         <\/div>             <div class=\"kksr-star\" data-star=\"4\" style=\"padding-right: 5px\">               <div class=\"kksr-icon\" style=\"width: 24px; height: 24px;\"><\/div>         <\/div>             <div class=\"kksr-star\" data-star=\"5\" style=\"padding-right: 5px\">               <div class=\"kksr-icon\" style=\"width: 24px; height: 24px;\"><\/div>         <\/div>     <\/div>      <div class=\"kksr-stars-active\" style=\"width: 136.7px;\">             <div class=\"kksr-star\" style=\"padding-right: 5px\">               <div class=\"kksr-icon\" style=\"width: 24px; height: 24px;\"><\/div>         <\/div>             <div class=\"kksr-star\" style=\"padding-right: 5px\">               <div class=\"kksr-icon\" style=\"width: 24px; height: 24px;\"><\/div>         <\/div>             <div class=\"kksr-star\" style=\"padding-right: 5px\">               <div class=\"kksr-icon\" style=\"width: 24px; height: 24px;\"><\/div>         <\/div>             <div class=\"kksr-star\" style=\"padding-right: 5px\">               <div class=\"kksr-icon\" style=\"width: 24px; height: 24px;\"><\/div>         <\/div>             <div class=\"kksr-star\" style=\"padding-right: 5px\">               <div class=\"kksr-icon\" style=\"width: 24px; height: 24px;\"><\/div>         <\/div>     <\/div> <\/div>                   <div class=\"kksr-legend\" style=\"font-size: 19.2px;\">             4,8\/5 - (11 Stimmen)    <\/div>     <\/div>  <p>Die Holzsch\u00e4lmaschine, auch Holzentrindungsmaschine genannt, geh\u00f6rt zu einer Reihe von Holzbearbeitungsmaschinenprodukten. Wie der Name schon sagt, dient das Ger\u00e4t zum Absch\u00e4len der Rinde von Holz. Das gesch\u00e4lte Holz eignet sich besser f\u00fcr die weitere Verarbeitung und bringt so mehr Gewinn. Zum Verkauf stehen eine vertikale Stammsch\u00e4lmaschine und eine horizontale Stammentrindungsmaschine. Der vertikale Typ gilt f\u00fcr Holz mit einem Durchmesser von 5\u201335 cm. W\u00e4hrend mit der horizontalen Maschine ein Stamm mit einem Durchmesser von maximal 30 cm verarbeitet werden kann. Beide haben ihre eigenen Eigenschaften und unterschiedliche Modelle. Sie k\u00f6nnen den passenden Typ entsprechend Ihren Bed\u00fcrfnissen ausw\u00e4hlen.<\/p>    <h2 class=\"wp-block-heading\">Anwendbare Rohstoffe und Industrien f\u00fcr die Holzentrindungsmaschine<\/h2>    <p>Die Holzsch\u00e4lmaschine kann verschiedene Holzarten mit unterschiedlichen Arten, Durchmessern und L\u00e4ngen sch\u00e4len, wie z. B. Eukalyptus, Obstb\u00e4ume, Kiefer, Heuschrecke, Buche, Akazie usw.\u00a0Die vertikale Sch\u00e4lmaschine ist f\u00fcr Holzdurchmesser von 5\u201335\u00a0cm geeignet . W\u00e4hrend die horizontale Maschine nicht mehr als 30 cm Stammdurchmesser verarbeiten kann. Die Ausr\u00fcstung eignet sich f\u00fcr gro\u00dfe, mittlere und kleine Papierfabriken, Zellstofffabriken, Hackschnitzelfabriken, Holzverarbeitungsbetriebe, Holzwerkstoffwerke (Sperrholz, mitteldichte Faserplatten, Dichteplatten) usw.<\/p>    <figure class=\"wp-block-gallery has-nested-images columns-default is-cropped wp-block-gallery-2 is-layout-flex wp-block-gallery-is-layout-flex\"> <figure class=\"wp-block-image size-large\"><img loading=\"lazy\" decoding=\"async\" width=\"720\" height=\"540\" data-id=\"2587\" src=\"https:\/\/bestcharcoalmachine.com\/wp-content\/uploads\/2021\/11\/raw-material-log.jpg\" alt=\"Rohstoff\" class=\"wp-image-2587\"\/><figcaption>Rohstoff<\/figcaption><\/figure>    <figure class=\"wp-block-image size-large\"><img loading=\"lazy\" decoding=\"async\" width=\"720\" height=\"540\" data-id=\"2588\" src=\"https:\/\/bestcharcoalmachine.com\/wp-content\/uploads\/2021\/11\/vertical-type-wood-peeling-effect-1.jpg\" alt=\"vertikaler Holzsch\u00e4leffekt\" class=\"wp-image-2588\"\/><figcaption>vertikaler Holzsch\u00e4leffekt<\/figcaption><\/figure> <\/figure>    <h2 class=\"wp-block-heading\" id=\"h-vertical-log-debarker\">Vertikaler Stammentrinder <\/h2>    <h3 class=\"wp-block-heading\">Kurze Beschreibung der vertikalen Holzsch\u00e4lmaschine<\/h3>    <p>Die vertikale Entrindungsmaschine ist f\u00fcr diese St\u00e4mme mit einem Holzdurchmesser von 5 cm bis 35 cm geeignet. Zu den \u00fcblichen Rohstoffen geh\u00f6ren Eukalyptus, Obstb\u00e4ume, Kiefern, Heuschrecken, Buchen, Akazien usw.\u00a0Die Ausr\u00fcstung besteht im Wesentlichen aus einem Rahmen, 4 Vorschubwalzen, einer Schneidscheibe mit 4 Messern, 4 Austragswalzen usw. Im Vergleich zu den horizontalen Entrindungsmaschinen kann der vertikale Typ sauberer sch\u00e4len. Jede Minute kann 10 m bew\u00e4ltigen. Wenn das Holz zu lang und zu schwer ist, k\u00f6nnen Sie es mit einem Zuf\u00fchrband kombinieren, um Arbeit und Zeit zu sparen und die Effizienz zu steigern.<\/p>    <figure class=\"wp-block-image aligncenter size-full\"><img loading=\"lazy\" decoding=\"async\" width=\"720\" height=\"540\" src=\"https:\/\/bestcharcoalmachine.com\/wp-content\/uploads\/2021\/11\/log-debarker.jpg\" alt=\"Rundholz-Entrinder\" class=\"wp-image-2591\"\/><figcaption>Rundholz-Entrinder<\/figcaption><\/figure>    <h3 class=\"wp-block-heading\">Funktionsprinzip der vertikalen Holzentrindungsmaschine<\/h3>    <p>Wenn das Holz den Vorschubrollen zugef\u00fchrt wird, wird es zur Schneidscheibe gedr\u00fcckt. Dann \u00f6ffnen sich die vier Klingen und drehen sich schnell um das Holz. W\u00e4hrend des Prozesses wirken die Klingen kontinuierlich auf die Oberfl\u00e4che des Stammes ein, um die Rinde vom Holz zu sch\u00e4len. Schlie\u00dflich bewegt sich der gesch\u00e4lte Teil vorw\u00e4rts und verl\u00e4sst die Auswurfwalzen. Der Peeling-Effekt ist gro\u00dfartig, praktisch, um ihn weiter zu behandeln.<\/p>    <figure class=\"wp-block-gallery has-nested-images columns-default is-cropped wp-block-gallery-3 is-layout-flex wp-block-gallery-is-layout-flex\"> <figure class=\"wp-block-image size-large\"><img loading=\"lazy\" decoding=\"async\" width=\"720\" height=\"540\" data-id=\"2571\" src=\"https:\/\/bestcharcoalmachine.com\/wp-content\/uploads\/2021\/11\/feeding-rollers_.jpg\" alt=\"\" class=\"wp-image-2571\"\/><figcaption>Zuf\u00fchrwalzen<\/figcaption><\/figure>    <figure class=\"wp-block-image size-large\"><img loading=\"lazy\" decoding=\"async\" width=\"720\" height=\"540\" data-id=\"2572\" src=\"https:\/\/bestcharcoalmachine.com\/wp-content\/uploads\/2021\/11\/four-spinning-blades_.jpg\" alt=\"vier rotierende Klingen\" class=\"wp-image-2572\"\/><figcaption>vier rotierende Klingen<\/figcaption><\/figure> <\/figure>    <figure class=\"wp-block-gallery has-nested-images columns-default is-cropped wp-block-gallery-4 is-layout-flex wp-block-gallery-is-layout-flex\"> <figure class=\"wp-block-image size-large\"><img loading=\"lazy\" decoding=\"async\" width=\"720\" height=\"540\" data-id=\"2574\" src=\"https:\/\/bestcharcoalmachine.com\/wp-content\/uploads\/2021\/11\/feeding-roller.jpg\" alt=\"\" class=\"wp-image-2574\"\/><figcaption>Einzugswalze<\/figcaption><\/figure>    <figure class=\"wp-block-image size-large\"><img loading=\"lazy\" decoding=\"async\" width=\"720\" height=\"540\" data-id=\"2575\" src=\"https:\/\/bestcharcoalmachine.com\/wp-content\/uploads\/2021\/11\/metal-spring-for-tightness_-1.jpg\" alt=\"Metallfeder f\u00fcr Dichtheit\" class=\"wp-image-2575\"\/><figcaption>Metallfeder f\u00fcr Dichtheit<\/figcaption><\/figure> <\/figure>    <h3 class=\"wp-block-heading\" id=\"h-working-video-of-wood-debaking-machine\">Arbeitsvideo der Holzentbackungsmaschine<\/h3>    <p>Kunden in Chile kauften unsere vertikalen Holzsch\u00e4ler und nahmen sie sofort in Betrieb. Nach der Nutzung waren sie sehr zufrieden mit dem Sch\u00e4ler und schickten uns ein Video der Maschine in Aktion. Das Video zeigt den Arbeitsprozess mithilfe der langsamen Bewegung der Klingen, die die Rinde des Baumstamms sch\u00e4len.<\/p>    <figure class=\"wp-block-embed is-type-video is-provider-youtube wp-block-embed-youtube wp-embed-aspect-16-9 wp-has-aspect-ratio\"><div class=\"wp-block-embed__wrapper\"> <iframe loading=\"lazy\" title=\"2022 beste vertikale Holzsch\u00e4lmaschine | Verkaufe eine Rundholz-Entrindungsmaschine\" width=\"500\" height=\"281\" src=\"https:\/\/www.youtube.com\/embed\/lPXq06hmcmY?start=7&#038;feature=oembed\" frameborder=\"0\" allow=\"accelerometer; autoplay; clipboard-write; encrypted-media; gyroscope; picture-in-picture; web-share\" referrerpolicy=\"strict-origin-when-cross-origin\" allowfullscreen><\/iframe> <\/div><\/figure>    <h3 class=\"wp-block-heading\" id=\"h-features-of-vertical-log-debbarker\">Merkmale der vertikalen Holzentrindungsmaschine<\/h3>    <p>1. Vertikale Holzsch\u00e4lmaschinen verwenden ein offenes Design. Das Holz wird von einer Seite zugef\u00fchrt und das Holz wird von der anderen Seite abgef\u00fchrt. Der mit vier Messern konstruierte Baumstammentrinder zeichnet sich durch einen hohen Sch\u00e4lgrad, eine hohe Produktivit\u00e4t und geringe Holzsch\u00e4den aus.<\/p>    <p>2.Mit der vertikalen Sch\u00e4lmaschine kann das Material f\u00fcr den Flie\u00dfbandbetrieb an einem Ende zugef\u00fchrt und am anderen Ende abgef\u00fchrt werden, wodurch Stromausf\u00e4lle f\u00fcr die Zuf\u00fchrung und Abf\u00fchrung \u00fcberfl\u00fcssig werden.<\/p>    <figure class=\"wp-block-gallery has-nested-images columns-default is-cropped wp-block-gallery-5 is-layout-flex wp-block-gallery-is-layout-flex\"> <figure class=\"wp-block-image size-large\"><img loading=\"lazy\" decoding=\"async\" width=\"720\" height=\"540\" data-id=\"2577\" src=\"https:\/\/bestcharcoalmachine.com\/wp-content\/uploads\/2021\/11\/wood-peeling-machine-working-scene.jpg\" alt=\"\" class=\"wp-image-2577\"\/><figcaption>Arbeitsszene mit einer Holzsch\u00e4lmaschine<\/figcaption><\/figure>    <figure class=\"wp-block-image size-large\"><img loading=\"lazy\" decoding=\"async\" width=\"720\" height=\"540\" data-id=\"2578\" src=\"https:\/\/bestcharcoalmachine.com\/wp-content\/uploads\/2021\/11\/designed-with-four-blades.jpg\" alt=\"mit vier Klingen ausgelegt\" class=\"wp-image-2578\"\/><figcaption>mit vier Klingen ausgelegt<\/figcaption><\/figure> <\/figure>    <p class=\"translation-block\">3. Die Sch\u00e4lmaschine kann eine breite Palette von Rohstoffen verarbeiten und Holzsegmente verschiedener Baumarten, Durchmesser und L\u00e4ngen entrinden, wobei die Entrindungsrate 90 % erreichen kann. Das entrindete Holz kann f\u00fcr <a href=\"https:\/\/bestcharcoalmachine.com\/de\/wood-working-equipment\/wood-shaving-machine\/\">Holzsp\u00e4ne<\/a>, Holzschnitzereien oder zu <a href=\"https:\/\/bestcharcoalmachine.com\/de\/wood-working-equipment\/wood-chipper\/\">Hackschnitzeln<\/a> zur Papierherstellung zerkleinert werden.<\/p>    <p>4. Da das Geh\u00e4use fest ist, hat die vertikale Holzsch\u00e4lmaschine einen geringen Energieverbrauch, einen geringen Wartungsaufwand und deutlich geringere Vibrationen und Ger\u00e4usche als herk\u00f6mmliche Sch\u00e4lmaschinen.<\/p>    <p>5. Die Holzentrindungsmaschine kann je nach Kundenwunsch und Standortanforderungen mit automatischen Produktionslinien ausgestattet werden. Der l\u00e4ngere Stamm wird in gleichgro\u00dfe kleine St\u00fccke ges\u00e4gt und dann mit einem F\u00f6rderband ausgestattet, um das Material automatisch zuzuf\u00fchren. Die Zuf\u00fchrrolle bef\u00f6rdert das Holz in die Holzsch\u00e4lmaschine, und dann wird das gesch\u00e4lte Holz von der Ausgaberolle abgeworfen.<\/p>    <h3 class=\"wp-block-heading\">Die technischen Daten der vertikalen Holzsch\u00e4lmaschine<\/h3>    <figure class=\"wp-block-table is-style-stripes\"><table><tbody><tr><td>Modell<\/td><td>WD-WP320<\/td><td>WD-WP370<\/td><\/tr><tr><td>Leistung<\/td><td>7,5+2,2 kW<\/td><td>7,5+2,2 kW<\/td><\/tr><tr><td>Arbeitsgeschwindigkeit<\/td><td>10m\/min<\/td><td>10m\/min<\/td><\/tr><tr><td>Anwendbarer Holzdurchmesser<\/td><td>50-320mm<\/td><td>80-350mm<\/td><\/tr><tr><td>Maschinengr\u00f6\u00dfe<\/td><td>2450*1400*1700mm<\/td><td>2450*1400*1700mm<\/td><\/tr><\/tbody><\/table><\/figure>    <p>Der Hauptunterschied zwischen zwei Modellen ist der Holzdurchmesser.  Der Einlass des Stammentrinders WD-WP320 kann St\u00e4mme mit einem Durchmesser von 50\u2013320 mm aufnehmen. Mittlerweile kann die Zufuhr\u00f6ffnung der Holzsch\u00e4lmaschine WD-WP370 Durchmesser von 80\u2013350 mm verarbeiten. Au\u00dferdem sind die anderen Parameter dieser beiden Modelle gleich.<\/p>    <h2 class=\"wp-block-heading\">Horizontale Holz-Entrindungsmaschine<\/h2>    <h3 class=\"wp-block-heading\">Beschreibung der horizontalen Stammentrindungsmaschine<\/h3>    <p>Horizontale Holzscheitsch\u00e4lmaschinen k\u00f6nnen verschiedene Holzarten mit einem Durchmesser von maximal 30 cm verarbeiten. Die Maschine besteht aus einer Sch\u00e4lkammer, Doppelmesserwalzen (oder einzeln), Doppelmotoren (oder einzeln) und einer Auslass\u00f6ffnung. Das Rohmaterial sind Baumst\u00e4mme oder \u00c4ste mit kleinem Durchmesser und gebogener Form. Es kann viele Holzarten gleichzeitig verarbeiten, auch wenn sie unterschiedliche Gr\u00f6\u00dfen haben. Die \u00fcbliche L\u00e4nge der Entrindungskammer der Maschine betr\u00e4gt 5 m, 6 m, 12 m usw. Sie kann je nach Kundenwunsch verl\u00e4ngert werden. Dar\u00fcber hinaus besteht es aus langlebigem Material mit langer Lebensdauer.<\/p>    <figure class=\"wp-block-image aligncenter size-full\"><img loading=\"lazy\" decoding=\"async\" width=\"720\" height=\"540\" src=\"https:\/\/bestcharcoalmachine.com\/wp-content\/uploads\/2021\/11\/horizontal-log-debarker.jpg\" alt=\"horizontaler Stammentrinder\" class=\"wp-image-2579\"\/><figcaption>horizontaler Stammentrinder<\/figcaption><\/figure>    <h3 class=\"wp-block-heading\">Wie funktioniert der horizontale Holzentrinder?<\/h3>    <p>Geben Sie die Rohstoffe manuell oder maschinell in die Sch\u00e4lkammer. Die Messerwalzen drehen sich um ihre eigene Achse und reiben die Oberfl\u00e4che dieser H\u00f6lzer, sodass sie unregelm\u00e4\u00dfig rollen. Durch die Reibung zwischen Messerwalzen und Holz, Holz und Holz sowie Holz und der Maschine wird die Rinde dieser St\u00e4mme schnell abgesch\u00e4lt.<\/p>    <figure class=\"wp-block-image aligncenter size-full\"><img loading=\"lazy\" decoding=\"async\" width=\"720\" height=\"540\" src=\"https:\/\/bestcharcoalmachine.com\/wp-content\/uploads\/2021\/11\/double-knife-rollers-of-horizontal-wood-debarker.jpg\" alt=\"Doppelmesserwalzen-der-horizontalen-Holzentrindungsmaschine\" class=\"wp-image-2580\"\/><figcaption>Doppelmesserwalzen-der-horizontalen-Holzentrindungsmaschine<\/figcaption><\/figure>    <h3 class=\"wp-block-heading\" id=\"h-advantages-of-horizontal-wood-debarking-machine\">Vorteile der horizontalen Holzentrindungsmaschine<\/h3>    <p>Die horizontale Entrindungsmaschine verf\u00fcgt \u00fcber eine gro\u00dfe Verarbeitungskapazit\u00e4t, eine hohe Arbeitseffizienz, eine starke Struktur und verschlei\u00dffeste Fertigungsmaterialien. Dar\u00fcber hinaus kann die Ausr\u00fcstung unterschiedliche Holzgr\u00f6\u00dfen von klein bis gro\u00df gemeinsam verarbeiten. Es kann jedoch nicht die gleiche hervorragende Sch\u00e4lwirkung erzielt werden wie mit der vertikalen Sch\u00e4lmaschine. Daher ist es besser, den vertikalen Typ zu w\u00e4hlen, wenn Sie hohe Anforderungen an den Sch\u00e4lgrad haben.<\/p>    <h3 class=\"wp-block-heading\">Parameter der horizontalen Holzsch\u00e4lmaschine<\/h3>    <figure class=\"wp-block-table is-style-stripes\"><table><tbody><tr><td>Modell<\/td><td>6m (Einzelrolle)<\/td><td>6m (Doppelrollen)<\/td><td>9m (Doppelrollen)<\/td><td>12m (Doppelrollen)<\/td><\/tr><tr><td>Kapazit\u00e4t<\/td><td>3-7t\/h<\/td><td>7-15t\/h<\/td><td>15-25t\/h<\/td><td>25-30t\/h<\/td><\/tr><tr><td>Leistung<\/td><td>7,5 kW<\/td><td>7,5 * 2 kW<\/td><td>7,5 * 2 kW<\/td><td>7,5 * 2 kW<\/td><\/tr><tr><td>L\u00e4nge<\/td><td>6300 mm<\/td><td>6300 mm<\/td><td>9000 mm<\/td><td>12600 mm<\/td><\/tr><tr><td>Breite<\/td><td>1200 mm<\/td><td>1310 mm<\/td><td>1500 mm<\/td><td>1550 mm<\/td><\/tr><tr><td>H\u00f6he<\/td><td>1500 mm<\/td><td>1550 mm<\/td><td>1600 mm<\/td><td>1650 mm<\/td><\/tr><\/tbody><\/table><\/figure>    <h2 class=\"wp-block-heading\">Leistungsmodi der Stammentrindungsmaschine<\/h2>    <p>Wir bieten zwei Optionen f\u00fcr angetriebene Versorgungsger\u00e4te: Elektromotor oder Dieselmotor. Der Elektromotor ist klein, ger\u00e4uscharm und muss an die Stromversorgung angeschlossen werden. Es ist durch die geografische Lage begrenzt, beispielsweise durch Feldarbeiten weit entfernt von der Stromquelle. W\u00e4hrend der Dieselmotor \u00fcber eine starke Leistung verf\u00fcgt, ist er robust und langlebig, arbeitet zuverl\u00e4ssig und eignet sich f\u00fcr Feldarbeiten ohne Strom. Aber sein Ger\u00e4usch ist laut und der Dieselmotor l\u00e4sst sich im Winter nur schwer starten. Sie k\u00f6nnen das Passende entsprechend Ihrer tats\u00e4chlichen Situation ausw\u00e4hlen. Wenn Sie Fragen oder Bedenken haben, k\u00f6nnen Sie sich gerne an uns wenden.<\/p>    <figure class=\"wp-block-gallery has-nested-images columns-default is-cropped wp-block-gallery-6 is-layout-flex wp-block-gallery-is-layout-flex\"> <figure class=\"wp-block-image size-large\"><img loading=\"lazy\" decoding=\"async\" width=\"720\" height=\"540\" data-id=\"2581\" src=\"https:\/\/bestcharcoalmachine.com\/wp-content\/uploads\/2021\/11\/the-vertical-wood-debarking-machine-with-an-electric-motor-1.jpg\" alt=\"die-vertikale-Holz-Entrindungsmaschine-mit-Elektromotor\" class=\"wp-image-2581\"\/><figcaption>die-vertikale-Holz-Entrindungsmaschine-mit-Elektromotor<\/figcaption><\/figure>    <figure class=\"wp-block-image size-large\"><img loading=\"lazy\" decoding=\"async\" width=\"720\" height=\"540\" data-id=\"2582\" src=\"https:\/\/bestcharcoalmachine.com\/wp-content\/uploads\/2021\/11\/the-diesel-generator-vertical-log-debarking-machine-1.jpg\" alt=\"die-dieselgenerator-vertikale-stamm-entrindungsmaschine\" class=\"wp-image-2582\"\/><figcaption>die-dieselgenerator-vertikale-stamm-entrindungsmaschine<\/figcaption><\/figure> <\/figure>    <h2 class=\"wp-block-heading\" id=\"h-loading-and-delivery-of-wood-peeling-machine\">Beladung und Lieferung einer Holzsch\u00e4lmaschine<\/h2>    <figure class=\"wp-block-gallery has-nested-images columns-default is-cropped wp-block-gallery-7 is-layout-flex wp-block-gallery-is-layout-flex\"> <figure class=\"wp-block-image size-large\"><img loading=\"lazy\" decoding=\"async\" width=\"720\" height=\"540\" data-id=\"2583\" src=\"https:\/\/bestcharcoalmachine.com\/wp-content\/uploads\/2021\/11\/delivery-package-of-the-wood-peeling-machine.jpg\" alt=\"lieferumfang-der-holzsch\u00e4lmaschine\" class=\"wp-image-2583\"\/><figcaption>lieferumfang-der-holzsch\u00e4lmaschine<\/figcaption><\/figure>    <figure class=\"wp-block-image size-large\"><img loading=\"lazy\" decoding=\"async\" width=\"720\" height=\"540\" data-id=\"2584\" src=\"https:\/\/bestcharcoalmachine.com\/wp-content\/uploads\/2021\/11\/log-debarking-machine-with-plastic-protection-films.jpg\" alt=\"Baumstamm-Entrindungsmaschine-mit-Kunststoff-Schutzfolien\" class=\"wp-image-2584\"\/><figcaption>Baumstamm-Entrindungsmaschine-mit-Kunststoff-Schutzfolien<\/figcaption><\/figure> <\/figure>    <figure class=\"wp-block-gallery has-nested-images columns-default is-cropped wp-block-gallery-8 is-layout-flex wp-block-gallery-is-layout-flex\"> <figure class=\"wp-block-image size-large\"><img loading=\"lazy\" decoding=\"async\" width=\"720\" height=\"540\" data-id=\"2585\" src=\"https:\/\/bestcharcoalmachine.com\/wp-content\/uploads\/2021\/11\/wood-paking-box-1.jpg\" alt=\"Holzverpackungsbox\" class=\"wp-image-2585\"\/><figcaption>Holzverpackungsbox<\/figcaption><\/figure>    <figure class=\"wp-block-image size-large\"><img loading=\"lazy\" decoding=\"async\" width=\"720\" height=\"540\" data-id=\"2586\" src=\"https:\/\/bestcharcoalmachine.com\/wp-content\/uploads\/2021\/11\/loading-and-delivery-1-2.jpg\" alt=\"Verladung und Lieferung\" class=\"wp-image-2586\"\/><figcaption>Verladung und Lieferung<\/figcaption><\/figure> <\/figure>    <h2 class=\"wp-block-heading\" id=\"h-successful-cases-of-wood-peeling-machine\">Erfolgreiche F\u00e4lle von Holzsch\u00e4lmaschinen<\/h2>    <p class=\"translation-block\">Unser <a href=\"https:\/\/bestcharcoalmachine.com\/de\/info\/one-log-debarking-machine-exported-to-ukraine\/\">Kunde in der Ukraine hat sich k\u00fcrzlich f\u00fcr unsere Entrindungsmaschine entschieden<\/a> und seine Holzverarbeitungsanlage ben\u00f6tigt eine Entrindungsmaschine, um Rinden von St\u00e4mmen zu entfernen. Nach dem Verst\u00e4ndnis der Kundenbed\u00fcrfnisse schickte unser Vertriebsleiter Beco ihm alle Parameter des Holzsch\u00e4lers, und der ukrainische Kunde fand das Modell WD-250 am idealsten. Nach Becos geduldiger und professioneller Einf\u00fchrung gab der Kunde eine Bestellung f\u00fcr unsere Holzsch\u00e4lmaschine auf, die nun in Gebrauch ist.<\/p>    <h2 class=\"wp-block-heading\" id=\"h-wood-debarker-feedback-video-from-customers\">Feedbackvideo zur Holzentrindung von Kunden<\/h2>    <p>Unser Kunde in Bulgarien kaufte unsere Holzentrindungsmaschine, nachdem er die Lod-Entrindungsmaschine erhalten hatte, begann er, diese in seiner Holzfabrik einzusetzen. Sie nahmen ein Feedback-Video auf und sagten, dass der Holzentrinder von guter Qualit\u00e4t sei. Das folgende Video stammt von unserem Kunden.<\/p>    <figure class=\"wp-block-embed is-type-video is-provider-youtube wp-block-embed-youtube wp-embed-aspect-16-9 wp-has-aspect-ratio\"><div class=\"wp-block-embed__wrapper\"> <iframe loading=\"lazy\" title=\"Feedback zur Holzentrindungsmaschine von einem Kunden in Bulgarien | Video zum Betrieb der Holzsch\u00e4lmaschine\" width=\"500\" height=\"281\" src=\"https:\/\/www.youtube.com\/embed\/d6mxaB_xkY0?start=28&#038;feature=oembed\" frameborder=\"0\" allow=\"accelerometer; autoplay; clipboard-write; encrypted-media; gyroscope; picture-in-picture; web-share\" referrerpolicy=\"strict-origin-when-cross-origin\" allowfullscreen><\/iframe> <\/div><\/figure>","protected":false},"excerpt":{"rendered":"<p>Mit einer Holzsch\u00e4lmaschine wird die Rinde von Baumst\u00e4mmen abgesch\u00e4lt.  Vertikaler Holzentrinder f\u00fcr 5-35 cm und horizontaler f\u00fcr nicht mehr als 30 cm Durchmesser<\/p>","protected":false},"author":1,"featured_media":2219,"parent":0,"template":"","tags":[],"product-type":[51],"class_list":["post-796","product","type-product","status-publish","has-post-thumbnail","hentry","product-type-wood-working-equipment"],"_links":{"self":[{"href":"https:\/\/bestcharcoalmachine.com\/de\/wp-json\/wp\/v2\/product\/796","targetHints":{"allow":["GET"]}}],"collection":[{"href":"https:\/\/bestcharcoalmachine.com\/de\/wp-json\/wp\/v2\/product"}],"about":[{"href":"https:\/\/bestcharcoalmachine.com\/de\/wp-json\/wp\/v2\/types\/product"}],"author":[{"embeddable":true,"href":"https:\/\/bestcharcoalmachine.com\/de\/wp-json\/wp\/v2\/users\/1"}],"wp:featuredmedia":[{"embeddable":true,"href":"https:\/\/bestcharcoalmachine.com\/de\/wp-json\/wp\/v2\/media\/2219"}],"wp:attachment":[{"href":"https:\/\/bestcharcoalmachine.com\/de\/wp-json\/wp\/v2\/media?parent=796"}],"wp:term":[{"taxonomy":"post_tag","embeddable":true,"href":"https:\/\/bestcharcoalmachine.com\/de\/wp-json\/wp\/v2\/tags?post=796"},{"taxonomy":"product-type","embeddable":true,"href":"https:\/\/bestcharcoalmachine.com\/de\/wp-json\/wp\/v2\/product-type?post=796"}],"curies":[{"name":"wp","href":"https:\/\/api.w.org\/{rel}","templated":true}]}}