{"id":720,"date":"2021-11-24T06:39:43","date_gmt":"2021-11-24T06:39:43","guid":{"rendered":"https:\/\/bestcharcoalmachine.com\/?p=720"},"modified":"2025-09-12T17:02:12","modified_gmt":"2025-09-12T09:02:12","slug":"wood-shaving-machine","status":"publish","type":"product","link":"https:\/\/bestcharcoalmachine.com\/de\/product\/wood-shaving-machine\/","title":{"rendered":"Holzschermaschine f\u00fcr Tierstreu | Holzscheitschermaschine"},"content":{"rendered":"<div class=\"kk-star-ratings kksr-auto kksr-align-left kksr-valign-top\"     data-payload='{&quot;align&quot;:&quot;left&quot;,&quot;id&quot;:&quot;720&quot;,&quot;slug&quot;:&quot;default&quot;,&quot;valign&quot;:&quot;top&quot;,&quot;ignore&quot;:&quot;&quot;,&quot;reference&quot;:&quot;auto&quot;,&quot;class&quot;:&quot;&quot;,&quot;count&quot;:&quot;21&quot;,&quot;legendonly&quot;:&quot;&quot;,&quot;readonly&quot;:&quot;&quot;,&quot;score&quot;:&quot;4.7&quot;,&quot;starsonly&quot;:&quot;&quot;,&quot;best&quot;:&quot;5&quot;,&quot;gap&quot;:&quot;5&quot;,&quot;greet&quot;:&quot;Rate this product&quot;,&quot;legend&quot;:&quot;4.7\\\/5 - (21 votes)&quot;,&quot;size&quot;:&quot;24&quot;,&quot;title&quot;:&quot;Wood Shaving Machine for Animal Bedding | Wood Log Shaver Machine&quot;,&quot;width&quot;:&quot;133.8&quot;,&quot;_legend&quot;:&quot;{score}\\\/{best} - ({count} {votes})&quot;,&quot;font_factor&quot;:&quot;1.25&quot;}'>              <div class=\"kksr-stars\">      <div class=\"kksr-stars-inactive\">             <div class=\"kksr-star\" data-star=\"1\" style=\"padding-right: 5px\">               <div class=\"kksr-icon\" style=\"width: 24px; height: 24px;\"><\/div>         <\/div>             <div class=\"kksr-star\" data-star=\"2\" style=\"padding-right: 5px\">               <div class=\"kksr-icon\" style=\"width: 24px; height: 24px;\"><\/div>         <\/div>             <div class=\"kksr-star\" data-star=\"3\" style=\"padding-right: 5px\">               <div class=\"kksr-icon\" style=\"width: 24px; height: 24px;\"><\/div>         <\/div>             <div class=\"kksr-star\" data-star=\"4\" style=\"padding-right: 5px\">               <div class=\"kksr-icon\" style=\"width: 24px; height: 24px;\"><\/div>         <\/div>             <div class=\"kksr-star\" data-star=\"5\" style=\"padding-right: 5px\">               <div class=\"kksr-icon\" style=\"width: 24px; height: 24px;\"><\/div>         <\/div>     <\/div>      <div class=\"kksr-stars-active\" style=\"width: 133.8px;\">             <div class=\"kksr-star\" style=\"padding-right: 5px\">               <div class=\"kksr-icon\" style=\"width: 24px; height: 24px;\"><\/div>         <\/div>             <div class=\"kksr-star\" style=\"padding-right: 5px\">               <div class=\"kksr-icon\" style=\"width: 24px; height: 24px;\"><\/div>         <\/div>             <div class=\"kksr-star\" style=\"padding-right: 5px\">               <div class=\"kksr-icon\" style=\"width: 24px; height: 24px;\"><\/div>         <\/div>             <div class=\"kksr-star\" style=\"padding-right: 5px\">               <div class=\"kksr-icon\" style=\"width: 24px; height: 24px;\"><\/div>         <\/div>             <div class=\"kksr-star\" style=\"padding-right: 5px\">               <div class=\"kksr-icon\" style=\"width: 24px; height: 24px;\"><\/div>         <\/div>     <\/div> <\/div>                   <div class=\"kksr-legend\" style=\"font-size: 19.2px;\">             4,7\/5 - (21 Bewertungen)    <\/div>     <\/div>  <p class=\"translation-block\">Die Hobelsp\u00e4nemaschine kann Baumst\u00e4mme, \u00c4ste, St\u00f6cke und Bretter in Hobelsp\u00e4ne verwandeln. Sie ist eine ideale Maschine f\u00fcr Hobelbrettwerke, Brettwerke, S\u00e4gereien und Papierfabriken. Die Endprodukte k\u00f6nnen als Einstreu f\u00fcr Tiere, als Medium und f\u00fcr den Transport usw. verwendet werden. Mit einer Verarbeitungskapazit\u00e4t von <strong>300\u20132500 kg\/h<\/strong> erf\u00fcllt sie sowohl kleine als auch gro\u00dfindustrielle Produktionsbed\u00fcrfnisse.<\/p>    <p>Unsere Antriebseinheit bietet zwei Optionen: Elektromotor und Dieselgenerator. Um die Endmaterialien gut zu sammeln, kann sie mit einem F\u00f6rderband ausgestattet werden, das diese Hobelsp\u00e4ne an einen bestimmten Ort transportiert. Dar\u00fcber hinaus bieten wir kundenspezifische Dienstleistungen entsprechend speziellen Anforderungen an.<\/p>    <figure class=\"wp-block-embed is-type-video is-provider-youtube wp-block-embed-youtube wp-embed-aspect-16-9 wp-has-aspect-ratio\"><div class=\"wp-block-embed__wrapper\"> <iframe loading=\"lazy\" title=\"Wie man Hobelsp\u00e4ne herstellt \u2013 Kommerzielle Holzhobler-Demo #wood #woodworking #shaving #log #lumber\" width=\"500\" height=\"281\" src=\"https:\/\/www.youtube.com\/embed\/eCq4h1JDN8E?feature=oembed\" frameborder=\"0\" allow=\"accelerometer; autoplay; clipboard-write; encrypted-media; gyroscope; picture-in-picture; web-share\" referrerpolicy=\"strict-origin-when-cross-origin\" allowfullscreen><\/iframe> <\/div><figcaption class=\"wp-element-caption\">Arbeitsvideo der Hobelsp\u00e4nemaschine<\/figcaption><\/figure>    <h2 class=\"wp-block-heading\" id=\"h-raw-materials-of-wood-shaving-machine\">Rohstoffe der Holzsp\u00e4nenmaschine<\/h2>    <p class=\"translation-block\">Die Rohmaterialien der Holzraspelmaschine sind Protokare, Holzbretter, <a href=\"https:\/\/en.wikipedia.org\/wiki\/Branch\" data-type=\"link\" data-id=\"https:\/\/en.wikipedia.org\/wiki\/Branch\" target=\"_blank\" rel=\"noopener\">Zweige<\/a> usw. In der Regel verwenden Hersteller, die daran gew\u00f6hnt sind, hochwertige Haustierprodukte herzustellen, Protokare, die mit einer <a href=\"\/de\/wood peeling machine\/\">Holzsch\u00e4lmaschine<\/a> gesch\u00e4lt wurden. <\/p>    <p>Die so erzeugten Sp\u00e4ne haben eine einheitliche Farbe, eine stabile Qualit\u00e4t und h\u00f6here Gewinnspannen. Dar\u00fcber hinaus verwenden Papierhersteller auch entrindetes Holz.<\/p>    <figure class=\"wp-block-gallery has-nested-images columns-default is-cropped wp-block-gallery-2 is-layout-flex wp-block-gallery-is-layout-flex\"> <figure class=\"wp-block-image size-large\"><img loading=\"lazy\" decoding=\"async\" width=\"720\" height=\"540\" data-id=\"2532\" src=\"https:\/\/bestcharcoalmachine.com\/wp-content\/uploads\/2021\/11\/logs.jpg\" alt=\"Protokolle\" class=\"wp-image-2532\"\/><figcaption class=\"wp-element-caption\">Protokolle<\/figcaption><\/figure>    <figure class=\"wp-block-image size-large\"><img loading=\"lazy\" decoding=\"async\" width=\"720\" height=\"540\" data-id=\"2540\" src=\"https:\/\/bestcharcoalmachine.com\/wp-content\/uploads\/2021\/11\/debarked-logs.jpg\" alt=\"entrindete Baumst\u00e4mme\" class=\"wp-image-2540\"\/><figcaption class=\"wp-element-caption\">entrindete Baumst\u00e4mme<\/figcaption><\/figure>    <figure class=\"wp-block-image size-large\"><img loading=\"lazy\" decoding=\"async\" width=\"720\" height=\"540\" data-id=\"2533\" src=\"https:\/\/bestcharcoalmachine.com\/wp-content\/uploads\/2021\/11\/wooden-boards.jpg\" alt=\"Holzbretter\" class=\"wp-image-2533\"\/><figcaption class=\"wp-element-caption\">Holzbretter<\/figcaption><\/figure> <\/figure>    <h2 class=\"wp-block-heading\">Struktur der Holzhobelmaschine<\/h2>    <p>Die Holzschermaschine besteht haupts\u00e4chlich aus dem Hauptk\u00f6rper des Rahmens, dem Einlass, dem Auslass, der Klinge, dem Motor usw. Nachdem das Rohmaterial durch den Einlass in den Maschinenk\u00f6rper gelangt ist, schneidet die Klinge das Holz in Sp\u00e4ne und wird schlie\u00dflich durch den Auslass abgegeben. Der gesamte Arbeitsprozess ist sehr schnell und erm\u00f6glicht so eine Massenproduktion. <\/p>    <p>Die Gr\u00f6\u00dfe und Dicke der Sp\u00e4ne kann durch Anpassen der L\u00e4nge der Klinge und des Neigungsgrads der Klinge ver\u00e4ndert werden, um den Bed\u00fcrfnissen verschiedener Kunden gerecht zu werden. Dar\u00fcber hinaus k\u00f6nnen Position und L\u00e4nge des Ein- und Auslasses je nach Bedarf angepasst werden.<\/p>    <figure class=\"wp-block-gallery has-nested-images columns-default is-cropped wp-block-gallery-3 is-layout-flex wp-block-gallery-is-layout-flex\"> <figure class=\"wp-block-image size-large\"><img decoding=\"async\" data-id=\"1008\" src=\"https:\/\/bestcharcoalmachine.com\/wp-content\/uploads\/2021\/11\/the-front-of-the-wood-shaver-with-a-motor.jpg\" alt=\"Vorderseite des Holzrasierers mit Motor\" class=\"wp-image-1008\"\/><figcaption class=\"wp-element-caption\">Vorderseite des Holzrasierers mit Motor<\/figcaption><\/figure>    <figure class=\"wp-block-image size-large\"><img decoding=\"async\" data-id=\"1010\" src=\"https:\/\/bestcharcoalmachine.com\/wp-content\/uploads\/2021\/11\/the-side-of-the-wood-shaving-machine.jpg\" alt=\"der Seite der Holzhobelmaschine\" class=\"wp-image-1010\"\/><figcaption class=\"wp-element-caption\">der Seite der Holzhobelmaschine<\/figcaption><\/figure> <\/figure>    <h2 class=\"wp-block-heading\" id=\"h-features-of-wood-shaver-equipment\">Merkmale der Hobelsp\u00e4nemaschine<\/h2>    <div class=\"wp-block-media-text is-stacked-on-mobile\"><figure class=\"wp-block-media-text__media\"><img loading=\"lazy\" decoding=\"async\" width=\"720\" height=\"540\" src=\"https:\/\/bestcharcoalmachine.com\/wp-content\/uploads\/2021\/11\/wood-shaving-machines-in-our-plant.jpg\" alt=\"\" class=\"wp-image-2534 size-full\"\/><\/figure><div class=\"wp-block-media-text__content\"> <ul class=\"wp-block-list\"> <li>Durch die Einstellung des Neigungswinkels des Messers kann die Dicke der Sp\u00e4ne angepasst werden. Die Gr\u00f6\u00dfe und Dicke des fertigen Produkts kann flexibel an unterschiedliche Bed\u00fcrfnisse angepasst werden.<\/li>    <li>Die maschinell verarbeiteten Holzsp\u00e4ne sind fast die gleichen wie die von Handhobelmaschinen herausgedr\u00fcckten Holzsp\u00e4ne und die Textur ist sehr gut. Der Einsatz von Maschinen kann die Effizienz erheblich steigern und Arbeitskosten einsparen.<\/li>    <li>Der strukturelle Aufbau der Maschine und die Herstellung der Komponenten erfolgen alle in unserem Werk. Die Wartungskosten sind gering und die Rasiermaschine kann eine lange Lebensdauer haben.<\/li> <\/ul> <\/div><\/div>    <div class=\"wp-block-media-text has-media-on-the-right is-stacked-on-mobile\"><div class=\"wp-block-media-text__content\"> <ul class=\"wp-block-list\"> <li>Die Holzsp\u00e4ne k\u00f6nnen als biologischer Brennstoff, als F\u00fcllmaterial f\u00fcr den Versand zerbrechlicher Gegenst\u00e4nde und als Tierbettf\u00fcllung in landwirtschaftlichen Betrieben f\u00fcr K\u00fche, Schweine, Schafe oder alle Arten von Tieren verwendet werden.<\/li>    <li>Ein Anpassungsservice ist verf\u00fcgbar. Manche Kunden w\u00fcnschen sich kleinere Sp\u00e4ne. Unsere Fabrik kann einen Sp\u00e4nepulverisierer bereitstellen. Im Inneren der Maschine befinden sich H\u00e4mmer, die das Rohmaterial in kleine St\u00fccke zerschlagen k\u00f6nnen. <\/li>    <li>Die Rasiermaschine kann mit einem Motor oder einem Dieselmotor ausgestattet sein. Der Dieselmotor ist nicht spannungsbegrenzt und leicht zu bewegen.<\/li> <\/ul> <\/div><figure class=\"wp-block-media-text__media\"><img loading=\"lazy\" decoding=\"async\" width=\"720\" height=\"540\" src=\"https:\/\/bestcharcoalmachine.com\/wp-content\/uploads\/2021\/11\/log-shavers.jpg\" alt=\"Scheithobel\" class=\"wp-image-2535 size-full\"\/><\/figure><\/div>    <h2 class=\"wp-block-heading\">Die Klingen der Holzhobelmaschine<\/h2>    <p>Die Klinge der Holzhobelmaschine spielt eine sehr wichtige Rolle im gesamten Holzhobelprozess. Die Gr\u00f6\u00dfe und Dicke der Endprodukte h\u00e4ngen von der L\u00e4nge und dem Neigungswinkel der Klinge ab. F\u00fcr die Herstellung hochwertiger Sp\u00e4ne sind hochwertige Klingen vorteilhafter. Unsere Klingen bestehen aus Kohlenstoffstahl, der nicht nur eine lange Lebensdauer hat, sondern auch leicht zu zerlegen und zu installieren ist.<\/p>    <p>Egal wie gut die Qualit\u00e4t ist, f\u00fcr eine l\u00e4ngere Lebensdauer braucht es eine gute Wartung. Bei gro\u00dfen Produktionen \u00fcber einen l\u00e4ngeren Zeitraum k\u00f6nnen sich die Klingen abnutzen und stumpf werden, was die Wirkung des Holzraspelns beeintr\u00e4chtigt. Wir liefern spezielle Messersch\u00e4rfer, mit denen die Klinge scharf gemacht werden kann. Wir stellen Installationsvideos zur Verf\u00fcgung.<\/p>    <figure class=\"wp-block-gallery has-nested-images columns-default is-cropped wp-block-gallery-4 is-layout-flex wp-block-gallery-is-layout-flex\"> <figure class=\"wp-block-image size-large\"><img decoding=\"async\" data-id=\"972\" src=\"https:\/\/bestcharcoalmachine.com\/wp-content\/uploads\/2021\/11\/the-cutting-disk-with-blades.jpg\" alt=\"die Trennscheibe mit Klingen\" class=\"wp-image-972\"\/><figcaption class=\"wp-element-caption\">die Trennscheibe mit Klingen<\/figcaption><\/figure>    <figure class=\"wp-block-image size-large\"><img decoding=\"async\" data-id=\"974\" src=\"https:\/\/bestcharcoalmachine.com\/wp-content\/uploads\/2021\/11\/the-round-disk-in-the-chipping-chamber.jpg\" alt=\"die runde Scheibe in der H\u00e4ckselkammer\" class=\"wp-image-974\"\/><figcaption class=\"wp-element-caption\">die runde Scheibe in der H\u00e4ckselkammer<\/figcaption><\/figure>    <figure class=\"wp-block-image size-large\"><img decoding=\"async\" data-id=\"973\" src=\"https:\/\/bestcharcoalmachine.com\/wp-content\/uploads\/2021\/11\/the-blades-on-the-cutting-disk.jpg\" alt=\"die Messer auf der Schneidscheibe\" class=\"wp-image-973\"\/><figcaption class=\"wp-element-caption\">die Messer auf der Schneidscheibe<\/figcaption><\/figure> <\/figure>    <h2 class=\"wp-block-heading\">Anwendungen der Holzhobelmaschine<\/h2>    <div class=\"wp-block-media-text is-stacked-on-mobile\"><figure class=\"wp-block-media-text__media\"><img loading=\"lazy\" decoding=\"async\" width=\"720\" height=\"540\" src=\"https:\/\/bestcharcoalmachine.com\/wp-content\/uploads\/2021\/11\/mahogany-shavings-in-large-size.jpg\" alt=\"Mahagonisp\u00e4ne im gro\u00dfen Format\" class=\"wp-image-2538 size-full\"\/><\/figure><div class=\"wp-block-media-text__content\"> <p>Die Hobelsp\u00e4nemaschine hat ein breites Anwendungsspektrum. Die von ihr erzeugten Hobelsp\u00e4ne k\u00f6nnen als Rohstoffe f\u00fcr die Herstellung von Sperrholz, Holzzellstoffpapier in Papierm\u00fchlen und als biogene Energietr\u00e4ger dienen.<\/p> <\/div><\/div>    <div class=\"wp-block-media-text has-media-on-the-right is-stacked-on-mobile\"><div class=\"wp-block-media-text__content\"> <p>Au\u00dferdem werden diese Sp\u00e4ne h\u00e4ufig als Einstreu f\u00fcr Haustiere und Gefl\u00fcgel sowie als Polstermaterial f\u00fcr den Transport zerbrechlicher G\u00fcter verwendet. Dies macht die Maschine nicht nur f\u00fcr kleine und mittelgro\u00dfe Unternehmen, sondern auch f\u00fcr einzelne Holzverarbeitungsbetriebe geeignet.<\/p> <\/div><figure class=\"wp-block-media-text__media\"><img loading=\"lazy\" decoding=\"async\" width=\"720\" height=\"540\" src=\"https:\/\/bestcharcoalmachine.com\/wp-content\/uploads\/2021\/11\/small-size-pine-wood-shavings.jpg\" alt=\"kleine Sp\u00e4ne aus Kiefernholz\" class=\"wp-image-2539 size-full\"\/><\/figure><\/div>    <div class=\"wp-block-media-text is-stacked-on-mobile\"><figure class=\"wp-block-media-text__media\"><img loading=\"lazy\" decoding=\"async\" width=\"720\" height=\"540\" src=\"https:\/\/bestcharcoalmachine.com\/wp-content\/uploads\/2021\/11\/thick-shavings-for-bedding-resist-the-cold-winter.jpg\" alt=\"Dicke Sp\u00e4ne f\u00fcr die Bettw\u00e4sche halten dem kalten Winter stand\" class=\"wp-image-2537 size-full\"\/><\/figure><div class=\"wp-block-media-text__content\"> <p>When the cold wave and low temperature hit, the zoo opened a &#8220;warm mode&#8221; for the chimpanzees. <\/p>    <p>Der Boden ist mit Einstreu wie Sp\u00e4nen und Stroh ausgelegt, um dem kalten Winter zu trotzen.<\/p> <\/div><\/div>    <h2 class=\"wp-block-heading\" id=\"h-video-of-wood-shaving-machine\">Parameter des zu verkaufenden Holzrasierers<\/h2>    <figure class=\"wp-block-table\"><table><tbody><tr><td>MODELL<\/td><td>KAPAZIT\u00c4T<\/td><td>EINGABEGR\u00d6SSE<\/td><td>LEISTUNG<\/td><\/tr><tr><td>WD-WS420<\/td><td>300 kg\/h<\/td><td>6cm<\/td><td>7,5 kW<\/td><\/tr><tr><td>WD-WS600<\/td><td>500 kg\/h<\/td><td>12cm<\/td><td>15 kW<\/td><\/tr><tr><td>WD-WS800<\/td><td>1000 kg\/h<\/td><td>16cm<\/td><td>30 kW<\/td><\/tr><tr><td>WD-WS1000<\/td><td>1500 kg\/h<\/td><td>20 cm<\/td><td>55 kW<\/td><\/tr><tr><td>WD-WS1200<\/td><td>2000 kg\/h<\/td><td>24cm<\/td><td>55 kW<\/td><\/tr><tr><td>WD-WS1500<\/td><td>2500 kg\/h<\/td><td>32cm<\/td><td>75 kW<\/td><\/tr><\/tbody><\/table><figcaption class=\"wp-element-caption\">Parameter der Holzhobelmaschine<\/figcaption><\/figure>    <p>Die beliebtesten Modelle sind 420, 600 und 800. Kunden in S\u00fcdafrika und im Nahen Osten verwenden sie zur Herstellung von Holzsp\u00e4nen, die h\u00e4ufig zum Bau von Nestern f\u00fcr Vieh und Gefl\u00fcgel verwendet werden.<\/p>    <figure class=\"wp-block-gallery has-nested-images columns-default is-cropped wp-block-gallery-5 is-layout-flex wp-block-gallery-is-layout-flex\"> <figure class=\"wp-block-image size-large\"><img loading=\"lazy\" decoding=\"async\" width=\"720\" height=\"540\" data-id=\"3923\" src=\"https:\/\/bestcharcoalmachine.com\/wp-content\/uploads\/2021\/11\/commercial-wood-shaver.webp\" alt=\"handels\u00fcblicher Holzrasierer\" class=\"wp-image-3923\" srcset=\"https:\/\/bestcharcoalmachine.com\/wp-content\/uploads\/2021\/11\/commercial-wood-shaver.webp 720w, https:\/\/bestcharcoalmachine.com\/wp-content\/uploads\/2021\/11\/commercial-wood-shaver-300x225.webp 300w, https:\/\/bestcharcoalmachine.com\/wp-content\/uploads\/2021\/11\/commercial-wood-shaver-16x12.webp 16w\" sizes=\"auto, (max-width: 720px) 100vw, 720px\" \/><figcaption class=\"wp-element-caption\">handels\u00fcblicher Holzrasierer<\/figcaption><\/figure>    <figure class=\"wp-block-image size-large\"><img loading=\"lazy\" decoding=\"async\" width=\"720\" height=\"540\" data-id=\"3924\" src=\"https:\/\/bestcharcoalmachine.com\/wp-content\/uploads\/2021\/11\/exported-wood-shaving-machine.webp\" alt=\"Exportierte Holzsp\u00e4nenmaschine\" class=\"wp-image-3924\" srcset=\"https:\/\/bestcharcoalmachine.com\/wp-content\/uploads\/2021\/11\/exported-wood-shaving-machine.webp 720w, https:\/\/bestcharcoalmachine.com\/wp-content\/uploads\/2021\/11\/exported-wood-shaving-machine-300x225.webp 300w, https:\/\/bestcharcoalmachine.com\/wp-content\/uploads\/2021\/11\/exported-wood-shaving-machine-16x12.webp 16w\" sizes=\"auto, (max-width: 720px) 100vw, 720px\" \/><figcaption class=\"wp-element-caption\">Exportierte Holzsp\u00e4nenmaschine<\/figcaption><\/figure> <\/figure>    <figure class=\"wp-block-gallery has-nested-images columns-default is-cropped wp-block-gallery-6 is-layout-flex wp-block-gallery-is-layout-flex\"> <figure class=\"wp-block-image size-large\"><img loading=\"lazy\" decoding=\"async\" width=\"720\" height=\"540\" data-id=\"1862\" src=\"https:\/\/bestcharcoalmachine.com\/wp-content\/uploads\/2021\/12\/chicken-bedding.jpg\" alt=\"H\u00fchnerbettw\u00e4sche\" class=\"wp-image-1862\" srcset=\"https:\/\/bestcharcoalmachine.com\/wp-content\/uploads\/2021\/12\/chicken-bedding.jpg 720w, https:\/\/bestcharcoalmachine.com\/wp-content\/uploads\/2021\/12\/chicken-bedding-300x225.jpg 300w\" sizes=\"auto, (max-width: 720px) 100vw, 720px\" \/><figcaption class=\"wp-element-caption\">H\u00fchnerbettw\u00e4sche<\/figcaption><\/figure>    <figure class=\"wp-block-image size-large\"><img loading=\"lazy\" decoding=\"async\" width=\"720\" height=\"540\" data-id=\"2076\" src=\"https:\/\/bestcharcoalmachine.com\/wp-content\/uploads\/2021\/12\/paper-making.jpg\" alt=\"Papierherstellung\" class=\"wp-image-2076\" srcset=\"https:\/\/bestcharcoalmachine.com\/wp-content\/uploads\/2021\/12\/paper-making.jpg 720w, https:\/\/bestcharcoalmachine.com\/wp-content\/uploads\/2021\/12\/paper-making-300x225.jpg 300w\" sizes=\"auto, (max-width: 720px) 100vw, 720px\" \/><figcaption class=\"wp-element-caption\">Papierherstellung<\/figcaption><\/figure>    <figure class=\"wp-block-image size-large\"><img loading=\"lazy\" decoding=\"async\" width=\"720\" height=\"540\" data-id=\"2086\" src=\"https:\/\/bestcharcoalmachine.com\/wp-content\/uploads\/2021\/12\/plywood.jpg\" alt=\"Sperrholz\" class=\"wp-image-2086\" srcset=\"https:\/\/bestcharcoalmachine.com\/wp-content\/uploads\/2021\/12\/plywood.jpg 720w, https:\/\/bestcharcoalmachine.com\/wp-content\/uploads\/2021\/12\/plywood-300x225.jpg 300w\" sizes=\"auto, (max-width: 720px) 100vw, 720px\" \/><figcaption class=\"wp-element-caption\">Sperrholz<\/figcaption><\/figure> <\/figure>    <h2 class=\"wp-block-heading\" id=\"h-routine-maintenance-of-wood-shaving-machine\">Routinewartung der Holzsp\u00e4nenmaschine<\/h2>    <div class=\"wp-block-media-text has-media-on-the-right is-stacked-on-mobile\"><div class=\"wp-block-media-text__content\"> <ul class=\"wp-block-list\"> <li>Damit die Maschine normal l\u00e4uft, sollte das Lager rechtzeitig mit Butter gef\u00fcllt werden, und der Hobel sollte alle 3-4 Stunden im Dauerbetrieb einmal mit Butter gef\u00fcllt werden.<\/li>    <li>Das Innere der Maschine sollte vor Arbeitsende gereinigt werden, das zerkleinerte Material darf nicht zur\u00fcckbleiben und die Messer d\u00fcrfen nicht festsitzen.<\/li>    <li>Schalten Sie den Strom nach jedem t\u00e4glichen Gebrauch aus und stellen Sie die Spannung des Riemens so ein, dass er etwa 8 cm abf\u00e4llt.<\/li> <\/ul> <\/div><figure class=\"wp-block-media-text__media\"><img loading=\"lazy\" decoding=\"async\" width=\"720\" height=\"540\" src=\"https:\/\/bestcharcoalmachine.com\/wp-content\/uploads\/2021\/11\/log-shaver.webp\" alt=\"Holzschere\" class=\"wp-image-3925 size-full\" srcset=\"https:\/\/bestcharcoalmachine.com\/wp-content\/uploads\/2021\/11\/log-shaver.webp 720w, https:\/\/bestcharcoalmachine.com\/wp-content\/uploads\/2021\/11\/log-shaver-300x225.webp 300w, https:\/\/bestcharcoalmachine.com\/wp-content\/uploads\/2021\/11\/log-shaver-16x12.webp 16w\" sizes=\"auto, (max-width: 720px) 100vw, 720px\" \/><\/figure><\/div>    <h2 class=\"wp-block-heading\">Abschluss<\/h2>    <p>Maximieren Sie die Holzausnutzung und erf\u00fcllen Sie mit unserer Holzhobelmaschine die unterschiedlichen Anforderungen verschiedener Branchen. Ob f\u00fcr die Holzverarbeitung, Tiereinstreu, Verpackung, Transport oder Energieerzeugung, unsere Maschine ist unverzichtbar. <\/p>    <p>Investieren Sie noch heute in eine Holzhobelmaschine, um Ihr Produktionspotenzial auszusch\u00f6pfen, die Effizienz zu steigern und neue M\u00f6glichkeiten f\u00fcr Ihr Unternehmen zu erkunden!<\/p>    <figure class=\"wp-block-gallery has-nested-images columns-default is-cropped wp-block-gallery-7 is-layout-flex wp-block-gallery-is-layout-flex\"> <figure class=\"wp-block-image size-large\"><img loading=\"lazy\" decoding=\"async\" width=\"720\" height=\"540\" data-id=\"3926\" src=\"https:\/\/bestcharcoalmachine.com\/wp-content\/uploads\/2021\/11\/log-shaving-machine.webp\" alt=\"Scheithobelmaschine\" class=\"wp-image-3926\" srcset=\"https:\/\/bestcharcoalmachine.com\/wp-content\/uploads\/2021\/11\/log-shaving-machine.webp 720w, https:\/\/bestcharcoalmachine.com\/wp-content\/uploads\/2021\/11\/log-shaving-machine-300x225.webp 300w, https:\/\/bestcharcoalmachine.com\/wp-content\/uploads\/2021\/11\/log-shaving-machine-16x12.webp 16w\" sizes=\"auto, (max-width: 720px) 100vw, 720px\" \/><figcaption class=\"wp-element-caption\">Scheithobelmaschine<\/figcaption><\/figure>    <figure class=\"wp-block-image size-large\"><img loading=\"lazy\" decoding=\"async\" width=\"720\" height=\"540\" data-id=\"3927\" src=\"https:\/\/bestcharcoalmachine.com\/wp-content\/uploads\/2021\/11\/wood-shaver.webp\" alt=\"Holzrasierer\" class=\"wp-image-3927\" srcset=\"https:\/\/bestcharcoalmachine.com\/wp-content\/uploads\/2021\/11\/wood-shaver.webp 720w, https:\/\/bestcharcoalmachine.com\/wp-content\/uploads\/2021\/11\/wood-shaver-300x225.webp 300w, https:\/\/bestcharcoalmachine.com\/wp-content\/uploads\/2021\/11\/wood-shaver-16x12.webp 16w\" sizes=\"auto, (max-width: 720px) 100vw, 720px\" \/><figcaption class=\"wp-element-caption\">Holzrasierer<\/figcaption><\/figure> <\/figure>","protected":false},"excerpt":{"rendered":"<p>Die Hobelsp\u00e4nemaschine kann Baumst\u00e4mme, \u00c4ste, St\u00f6cke und Bretter in Hobelsp\u00e4ne verwandeln.<\/p>","protected":false},"author":1,"featured_media":2531,"parent":0,"template":"","tags":[64,66,68,63],"product-type":[51],"class_list":["post-720","product","type-product","status-publish","has-post-thumbnail","hentry","tag-log","tag-lumber","tag-shaver","tag-wood","product-type-wood-working-equipment"],"_links":{"self":[{"href":"https:\/\/bestcharcoalmachine.com\/de\/wp-json\/wp\/v2\/product\/720","targetHints":{"allow":["GET"]}}],"collection":[{"href":"https:\/\/bestcharcoalmachine.com\/de\/wp-json\/wp\/v2\/product"}],"about":[{"href":"https:\/\/bestcharcoalmachine.com\/de\/wp-json\/wp\/v2\/types\/product"}],"author":[{"embeddable":true,"href":"https:\/\/bestcharcoalmachine.com\/de\/wp-json\/wp\/v2\/users\/1"}],"wp:featuredmedia":[{"embeddable":true,"href":"https:\/\/bestcharcoalmachine.com\/de\/wp-json\/wp\/v2\/media\/2531"}],"wp:attachment":[{"href":"https:\/\/bestcharcoalmachine.com\/de\/wp-json\/wp\/v2\/media?parent=720"}],"wp:term":[{"taxonomy":"post_tag","embeddable":true,"href":"https:\/\/bestcharcoalmachine.com\/de\/wp-json\/wp\/v2\/tags?post=720"},{"taxonomy":"product-type","embeddable":true,"href":"https:\/\/bestcharcoalmachine.com\/de\/wp-json\/wp\/v2\/product-type?post=720"}],"curies":[{"name":"wp","href":"https:\/\/api.w.org\/{rel}","templated":true}]}}