{"id":3661,"date":"2023-02-22T11:14:59","date_gmt":"2023-02-22T03:14:59","guid":{"rendered":"https:\/\/bestcharcoalmachine.com\/?post_type=product&#038;p=3661"},"modified":"2024-02-22T16:00:53","modified_gmt":"2024-02-22T08:00:53","slug":"wood-pallet-making-machine","status":"publish","type":"product","link":"https:\/\/bestcharcoalmachine.com\/de\/product\/wood-pallet-making-machine\/","title":{"rendered":"Maschine zur Herstellung von Holzpaletten\u4e28Komprimierte Holzpalettenmaschine"},"content":{"rendered":"<div class=\"kk-star-ratings kksr-auto kksr-align-left kksr-valign-top\"     data-payload='{&quot;align&quot;:&quot;left&quot;,&quot;id&quot;:&quot;3661&quot;,&quot;slug&quot;:&quot;default&quot;,&quot;valign&quot;:&quot;top&quot;,&quot;ignore&quot;:&quot;&quot;,&quot;reference&quot;:&quot;auto&quot;,&quot;class&quot;:&quot;&quot;,&quot;count&quot;:&quot;20&quot;,&quot;legendonly&quot;:&quot;&quot;,&quot;readonly&quot;:&quot;&quot;,&quot;score&quot;:&quot;4.7&quot;,&quot;starsonly&quot;:&quot;&quot;,&quot;best&quot;:&quot;5&quot;,&quot;gap&quot;:&quot;5&quot;,&quot;greet&quot;:&quot;Rate this product&quot;,&quot;legend&quot;:&quot;4.7\\\/5 - (20 votes)&quot;,&quot;size&quot;:&quot;24&quot;,&quot;title&quot;:&quot;Wood Pallet Making Machine\u4e28Compressed wood pallet machine&quot;,&quot;width&quot;:&quot;133.8&quot;,&quot;_legend&quot;:&quot;{score}\\\/{best} - ({count} {votes})&quot;,&quot;font_factor&quot;:&quot;1.25&quot;}'>              <div class=\"kksr-stars\">      <div class=\"kksr-stars-inactive\">             <div class=\"kksr-star\" data-star=\"1\" style=\"padding-right: 5px\">               <div class=\"kksr-icon\" style=\"width: 24px; height: 24px;\"><\/div>         <\/div>             <div class=\"kksr-star\" data-star=\"2\" style=\"padding-right: 5px\">               <div class=\"kksr-icon\" style=\"width: 24px; height: 24px;\"><\/div>         <\/div>             <div class=\"kksr-star\" data-star=\"3\" style=\"padding-right: 5px\">               <div class=\"kksr-icon\" style=\"width: 24px; height: 24px;\"><\/div>         <\/div>             <div class=\"kksr-star\" data-star=\"4\" style=\"padding-right: 5px\">               <div class=\"kksr-icon\" style=\"width: 24px; height: 24px;\"><\/div>         <\/div>             <div class=\"kksr-star\" data-star=\"5\" style=\"padding-right: 5px\">               <div class=\"kksr-icon\" style=\"width: 24px; height: 24px;\"><\/div>         <\/div>     <\/div>      <div class=\"kksr-stars-active\" style=\"width: 133.8px;\">             <div class=\"kksr-star\" style=\"padding-right: 5px\">               <div class=\"kksr-icon\" style=\"width: 24px; height: 24px;\"><\/div>         <\/div>             <div class=\"kksr-star\" style=\"padding-right: 5px\">               <div class=\"kksr-icon\" style=\"width: 24px; height: 24px;\"><\/div>         <\/div>             <div class=\"kksr-star\" style=\"padding-right: 5px\">               <div class=\"kksr-icon\" style=\"width: 24px; height: 24px;\"><\/div>         <\/div>             <div class=\"kksr-star\" style=\"padding-right: 5px\">               <div class=\"kksr-icon\" style=\"width: 24px; height: 24px;\"><\/div>         <\/div>             <div class=\"kksr-star\" style=\"padding-right: 5px\">               <div class=\"kksr-icon\" style=\"width: 24px; height: 24px;\"><\/div>         <\/div>     <\/div> <\/div>                   <div class=\"kksr-legend\" style=\"font-size: 19.2px;\">             4,7\/5 - (20 Stimmen)    <\/div>     <\/div>  <p>Die Pressholzpalettenmaschine ist auf die Herstellung von Holzpaletten aller Art spezialisiert. Die hydraulische Maschine zur Herstellung von Holzpaletten kann alle Arten von Holzsp\u00e4nen, Reisschalen, Kokosnussschalen usw. zu Holzpaletten mit hoher Dichte und hoher H\u00e4rte pressen. <\/p>    <p>Shuliy Group ist ein professioneller Hersteller von Holzpalettenmaschinen. Unsere Maschinen wurden nach Mexiko, in die Slowakei, nach Saudi-Arabien und in andere L\u00e4nder exportiert. Wenn Sie interessiert sind, k\u00f6nnen Sie sich gerne an uns wenden.<\/p>    <figure class=\"wp-block-embed is-type-video is-provider-youtube wp-block-embed-youtube wp-embed-aspect-16-9 wp-has-aspect-ratio\"><div class=\"wp-block-embed__wrapper\"> <iframe loading=\"lazy\" title=\"Effizienz neu definiert: Erleben Sie die Pr\u00e4zision unserer fortschrittlichen Holzpalettenpresse in Aktion!#woodworking\" width=\"500\" height=\"281\" src=\"https:\/\/www.youtube.com\/embed\/omO9d_SFjFc?feature=oembed\" frameborder=\"0\" allow=\"accelerometer; autoplay; clipboard-write; encrypted-media; gyroscope; picture-in-picture; web-share\" referrerpolicy=\"strict-origin-when-cross-origin\" allowfullscreen><\/iframe> <\/div><figcaption class=\"wp-element-caption\">Video zum Betrieb einer Holzpalettenmaschine<\/figcaption><\/figure>    <h2 class=\"wp-block-heading\">Einf\u00fchrung von Pressholzpaletten<\/h2>    <p>Komprimierte Holzpaletten sind durch Hochdruckformen gepresste Holzpaletten f\u00fcr den Logistiktransport. Es handelt sich um neue Umweltpaletten aus hochwertigen Holzsp\u00e4nen, Hobelsp\u00e4nen und anderen Pflanzenfasern. Das S\u00e4gemehl wird bei hohen Temperaturen und hohem Druck getrocknet, geleimt und geformt. <\/p>    <p>Pressholzpaletten werden mittlerweile sehr h\u00e4ufig in der Logistik und im Transportwesen eingesetzt. Sie sind preisg\u00fcnstig, haben eine gute Tragf\u00e4higkeit, sind platzsparend und umweltfreundlich.<\/p>    <figure class=\"wp-block-gallery has-nested-images columns-default is-cropped wp-block-gallery-2 is-layout-flex wp-block-gallery-is-layout-flex\"> <figure class=\"wp-block-image size-large\"><img loading=\"lazy\" decoding=\"async\" width=\"720\" height=\"540\" data-id=\"3671\" src=\"https:\/\/bestcharcoalmachine.com\/wp-content\/uploads\/2023\/02\/wood-pallet1.jpg\" alt=\"Holzpalette\" class=\"wp-image-3671\"\/><figcaption class=\"wp-element-caption\">Holzpalette<\/figcaption><\/figure>    <figure class=\"wp-block-image size-large\"><img loading=\"lazy\" decoding=\"async\" width=\"720\" height=\"540\" data-id=\"3668\" src=\"https:\/\/bestcharcoalmachine.com\/wp-content\/uploads\/2023\/02\/Trays-can-be-stacked-to-save-space1.jpg\" alt=\"Die Tabletts sind platzsparend stapelbar\" class=\"wp-image-3668\"\/><figcaption class=\"wp-element-caption\">Die Tabletts sind platzsparend stapelbar<\/figcaption><\/figure> <\/figure>    <h2 class=\"wp-block-heading\">Rohstoffe der Maschine zur Herstellung von Holzpaletten<\/h2>    <p>F\u00fcr die Herstellung von Holzpaletten werden viele Rohstoffe verwendet, darunter Abfallpaletten, Holzsp\u00e4ne, Holzabf\u00e4lle, Kokosnussschalen, Reisschalen und jedes andere Material, das Holzfasern enth\u00e4lt. Dies macht diesen speziellen Palettentyp sehr umweltfreundlich.<\/p>    <h2 class=\"wp-block-heading\">Wie stellt man eine Holzpalette her?<\/h2>    <p>Die Herstellung von Holzpaletten erfordert mehrere wichtige Schritte, um optimale Qualit\u00e4t und Haltbarkeit zu gew\u00e4hrleisten. Hier finden Sie eine ausf\u00fchrliche Anleitung zur Herstellung von Holzpaletten:<\/p>   <div id=\"rank-math-howto\" class=\"rank-math-block\" > <div class=\"rank-math-howto-description\">  <\/div>  <div class=\"rank-math-steps\"> <div id=\"howto-step-1708587716593\" class=\"rank-math-step\"> <h3 class=\"rank-math-step-title\">1. Holzzerkleinerung:<\/h3> <div class=\"rank-math-step-content\"><p class=\"translation-block\">Der Prozess beginnt mit der Zerkleinerung von Rohholzmaterialien in kleinere St\u00fccke mit einem <a href=\"https:\/\/bestcharcoalmachine.com\/de\/product\/wood-crusher-machine\/\">Holzzerkleinerer<\/a>. Dieser Schritt ist entscheidend, um das Holz f\u00fcr die weitere Verarbeitung vorzubereiten.<\/p> <\/div> <\/div> <div id=\"howto-step-1708587739018\" class=\"rank-math-step\"> <h3 class=\"rank-math-step-title\">2. S\u00e4gemehltrocknung:<\/h3> <div class=\"rank-math-step-content\"><p>Wenn die beim Zerkleinern gewonnenen Hackschnitzel einen hohen Feuchtigkeitsgehalt aufweisen, m\u00fcssen sie einer Trocknung unterzogen werden, um den Feuchtigkeitsgehalt auf weniger als 10% zu reduzieren. Dies wird in der Regel mit einem speziellen Trockner erreicht, der sicherstellt, dass die Holzsp\u00e4ne ausreichend getrocknet sind, bevor mit dem n\u00e4chsten Schritt fortgefahren wird.<\/p> <\/div> <\/div> <div id=\"howto-step-1708587759638\" class=\"rank-math-step\"> <h3 class=\"rank-math-step-title\">3. Mischen von Leim und Holzsp\u00e4nen:<\/h3> <div class=\"rank-math-step-content\"><img loading=\"lazy\" decoding=\"async\" width=\"720\" height=\"540\" src=\"https:\/\/bestcharcoalmachine.com\/wp-content\/uploads\/2023\/04\/wood-pallet-pressing-machine1.jpg\" class=\"attachment-full size-full\" alt=\"Pressmaschine f\u00fcr Holzpaletten\" \/><p>Vor dem Komprimieren werden die Holzsp\u00e4ne mit Leim vermischt, um die Dichte und H\u00e4rte der resultierenden Paletten zu erh\u00f6hen. Den Holzsp\u00e4nen wird sorgf\u00e4ltig im richtigen Verh\u00e4ltnis Fl\u00fcssigleim zugesetzt, um eine gute Haftung und Festigkeit zu gew\u00e4hrleisten. Der Mischvorgang gew\u00e4hrleistet eine gleichm\u00e4\u00dfige Verteilung des Leims in den Holzsp\u00e4nen und erm\u00f6glicht so eine effektive Verklebung beim Verdichten.<\/p> <\/div> <\/div> <div id=\"howto-step-1708587775437\" class=\"rank-math-step\"> <h3 class=\"rank-math-step-title\">4. Komprimierung:<\/h3> <div class=\"rank-math-step-content\"><p>Sobald die Holzsp\u00e4ne gr\u00fcndlich mit Leim vermischt sind, k\u00f6nnen sie verdichtet werden. Dabei wird die Mischung in eine Holzpalettenpresse gegeben und dort einer Hochdruckkompression unterzogen. Durch den Kompressionsprozess wird die Mischung in die gew\u00fcnschte Form und Gr\u00f6\u00dfe gebracht, wodurch solide und langlebige Holzpaletten entstehen.<\/p> <\/div> <\/div> <div id=\"howto-step-1708587798700\" class=\"rank-math-step\"> <h3 class=\"rank-math-step-title\">5. Abk\u00fchlung und Erstarrung:<\/h3> <div class=\"rank-math-step-content\"><p>Nach dem Komprimieren k\u00f6nnen die neu geformten Holzpaletten abk\u00fchlen und sich verfestigen. Dieser Schritt ist wichtig, um sicherzustellen, dass die Paletten ihre Form und strukturelle Integrit\u00e4t behalten. Nach dem Abk\u00fchlen werden die Paletten zur Qualit\u00e4tssicherung gepr\u00fcft, bevor sie einsatzbereit sind.<\/p> <\/div> <\/div> <\/div> <\/div>       <p>Durch die Befolgung dieser sorgf\u00e4ltigen Schritte werden Holzpaletten von h\u00f6chster Qualit\u00e4t hergestellt, die den unterschiedlichen Anforderungen verschiedener Branchen von der Logistik bis zur Fertigung gerecht werden.<\/p>    <figure class=\"wp-block-image aligncenter size-full\"><img loading=\"lazy\" decoding=\"async\" width=\"720\" height=\"540\" src=\"https:\/\/bestcharcoalmachine.com\/wp-content\/uploads\/2023\/02\/raw-materials1.jpg\" alt=\"Rohstoffe\" class=\"wp-image-3667\"\/><figcaption class=\"wp-element-caption\">Rohstoffe<\/figcaption><\/figure>    <h2 class=\"wp-block-heading\">Funktionsprinzip der Holzpalettenmaschine<\/h2>    <p>Vor dem Komprimieren der Hackschnitzel muss die Holzpalettenmaschine vorgeheizt werden. Wir k\u00f6nnen den vom Kessel erzeugten Dampf als W\u00e4rmequelle der Holzpalettenmaschine nutzen. Dar\u00fcber hinaus k\u00f6nnen wir den w\u00e4rmeleitenden \u00d6lofen zum Erhitzen der Form der Holzpalettenmaschine nutzen.<\/p>    <p>Nach dem Vorheizen verteilen wir die Holzsp\u00e4ne gleichm\u00e4\u00dfig in der Form der Palettenmaschine. Schalten Sie die Maschine ein, die obere Form der Maschine senkt sich langsam ab und dr\u00fcckt die Holzsp\u00e4ne zusammen. Die Herstellung einer Holzpalette dauert etwa sieben Minuten.<\/p>    <figure class=\"wp-block-image aligncenter size-full\"><img loading=\"lazy\" decoding=\"async\" width=\"720\" height=\"540\" src=\"https:\/\/bestcharcoalmachine.com\/wp-content\/uploads\/2023\/02\/wood-pallet-making-machine1.jpg\" alt=\"Maschine zur Herstellung von Holzpaletten\" class=\"wp-image-3673\"\/><figcaption class=\"wp-element-caption\">Holzpalettenmaschine zu verkaufen<\/figcaption><\/figure>    <h2 class=\"wp-block-heading\">Aussicht auf Holzpalettenmaschine zum Verkauf<\/h2>    <p>Die Hauptgr\u00f6\u00dfen von Holzpaletten sind 1200*1000 12-20 mm, 1200*800 14-20 mm, 1100*1100 12-20 mm usw. Dar\u00fcber hinaus k\u00f6nnen wir je nach Kundenwunsch andere Spezifikationen bestellen. <\/p>    <p>Holzpaletten werden haupts\u00e4chlich zum Umschlagen oder Verpacken verwendet und sind auch f\u00fcr Logistikunternehmen und Lagerunternehmen notwendig. Holzpaletten sind frei von Quarant\u00e4ne und niedrigen Preisen, was von den Kunden begr\u00fc\u00dft wird.<\/p>    <p>Eine Holzpalettenmaschine ist eine notwendige Maschine zur Herstellung von Holzpaletten, die eine hohe Leistung und hervorragende Qualit\u00e4t bietet. Aufgrund der breiten Produktpalette sind Holzpalettenmaschinen derzeit Mangelware. Durch die Entwicklung des internationalen Marktes wird die Maschine bei den Anwendern immer beliebter.<\/p>    <h2 class=\"wp-block-heading\">Video einer Pressholzpalettenmaschine<\/h2>    <figure class=\"wp-block-embed is-type-video is-provider-youtube wp-block-embed-youtube wp-embed-aspect-16-9 wp-has-aspect-ratio\"><div class=\"wp-block-embed__wrapper\"> <iframe loading=\"lazy\" title=\"Produktionslinie f\u00fcr Holzpaletten | Maschine zur Herstellung von Holzpaletten\" width=\"500\" height=\"281\" src=\"https:\/\/www.youtube.com\/embed\/pTIZTKd8BQQ?start=11&#038;feature=oembed\" frameborder=\"0\" allow=\"accelerometer; autoplay; clipboard-write; encrypted-media; gyroscope; picture-in-picture; web-share\" referrerpolicy=\"strict-origin-when-cross-origin\" allowfullscreen><\/iframe> <\/div><figcaption class=\"wp-element-caption\">Arbeitsprozess der Pressholzpalettenmaschine<\/figcaption><\/figure>    <h2 class=\"wp-block-heading\">Technische Parameter der Holzpalettenmaschine<\/h2>    <figure class=\"wp-block-table\"><table><tbody><tr><td>Modell<\/td><td>SL-1000<\/td><\/tr><tr><td>Leistung<\/td><td>15 kW<\/td><\/tr><tr><td>Druck<\/td><td>1000 Tonnen<\/td><\/tr><tr><td>Kapazit\u00e4t<\/td><td>Die Herstellung einer Palette dauert 4-5 Minuten (kann selbst gesteuert werden)<\/td><\/tr><tr><td>Abmessungen<\/td><td>1,9*1,3*4m<\/td><\/tr><tr><td>Gewicht<\/td><td>21000kg<\/td><\/tr><\/tbody><\/table><figcaption class=\"wp-element-caption\">Parameter der Maschine zur Herstellung von Pressholzpaletten<\/figcaption><\/figure>    <figure class=\"wp-block-image aligncenter size-full\"><img loading=\"lazy\" decoding=\"async\" width=\"720\" height=\"540\" src=\"https:\/\/bestcharcoalmachine.com\/wp-content\/uploads\/2023\/02\/wood-pallet-machine1.jpg\" alt=\"Holzpalettenmaschine zu einem guten Preis\" class=\"wp-image-3669\"\/><figcaption class=\"wp-element-caption\">Holzpalettenmaschine zu einem guten Preis<\/figcaption><\/figure>    <h2 class=\"wp-block-heading\">Investieren Sie in den Holzpalettenhersteller von Shuliy<\/h2>    <p class=\"translation-block\">Bei der Wahl unserer Holz-<a href=\"https:\/\/en.wikipedia.org\/wiki\/Pallet\" data-type=\"link\" data-id=\"https:\/\/en.wikipedia.org\/wiki\/Pallet\" target=\"_blank\" rel=\"noopener\">Paletten-Herstellungsmaschine<\/a> investieren Sie nicht nur in eine Ausr\u00fcstung, sondern in die Zukunft Ihres Unternehmens. Unsere Maschine kombiniert Spitzentechnologie mit pr\u00e4ziser Handwerkskunst, um langlebige, qualitativ hochwertige L\u00f6sungen f\u00fcr die Herstellung von Holzpaletten zu liefern.<\/p>    <p>Machen Sie den ersten Schritt zur Umgestaltung Ihrer Produktionslinie mit unserer Holzpalettenmaschine. Z\u00f6gern Sie nicht! Kontaktieren Sie uns jetzt f\u00fcr Preise und weitere Details. Unser engagiertes Team steht Ihnen bei jedem Schritt zur Seite. Dar\u00fcber hinaus hei\u00dfen wir Sie herzlich willkommen, unsere Fabrik zu besuchen und unsere Technologie aus erster Hand zu erleben.<\/p>    <p>Nutzen Sie diese Gelegenheit, um Ihre Gesch\u00e4ftsabl\u00e4ufe zu revolutionieren. Entscheiden Sie sich f\u00fcr unsere Holzpalettenmaschine und lassen Sie uns gemeinsam eine bessere Zukunft aufbauen!<\/p>    <figure class=\"wp-block-image aligncenter size-full\"><img loading=\"lazy\" decoding=\"async\" width=\"720\" height=\"540\" src=\"https:\/\/bestcharcoalmachine.com\/wp-content\/uploads\/2023\/02\/wood-pallet-making-machine-21.jpg\" alt=\"Maschine zur Herstellung von Holzpaletten \" class=\"wp-image-3670\"\/><figcaption class=\"wp-element-caption\">Maschine zur Herstellung von Holzpaletten <\/figcaption><\/figure>    <p><\/p>","protected":false},"excerpt":{"rendered":"<p>Die Pressholzpalettenmaschine ist auf die Herstellung von Holzpaletten aller Art spezialisiert. Die hydraulische Maschine zur Herstellung von Holzpaletten kann alle Arten von Holzsp\u00e4nen, Reisschalen, Kokosnussschalen usw. zu Holzpaletten mit hoher Dichte und hoher H\u00e4rte pressen.<\/p>","protected":false},"author":1,"featured_media":3664,"parent":0,"template":"","tags":[],"product-type":[51],"class_list":["post-3661","product","type-product","status-publish","has-post-thumbnail","hentry","product-type-wood-working-equipment"],"_links":{"self":[{"href":"https:\/\/bestcharcoalmachine.com\/de\/wp-json\/wp\/v2\/product\/3661","targetHints":{"allow":["GET"]}}],"collection":[{"href":"https:\/\/bestcharcoalmachine.com\/de\/wp-json\/wp\/v2\/product"}],"about":[{"href":"https:\/\/bestcharcoalmachine.com\/de\/wp-json\/wp\/v2\/types\/product"}],"author":[{"embeddable":true,"href":"https:\/\/bestcharcoalmachine.com\/de\/wp-json\/wp\/v2\/users\/1"}],"wp:featuredmedia":[{"embeddable":true,"href":"https:\/\/bestcharcoalmachine.com\/de\/wp-json\/wp\/v2\/media\/3664"}],"wp:attachment":[{"href":"https:\/\/bestcharcoalmachine.com\/de\/wp-json\/wp\/v2\/media?parent=3661"}],"wp:term":[{"taxonomy":"post_tag","embeddable":true,"href":"https:\/\/bestcharcoalmachine.com\/de\/wp-json\/wp\/v2\/tags?post=3661"},{"taxonomy":"product-type","embeddable":true,"href":"https:\/\/bestcharcoalmachine.com\/de\/wp-json\/wp\/v2\/product-type?post=3661"}],"curies":[{"name":"wp","href":"https:\/\/api.w.org\/{rel}","templated":true}]}}