{"id":3503,"date":"2022-11-30T18:13:23","date_gmt":"2022-11-30T10:13:23","guid":{"rendered":"https:\/\/bestcharcoalmachine.com\/?post_type=product&#038;p=3503"},"modified":"2023-01-05T15:35:15","modified_gmt":"2023-01-05T07:35:15","slug":"biomass-wood-pellet-machine","status":"publish","type":"product","link":"https:\/\/bestcharcoalmachine.com\/de\/product\/biomass-wood-pellet-machine\/","title":{"rendered":"Biomasse-Holzpelletmaschine | Holzpellet-Extruderm\u00fchle zu verkaufen"},"content":{"rendered":"<div class=\"kk-star-ratings kksr-auto kksr-align-left kksr-valign-top\"     data-payload='{&quot;align&quot;:&quot;left&quot;,&quot;id&quot;:&quot;3503&quot;,&quot;slug&quot;:&quot;default&quot;,&quot;valign&quot;:&quot;top&quot;,&quot;ignore&quot;:&quot;&quot;,&quot;reference&quot;:&quot;auto&quot;,&quot;class&quot;:&quot;&quot;,&quot;count&quot;:&quot;17&quot;,&quot;legendonly&quot;:&quot;&quot;,&quot;readonly&quot;:&quot;&quot;,&quot;score&quot;:&quot;4.6&quot;,&quot;starsonly&quot;:&quot;&quot;,&quot;best&quot;:&quot;5&quot;,&quot;gap&quot;:&quot;5&quot;,&quot;greet&quot;:&quot;Rate this product&quot;,&quot;legend&quot;:&quot;4.6\\\/5 - (17 votes)&quot;,&quot;size&quot;:&quot;24&quot;,&quot;title&quot;:&quot;Biomass Wood Pellet Machine | Wood Pellet Extruder Mill for Sale&quot;,&quot;width&quot;:&quot;130.9&quot;,&quot;_legend&quot;:&quot;{score}\\\/{best} - ({count} {votes})&quot;,&quot;font_factor&quot;:&quot;1.25&quot;}'>              <div class=\"kksr-stars\">      <div class=\"kksr-stars-inactive\">             <div class=\"kksr-star\" data-star=\"1\" style=\"padding-right: 5px\">               <div class=\"kksr-icon\" style=\"width: 24px; height: 24px;\"><\/div>         <\/div>             <div class=\"kksr-star\" data-star=\"2\" style=\"padding-right: 5px\">               <div class=\"kksr-icon\" style=\"width: 24px; height: 24px;\"><\/div>         <\/div>             <div class=\"kksr-star\" data-star=\"3\" style=\"padding-right: 5px\">               <div class=\"kksr-icon\" style=\"width: 24px; height: 24px;\"><\/div>         <\/div>             <div class=\"kksr-star\" data-star=\"4\" style=\"padding-right: 5px\">               <div class=\"kksr-icon\" style=\"width: 24px; height: 24px;\"><\/div>         <\/div>             <div class=\"kksr-star\" data-star=\"5\" style=\"padding-right: 5px\">               <div class=\"kksr-icon\" style=\"width: 24px; height: 24px;\"><\/div>         <\/div>     <\/div>      <div class=\"kksr-stars-active\" style=\"width: 130.9px;\">             <div class=\"kksr-star\" style=\"padding-right: 5px\">               <div class=\"kksr-icon\" style=\"width: 24px; height: 24px;\"><\/div>         <\/div>             <div class=\"kksr-star\" style=\"padding-right: 5px\">               <div class=\"kksr-icon\" style=\"width: 24px; height: 24px;\"><\/div>         <\/div>             <div class=\"kksr-star\" style=\"padding-right: 5px\">               <div class=\"kksr-icon\" style=\"width: 24px; height: 24px;\"><\/div>         <\/div>             <div class=\"kksr-star\" style=\"padding-right: 5px\">               <div class=\"kksr-icon\" style=\"width: 24px; height: 24px;\"><\/div>         <\/div>             <div class=\"kksr-star\" style=\"padding-right: 5px\">               <div class=\"kksr-icon\" style=\"width: 24px; height: 24px;\"><\/div>         <\/div>     <\/div> <\/div>                   <div class=\"kksr-legend\" style=\"font-size: 19.2px;\">             4,6\/5 - (17 Bewertungen)    <\/div>     <\/div>  <p>Die Biomasse-Holzpelletmaschine von Shuliy produziert haupts\u00e4chlich umweltfreundliche und schadstofffreie Holzpellets. Die Biomasse-Pelletmaschine erfreut sich auf dem Markt gro\u00dfer Beliebtheit und unsere Maschinen wurden in die ganze Welt exportiert, was vielen Herstellern dabei hilft, wirtschaftliche Vorteile zu erzielen.<\/p>    <h2 class=\"wp-block-heading\">Einf\u00fchrung einer Biomasse-Holzpelletmaschine<\/h2>    <p>Die Biomasse-Pelletm\u00fchle hat eine vertikale Struktur und nutzt die zentrifugale, hocheffiziente Ringd\u00fcsengranulationstechnologie. Die Maschine kann zerkleinerte B\u00e4ume, Bretter, Rinde, Sp\u00e4ne und andere Rohstoffe durch physikalische Extrusion verarbeiten. Die S\u00e4gesp\u00e4ne werden zu stabf\u00f6rmigen Partikeln mit einem Durchmesser von 8 bis 12 mm gepresst. Das Endprodukt ist gut geformt, dicht und kann anstelle von Kohle als Brennstoff verwendet werden.<\/p>    <h2 class=\"wp-block-heading\">Rohstoffe der Holzpelletmaschine<\/h2>    <p>Holzpelletm\u00fchlen werden heutzutage h\u00e4ufig in biologischen Verbrennungsanlagen, Kraftwerken, Holzverarbeitungsanlagen, D\u00fcngemittelfabriken, Lebensmittelfabriken, Weing\u00fctern usw. eingesetzt. Die Holzpelletm\u00fchle ist eine Formanlage mit hoher und niedriger Dichte, die haupts\u00e4chlich f\u00fcr Holzmaterialien geeignet ist: alle Arten von B\u00e4umen, \u00c4sten, Brettern, Rinde, Hobelsp\u00e4nen, M\u00f6belfabrikresten usw.<\/p>    <h2 class=\"wp-block-heading\">Video zur Funktionsweise einer Biomasse-Pelletmaschine<\/h2>    <figure class=\"wp-block-embed is-type-video is-provider-youtube wp-block-embed-youtube wp-embed-aspect-16-9 wp-has-aspect-ratio\"><div class=\"wp-block-embed__wrapper\"> <iframe loading=\"lazy\" title=\"Wie stellt man Holzpellets mit Reish\u00fclsen her? | Verkaufe eine Maschine zur Herstellung von Holzpellets\" width=\"500\" height=\"281\" src=\"https:\/\/www.youtube.com\/embed\/DEHbn3LI0t8?feature=oembed\" frameborder=\"0\" allow=\"accelerometer; autoplay; clipboard-write; encrypted-media; gyroscope; picture-in-picture; web-share\" referrerpolicy=\"strict-origin-when-cross-origin\" allowfullscreen><\/iframe> <\/div><\/figure>    <h2 class=\"wp-block-heading\">Parameter der Holzpelletm\u00fchle zum Verkauf<\/h2>    <figure class=\"wp-block-table\"><table><tbody><tr><td>Modell<\/td><td>Kapazit\u00e4t (t\/h)<\/td><td>Leistung (kW)<\/td><\/tr><tr><td>WD-380<\/td><td>0.2-0.3<\/td><td>22+0.75<\/td><\/tr><tr><td>WD-450<\/td><td>0.6-0.8<\/td><td>55+1.5+1.1+0.37+0.55<\/td><\/tr><tr><td>WD-560A<\/td><td>1-1.3<\/td><td>90+1.5+1.5+0.55+0.37<\/td><\/tr><tr><td>WD-560B<\/td><td>1.2-1.5<\/td><td>90+1.5+1.5+0.55+0.37<\/td><\/tr><tr><td>WD-560C<\/td><td>1.2-1.5<\/td><td>90+1.5+1.5+0.55+0.37<\/td><\/tr><tr><td>WD-700<\/td><td>2-2.5<\/td><td>160+2.2+0.37+0.75+1.5<\/td><\/tr><tr><td>WD-880<\/td><td>3-4<\/td><td>220+3+0.55+2.2+1.1<\/td><\/tr><\/tbody><\/table><figcaption class=\"wp-element-caption\">Details zum Holzpellet-Extruder<\/figcaption><\/figure>    <h2 class=\"wp-block-heading\">Merkmale der Biomasse-Holzpelletmaschine<\/h2>    <ul class=\"wp-block-list\"> <li>Die Biomasse-Pelletmaschine ist mit einer unabh\u00e4ngigen Entladevorrichtung ausgestattet, um die Pelletbildungsrate sicherzustellen.<\/li>    <li>Der Holzpellet-Extruder ist mit einem automatischen Betankungssystem ausgestattet, um eine kontinuierliche Produktion rund um die Uhr zu gew\u00e4hrleisten.<\/li>    <li>Die Maschine verf\u00fcgt \u00fcber eine vertikale Struktur mit hohem Druck, sie hat eine hohe Geschwindigkeit mit hohem Wirkungsgrad und hoher Leistung sowie guter Stabilit\u00e4t.<\/li>    <li>Wenn Kunden \u00fcber viele Rohstoffe und eine gro\u00dfe Produktionskapazit\u00e4t verf\u00fcgen, k\u00f6nnen mehrere Holzpelletwerke parallel eingesetzt werden.<\/li> <\/ul>    <h2 class=\"wp-block-heading\">Biomasse-Holzpelletmaschine auf Lager<\/h2>    <figure class=\"wp-block-gallery has-nested-images columns-default is-cropped wp-block-gallery-2 is-layout-flex wp-block-gallery-is-layout-flex\"> <figure class=\"wp-block-image size-large\"><img loading=\"lazy\" decoding=\"async\" width=\"720\" height=\"540\" data-id=\"3505\" src=\"https:\/\/bestcharcoalmachine.com\/wp-content\/uploads\/2022\/11\/biomass-wood-pellet-machine_1.jpg\" alt=\"Biomasse-Holzpelletmaschine\" class=\"wp-image-3505\"\/><figcaption class=\"wp-element-caption\">Biomasse-Holzpelletmaschine<\/figcaption><\/figure>    <figure class=\"wp-block-image size-large\"><img loading=\"lazy\" decoding=\"async\" width=\"720\" height=\"540\" data-id=\"3506\" src=\"https:\/\/bestcharcoalmachine.com\/wp-content\/uploads\/2022\/11\/biomass-pellet-machine_1.jpg\" alt=\"Biomasse-Pelletmaschine\" class=\"wp-image-3506\"\/><figcaption class=\"wp-element-caption\">Biomasse-Pelletmaschine<\/figcaption><\/figure> <\/figure>    <h2 class=\"wp-block-heading\">Anwendung von Holzpellet-Extruder-Endprodukten <\/h2>    <ul class=\"wp-block-list\"> <li>Holzpellets k\u00f6nnen als Wohnheizung und Wohnenergie genutzt werden. Hackschnitzelpellets haben eine hohe Verbrennungseffizienz und sind einfach zu lagern und zu verwenden.<\/li>    <li>Holzpellets k\u00f6nnen in der Industrie als Brennstoff f\u00fcr Biomasse-Industriekessel verwendet werden. Holzpellets k\u00f6nnen Energietr\u00e4ger wie Kohle und Erdgas ersetzen und Umweltverschmutzung beseitigen. Dar\u00fcber hinaus \u00fcbertrifft die Verbrennungseffizienz von Hackschnitzelpellets die von gew\u00f6hnlicher Kohle.<\/li>    <li>S\u00e4gemehlpellets k\u00f6nnen als Brennstoff zur thermischen Stromerzeugung verwendet werden.<\/li>    <li>Sie k\u00f6nnen auch als Grundmaterial f\u00fcr Pilze, Shiitake-Pilze usw. verwendet werden.<\/li> <\/ul>","protected":false},"excerpt":{"rendered":"<p>Shuliy biomass wood pellet machine mainly produces environmentally friendly and pollution-free wood pellets. The biomass pellet machine is very popular in the market and our machines have been exported to all over the world, helping many manufacturers to achieve economic benefits. Introduction of biomass wood pellet machine biomass pellet mill is a vertical structure and [&hellip;]<\/p>\n","protected":false},"author":1,"featured_media":3508,"parent":0,"template":"","tags":[62],"product-type":[51],"class_list":["post-3503","product","type-product","status-publish","has-post-thumbnail","hentry","tag-wood-pellet-machine","product-type-wood-working-equipment"],"_links":{"self":[{"href":"https:\/\/bestcharcoalmachine.com\/de\/wp-json\/wp\/v2\/product\/3503","targetHints":{"allow":["GET"]}}],"collection":[{"href":"https:\/\/bestcharcoalmachine.com\/de\/wp-json\/wp\/v2\/product"}],"about":[{"href":"https:\/\/bestcharcoalmachine.com\/de\/wp-json\/wp\/v2\/types\/product"}],"author":[{"embeddable":true,"href":"https:\/\/bestcharcoalmachine.com\/de\/wp-json\/wp\/v2\/users\/1"}],"wp:featuredmedia":[{"embeddable":true,"href":"https:\/\/bestcharcoalmachine.com\/de\/wp-json\/wp\/v2\/media\/3508"}],"wp:attachment":[{"href":"https:\/\/bestcharcoalmachine.com\/de\/wp-json\/wp\/v2\/media?parent=3503"}],"wp:term":[{"taxonomy":"post_tag","embeddable":true,"href":"https:\/\/bestcharcoalmachine.com\/de\/wp-json\/wp\/v2\/tags?post=3503"},{"taxonomy":"product-type","embeddable":true,"href":"https:\/\/bestcharcoalmachine.com\/de\/wp-json\/wp\/v2\/product-type?post=3503"}],"curies":[{"name":"wp","href":"https:\/\/api.w.org\/{rel}","templated":true}]}}