{"id":3488,"date":"2022-11-28T18:13:21","date_gmt":"2022-11-28T10:13:21","guid":{"rendered":"https:\/\/bestcharcoalmachine.com\/?post_type=product&#038;p=3488"},"modified":"2024-03-05T15:46:47","modified_gmt":"2024-03-05T07:46:47","slug":"wood-pellet-machine","status":"publish","type":"product","link":"https:\/\/bestcharcoalmachine.com\/de\/product\/wood-pellet-machine\/","title":{"rendered":"Holzpelletmaschine | Industrielle Holzpelletm\u00fchle"},"content":{"rendered":"<div class=\"kk-star-ratings kksr-auto kksr-align-left kksr-valign-top\"     data-payload='{&quot;align&quot;:&quot;left&quot;,&quot;id&quot;:&quot;3488&quot;,&quot;slug&quot;:&quot;default&quot;,&quot;valign&quot;:&quot;top&quot;,&quot;ignore&quot;:&quot;&quot;,&quot;reference&quot;:&quot;auto&quot;,&quot;class&quot;:&quot;&quot;,&quot;count&quot;:&quot;24&quot;,&quot;legendonly&quot;:&quot;&quot;,&quot;readonly&quot;:&quot;&quot;,&quot;score&quot;:&quot;4.8&quot;,&quot;starsonly&quot;:&quot;&quot;,&quot;best&quot;:&quot;5&quot;,&quot;gap&quot;:&quot;5&quot;,&quot;greet&quot;:&quot;Rate this product&quot;,&quot;legend&quot;:&quot;4.8\\\/5 - (24 votes)&quot;,&quot;size&quot;:&quot;24&quot;,&quot;title&quot;:&quot;Wood Pellet Machine | Industrial Wood Pellet Mill&quot;,&quot;width&quot;:&quot;136.7&quot;,&quot;_legend&quot;:&quot;{score}\\\/{best} - ({count} {votes})&quot;,&quot;font_factor&quot;:&quot;1.25&quot;}'>              <div class=\"kksr-stars\">      <div class=\"kksr-stars-inactive\">             <div class=\"kksr-star\" data-star=\"1\" style=\"padding-right: 5px\">               <div class=\"kksr-icon\" style=\"width: 24px; height: 24px;\"><\/div>         <\/div>             <div class=\"kksr-star\" data-star=\"2\" style=\"padding-right: 5px\">               <div class=\"kksr-icon\" style=\"width: 24px; height: 24px;\"><\/div>         <\/div>             <div class=\"kksr-star\" data-star=\"3\" style=\"padding-right: 5px\">               <div class=\"kksr-icon\" style=\"width: 24px; height: 24px;\"><\/div>         <\/div>             <div class=\"kksr-star\" data-star=\"4\" style=\"padding-right: 5px\">               <div class=\"kksr-icon\" style=\"width: 24px; height: 24px;\"><\/div>         <\/div>             <div class=\"kksr-star\" data-star=\"5\" style=\"padding-right: 5px\">               <div class=\"kksr-icon\" style=\"width: 24px; height: 24px;\"><\/div>         <\/div>     <\/div>      <div class=\"kksr-stars-active\" style=\"width: 136.7px;\">             <div class=\"kksr-star\" style=\"padding-right: 5px\">               <div class=\"kksr-icon\" style=\"width: 24px; height: 24px;\"><\/div>         <\/div>             <div class=\"kksr-star\" style=\"padding-right: 5px\">               <div class=\"kksr-icon\" style=\"width: 24px; height: 24px;\"><\/div>         <\/div>             <div class=\"kksr-star\" style=\"padding-right: 5px\">               <div class=\"kksr-icon\" style=\"width: 24px; height: 24px;\"><\/div>         <\/div>             <div class=\"kksr-star\" style=\"padding-right: 5px\">               <div class=\"kksr-icon\" style=\"width: 24px; height: 24px;\"><\/div>         <\/div>             <div class=\"kksr-star\" style=\"padding-right: 5px\">               <div class=\"kksr-icon\" style=\"width: 24px; height: 24px;\"><\/div>         <\/div>     <\/div> <\/div>                   <div class=\"kksr-legend\" style=\"font-size: 19.2px;\">             4,8\/5 - (24 Stimmen)    <\/div>     <\/div>  <p>Die zum Verkauf stehende Shuliy-Holzpelletmaschine ist attraktiv f\u00fcr Kunden, die ein Unternehmen zur Herstellung von Holzpellets er\u00f6ffnen m\u00f6chten. Die Holzpelletm\u00fchle kann eine Vielzahl landwirtschaftlicher Abf\u00e4lle zur Herstellung von Pelletbrennstoff verwenden. Daher kann die Holzpelletm\u00fchle einen gro\u00dfen wirtschaftlichen Wert erzielen und verursacht keine Umweltprobleme.<\/p>    <p>Als Eckpfeiler der Energieerzeugung aus Biomasse spielen Holzpelletmaschinen eine zentrale Rolle in der modernen Gesellschaft. Unsere Maschinen verwandeln nicht nur verschiedene Rohstoffe wie S\u00e4gemehl, Stroh und landwirtschaftliche Abf\u00e4lle in hochwertige Holzpellets, sondern sind auch f\u00fcr ihre Effizienz, Zuverl\u00e4ssigkeit und Umweltfreundlichkeit bekannt. <\/p>    <p>Ob Sie in der Holzverarbeitungs-, Landwirtschafts- oder Biomasseenergiebranche t\u00e4tig sind, unsere Holzpelletmaschine wird ein unverzichtbarer Partner sein. Lassen Sie uns gemeinsam das grenzenlose Potenzial von Holzpelletmaschinen erkunden und eine saubere, nachhaltige Zukunft aufbauen!<\/p>    <figure class=\"wp-block-embed is-type-video is-provider-youtube wp-block-embed-youtube wp-embed-aspect-16-9 wp-has-aspect-ratio\"><div class=\"wp-block-embed__wrapper\"> <iframe loading=\"lazy\" title=\"Von Rohstoffen zu Qualit\u00e4tspellets: Futterpelletmahlung erkl\u00e4rt #woodworking #woodmachine\" width=\"500\" height=\"281\" src=\"https:\/\/www.youtube.com\/embed\/Q95TO8hcQ80?feature=oembed\" frameborder=\"0\" allow=\"accelerometer; autoplay; clipboard-write; encrypted-media; gyroscope; picture-in-picture; web-share\" referrerpolicy=\"strict-origin-when-cross-origin\" allowfullscreen><\/iframe> <\/div><figcaption class=\"wp-element-caption\">Video zur Funktionsweise einer Holzpelletmaschine<\/figcaption><\/figure>    <h2 class=\"wp-block-heading\">Einf\u00fchrung einer Holzpelletmaschine<\/h2>    <p>Die industrielle Holzpelletm\u00fchle ist eine Art Formmaschine f\u00fcr Pelletbrennstoffe und wird auch als S\u00e4gemehlpelletmaschine bezeichnet. Die Holzpelletmaschine verarbeitet verschiedene Zweige, darunter Holzsp\u00e4ne, Maisstroh, Holzkleie, Holzmehl und andere Materialien, zu vielen kleinen komprimierten Holzpellets. <\/p>    <p>Diese S\u00e4gemehlpellets k\u00f6nnen in Familienkaminen, Industriekesseln und als Brennstoff f\u00fcr Biomassekraftwerke verwendet werden. Sie k\u00f6nnen Kohle, Schwer\u00f6l und Erdgas ersetzen und so die Umweltbelastung verringern.<\/p>    <figure class=\"wp-block-gallery has-nested-images columns-default is-cropped wp-block-gallery-2 is-layout-flex wp-block-gallery-is-layout-flex\"> <figure class=\"wp-block-image size-large\"><img loading=\"lazy\" decoding=\"async\" width=\"720\" height=\"540\" data-id=\"3499\" src=\"https:\/\/bestcharcoalmachine.com\/wp-content\/uploads\/2022\/11\/wood-pellet-mill-2.jpg\" alt=\"Holzpelletm\u00fchle\" class=\"wp-image-3499\"\/><figcaption class=\"wp-element-caption\">Holzpelletm\u00fchle<\/figcaption><\/figure>    <figure class=\"wp-block-image size-large\"><img loading=\"lazy\" decoding=\"async\" width=\"720\" height=\"540\" data-id=\"3496\" src=\"https:\/\/bestcharcoalmachine.com\/wp-content\/uploads\/2022\/11\/wood-pellet-machine-2-1.jpg\" alt=\"Holzpelletmaschine \" class=\"wp-image-3496\"\/><figcaption class=\"wp-element-caption\">Holzpelletmaschine <\/figcaption><\/figure> <\/figure>    <h2 class=\"wp-block-heading\">Arbeitsvideo einer Holzpelletm\u00fchle<\/h2>    <p>Das Video zeigt das Testvideo einer kleinen Holzpelletmaschine in unserem Werk. <\/p>    <p>Im Video k\u00f6nnen Sie sehen, dass die endg\u00fcltigen komprimierten S\u00e4gemehlpellets in gutem Zustand sind und die Effizienz der S\u00e4gemehlpelletmaschine hoch ist.<\/p>    <figure class=\"wp-block-embed is-type-video is-provider-youtube wp-block-embed-youtube wp-embed-aspect-16-9 wp-has-aspect-ratio\"><div class=\"wp-block-embed__wrapper\"> <iframe loading=\"lazy\" title=\"Maschine zur Herstellung von S\u00e4gemehlpellets | Wie stellt man komprimierte Holzpellets her?\" width=\"500\" height=\"281\" src=\"https:\/\/www.youtube.com\/embed\/69bBDikqlB4?feature=oembed\" frameborder=\"0\" allow=\"accelerometer; autoplay; clipboard-write; encrypted-media; gyroscope; picture-in-picture; web-share\" referrerpolicy=\"strict-origin-when-cross-origin\" allowfullscreen><\/iframe> <\/div><figcaption class=\"wp-element-caption\">Arbeitsprozess der Futterpelletm\u00fchle<\/figcaption><\/figure>    <h2 class=\"wp-block-heading\">Rohstoffe einer kleinen Holzpelletmaschine<\/h2>    <p class=\"translation-block\">Die Bandbreite der f\u00fcr Holzpellets geeigneten Rohstoffe ist umfangreich, wobei Holzschnitzel eine g\u00e4ngige Option darstellen. Typischerweise werden Holzbl\u00f6cke und \u00c4ste mit einem <a href=\"https:\/\/bestcharcoalmachine.com\/de\/product\/wood-crusher-machine\/\" data-type=\"link\" data-id=\"https:\/\/bestcharcoalmachine.com\/product\/wood-crusher-machine\/\">Holzhacker<\/a> zu Holzschnitzeln verarbeitet, bevor sie als Rohstoffe verwendet werden. <\/p>    <p>Dar\u00fcber hinaus k\u00f6nnen auch verschiedene landwirtschaftliche Abf\u00e4lle wie Erntestengel, Kokosnussschalen, Erdnussschalen, Unkraut und andere organische R\u00fcckst\u00e4nde als verwertbare Inputs f\u00fcr die Holzpelletmaschine dienen.<\/p>    <figure class=\"wp-block-image aligncenter size-full\"><img loading=\"lazy\" decoding=\"async\" width=\"720\" height=\"540\" src=\"https:\/\/bestcharcoalmachine.com\/wp-content\/uploads\/2022\/11\/raw-materials-of-wood-pellets.jpg\" alt=\"Rohstoffe Holzpellets\" class=\"wp-image-3490\"\/><figcaption class=\"wp-element-caption\">Rohstoffe Holzpellets<\/figcaption><\/figure>    <h2 class=\"wp-block-heading\">Parameter der Holzpelletmaschine zum Verkauf<\/h2>    <p>Wir haben vier Modelle industrieller Holzpelletm\u00fchlen zur Auswahl. Ihre Leistung h\u00e4ngt von der Aufgabemenge des Rohmaterials ab, das Sie verarbeiten m\u00f6chten. <\/p>    <p>WD-250 und WD-300 eignen sich f\u00fcr kleine Pelletproduktionsanlagen. WD-350 und WD-400 eignen sich f\u00fcr gro\u00dfe Pelletproduktionsanlagen. Bitte sehen Sie sich ihre Parameter in der folgenden Tabelle an.<\/p>    <figure class=\"wp-block-table\"><table><tbody><tr><td>Modell<\/td><td>WD-250<\/td><td>WD-300<\/td><td>WD-350<\/td><td>WD-400<\/td><\/tr><tr><td>Leistung (kw)<\/td><td>15<\/td><td>22<\/td><td>30<\/td><td>37<\/td><\/tr><tr><td>Kapazit\u00e4t (kg\/h)<\/td><td>100-200<\/td><td>200-300<\/td><td>300-400<\/td><td>400-500<\/td><\/tr><\/tbody><\/table><figcaption class=\"wp-element-caption\">S\u00e4gemehlpelletmaschine zu verkaufen<\/figcaption><\/figure>    <h2 class=\"wp-block-heading\">Wie w\u00e4hlt man eine S\u00e4gemehl-Pelletmaschine aus?<\/h2>    <h3 class=\"wp-block-heading\">1. Preisfaktoren<\/h3>    <p>Im Allgemeinen sind Maschinen mit h\u00f6herer Leistung mit einem h\u00f6heren Preis verbunden. Kunden sollten ihre eigene Rohstoffmenge und ihr Budget ber\u00fccksichtigen, wenn sie sich f\u00fcr den Kauf einer Maschine entscheiden.<\/p>    <figure class=\"wp-block-image size-full\"><img loading=\"lazy\" decoding=\"async\" width=\"720\" height=\"540\" src=\"https:\/\/bestcharcoalmachine.com\/wp-content\/uploads\/2022\/11\/machine-to-make-wood-pellets.webp\" alt=\"Maschine zur Herstellung von Holzpellets\" class=\"wp-image-3863\" srcset=\"https:\/\/bestcharcoalmachine.com\/wp-content\/uploads\/2022\/11\/machine-to-make-wood-pellets.webp 720w, https:\/\/bestcharcoalmachine.com\/wp-content\/uploads\/2022\/11\/machine-to-make-wood-pellets-300x225.webp 300w\" sizes=\"auto, (max-width: 720px) 100vw, 720px\" \/><figcaption class=\"wp-element-caption\">Maschine zur Herstellung von Holzpellets<\/figcaption><\/figure>    <h3 class=\"wp-block-heading\">2. Maschinenqualit\u00e4t<\/h3>    <p>Die Qualit\u00e4t einer Holzpelletmaschine ist von gr\u00f6\u00dfter Bedeutung. Kunden k\u00f6nnen die Qualit\u00e4t jeder Komponente, den Automatisierungsgrad der Produktionslinie sowie die Betriebs- und F\u00f6rdermethoden beurteilen. Eine geschlossene Produktionslinie reduziert den Staub deutlich und verbessert die Produktqualit\u00e4t.<\/p>    <h3 class=\"wp-block-heading\">3. Hersteller ausw\u00e4hlen<\/h3>    <p>Derzeit ist die Nachfrage nach Holzpelletmaschinen hoch, was zu einer Zunahme der Hersteller f\u00fchrt. Allerdings variiert die Qualit\u00e4t der Maschinen. Kunden sollten sich f\u00fcr seri\u00f6se Hersteller mit umfangreicher Erfahrung entscheiden. Um eine zufriedenstellende Investition sicherzustellen, ist es ratsam, vor Ort Inspektionen der F\u00e4higkeiten der Hersteller und des damit verbundenen Kundendienstes durchzuf\u00fchren.<\/p>    <h2 class=\"wp-block-heading\">Warum sollten Sie sich f\u00fcr den Hersteller von S\u00e4gemehlpelletmaschinen von Shuliy entscheiden?<\/h2>    <figure class=\"wp-block-image size-full\"><img loading=\"lazy\" decoding=\"async\" width=\"720\" height=\"540\" src=\"https:\/\/bestcharcoalmachine.com\/wp-content\/uploads\/2022\/11\/wood-pelletizer-machine.webp\" alt=\"Holzpelletisiermaschine\" class=\"wp-image-3864\" srcset=\"https:\/\/bestcharcoalmachine.com\/wp-content\/uploads\/2022\/11\/wood-pelletizer-machine.webp 720w, https:\/\/bestcharcoalmachine.com\/wp-content\/uploads\/2022\/11\/wood-pelletizer-machine-300x225.webp 300w\" sizes=\"auto, (max-width: 720px) 100vw, 720px\" \/><figcaption class=\"wp-element-caption\">Holzpelletisiermaschine<\/figcaption><\/figure>    <ol class=\"wp-block-list\"> <li>Umfangreiche Erfahrung: Mit \u00fcber zehn Jahren Erfahrung in Design, Herstellung, Installation und Export hat sich Shuliy Machinery als vertrauensw\u00fcrdiger Marktf\u00fchrer in der Branche etabliert. Unsere langj\u00e4hrige Pr\u00e4senz spiegelt unser Engagement f\u00fcr Qualit\u00e4t und Zuverl\u00e4ssigkeit wider.<\/li>    <li>Ma\u00dfgeschneiderte L\u00f6sungen: Bei Shuliy Machinery wissen wir, dass jeder Kunde einzigartige Bed\u00fcrfnisse und Anforderungen hat. Deshalb bieten wir ma\u00dfgeschneiderte Projekte aus einer Hand an, die auf die spezifischen Anforderungen unserer Kunden zugeschnitten sind. Vom ersten Entwurf bis zur endg\u00fcltigen Installation arbeiten wir eng mit unseren Kunden zusammen, um ihre Zufriedenheit sicherzustellen.<\/li>    <li>Umfassende Dienstleistungen: Sobald Sie sich mit Ihrer Anfrage f\u00fcr eine Holzpelletm\u00fchle an uns wenden, bieten wir umfassende Dienstleistungen an, die Sie durch den gesamten Prozess begleiten. Unser Expertenteam ist bestrebt, in jeder Phase Spitzenleistungen zu erbringen, von der Beratung bis zum After-Sales-Support.<\/li>    <li>Qualit\u00e4tssicherung: Wenn Sie sich f\u00fcr Shuliy Machinery entscheiden, k\u00f6nnen Sie sicher sein, dass Sie in ein qualitativ hochwertiges Produkt investieren. Wir halten uns w\u00e4hrend des gesamten Herstellungsprozesses an strenge Qualit\u00e4tskontrollma\u00dfnahmen, um sicherzustellen, dass unsere S\u00e4gemehlpelletmaschinen den h\u00f6chsten Anspr\u00fcchen an Leistung und Haltbarkeit gen\u00fcgen.<\/li>    <li>Globale Reichweite: Mit unserer umfassenden Erfahrung im Export haben wir Kunden auf der ganzen Welt erfolgreich bedient. Unabh\u00e4ngig davon, ob Sie im In- oder Ausland ans\u00e4ssig sind, k\u00f6nnen Sie sich darauf verlassen, dass Shuliy Machinery \u00fcberall erstklassige Produkte und Dienstleistungen liefert.<\/li> <\/ol>    <figure class=\"wp-block-gallery has-nested-images columns-default is-cropped wp-block-gallery-3 is-layout-flex wp-block-gallery-is-layout-flex\"> <figure class=\"wp-block-image size-full\"><img loading=\"lazy\" decoding=\"async\" width=\"720\" height=\"540\" data-id=\"3494\" src=\"https:\/\/bestcharcoalmachine.com\/wp-content\/uploads\/2022\/11\/sawdust-pellet-machine.jpg\" alt=\"\" class=\"wp-image-3494\"\/><figcaption class=\"wp-element-caption\">Holzpelletm\u00fchle<\/figcaption><\/figure>    <figure class=\"wp-block-image size-full\"><img loading=\"lazy\" decoding=\"async\" width=\"720\" height=\"540\" data-id=\"3498\" src=\"https:\/\/bestcharcoalmachine.com\/wp-content\/uploads\/2022\/11\/wood-pellet-machine.jpg\" alt=\"Holzpelletmaschine\" class=\"wp-image-3498\"\/><figcaption class=\"wp-element-caption\">Holzpelletmaschine<\/figcaption><\/figure> <\/figure>    <h2 class=\"wp-block-heading\">Wie hoch ist der Preis f\u00fcr die S\u00e4gemehlpelletmaschine von Shuliy?<\/h2>    <p>Wenn es um den Kauf einer S\u00e4gemehl-Pelletmaschine geht, ist der Preis f\u00fcr Kunden ein entscheidender Faktor. Der Preis einer S\u00e4gemehlpelletmaschine wird von verschiedenen Faktoren beeinflusst. Dazu geh\u00f6ren die Kapazit\u00e4t und das Modell der Pelletmaschine, der Hersteller, optionale Zusatzger\u00e4te und die Versandkosten.<\/p>    <p>Es ist wichtig zu beachten, dass sich dies auf den Endpreis auswirken kann, wenn Kunden spezifische Anforderungen oder Anpassungsw\u00fcnsche haben. Um detaillierte Preisinformationen zu erhalten, werden Kunden gebeten, sich direkt an uns zu wenden. <\/p>    <p>Sie k\u00f6nnen ganz einfach mit uns in Kontakt treten, indem Sie eine Nachricht auf unserer Website hinterlassen. Unser Team wird Ihnen umgehend ein umfassendes, auf Ihre Bed\u00fcrfnisse zugeschnittenes Angebot unterbreiten. Wir legen Wert auf Transparenz und m\u00f6chten sicherstellen, dass unsere Kunden \u00fcber alle notwendigen Informationen verf\u00fcgen, um fundierte Kaufentscheidungen zu treffen.<\/p>    <figure class=\"wp-block-image size-full\"><img loading=\"lazy\" decoding=\"async\" width=\"720\" height=\"540\" src=\"https:\/\/bestcharcoalmachine.com\/wp-content\/uploads\/2022\/11\/wood-pellet-maker-machine.webp\" alt=\"Maschine zur Herstellung von Holzpellets\" class=\"wp-image-3865\" srcset=\"https:\/\/bestcharcoalmachine.com\/wp-content\/uploads\/2022\/11\/wood-pellet-maker-machine.webp 720w, https:\/\/bestcharcoalmachine.com\/wp-content\/uploads\/2022\/11\/wood-pellet-maker-machine-300x225.webp 300w\" sizes=\"auto, (max-width: 720px) 100vw, 720px\" \/><figcaption class=\"wp-element-caption\">Maschine zur Herstellung von Holzpellets<\/figcaption><\/figure>    <h2 class=\"wp-block-heading\">Investieren Sie in die Futterpelletm\u00fchle von Shuliy<\/h2>    <p class=\"translation-block\">Die Investition in eine S\u00e4gemehl-<a href=\"https:\/\/en.wikipedia.org\/wiki\/Pellet_mill\" data-type=\"link\" data-id=\"https:\/\/en.wikipedia.org\/wiki\/Pellet_mill\" target=\"_blank\" rel=\"noopener\">Pelletmaschine<\/a> ist eine kluge Wahl, um die Produktivit\u00e4t zu steigern und Kosten zu senken. Unsere Maschine verwandelt nicht nur S\u00e4gemehl und andere Abfallmaterialien in hochwertige Holzpellets, sondern bringt auch erhebliche Renditen f\u00fcr Ihr Unternehmen. <\/p>    <p>Entscheiden Sie sich jetzt f\u00fcr unsere S\u00e4gemehl-Pelletmaschine, um Ihr Produktionspotenzial auszusch\u00f6pfen! Kontaktieren Sie unser Team und lassen Sie uns gemeinsam den Weg zu Ihrem Erfolg gestalten!<\/p>    <figure class=\"wp-block-gallery has-nested-images columns-default is-cropped wp-block-gallery-4 is-layout-flex wp-block-gallery-is-layout-flex\"> <figure class=\"wp-block-image size-large\"><img loading=\"lazy\" decoding=\"async\" width=\"720\" height=\"540\" data-id=\"3866\" src=\"https:\/\/bestcharcoalmachine.com\/wp-content\/uploads\/2022\/11\/sawdust-pellet-machine-for-sale.webp\" alt=\"S\u00e4gemehlpelletmaschine zu verkaufen\" class=\"wp-image-3866\" srcset=\"https:\/\/bestcharcoalmachine.com\/wp-content\/uploads\/2022\/11\/sawdust-pellet-machine-for-sale.webp 720w, https:\/\/bestcharcoalmachine.com\/wp-content\/uploads\/2022\/11\/sawdust-pellet-machine-for-sale-300x225.webp 300w\" sizes=\"auto, (max-width: 720px) 100vw, 720px\" \/><figcaption class=\"wp-element-caption\">S\u00e4gemehlpelletmaschine zu verkaufen<\/figcaption><\/figure>    <figure class=\"wp-block-image size-large\"><img loading=\"lazy\" decoding=\"async\" width=\"720\" height=\"540\" data-id=\"3867\" src=\"https:\/\/bestcharcoalmachine.com\/wp-content\/uploads\/2022\/11\/sawdust-pellet-machine-in-stock.webp\" alt=\"S\u00e4gemehlpelletmaschine auf Lager\" class=\"wp-image-3867\" srcset=\"https:\/\/bestcharcoalmachine.com\/wp-content\/uploads\/2022\/11\/sawdust-pellet-machine-in-stock.webp 720w, https:\/\/bestcharcoalmachine.com\/wp-content\/uploads\/2022\/11\/sawdust-pellet-machine-in-stock-300x225.webp 300w\" sizes=\"auto, (max-width: 720px) 100vw, 720px\" \/><figcaption class=\"wp-element-caption\">S\u00e4gemehlpelletmaschine auf Lager<\/figcaption><\/figure> <\/figure>","protected":false},"excerpt":{"rendered":"<p>Die zum Verkauf stehende Shuliy-Holzpelletmaschine ist attraktiv f\u00fcr Kunden, die ein Unternehmen zur Herstellung von Holzpellets er\u00f6ffnen m\u00f6chten. Die Holzpelletm\u00fchle kann verschiedene landwirtschaftliche Abf\u00e4lle zur Herstellung von Pelletbrennstoff verwenden.<\/p>","protected":false},"author":1,"featured_media":3491,"parent":0,"template":"","tags":[62],"product-type":[51],"class_list":["post-3488","product","type-product","status-publish","has-post-thumbnail","hentry","tag-wood-pellet-machine","product-type-wood-working-equipment"],"_links":{"self":[{"href":"https:\/\/bestcharcoalmachine.com\/de\/wp-json\/wp\/v2\/product\/3488","targetHints":{"allow":["GET"]}}],"collection":[{"href":"https:\/\/bestcharcoalmachine.com\/de\/wp-json\/wp\/v2\/product"}],"about":[{"href":"https:\/\/bestcharcoalmachine.com\/de\/wp-json\/wp\/v2\/types\/product"}],"author":[{"embeddable":true,"href":"https:\/\/bestcharcoalmachine.com\/de\/wp-json\/wp\/v2\/users\/1"}],"wp:featuredmedia":[{"embeddable":true,"href":"https:\/\/bestcharcoalmachine.com\/de\/wp-json\/wp\/v2\/media\/3491"}],"wp:attachment":[{"href":"https:\/\/bestcharcoalmachine.com\/de\/wp-json\/wp\/v2\/media?parent=3488"}],"wp:term":[{"taxonomy":"post_tag","embeddable":true,"href":"https:\/\/bestcharcoalmachine.com\/de\/wp-json\/wp\/v2\/tags?post=3488"},{"taxonomy":"product-type","embeddable":true,"href":"https:\/\/bestcharcoalmachine.com\/de\/wp-json\/wp\/v2\/product-type?post=3488"}],"curies":[{"name":"wp","href":"https:\/\/api.w.org\/{rel}","templated":true}]}}