{"id":3061,"date":"2022-03-11T08:17:57","date_gmt":"2022-03-11T08:17:57","guid":{"rendered":"https:\/\/bestcharcoalmachine.com\/?post_type=product&#038;p=3061"},"modified":"2023-02-22T10:59:51","modified_gmt":"2023-02-22T02:59:51","slug":"coal-briquette-processing-plant-coal-making-machine-1","status":"publish","type":"product","link":"https:\/\/bestcharcoalmachine.com\/de\/product\/coal-briquette-processing-plant-coal-making-machine-1\/","title":{"rendered":"Kohlebrikettverarbeitungsanlage |  Kohleherstellungsmaschine"},"content":{"rendered":"<div class=\"kk-star-ratings kksr-auto kksr-align-left kksr-valign-top\"     data-payload='{&quot;align&quot;:&quot;left&quot;,&quot;id&quot;:&quot;3061&quot;,&quot;slug&quot;:&quot;default&quot;,&quot;valign&quot;:&quot;top&quot;,&quot;ignore&quot;:&quot;&quot;,&quot;reference&quot;:&quot;auto&quot;,&quot;class&quot;:&quot;&quot;,&quot;count&quot;:&quot;15&quot;,&quot;legendonly&quot;:&quot;&quot;,&quot;readonly&quot;:&quot;&quot;,&quot;score&quot;:&quot;4.6&quot;,&quot;starsonly&quot;:&quot;&quot;,&quot;best&quot;:&quot;5&quot;,&quot;gap&quot;:&quot;5&quot;,&quot;greet&quot;:&quot;Rate this product&quot;,&quot;legend&quot;:&quot;4.6\\\/5 - (15 votes)&quot;,&quot;size&quot;:&quot;24&quot;,&quot;title&quot;:&quot;Coal Briquette Processing Plant |  Coal Making Machine&quot;,&quot;width&quot;:&quot;130.9&quot;,&quot;_legend&quot;:&quot;{score}\\\/{best} - ({count} {votes})&quot;,&quot;font_factor&quot;:&quot;1.25&quot;}'>              <div class=\"kksr-stars\">      <div class=\"kksr-stars-inactive\">             <div class=\"kksr-star\" data-star=\"1\" style=\"padding-right: 5px\">               <div class=\"kksr-icon\" style=\"width: 24px; height: 24px;\"><\/div>         <\/div>             <div class=\"kksr-star\" data-star=\"2\" style=\"padding-right: 5px\">               <div class=\"kksr-icon\" style=\"width: 24px; height: 24px;\"><\/div>         <\/div>             <div class=\"kksr-star\" data-star=\"3\" style=\"padding-right: 5px\">               <div class=\"kksr-icon\" style=\"width: 24px; height: 24px;\"><\/div>         <\/div>             <div class=\"kksr-star\" data-star=\"4\" style=\"padding-right: 5px\">               <div class=\"kksr-icon\" style=\"width: 24px; height: 24px;\"><\/div>         <\/div>             <div class=\"kksr-star\" data-star=\"5\" style=\"padding-right: 5px\">               <div class=\"kksr-icon\" style=\"width: 24px; height: 24px;\"><\/div>         <\/div>     <\/div>      <div class=\"kksr-stars-active\" style=\"width: 130.9px;\">             <div class=\"kksr-star\" style=\"padding-right: 5px\">               <div class=\"kksr-icon\" style=\"width: 24px; height: 24px;\"><\/div>         <\/div>             <div class=\"kksr-star\" style=\"padding-right: 5px\">               <div class=\"kksr-icon\" style=\"width: 24px; height: 24px;\"><\/div>         <\/div>             <div class=\"kksr-star\" style=\"padding-right: 5px\">               <div class=\"kksr-icon\" style=\"width: 24px; height: 24px;\"><\/div>         <\/div>             <div class=\"kksr-star\" style=\"padding-right: 5px\">               <div class=\"kksr-icon\" style=\"width: 24px; height: 24px;\"><\/div>         <\/div>             <div class=\"kksr-star\" style=\"padding-right: 5px\">               <div class=\"kksr-icon\" style=\"width: 24px; height: 24px;\"><\/div>         <\/div>     <\/div> <\/div>                   <div class=\"kksr-legend\" style=\"font-size: 19.2px;\">             4,6\/5 - (15 Bewertungen)    <\/div>     <\/div>  <p>Die rasante Entwicklung der Mechanisierung des Kohlebergbaus hat f\u00fcr uns Raum f\u00fcr die Entwicklung von Kohlebrikettverarbeitungsanlagen geschaffen. Brikettieranlagen sind das bevorzugte Investitionsprojekt zur Energieeinsparung und Emissionsreduzierung in der Kohleindustrie. Feines Kohlepulver ist nicht einfach zu transportieren und als Brennstoff zu verwenden, daher wird das Kohlepulver normalerweise mit einer Kohlebrikettieranlage in Kugel-, Quadrat-, Waben- und andere Blockformen gepresst.<\/p>    <h2 class=\"wp-block-heading\">Anwendung der Produktionslinie f\u00fcr komprimierte Kohlebriketts<\/h2>    <p>Die Produktionslinie f\u00fcr Kohlebriketts kann den Kohlenschlamm, die Kohlenasche und andere lose Kohleprodukte, die bis zu einem bestimmten Grad getrocknet sind, zu Briketts, Briketts und verschiedenen Kohlenstoffprodukten pressen, die direkt geschmolzen und angewendet werden k\u00f6nnen. Gleichzeitig k\u00f6nnen auch verschiedene Arten von Eisenpulver geformt werden. Das Formen des Mineralpulvers. Die Ausr\u00fcstung wird h\u00e4ufig in der Metallurgie, im Bergbau, in der Kohle-, Feuerfest-, Schleifmittel-, D\u00fcngemittel-, Keramik- und anderen Industrie eingesetzt.<\/p>    <figure class=\"wp-block-image aligncenter size-full\"><img loading=\"lazy\" decoding=\"async\" width=\"720\" height=\"540\" src=\"https:\/\/bestcharcoalmachine.com\/wp-content\/uploads\/2021\/12\/raw-material.jpg\" alt=\"\" class=\"wp-image-2992\"\/><figcaption class=\"wp-element-caption\">Die Produktionslinie wird Kohle zu Briketts verarbeiten<\/figcaption><\/figure>    <h2 class=\"wp-block-heading\">Was sind die Hauptschritte einer Kohlebrikettverarbeitungsanlage?<\/h2>    <p>Zerkleinern \u2013 Mischen \u2013 Pressen und Formen \u2013 Trocknen \u2013 Verpacken<\/p>    <ul class=\"wp-block-list\"> <li>Zerkleinern. Geben Sie die Rohstoffe in den Kohlepulverisierer und die pulverisierte Kohle hat einen Durchmesser von etwa 8 mm. Im Gegensatz zu Holzkohle muss Kohle bei der Kohleverarbeitung nicht besonders fein pulverisiert werden. Normalerweise wird es mit einem Kohlepulverisierer zu etwa 8 mm dickem Kohlepulver pulverisiert.<\/li>    <li>Mischen. In diesem Schritt werden Kohlenstaub, Bindemittel und Wasser miteinander vermischt. Geben Sie diese drei Zutaten in einem bestimmten Verh\u00e4ltnis zum Mischen in einen Doppelwellenmixer.<\/li>    <li>Pressen und Formen. Die Brikettierung ist der wichtigste Schritt der Kohlebrikettverarbeitungsanlage. WOOD Machinery verf\u00fcgt \u00fcber drei verschiedene Kohleherstellungsmaschinen, darunter <a href=\"https:\/\/bestcharcoalmachine.com\/de\/charcoal-briquette-machine\/\">Maschine zur Herstellung von Holzkohlebriketts<\/a>, <a href=\"https:\/\/bestcharcoalmachine.com\/de\/honeycomb-coal-briquette-machine\/\">Wabenkohlemacher <\/a>Und <a href=\"https:\/\/bestcharcoalmachine.com\/de\/charcoal-ball-press-machine\/\">Holzkohle-Kugelpressmaschine. <\/a><\/li>    <li>Trocknen. Die vorbereiteten Kohlen m\u00fcssen auf \u00fcbersch\u00fcssiges Wasser getrocknet werden. Die Gr\u00f6\u00dfe unserer Trocknungsausr\u00fcstung kann an die Anforderungen der Kunden angepasst werden.<\/li>    <li>Verpackung. Die Verpackung dient dem besseren Transport. WOOD Machinery bietet professionelle Kohleverpackungsmaschinen, um Kunden den \u00c4rger mit zerbrechlicher und schwer zu transportierender Kohle zu ersparen.<\/li> <\/ul>    <h2 class=\"wp-block-heading\" id=\"h-main-equipment-of-coal-briquette-processing-plant\">Hauptausr\u00fcstung der Kohlebrikettverarbeitungsanlage<\/h2>    <h3 class=\"wp-block-heading\">Kohlepulverisierer<\/h3>    <p class=\"translation-block\">Der <a href=\"https:\/\/bestcharcoalmachine.com\/de\/product\/compound-coal-crusher\/\">Kohlenzerkleinerer<\/a> wird haupts\u00e4chlich in Kohlenkraftwerken, Kohlenminen, Kraftwerken und anderen Fabriken eingesetzt, die Kohle verarbeiten. Es handelt sich um eine neue Art von Zerkleinerungsger\u00e4t, das zum Zerkleinern und Verarbeiten von Materialien mit h\u00f6herer Feuchtigkeit und Viskosit\u00e4t geeignet ist. Die Ausgangs-Partikelgr\u00f6\u00dfe des Compound-Zerkleinerers kann beliebig eingestellt werden, sein Zerkleinerungsverh\u00e4ltnis ist gro\u00df und die Zerkleinerungseffizienz ist hoch.<\/p>    <figure class=\"wp-block-gallery has-nested-images columns-default is-cropped wp-block-gallery-2 is-layout-flex wp-block-gallery-is-layout-flex\"> <figure class=\"wp-block-image size-large\"><img decoding=\"async\" data-id=\"1639\" src=\"https:\/\/bestcharcoalmachine.com\/wp-content\/uploads\/2021\/12\/coal-pulverizer.jpg\" alt=\"Kohlepulverisierer\" class=\"wp-image-1639\"\/><figcaption class=\"wp-element-caption\">Kohlepulverisierer<\/figcaption><\/figure>    <figure class=\"wp-block-image size-large\"><img decoding=\"async\" data-id=\"1640\" src=\"https:\/\/bestcharcoalmachine.com\/wp-content\/uploads\/2021\/12\/coal-shredder-displayed-in-our-plant.jpg\" alt=\"Kohlezerkleinerer in unserem Werk ausgestellt\" class=\"wp-image-1640\"\/><figcaption class=\"wp-element-caption\">Kohlezerkleinerer in unserem Werk ausgestellt<\/figcaption><\/figure> <\/figure>    <h3 class=\"wp-block-heading\" id=\"h-double-shaft-mixer\">Doppelwellenmischer<\/h3>    <p>Dieser Mixer eignet sich sehr gut zum R\u00fchren von Kohlepulver. Da die Rohstoffe im Vorfeld vorbereitet werden m\u00fcssen, werden dem fein gemahlenen Kohlepulver Wasser und Bindemittel zugesetzt. Geben Sie alle Materialien in den Mixer und er r\u00fchrt sie sehr gleichm\u00e4\u00dfig.<\/p>    <figure class=\"wp-block-gallery has-nested-images columns-default is-cropped wp-block-gallery-3 is-layout-flex wp-block-gallery-is-layout-flex\"> <figure class=\"wp-block-image size-large\"><img decoding=\"async\" data-id=\"1641\" src=\"https:\/\/bestcharcoalmachine.com\/wp-content\/uploads\/2021\/12\/double-shaft-mixer.jpg\" alt=\"\" class=\"wp-image-1641\"\/><figcaption class=\"wp-element-caption\">Doppelwellenmischer<\/figcaption><\/figure>    <figure class=\"wp-block-image size-large\"><img decoding=\"async\" data-id=\"1642\" src=\"https:\/\/bestcharcoalmachine.com\/wp-content\/uploads\/2021\/12\/double-shaft-mixer-for-mixing-coal-powder-water-and-binder.jpg\" alt=\"Doppelwellenmischer zum Mischen von Kohlepulver, Wasser und Bindemittel\" class=\"wp-image-1642\"\/><figcaption class=\"wp-element-caption\">Doppelwellenmischer zum Mischen von Kohlepulver, Wasser und Bindemittel<\/figcaption><\/figure> <\/figure>    <h3 class=\"wp-block-heading\">Kohleherstellungsmaschine<\/h3>    <p class=\"translation-block\">Die <a href=\"https:\/\/bestcharcoalmachine.com\/de\/charcoal-briquettes-machines\/attachment\/charcoal-briquette-machine\/\">Kohlenbrikettmaschine<\/a> extrudiert das gemischte pulverisierte Kohlenmaterial durch hohen Druck in Kohlenst\u00e4be. Wir haben eine Vielzahl von verschiedenen Formen, um Kohlenbriketts in verschiedenen Formen herzustellen. Da die Maschine kontinuierlich arbeitet, haben wir verschiedene Schneideger\u00e4te vorbereitet.<\/p>    <figure class=\"wp-block-gallery has-nested-images columns-default is-cropped wp-block-gallery-4 is-layout-flex wp-block-gallery-is-layout-flex\"> <figure class=\"wp-block-image size-full\"><img loading=\"lazy\" decoding=\"async\" width=\"720\" height=\"540\" data-id=\"2233\" src=\"https:\/\/bestcharcoalmachine.com\/wp-content\/uploads\/2021\/11\/Working-scene-of-coal-press-machine.jpg\" alt=\"Arbeitsszene einer Kohlepressmaschine\" class=\"wp-image-2233\" srcset=\"https:\/\/bestcharcoalmachine.com\/wp-content\/uploads\/2021\/11\/Working-scene-of-coal-press-machine.jpg 720w, https:\/\/bestcharcoalmachine.com\/wp-content\/uploads\/2021\/11\/Working-scene-of-coal-press-machine-300x225.jpg 300w\" sizes=\"auto, (max-width: 720px) 100vw, 720px\" \/><figcaption class=\"wp-element-caption\">Arbeitsszene einer Kohlepressmaschine<\/figcaption><\/figure>    <figure class=\"wp-block-image size-large\"><img decoding=\"async\" data-id=\"1464\" src=\"https:\/\/bestcharcoalmachine.com\/wp-content\/uploads\/2021\/12\/charcoal-briquette-machine-1.jpg\" alt=\"Holzkohlebrikettmaschine\" class=\"wp-image-1464\"\/><figcaption class=\"wp-element-caption\">Holzkohlebrikettmaschine<\/figcaption><\/figure> <\/figure>    <h3 class=\"wp-block-heading\">Wabenkohlebrikettmaschine<\/h3>    <p class=\"translation-block\"><a href=\"https:\/\/bestcharcoalmachine.com\/de\/charcoal-briquette-machine\/honeycomb-coal-briquette-machine\/\">Die Honigwaben-Kohlenbrikettmaschine<\/a> ist ebenfalls eine der Maschinen, die zur Formung von pulverisierter Kohle verwendet werden. Die Honigwaben-Kohlenbrikettmaschine kann einfach die Formen wechseln. Die Funktionen der Brikettmaschine k\u00f6nnen durch den Austausch von Formen verschiedener Formen erheblich erweitert werden, was bei den Nutzern sehr beliebt ist.<\/p>    <figure class=\"wp-block-gallery has-nested-images columns-default is-cropped wp-block-gallery-5 is-layout-flex wp-block-gallery-is-layout-flex\"> <figure class=\"wp-block-image size-full\"><img loading=\"lazy\" decoding=\"async\" width=\"720\" height=\"540\" data-id=\"2234\" src=\"https:\/\/bestcharcoalmachine.com\/wp-content\/uploads\/2021\/11\/working-scene.jpg\" alt=\"Arbeitsszene\" class=\"wp-image-2234\" srcset=\"https:\/\/bestcharcoalmachine.com\/wp-content\/uploads\/2021\/11\/working-scene.jpg 720w, https:\/\/bestcharcoalmachine.com\/wp-content\/uploads\/2021\/11\/working-scene-300x225.jpg 300w\" sizes=\"auto, (max-width: 720px) 100vw, 720px\" \/><figcaption class=\"wp-element-caption\">Arbeitsszene<\/figcaption><\/figure>    <figure class=\"wp-block-image size-large\"><img decoding=\"async\" data-id=\"1496\" src=\"https:\/\/bestcharcoalmachine.com\/wp-content\/uploads\/2021\/12\/coal-briquette-machine.jpg\" alt=\"Kohlebrikettiermaschine\" class=\"wp-image-1496\"\/><figcaption class=\"wp-element-caption\">Kohlebrikettiermaschine<\/figcaption><\/figure> <\/figure>    <h3 class=\"wp-block-heading\">Kohlekugelpressmaschine<\/h3>    <p class=\"translation-block\">Die <a href=\"https:\/\/bestcharcoalmachine.com\/de\/charcoal-briquette-machine\/charcoal-ball-press-machine\/\">Holzkohlenballpresse<\/a> ist eine Formungsmaschine, die pulverisierte Materialien in verschiedene Formen presst. Die g\u00e4ngigsten Formen der Formen sind Kissenform, Riegelform, rund usw. WOOD Maschinen kann angepasste Typen gem\u00e4\u00df Ihren Anforderungen bereitstellen. Wir k\u00f6nnen auch beschriftete Holzkohlenb\u00e4lle mit speziellen Formen herstellen.<\/p>    <figure class=\"wp-block-gallery has-nested-images columns-default is-cropped wp-block-gallery-6 is-layout-flex wp-block-gallery-is-layout-flex\"> <figure class=\"wp-block-image size-large\"><img loading=\"lazy\" decoding=\"async\" width=\"720\" height=\"540\" data-id=\"2782\" src=\"https:\/\/bestcharcoalmachine.com\/wp-content\/uploads\/2021\/12\/charcoal-ball-press-machine-1.jpg\" alt=\"Holzkohle-Kugelpressmaschine\" class=\"wp-image-2782\"\/><figcaption class=\"wp-element-caption\">Holzkohle-Kugelpressmaschine<\/figcaption><\/figure>    <figure class=\"wp-block-image size-large\"><img loading=\"lazy\" decoding=\"async\" width=\"720\" height=\"540\" data-id=\"2421\" src=\"https:\/\/bestcharcoalmachine.com\/wp-content\/uploads\/2022\/01\/charcoal-ball-press-machines-in-our-plant.jpg\" alt=\"Holzkohle-Kugelpressmaschinen in unserem Werk\" class=\"wp-image-2421\"\/><figcaption class=\"wp-element-caption\">Holzkohle-Kugelpressmaschinen in unserem Werk<\/figcaption><\/figure> <\/figure>    <h3 class=\"wp-block-heading\" id=\"h-drying-equipment\">Trocknungsausr\u00fcstung<\/h3>    <p class=\"translation-block\">Der <a href=\"https:\/\/bestcharcoalmachine.com\/de\/product\/box-type-charcoal-dryer\/\">Kohlen-Trocknungsraum <\/a>ist die am h\u00e4ufigsten verwendete Maschine zum Trocknen von Kohle, geeignet zum Trocknen von Kohlenb\u00e4llen, Kohlenst\u00e4ben, Kohlenhonigwabenbriketts usw. WOOD Maschinen bietet auch <a href=\"https:\/\/bestcharcoalmachine.com\/de\/product\/mesh-belt-dryer\/\">Maschenbandtrockner<\/a> an, die zum Trocknen von Briketts mit relativ hoher H\u00e4rte geeignet sind. Der Feuchtigkeitsgehalt des Endprodukts nach dem Trocknen betr\u00e4gt etwa 3%-5%.<\/p>    <figure class=\"wp-block-gallery has-nested-images columns-default is-cropped wp-block-gallery-7 is-layout-flex wp-block-gallery-is-layout-flex\"> <figure class=\"wp-block-image size-large\"><img loading=\"lazy\" decoding=\"async\" width=\"720\" height=\"540\" data-id=\"1813\" src=\"https:\/\/bestcharcoalmachine.com\/wp-content\/uploads\/2021\/12\/briquette-drying-machine.jpg\" alt=\"Brikett-Trocknungsmaschine\" class=\"wp-image-1813\" srcset=\"https:\/\/bestcharcoalmachine.com\/wp-content\/uploads\/2021\/12\/briquette-drying-machine.jpg 720w, https:\/\/bestcharcoalmachine.com\/wp-content\/uploads\/2021\/12\/briquette-drying-machine-300x225.jpg 300w\" sizes=\"auto, (max-width: 720px) 100vw, 720px\" \/><figcaption class=\"wp-element-caption\">Brikett-Trocknungsmaschine<\/figcaption><\/figure>    <figure class=\"wp-block-image size-large\"><img loading=\"lazy\" decoding=\"async\" width=\"720\" height=\"540\" data-id=\"2047\" src=\"https:\/\/bestcharcoalmachine.com\/wp-content\/uploads\/2021\/12\/mesh-belt-dryer-3.jpg\" alt=\"Mesh-Band-Trockner\" class=\"wp-image-2047\" srcset=\"https:\/\/bestcharcoalmachine.com\/wp-content\/uploads\/2021\/12\/mesh-belt-dryer-3.jpg 720w, https:\/\/bestcharcoalmachine.com\/wp-content\/uploads\/2021\/12\/mesh-belt-dryer-3-300x225.jpg 300w\" sizes=\"auto, (max-width: 720px) 100vw, 720px\" \/><figcaption class=\"wp-element-caption\">Mesh-Band-Trockner<\/figcaption><\/figure> <\/figure>    <h3 class=\"wp-block-heading\" id=\"h-coal-briquette-packing-machine\">Verpackungsmaschine f\u00fcr Kohlebriketts<\/h3>    <p class=\"translation-block\">Wenn Kunden Briketts und Briketts verpacken m\u00f6chten, haben wir professionelle <a href=\"https:\/\/bestcharcoalmachine.com\/de\/briquettes-packing-machine\/charcoal-briquette-packing-machine-2\/\">Verpackungsmaschinen<\/a>, die je nach Kundenbedarf verschiedene Verpackungsmethoden ausw\u00e4hlen k\u00f6nnen.<\/p>    <figure class=\"wp-block-gallery has-nested-images columns-default is-cropped wp-block-gallery-8 is-layout-flex wp-block-gallery-is-layout-flex\"> <figure class=\"wp-block-image size-large\"><img loading=\"lazy\" decoding=\"async\" width=\"720\" height=\"540\" data-id=\"2971\" src=\"https:\/\/bestcharcoalmachine.com\/wp-content\/uploads\/2022\/03\/packing-machine.jpg\" alt=\"\" class=\"wp-image-2971\"\/><\/figure>    <figure class=\"wp-block-image size-large\"><img loading=\"lazy\" decoding=\"async\" width=\"621\" height=\"454\" data-id=\"2991\" src=\"https:\/\/bestcharcoalmachine.com\/wp-content\/uploads\/2022\/03\/briquettes-edited-1.jpg\" alt=\"\" class=\"wp-image-2991\"\/><\/figure> <\/figure>    <h2 class=\"wp-block-heading\" id=\"h-advantages-of-coal-briquette-processing-plant\">Vorteile einer Kohlebrikettverarbeitungsanlage<\/h2>    <ul class=\"wp-block-list\"> <li>Diese Produktionslinie produziert saubere Kohle mit einem hohen Automatisierungsgrad, was effizienter als herk\u00f6mmliche handgefertigte Kohle ist und Kosten spart.<\/li>    <li>Saubere Kohle ist umweltfreundlich, kann Abgasemissionen reduzieren und ist eine wichtige Ma\u00dfnahme zum Schutz der Umwelt.<\/li>    <li>Die Maschinen in der Produktionslinie k\u00f6nnen entsprechend den Bed\u00fcrfnissen der Kunden angepasst werden. Darunter gibt es verschiedene Arten von Maschinen zum Formen von Kohlebriketts, mit denen Kohlebl\u00f6cke unterschiedlicher Form hergestellt werden k\u00f6nnen. Daher erfreut sich diese Produktionslinie bei den Kunden gro\u00dfer Beliebtheit.<\/li> <\/ul>    <figure class=\"wp-block-image aligncenter size-full\"><img loading=\"lazy\" decoding=\"async\" width=\"720\" height=\"540\" src=\"https:\/\/bestcharcoalmachine.com\/wp-content\/uploads\/2021\/12\/coal-briquettes.jpg\" alt=\"\" class=\"wp-image-2987\"\/><figcaption class=\"wp-element-caption\">handgemachte Briketts<\/figcaption><\/figure>    <h2 class=\"wp-block-heading\" id=\"h-coal-briquette-production-line-exported-to-romania\">Produktionslinie f\u00fcr Kohlebriketts nach Rum\u00e4nien exportiert<\/h2>    <p class=\"translation-block\">K\u00fcrzlich haben wir eine komplette Produktionslinie zur Herstellung von Kohlenbriketts <a href=\"https:\/\/bestcharcoalmachine.com\/de\/news\/coal-briquette-production-line-exported-to-romania\/\">nach Rum\u00e4nien exportiert<\/a>. Ein Kunde aus Rum\u00e4nien sah ein Video unserer Holzkohlenmaschine auf YouTube, er klickte, um unseren Kanal zu besuchen, und war erfreut, die Maschine zu sehen, die er wollte. Nach der Kommunikation mit dem Kunden best\u00e4tigten wir den Bedarf: Der Kunde ben\u00f6tigt eine WD-BP430-Maschine und damit verbundene Ausr\u00fcstung. Der Kunde hat ein Kohlenverarbeitungswerk in Rum\u00e4nien, das schon immer Briketts hergestellt hat. Unser Verkaufsleiter konfigurierte ihm eine Produktionslinie, die einen Kohlenpulverizer, Doppelschneckenmischer, eine Kohlenbrikettmaschine, eine Verpackungsmaschine und F\u00f6rderger\u00e4te umfasst.<\/p>    <figure class=\"wp-block-gallery has-nested-images columns-default is-cropped wp-block-gallery-9 is-layout-flex wp-block-gallery-is-layout-flex\"> <figure class=\"wp-block-image size-large\"><img loading=\"lazy\" decoding=\"async\" width=\"720\" height=\"540\" data-id=\"2963\" src=\"https:\/\/bestcharcoalmachine.com\/wp-content\/uploads\/2022\/03\/coal-briquette-production-line-for-Romania1.jpg\" alt=\"Produktionslinie f\u00fcr Kohlebriketts f\u00fcr Rum\u00e4nien\" class=\"wp-image-2963\"\/><figcaption class=\"wp-element-caption\">Produktionslinie f\u00fcr Kohlebriketts f\u00fcr Rum\u00e4nien<\/figcaption><\/figure>    <figure class=\"wp-block-image size-large\"><img loading=\"lazy\" decoding=\"async\" width=\"720\" height=\"540\" data-id=\"2961\" src=\"https:\/\/bestcharcoalmachine.com\/wp-content\/uploads\/2022\/03\/Coal-briquette-production-line1.jpg\" alt=\"Produktionslinie f\u00fcr Kohlebriketts\" class=\"wp-image-2961\"\/><figcaption class=\"wp-element-caption\">Produktionslinie f\u00fcr Kohlebriketts<\/figcaption><\/figure> <\/figure>    <figure class=\"wp-block-gallery has-nested-images columns-default is-cropped wp-block-gallery-10 is-layout-flex wp-block-gallery-is-layout-flex\"> <figure class=\"wp-block-image size-large\"><img loading=\"lazy\" decoding=\"async\" width=\"720\" height=\"540\" data-id=\"2964\" src=\"https:\/\/bestcharcoalmachine.com\/wp-content\/uploads\/2022\/03\/coal-briquettes-making-machine.jpg\" alt=\"Maschine zur Herstellung von Kohlebriketts\" class=\"wp-image-2964\"\/><figcaption class=\"wp-element-caption\">Maschine zur Herstellung von Kohlebriketts<\/figcaption><\/figure>    <figure class=\"wp-block-image size-large\"><img loading=\"lazy\" decoding=\"async\" width=\"720\" height=\"540\" data-id=\"2966\" src=\"https:\/\/bestcharcoalmachine.com\/wp-content\/uploads\/2022\/03\/coal-powder-mixers.jpg\" alt=\"Kohlepulvermischer\" class=\"wp-image-2966\"\/><figcaption class=\"wp-element-caption\">Kohlepulvermischer<\/figcaption><\/figure> <\/figure>    <h2 class=\"wp-block-heading\" id=\"h-sales-service-of-coal-briquette-production-line\">Verkaufsservice f\u00fcr die Produktionslinie f\u00fcr Kohlebriketts<\/h2>    <ul class=\"wp-block-list\"> <li>Pre-Sales-Service: Bieten Sie Projektplanung, Prozessdesign und entwickeln Sie eine Reihe von Ger\u00e4ten, die zu Ihnen passen. Entwerfen und fertigen Sie die Produktionslinie f\u00fcr Kohlebriketts entsprechend Ihren speziellen Anforderungen und bieten Sie Schulungen f\u00fcr Ihren technischen Betrieb an.<\/li>    <li>In-Sale-Service: Pr\u00e4zise Produktionsausr\u00fcstung und Begleitung unseres Kunden bei der Abnahme der Ausr\u00fcstung, Unterst\u00fctzung bei der Erstellung des Installationsplans und des detaillierten Prozesses.<\/li>    <li>Unser Unternehmen entsendet Techniker zum Standort des Kunden, um die Installation der Ausr\u00fcstung zu leiten, die Maschine zur Herstellung von Kohlebriketts in den normalen Betrieb zu bringen und die Bediener f\u00fcr die Verwendung und Wartung zu schulen.<\/li> <\/ul>","protected":false},"excerpt":{"rendered":"<p>The rapid development of the mechanization of coal mining has created a space for us to develop coal briquette processing plant. Briquette equipment is the preferred investment project for energy conservation and emission reduction in the coal industry. Fine coal powder is not easy to transport and use as fuel, so the coal powder is [&hellip;]<\/p>\n","protected":false},"author":1,"featured_media":1869,"parent":0,"template":"","tags":[],"product-type":[52],"class_list":["post-3061","product","type-product","status-publish","has-post-thumbnail","hentry","product-type-product-line"],"_links":{"self":[{"href":"https:\/\/bestcharcoalmachine.com\/de\/wp-json\/wp\/v2\/product\/3061","targetHints":{"allow":["GET"]}}],"collection":[{"href":"https:\/\/bestcharcoalmachine.com\/de\/wp-json\/wp\/v2\/product"}],"about":[{"href":"https:\/\/bestcharcoalmachine.com\/de\/wp-json\/wp\/v2\/types\/product"}],"author":[{"embeddable":true,"href":"https:\/\/bestcharcoalmachine.com\/de\/wp-json\/wp\/v2\/users\/1"}],"wp:featuredmedia":[{"embeddable":true,"href":"https:\/\/bestcharcoalmachine.com\/de\/wp-json\/wp\/v2\/media\/1869"}],"wp:attachment":[{"href":"https:\/\/bestcharcoalmachine.com\/de\/wp-json\/wp\/v2\/media?parent=3061"}],"wp:term":[{"taxonomy":"post_tag","embeddable":true,"href":"https:\/\/bestcharcoalmachine.com\/de\/wp-json\/wp\/v2\/tags?post=3061"},{"taxonomy":"product-type","embeddable":true,"href":"https:\/\/bestcharcoalmachine.com\/de\/wp-json\/wp\/v2\/product-type?post=3061"}],"curies":[{"name":"wp","href":"https:\/\/api.w.org\/{rel}","templated":true}]}}