{"id":2857,"date":"2022-02-25T09:39:26","date_gmt":"2022-02-25T09:39:26","guid":{"rendered":"https:\/\/bestcharcoalmachine.com\/"},"modified":"2022-12-09T09:57:40","modified_gmt":"2022-12-09T01:57:40","slug":"wood-pallet-block-production-line","status":"publish","type":"product","link":"https:\/\/bestcharcoalmachine.com\/de\/product\/wood-pallet-block-production-line\/","title":{"rendered":"Produktionslinie f\u00fcr Holzpalettenbl\u00f6cke | Maschine zur Herstellung von S\u00e4gemehlziegeln"},"content":{"rendered":"<div class=\"kk-star-ratings kksr-auto kksr-align-left kksr-valign-top\"     data-payload='{&quot;align&quot;:&quot;left&quot;,&quot;id&quot;:&quot;2857&quot;,&quot;slug&quot;:&quot;default&quot;,&quot;valign&quot;:&quot;top&quot;,&quot;ignore&quot;:&quot;&quot;,&quot;reference&quot;:&quot;auto&quot;,&quot;class&quot;:&quot;&quot;,&quot;count&quot;:&quot;8&quot;,&quot;legendonly&quot;:&quot;&quot;,&quot;readonly&quot;:&quot;&quot;,&quot;score&quot;:&quot;4.6&quot;,&quot;starsonly&quot;:&quot;&quot;,&quot;best&quot;:&quot;5&quot;,&quot;gap&quot;:&quot;5&quot;,&quot;greet&quot;:&quot;Rate this product&quot;,&quot;legend&quot;:&quot;4.6\\\/5 - (8 votes)&quot;,&quot;size&quot;:&quot;24&quot;,&quot;title&quot;:&quot;Wood Pallet Block Production Line | Sawdust Brick Making Machine&quot;,&quot;width&quot;:&quot;130.9&quot;,&quot;_legend&quot;:&quot;{score}\\\/{best} - ({count} {votes})&quot;,&quot;font_factor&quot;:&quot;1.25&quot;}'>              <div class=\"kksr-stars\">      <div class=\"kksr-stars-inactive\">             <div class=\"kksr-star\" data-star=\"1\" style=\"padding-right: 5px\">               <div class=\"kksr-icon\" style=\"width: 24px; height: 24px;\"><\/div>         <\/div>             <div class=\"kksr-star\" data-star=\"2\" style=\"padding-right: 5px\">               <div class=\"kksr-icon\" style=\"width: 24px; height: 24px;\"><\/div>         <\/div>             <div class=\"kksr-star\" data-star=\"3\" style=\"padding-right: 5px\">               <div class=\"kksr-icon\" style=\"width: 24px; height: 24px;\"><\/div>         <\/div>             <div class=\"kksr-star\" data-star=\"4\" style=\"padding-right: 5px\">               <div class=\"kksr-icon\" style=\"width: 24px; height: 24px;\"><\/div>         <\/div>             <div class=\"kksr-star\" data-star=\"5\" style=\"padding-right: 5px\">               <div class=\"kksr-icon\" style=\"width: 24px; height: 24px;\"><\/div>         <\/div>     <\/div>      <div class=\"kksr-stars-active\" style=\"width: 130.9px;\">             <div class=\"kksr-star\" style=\"padding-right: 5px\">               <div class=\"kksr-icon\" style=\"width: 24px; height: 24px;\"><\/div>         <\/div>             <div class=\"kksr-star\" style=\"padding-right: 5px\">               <div class=\"kksr-icon\" style=\"width: 24px; height: 24px;\"><\/div>         <\/div>             <div class=\"kksr-star\" style=\"padding-right: 5px\">               <div class=\"kksr-icon\" style=\"width: 24px; height: 24px;\"><\/div>         <\/div>             <div class=\"kksr-star\" style=\"padding-right: 5px\">               <div class=\"kksr-icon\" style=\"width: 24px; height: 24px;\"><\/div>         <\/div>             <div class=\"kksr-star\" style=\"padding-right: 5px\">               <div class=\"kksr-icon\" style=\"width: 24px; height: 24px;\"><\/div>         <\/div>     <\/div> <\/div>                   <div class=\"kksr-legend\" style=\"font-size: 19.2px;\">             4,6\/5 - (8 Stimmen)    <\/div>     <\/div>  <figure class=\"wp-block-image aligncenter size-full\"><img loading=\"lazy\" decoding=\"async\" width=\"720\" height=\"540\" src=\"https:\/\/bestcharcoalmachine.com\/wp-content\/uploads\/2022\/02\/Wood-Pallet-Block-Production-Line-1.jpg\" alt=\"Produktionslinie f\u00fcr Holzpalettenbl\u00f6cke\" class=\"wp-image-2860\"\/><figcaption class=\"wp-element-caption\">Produktionslinie f\u00fcr Holzpalettenbl\u00f6cke<\/figcaption><\/figure>    <p>Die Produktionslinie f\u00fcr Holzpalettenkl\u00f6tze verwendet S\u00e4gemehl, Sp\u00e4ne, Stroh und andere Abfallmaterialien als Rohstoffe. Nach dem Zerkleinern, Trocknen und Mischen des Leims wird dieser von einer S\u00e4gemehl-Ziegelmaschine erhitzt und unter Druck gesetzt, um Palettenfu\u00dfbl\u00f6cke herzustellen. Der durch hohe Temperatur und hohen Druck geformte Holzpalettenblock hat ein glattes und flaches Aussehen, eine hohe H\u00e4rte und einen g\u00fcnstigen Preis. Es ist ein ideales Produkt zur Herstellung von Holzpalettenf\u00fc\u00dfen. Die Gr\u00f6\u00dfe der Maschine zur Herstellung von Holzbriketts kann je nach Kundenwunsch angepasst werden, und auch der Druck und die Dichte des Holzblocks k\u00f6nnen angepasst werden.<\/p>    <h2 class=\"wp-block-heading\" id=\"h-raw-materials-of-wood-pallet-block-production-line\">Rohstoffe der Produktionslinie f\u00fcr Holzpalettenbl\u00f6cke<\/h2>    <p>Die Rohstoffe der S\u00e4gemehlziegelproduktionslinie sind sehr breit gef\u00e4chert und umfassen haupts\u00e4chlich Holzsp\u00e4ne, Sp\u00e4ne, Stroh usw. Bei diesen Rohstoffen handelt es sich im Allgemeinen um Reste aus M\u00f6belfabriken und holzverarbeitenden Fabriken, die kosteng\u00fcnstig und leicht zu sammeln sind. Bei diesen Rohstoffen muss sichergestellt werden, dass die Gr\u00f6\u00dfe 6-8 mm betr\u00e4gt. Wenn sie nicht zufrieden sind, sollten sie mit einem Pulverisierer pulverisiert werden. Der Trocknungsgrad erfordert, dass der Feuchtigkeitsgehalt weniger als 12% betr\u00e4gt, was von einem Trockner verarbeitet werden kann.<\/p>    <figure class=\"wp-block-gallery has-nested-images columns-default is-cropped wp-block-gallery-2 is-layout-flex wp-block-gallery-is-layout-flex\"> <figure class=\"wp-block-image size-large\"><img loading=\"lazy\" decoding=\"async\" width=\"720\" height=\"540\" data-id=\"2864\" src=\"https:\/\/bestcharcoalmachine.com\/wp-content\/uploads\/2022\/02\/wood-shavings-1.jpg\" alt=\"Holzsp\u00e4ne\" class=\"wp-image-2864\"\/><figcaption class=\"wp-element-caption\">Holzsp\u00e4ne<\/figcaption><\/figure>    <figure class=\"wp-block-image size-large\"><img loading=\"lazy\" decoding=\"async\" width=\"720\" height=\"540\" data-id=\"2865\" src=\"https:\/\/bestcharcoalmachine.com\/wp-content\/uploads\/2022\/02\/wood-chips.jpg\" alt=\"Holzsp\u00e4ne\" class=\"wp-image-2865\"\/><figcaption class=\"wp-element-caption\">Holzsp\u00e4ne<\/figcaption><\/figure> <\/figure>    <h2 class=\"wp-block-heading\">Hauptschritte in der Produktionslinie f\u00fcr Holzziegel<\/h2>    <p>Die Produktionslinie f\u00fcr Holzpalettenkl\u00f6tze besteht haupts\u00e4chlich aus vier Schritten, die sich nach der spezifischen Ausr\u00fcstung und den Anforderungen richten.<\/p>    <div class=\"wp-block-media-text is-stacked-on-mobile\"><figure class=\"wp-block-media-text__media\"><img loading=\"lazy\" decoding=\"async\" width=\"720\" height=\"540\" src=\"https:\/\/bestcharcoalmachine.com\/wp-content\/uploads\/2021\/11\/wood-hammer-mill.jpg\" alt=\"Holzhammerm\u00fchle\" class=\"wp-image-2221 size-full\" srcset=\"https:\/\/bestcharcoalmachine.com\/wp-content\/uploads\/2021\/11\/wood-hammer-mill.jpg 720w, https:\/\/bestcharcoalmachine.com\/wp-content\/uploads\/2021\/11\/wood-hammer-mill-300x225.jpg 300w\" sizes=\"auto, (max-width: 720px) 100vw, 720px\" \/><\/figure><div class=\"wp-block-media-text__content\"> <h3 class=\"wp-block-heading\">Schritt 1: Pulverisieren (Holzhammerbrecher)<\/h3>    <p class=\"translation-block\">Um die H\u00e4rte und Gl\u00e4tte des Holzblocks nach der Formgebung sicherzustellen, ist ein <a href=\"https:\/\/bestcharcoalmachine.com\/de\/wood-working-equipment\/hammer-mill\/\">Zerkleinerer <\/a>erforderlich, um die Holzsp\u00e4ne oder -schnitzel auf 6-8 mm zu zerkleinern, wenn die Gr\u00f6\u00dfe des Rohmaterials gr\u00f6\u00dfer als 8 mm ist.<\/p> <\/div><\/div>    <div class=\"wp-block-media-text is-stacked-on-mobile\"><figure class=\"wp-block-media-text__media\"><img loading=\"lazy\" decoding=\"async\" width=\"720\" height=\"540\" src=\"https:\/\/bestcharcoalmachine.com\/wp-content\/uploads\/2021\/11\/Industry-biomass-rotary-dryer.jpg\" alt=\"Industrie-Biomasse-Rotationstrockner\" class=\"wp-image-2250 size-full\" srcset=\"https:\/\/bestcharcoalmachine.com\/wp-content\/uploads\/2021\/11\/Industry-biomass-rotary-dryer.jpg 720w, https:\/\/bestcharcoalmachine.com\/wp-content\/uploads\/2021\/11\/Industry-biomass-rotary-dryer-300x225.jpg 300w\" sizes=\"auto, (max-width: 720px) 100vw, 720px\" \/><\/figure><div class=\"wp-block-media-text__content\"> <h3 class=\"wp-block-heading\">Schritt 2: Trocknen (Biomasse-Rotationstrockner)<\/h3>    <p class=\"translation-block\">Die zerkleinerten Holzsp\u00e4ne sollten weiter mit einem <a href=\"https:\/\/bestcharcoalmachine.com\/de\/drying-machine\/industry-biomass-rotary-dryer\/\">Biomasse-Rotations-Trockner <\/a>getrocknet werden, der speziell zum Trocknen von Holzsp\u00e4nen entwickelt wurde, und die Holzsp\u00e4ne mit einem Feuchtigkeitsgehalt von weniger als 12 % k\u00f6nnen im n\u00e4chsten Schritt verarbeitet werden.<\/p> <\/div><\/div>    <div class=\"wp-block-media-text is-stacked-on-mobile\"><figure class=\"wp-block-media-text__media\"><img loading=\"lazy\" decoding=\"async\" width=\"720\" height=\"540\" src=\"https:\/\/bestcharcoalmachine.com\/wp-content\/uploads\/2022\/02\/mixing-machine1.jpg\" alt=\"Mischmaschine\" class=\"wp-image-2861 size-full\"\/><\/figure><div class=\"wp-block-media-text__content\"> <h3 class=\"wp-block-heading\">Schritt 3: Kleben (Klebermischmaschine)<\/h3>    <p>Mischen Sie den Spezialleim, der 16-20% des Rohmaterials ausmacht, mit den trockenen Holzsp\u00e4nen und mischen Sie diese mit einem Leimmischer gr\u00fcndlich durch. Dieser Schritt erh\u00f6ht die Viskosit\u00e4t der Rohstoffe und erleichtert die anschlie\u00dfende Formgebung.<\/p> <\/div><\/div>    <div class=\"wp-block-media-text is-stacked-on-mobile\"><figure class=\"wp-block-media-text__media\"><img loading=\"lazy\" decoding=\"async\" width=\"720\" height=\"540\" src=\"https:\/\/bestcharcoalmachine.com\/wp-content\/uploads\/2022\/02\/wood-block-machine1-2.jpg\" alt=\"Holzblockmaschine\" class=\"wp-image-2863 size-full\"\/><\/figure><div class=\"wp-block-media-text__content\"> <h2 class=\"wp-block-heading\">Schritt 4: Formen (Maschine zur Herstellung von Holzbriketts)<\/h2>    <p class=\"translation-block\">Dies ist der wichtigste Schritt der gesamten Produktionslinie. Die gemischten Rohstoffe werden in die <a href=\"https:\/\/bestcharcoalmachine.com\/de\/product\/wood-block-machine\/attachment\/wood-block-machine\/\">S\u00e4gesp\u00e4ne-Brickmaschine<\/a> gegossen, und die S\u00e4gesp\u00e4ne werden durch hohe Temperatur und hohen Druck zu Holzst\u00e4ben gepresst. <\/p>    <p>Diese St\u00e4bchen haben eine hohe Dichte und hohe H\u00e4rte. Nach dem Zuschnitt k\u00f6nnen sie als Fu\u00dfst\u00fctzen f\u00fcr Holzpaletten verwendet werden.<\/p> <\/div><\/div>    <h2 class=\"wp-block-heading\">Anwendung einer Maschine zur Herstellung von S\u00e4gemehlziegeln <\/h2>    <p>Die Holzpalettenkl\u00f6tze werden haupts\u00e4chlich als wichtiger Bestandteil begasungsfreier Paletten und Verpackungskartons verwendet. Es erfreut sich bei Kunden gro\u00dfer Beliebtheit aufgrund seiner Festigkeit und der Eigenschaften, Holzscheite zu ersetzen, sowie seines sch\u00f6nen Aussehens.<\/p>    <p>Die in dieser Produktionslinie hergestellten Brisks sind frei von Begasungen und haben einen niedrigeren Preis als Massivholzbl\u00f6cke. Der Prozess ist einfach und umfasst nur vier Ger\u00e4te mit gro\u00dfer Leistung. Die Farbe der Holzkl\u00f6tze \u00e4hnelt der Farbe der Platte. Die Produktionslinie f\u00fcr Palettenbl\u00f6cke nutzt Abfallrohstoffe, um forstwirtschaftliche Ressourcen zu schonen. Aufgrund seines herausragenden Preisvorteils und seiner Umweltschutzeigenschaften wird es von der Verpackungsindustrie gesch\u00e4tzt.<\/p>    <figure class=\"wp-block-image aligncenter size-full\"><img loading=\"lazy\" decoding=\"async\" width=\"720\" height=\"540\" src=\"https:\/\/bestcharcoalmachine.com\/wp-content\/uploads\/2022\/02\/Sawdust-brick-making-machine-application1.jpg\" alt=\"Anwendung der S\u00e4gemehl-Ziegelmaschine\" class=\"wp-image-2873\"\/><\/figure>    <figure class=\"wp-block-image aligncenter size-full\"><img loading=\"lazy\" decoding=\"async\" width=\"720\" height=\"540\" src=\"https:\/\/bestcharcoalmachine.com\/wp-content\/uploads\/2022\/02\/Sawdust-brick.jpg\" alt=\"Anwendung von S\u00e4gemehlziegeln\" class=\"wp-image-2866\"\/><figcaption class=\"wp-element-caption\">Anwendung von S\u00e4gemehlziegeln<\/figcaption><\/figure>    <h2 class=\"wp-block-heading\">Vorteile der Produktionslinie f\u00fcr Holzpalettenbl\u00f6cke<\/h2>    <p>1. Je nach Kundenwunsch k\u00f6nnen wir verschiedene Arten von Schneidger\u00e4ten f\u00fcr die Holzbrikettherstellungsmaschine anbieten. <\/p>    <div class=\"wp-block-media-text is-stacked-on-mobile\"><figure class=\"wp-block-media-text__media\"><img loading=\"lazy\" decoding=\"async\" width=\"720\" height=\"540\" src=\"https:\/\/bestcharcoalmachine.com\/wp-content\/uploads\/2022\/02\/block-cutting-machine1.jpg\" alt=\"Blockschneidemaschine\" class=\"wp-image-2871 size-full\"\/><\/figure><div class=\"wp-block-media-text__content\"> <p>Die Mehrblatts\u00e4ge kann die Holzst\u00e4be gleichzeitig auf die gleiche Gr\u00f6\u00dfe schneiden, mit hoher Schnitteffizienz und gro\u00dfem Arbeitsaufwand, was besser f\u00fcr gro\u00dfe Verarbeitungsanlagen geeignet ist.<\/p> <\/div><\/div>    <div class=\"wp-block-media-text has-media-on-the-right is-stacked-on-mobile\"><div class=\"wp-block-media-text__content\"> <p>Die Doppelblatts\u00e4ge verf\u00fcgt \u00fcber zwei scharfe Bl\u00e4tter, die eine starke Schneidf\u00e4higkeit haben und Holz mit glatten Kanten schneiden k\u00f6nnen. Es ist die beste Wahl f\u00fcr kleine Palettenverarbeiter zu einem erschwinglichen Preis.<\/p> <\/div><figure class=\"wp-block-media-text__media\"><img loading=\"lazy\" decoding=\"async\" width=\"720\" height=\"540\" src=\"https:\/\/bestcharcoalmachine.com\/wp-content\/uploads\/2022\/02\/cutting-machine1.jpg\" alt=\"Schneidemaschine\" class=\"wp-image-2872 size-full\"\/><\/figure><\/div>    <p>2. Eine Leimmischmaschine kann die Rohstoffe von zwei S\u00e4gemehlziegelherstellungsmaschinen unterst\u00fctzen, und die Verarbeitungsanlage kann mehrere Maschinen verwenden, um entsprechend ihrer eigenen Leistung gleichzeitig zu arbeiten. Auf diese Weise kann das Werk das Produktionsvolumen und die Produktionseffizienz verbessern.<\/p>    <figure class=\"wp-block-image aligncenter size-full\"><img loading=\"lazy\" decoding=\"async\" width=\"720\" height=\"540\" src=\"https:\/\/bestcharcoalmachine.com\/wp-content\/uploads\/2022\/02\/multiple-machines-working-together.jpg\" alt=\"Mehrere Maschinen arbeiten zusammen\" class=\"wp-image-2875\"\/><figcaption class=\"wp-element-caption\">Mehrere Maschinen arbeiten zusammen<\/figcaption><\/figure>    <h2 class=\"wp-block-heading\">Beladung und Lieferung der Produktionslinie f\u00fcr S\u00e4gemehlziegel <\/h2>    <p class=\"translation-block\">Unser indonesischer Kunde ist ein <a href=\"https:\/\/en.wikipedia.org\/wiki\/Pallet\" target=\"_blank\" rel=\"noopener\">Holzpaletten<\/a>-Hersteller und er ist auch Umweltsch\u00fctzer. Die Waldressourcen sind in seinem Land reichlich vorhanden, aber er hat sich nicht f\u00fcr massive Holzpaletten entschieden, sondern verwendet recycelte Holzsp\u00e4ne als Rohmaterial.<\/p>    <p>Nach umfassender Untersuchung unserer Situation entschied er sich nach dem Bau der Fabrik f\u00fcr die Investition in eine umweltfreundliche Holzbrikett-Produktionslinie. Die Leistung der S\u00e4gemehlmaschine betr\u00e4gt 4-5 m3\/24h. Er erz\u00e4hlte uns, dass diese Holzpaletten auch dann noch recycelt und wiederverwendet werden k\u00f6nnen, wenn sie abgenutzt sind.<\/p>    <figure class=\"wp-block-gallery has-nested-images columns-default is-cropped wp-block-gallery-3 is-layout-flex wp-block-gallery-is-layout-flex\"> <figure class=\"wp-block-image size-large\"><img loading=\"lazy\" decoding=\"async\" width=\"720\" height=\"540\" data-id=\"2867\" src=\"https:\/\/bestcharcoalmachine.com\/wp-content\/uploads\/2022\/02\/high-quality-pallet-block-machine-for-exporting1.jpg\" alt=\"hochwertige Palettenblockmaschine f\u00fcr den Export\" class=\"wp-image-2867\"\/><figcaption class=\"wp-element-caption\">hochwertige Palettenblockmaschine f\u00fcr den Export<\/figcaption><\/figure>    <figure class=\"wp-block-image size-large\"><img loading=\"lazy\" decoding=\"async\" width=\"720\" height=\"540\" data-id=\"2868\" src=\"https:\/\/bestcharcoalmachine.com\/wp-content\/uploads\/2022\/02\/loading-2.jpg\" alt=\"Lieferung von S\u00e4gemehl-Ziegelmaschinen\" class=\"wp-image-2868\"\/><figcaption class=\"wp-element-caption\">Lieferung der Holzpalettenblock-Produktionslinie<\/figcaption><\/figure> <\/figure>    <figure class=\"wp-block-gallery has-nested-images columns-default is-cropped wp-block-gallery-4 is-layout-flex wp-block-gallery-is-layout-flex\"> <figure class=\"wp-block-image size-large\"><img loading=\"lazy\" decoding=\"async\" width=\"720\" height=\"540\" data-id=\"2869\" src=\"https:\/\/bestcharcoalmachine.com\/wp-content\/uploads\/2022\/02\/wood-briquette-production-line.jpg\" alt=\"\" class=\"wp-image-2869\"\/><figcaption class=\"wp-element-caption\">Produktionslinie f\u00fcr Holzbriketts<\/figcaption><\/figure>    <figure class=\"wp-block-image size-large\"><img loading=\"lazy\" decoding=\"async\" width=\"720\" height=\"540\" data-id=\"2870\" src=\"https:\/\/bestcharcoalmachine.com\/wp-content\/uploads\/2022\/02\/loading-of.jpg\" alt=\"Beladung der Produktionslinie f\u00fcr Holzpalettenbl\u00f6cke\" class=\"wp-image-2870\"\/><figcaption class=\"wp-element-caption\">Beladung der Produktionslinie f\u00fcr Holzpalettenbl\u00f6cke<\/figcaption><\/figure> <\/figure>    <h2 class=\"wp-block-heading\" id=\"h-factory-stove-of-wood-briquette-making-machines\">Fabrikofen f\u00fcr Maschinen zur Herstellung von Holzbriketts <\/h2>    <p>Wir haben gen\u00fcgend Maschinen auf Lager. Wenn Sie interessiert sind, k\u00f6nnen Sie sich gerne an die Produktionslinie f\u00fcr Holzpalettenbl\u00f6cke wenden. Unser Vertriebsleiter und unser Technologiezentrum werden die f\u00fcr Sie am besten geeignete Produktionslinie entwerfen und bereitstellen.<\/p>    <figure class=\"wp-block-gallery has-nested-images columns-default is-cropped wp-block-gallery-5 is-layout-flex wp-block-gallery-is-layout-flex\"> <figure class=\"wp-block-image size-large\"><img loading=\"lazy\" decoding=\"async\" width=\"720\" height=\"540\" data-id=\"2877\" src=\"https:\/\/bestcharcoalmachine.com\/wp-content\/uploads\/2022\/02\/wood-briquette-making-machines.jpg\" alt=\"Maschinen zur Herstellung von Holzbriketts\" class=\"wp-image-2877\"\/><figcaption class=\"wp-element-caption\">Maschinen zur Herstellung von Holzbriketts<\/figcaption><\/figure>    <figure class=\"wp-block-image size-large\"><img loading=\"lazy\" decoding=\"async\" width=\"720\" height=\"540\" data-id=\"2878\" src=\"https:\/\/bestcharcoalmachine.com\/wp-content\/uploads\/2022\/02\/factory-stove.jpg\" alt=\"Fabrikofen\" class=\"wp-image-2878\"\/><figcaption class=\"wp-element-caption\">Produktionslinie f\u00fcr Holzpalettenbl\u00f6cke<\/figcaption><\/figure> <\/figure>","protected":false},"excerpt":{"rendered":"<p>The wood pallet block production line uses sawdust, shavings, straw, and other waste materials as raw materials. After crushing, drying, and mixing glue, it is heated and pressurized by a sawdust brick making machine to produce pallet foot blocks. The wooden pallet block formed by high temperature and high pressure has a smooth and flat [&hellip;]<\/p>\n","protected":false},"author":1,"featured_media":2860,"parent":0,"template":"","tags":[],"product-type":[52],"class_list":["post-2857","product","type-product","status-publish","has-post-thumbnail","hentry","product-type-product-line"],"_links":{"self":[{"href":"https:\/\/bestcharcoalmachine.com\/de\/wp-json\/wp\/v2\/product\/2857","targetHints":{"allow":["GET"]}}],"collection":[{"href":"https:\/\/bestcharcoalmachine.com\/de\/wp-json\/wp\/v2\/product"}],"about":[{"href":"https:\/\/bestcharcoalmachine.com\/de\/wp-json\/wp\/v2\/types\/product"}],"author":[{"embeddable":true,"href":"https:\/\/bestcharcoalmachine.com\/de\/wp-json\/wp\/v2\/users\/1"}],"wp:featuredmedia":[{"embeddable":true,"href":"https:\/\/bestcharcoalmachine.com\/de\/wp-json\/wp\/v2\/media\/2860"}],"wp:attachment":[{"href":"https:\/\/bestcharcoalmachine.com\/de\/wp-json\/wp\/v2\/media?parent=2857"}],"wp:term":[{"taxonomy":"post_tag","embeddable":true,"href":"https:\/\/bestcharcoalmachine.com\/de\/wp-json\/wp\/v2\/tags?post=2857"},{"taxonomy":"product-type","embeddable":true,"href":"https:\/\/bestcharcoalmachine.com\/de\/wp-json\/wp\/v2\/product-type?post=2857"}],"curies":[{"name":"wp","href":"https:\/\/api.w.org\/{rel}","templated":true}]}}