{"id":2708,"date":"2022-02-14T09:35:40","date_gmt":"2022-02-14T09:35:40","guid":{"rendered":"https:\/\/bestcharcoalmachine.com\/"},"modified":"2022-09-27T17:42:10","modified_gmt":"2022-09-27T09:42:10","slug":"wood-block-machine","status":"publish","type":"product","link":"https:\/\/bestcharcoalmachine.com\/de\/product\/wood-block-machine\/","title":{"rendered":"Holzblockmaschine | Palettenblockpressmaschine"},"content":{"rendered":"<div class=\"kk-star-ratings kksr-auto kksr-align-left kksr-valign-top\"     data-payload='{&quot;align&quot;:&quot;left&quot;,&quot;id&quot;:&quot;2708&quot;,&quot;slug&quot;:&quot;default&quot;,&quot;valign&quot;:&quot;top&quot;,&quot;ignore&quot;:&quot;&quot;,&quot;reference&quot;:&quot;auto&quot;,&quot;class&quot;:&quot;&quot;,&quot;count&quot;:&quot;5&quot;,&quot;legendonly&quot;:&quot;&quot;,&quot;readonly&quot;:&quot;&quot;,&quot;score&quot;:&quot;4.8&quot;,&quot;starsonly&quot;:&quot;&quot;,&quot;best&quot;:&quot;5&quot;,&quot;gap&quot;:&quot;5&quot;,&quot;greet&quot;:&quot;Rate this product&quot;,&quot;legend&quot;:&quot;4.8\\\/5 - (5 votes)&quot;,&quot;size&quot;:&quot;24&quot;,&quot;title&quot;:&quot;Wood Block Machine | Pallet Block Press Machine&quot;,&quot;width&quot;:&quot;136.7&quot;,&quot;_legend&quot;:&quot;{score}\\\/{best} - ({count} {votes})&quot;,&quot;font_factor&quot;:&quot;1.25&quot;}'>              <div class=\"kksr-stars\">      <div class=\"kksr-stars-inactive\">             <div class=\"kksr-star\" data-star=\"1\" style=\"padding-right: 5px\">               <div class=\"kksr-icon\" style=\"width: 24px; height: 24px;\"><\/div>         <\/div>             <div class=\"kksr-star\" data-star=\"2\" style=\"padding-right: 5px\">               <div class=\"kksr-icon\" style=\"width: 24px; height: 24px;\"><\/div>         <\/div>             <div class=\"kksr-star\" data-star=\"3\" style=\"padding-right: 5px\">               <div class=\"kksr-icon\" style=\"width: 24px; height: 24px;\"><\/div>         <\/div>             <div class=\"kksr-star\" data-star=\"4\" style=\"padding-right: 5px\">               <div class=\"kksr-icon\" style=\"width: 24px; height: 24px;\"><\/div>         <\/div>             <div class=\"kksr-star\" data-star=\"5\" style=\"padding-right: 5px\">               <div class=\"kksr-icon\" style=\"width: 24px; height: 24px;\"><\/div>         <\/div>     <\/div>      <div class=\"kksr-stars-active\" style=\"width: 136.7px;\">             <div class=\"kksr-star\" style=\"padding-right: 5px\">               <div class=\"kksr-icon\" style=\"width: 24px; height: 24px;\"><\/div>         <\/div>             <div class=\"kksr-star\" style=\"padding-right: 5px\">               <div class=\"kksr-icon\" style=\"width: 24px; height: 24px;\"><\/div>         <\/div>             <div class=\"kksr-star\" style=\"padding-right: 5px\">               <div class=\"kksr-icon\" style=\"width: 24px; height: 24px;\"><\/div>         <\/div>             <div class=\"kksr-star\" style=\"padding-right: 5px\">               <div class=\"kksr-icon\" style=\"width: 24px; height: 24px;\"><\/div>         <\/div>             <div class=\"kksr-star\" style=\"padding-right: 5px\">               <div class=\"kksr-icon\" style=\"width: 24px; height: 24px;\"><\/div>         <\/div>     <\/div> <\/div>                   <div class=\"kksr-legend\" style=\"font-size: 19.2px;\">             4,8\/5 - (5 Stimmen)    <\/div>     <\/div>  <p>Die Holzblockmaschine wird haupts\u00e4chlich zum Erhitzen und Pressen von Holzsp\u00e4nen zur Herstellung von Palettenfu\u00dfbl\u00f6cken verwendet. Die resultierenden Holzbl\u00f6cke sehen glatt und flach aus und eignen sich ideal f\u00fcr die Herstellung von Fu\u00dfst\u00fctzen und Beinen auf Holzpaletten. Die Ausr\u00fcstung ist einfach aufgebaut und leicht zu bedienen. Die Gr\u00f6\u00dfe unserer Druckholzblock-Herstellungsmaschine kann je nach Kundenwunsch individuell angepasst werden. Auch der Druck und die Dichte der Holzbl\u00f6cke k\u00f6nnen angepasst werden. <\/p>    <figure class=\"wp-block-image aligncenter size-full\"><img loading=\"lazy\" decoding=\"async\" width=\"720\" height=\"540\" src=\"https:\/\/bestcharcoalmachine.com\/wp-content\/uploads\/2022\/02\/wood-block-making-machine1.jpg\" alt=\"Maschine zur Herstellung von Holzbl\u00f6cken\" class=\"wp-image-2711\"\/><figcaption>Holzblockmaschine<\/figcaption><\/figure>    <figure class=\"wp-block-image aligncenter size-full\"><img loading=\"lazy\" decoding=\"async\" width=\"720\" height=\"540\" src=\"https:\/\/bestcharcoalmachine.com\/wp-content\/uploads\/2022\/02\/wood-block-machine1.jpg\" alt=\"Holzblockmaschine\" class=\"wp-image-2713\"\/><figcaption>Holzblockmaschine<\/figcaption><\/figure>    <h2 class=\"wp-block-heading\" id=\"raw-materials-of-wood-block-press-machine\">Rohstoffe der Holzblockpressmaschine<\/h2>    <p class=\"translation-block\">Die Holzpallettenblockmaschine verwendet Holzsp\u00e4ne, Hobelsp\u00e4ne und andere Materialien als Rohstoffe. Diese Rohstoffe m\u00fcssen jedoch im Voraus verarbeitet werden. Wenn die Gr\u00f6\u00dfe des S\u00e4gemehls gr\u00f6\u00dfer als 8 mm ist, muss es von einem<a href=\"https:\/\/bestcharcoalmachine.com\/de\/wood-working-equipment\/hammer-mill\/\"> Pulverisierer<\/a> zerkleinert werden. Wenn der Feuchtigkeitsgehalt gr\u00f6\u00dfer als 12 % ist, muss die Feuchtigkeit vor dem n\u00e4chsten Schritt von einem Trockner getrocknet werden. Um die Holzsp\u00e4ne zu formen und zu verfestigen, m\u00fcssen 16-20 % Klebstoff zu den Holzsp\u00e4nen hinzugef\u00fcgt und gut mit den Holzsp\u00e4nen vermischt werden. WOOD Machinery hat eine komplette <strong>Holzblockproduktionslinie<\/strong> f\u00fcr Sie entwickelt, um Ihnen die m\u00fchsame Auswahl von Maschinen abzunehmen.<\/p>    <figure class=\"wp-block-gallery has-nested-images columns-default is-cropped wp-block-gallery-2 is-layout-flex wp-block-gallery-is-layout-flex\"> <figure class=\"wp-block-image size-large\"><img loading=\"lazy\" decoding=\"async\" width=\"720\" height=\"540\" data-id=\"2715\" src=\"https:\/\/bestcharcoalmachine.com\/wp-content\/uploads\/2022\/02\/wood-shavings.jpg\" alt=\"Holzsp\u00e4ne\" class=\"wp-image-2715\"\/><figcaption>Holzsp\u00e4ne<\/figcaption><\/figure>    <figure class=\"wp-block-image size-large\"><img loading=\"lazy\" decoding=\"async\" width=\"720\" height=\"540\" data-id=\"2716\" src=\"https:\/\/bestcharcoalmachine.com\/wp-content\/uploads\/2022\/02\/sawdust.jpg\" alt=\"S\u00e4gesp\u00e4ne\" class=\"wp-image-2716\"\/><figcaption>S\u00e4gesp\u00e4ne<\/figcaption><\/figure> <\/figure>    <h2 class=\"wp-block-heading\" id=\"h-structure-of-wood-block-making-machine\">Aufbau einer Maschine zur Herstellung von Holzbl\u00f6cken<\/h2>    <div class=\"wp-block-media-text is-stacked-on-mobile\"><figure class=\"wp-block-media-text__media\"><img loading=\"lazy\" decoding=\"async\" width=\"720\" height=\"540\" src=\"https:\/\/bestcharcoalmachine.com\/wp-content\/uploads\/2022\/02\/feeding-inlet.jpg\" alt=\"Futtereinlass\" class=\"wp-image-2717 size-full\"\/><\/figure><div class=\"wp-block-media-text__content\"> <p id=\"large-feeding-port-is-convenient-for-feeding\">Die gro\u00dfe Futter\u00f6ffnung ist praktisch zum F\u00fcttern.<\/p> <\/div><\/div>    <div class=\"wp-block-media-text has-media-on-the-right is-stacked-on-mobile\"><figure class=\"wp-block-media-text__media\"><img loading=\"lazy\" decoding=\"async\" width=\"720\" height=\"540\" src=\"https:\/\/bestcharcoalmachine.com\/wp-content\/uploads\/2022\/02\/stiring-device.jpg\" alt=\"R\u00fchrger\u00e4t\" class=\"wp-image-2719 size-full\"\/><\/figure><div class=\"wp-block-media-text__content\"> <p id=\"the-stirring-device-makes-the-material-more-uniform-and-the-feeding-is-smoother\">Durch die R\u00fchrvorrichtung wird das Material gleichm\u00e4\u00dfiger und die Zufuhr gleichm\u00e4\u00dfiger.<\/p> <\/div><\/div>    <div class=\"wp-block-media-text is-stacked-on-mobile\"><figure class=\"wp-block-media-text__media\"><img loading=\"lazy\" decoding=\"async\" width=\"720\" height=\"540\" src=\"https:\/\/bestcharcoalmachine.com\/wp-content\/uploads\/2022\/02\/Hydraulic-steel-rods.jpg\" alt=\"Hydraulische Stahlstangen\" class=\"wp-image-2723 size-full\"\/><\/figure><div class=\"wp-block-media-text__content\"> <p id=\"using-a-hydraulic-drive-system-instead-of-traditional-screw-propulsion-makes-the-machine-is-more-durable\">Die Verwendung eines hydraulischen Antriebssystems anstelle des herk\u00f6mmlichen Schraubenantriebs macht die Holzblockmaschine langlebiger.<\/p> <\/div><\/div>    <div class=\"wp-block-media-text has-media-on-the-right is-stacked-on-mobile\"><figure class=\"wp-block-media-text__media\"><img loading=\"lazy\" decoding=\"async\" width=\"720\" height=\"540\" src=\"https:\/\/bestcharcoalmachine.com\/wp-content\/uploads\/2022\/02\/motor.jpg\" alt=\"Motor\" class=\"wp-image-2724 size-full\"\/><\/figure><div class=\"wp-block-media-text__content\"> <p id=\"the-motor-rotates-fast-which-will-help-the-wood-pallet-block-machine-runs-smoothly\">Der Motor dreht sich schnell, was dazu beitr\u00e4gt, dass die Holzpalettenblockmaschine reibungslos l\u00e4uft.<\/p> <\/div><\/div>    <div class=\"wp-block-media-text is-stacked-on-mobile\"><figure class=\"wp-block-media-text__media\"><img loading=\"lazy\" decoding=\"async\" width=\"720\" height=\"540\" src=\"https:\/\/bestcharcoalmachine.com\/wp-content\/uploads\/2022\/02\/Export-of-wooden-sticks.jpg\" alt=\"Export von Holzst\u00f6cken\" class=\"wp-image-2725 size-full\"\/><\/figure><div class=\"wp-block-media-text__content\"> <p id=\"the-discharge-port-is-sturdy-and-durable-and-the-size-can-be-customized\">Die Auslass\u00f6ffnung ist robust und langlebig und die Gr\u00f6\u00dfe kann individuell angepasst werden.<\/p> <\/div><\/div>    <h2 class=\"wp-block-heading\" id=\"h-advantages-of-pallet-block-press-machine\">Vorteile der Palettenblockpressmaschine<\/h2>    <ul class=\"wp-block-list\"><li>Bei den meisten Rohstoffen handelt es sich um Abf\u00e4lle und Schrott aus der Holzverarbeitung, sodass die fertige Palettenmatte ein umweltfreundliches Produkt ist. Im Einklang mit dem Konzept der nachhaltigen Entwicklung verf\u00fcgt es \u00fcber breite Marktaussichten.<\/li><li>Die von der Holzblockpressmaschine hergestellten Holzbl\u00f6cke haben eine glatte Oberfl\u00e4che, sind wasserfest und rei\u00dfen nicht leicht.<\/li><li>Die Palettenblockpressmaschine ist einfach aufgebaut und leicht zu bedienen. Die Holzsp\u00e4ne werden bei hoher Temperatur extrudiert und anschlie\u00dfend sofort ausgetragen. Nach einer einfachen Schulung k\u00f6nnen Arbeiter ideale Holzkl\u00f6tze herstellen.<\/li><\/ul>    <h2 class=\"wp-block-heading\" id=\"h-parameters-of-wood-block-machine\">Parameter der Holzblockmaschine<\/h2>    <figure class=\"wp-block-table\"><table><tbody><tr><td>Modell<\/td><td>WD-WB100<\/td><\/tr><tr><td>Totale Kraft<\/td><td>15 kW<\/td><\/tr><tr><td>Kapazit\u00e4t<\/td><td>4-5 m3\/24h<\/td><\/tr><tr><td>Blockdichte<\/td><td>550\u2013600 kg\/m3<\/td><\/tr><tr><td>Abmessungen<\/td><td>4800*760*1300mm<\/td><\/tr><tr><td>Gewicht<\/td><td>1200kg<\/td><\/tr><\/tbody><\/table><\/figure>    <p>Die spezifische Leistung kann je nach Rohstoff leicht unterschiedlich sein.<\/p>    <h2 class=\"wp-block-heading\" id=\"h-video-of-pallet-block-press-machine\">Video einer Palettenblockpressmaschine<\/h2>    <figure class=\"wp-block-embed is-type-video is-provider-youtube wp-block-embed-youtube wp-embed-aspect-16-9 wp-has-aspect-ratio\"><div class=\"wp-block-embed__wrapper\"> <iframe loading=\"lazy\" title=\"Maschine zur Herstellung von Holzpalettenkl\u00f6tzen zu verkaufen | Wie man Palettenkl\u00f6tze einfach herstellt\" width=\"500\" height=\"281\" src=\"https:\/\/www.youtube.com\/embed\/OB51cbHmHU4?start=9&#038;feature=oembed\" frameborder=\"0\" allow=\"accelerometer; autoplay; clipboard-write; encrypted-media; gyroscope; picture-in-picture; web-share\" referrerpolicy=\"strict-origin-when-cross-origin\" allowfullscreen><\/iframe> <\/div><\/figure>    <h2 class=\"wp-block-heading\" id=\"h-application-of-wood-block-machine\">Anwendung einer Holzblockmaschine<\/h2>    <figure class=\"wp-block-gallery has-nested-images columns-default is-cropped wp-block-gallery-3 is-layout-flex wp-block-gallery-is-layout-flex\"> <figure class=\"wp-block-image size-large\"><img loading=\"lazy\" decoding=\"async\" width=\"720\" height=\"540\" data-id=\"2733\" src=\"https:\/\/bestcharcoalmachine.com\/wp-content\/uploads\/2022\/02\/product1.jpg\" alt=\"Produkt\" class=\"wp-image-2733\"\/><figcaption>Produkt<\/figcaption><\/figure>    <figure class=\"wp-block-image size-large\"><img loading=\"lazy\" decoding=\"async\" width=\"720\" height=\"540\" data-id=\"2735\" src=\"https:\/\/bestcharcoalmachine.com\/wp-content\/uploads\/2022\/02\/wood-pallets1.jpg\" alt=\"Holzpaletten\" class=\"wp-image-2735\"\/><figcaption>Holzpaletten<\/figcaption><\/figure> <\/figure>    <p>Holzpalettenkl\u00f6tze werden haupts\u00e4chlich in der Transportbranche eingesetzt und sind ein wichtiger Bestandteil von Holzpaletten. Holzpaletten k\u00f6nnen eine sehr gute Rolle beim Schutz der transportierten Produkte spielen und werden h\u00e4ufig bei der Verpackung und Palettenverarbeitung von Produkten in den Bereichen Logistik, Maschinen und Elektronik, keramische Baumaterialien, Hardware-Ger\u00e4te, Pr\u00e4zisionsinstrumente, Bergbau, Stahl, Schiffe und anderen Industrien verwendet . Aufgrund der breiten Anwendung von Holzpaletten sind auch Holzpalettenkl\u00f6tze unerl\u00e4sslich.<\/p>    <h2 class=\"wp-block-heading\" id=\"loading-and-delivery-of-wood-block-making-machine\">Beladung und Lieferung einer Maschine zur Herstellung von Holzbl\u00f6cken<\/h2>    <figure class=\"wp-block-gallery has-nested-images columns-default is-cropped wp-block-gallery-4 is-layout-flex wp-block-gallery-is-layout-flex\"> <figure class=\"wp-block-image size-large\"><img loading=\"lazy\" decoding=\"async\" width=\"720\" height=\"540\" data-id=\"2727\" src=\"https:\/\/bestcharcoalmachine.com\/wp-content\/uploads\/2022\/02\/wood.jpg\" alt=\"Holz\" class=\"wp-image-2727\"\/><\/figure>    <figure class=\"wp-block-image size-large\"><img loading=\"lazy\" decoding=\"async\" width=\"720\" height=\"540\" data-id=\"2728\" src=\"https:\/\/bestcharcoalmachine.com\/wp-content\/uploads\/2022\/02\/wood-block-machine-1.jpg\" alt=\"Holzblockmaschine\" class=\"wp-image-2728\"\/><\/figure> <\/figure>    <figure class=\"wp-block-gallery has-nested-images columns-default is-cropped wp-block-gallery-5 is-layout-flex wp-block-gallery-is-layout-flex\"> <figure class=\"wp-block-image size-large\"><img loading=\"lazy\" decoding=\"async\" width=\"720\" height=\"540\" data-id=\"2729\" src=\"https:\/\/bestcharcoalmachine.com\/wp-content\/uploads\/2022\/02\/loading-1.jpg\" alt=\"\" class=\"wp-image-2729\"\/><figcaption>Laden<\/figcaption><\/figure>    <figure class=\"wp-block-image size-large\"><img loading=\"lazy\" decoding=\"async\" width=\"720\" height=\"540\" data-id=\"2730\" src=\"https:\/\/bestcharcoalmachine.com\/wp-content\/uploads\/2022\/02\/machine.jpg\" alt=\"Maschine\" class=\"wp-image-2730\"\/><figcaption>Maschine<\/figcaption><\/figure> <\/figure>","protected":false},"excerpt":{"rendered":"<p>The wood block machine is mainly used to heat and press wood chips to produce pallet foot blocks. The resulting wood blocks are smooth and flat in appearance and are ideal for making foot piers and legs on wooden pallets. The equipment is simple in structure, easy to operate. Our compressed wood block making machine [&hellip;]<\/p>\n","protected":false},"author":1,"featured_media":2710,"parent":0,"template":"","tags":[],"product-type":[50],"class_list":["post-2708","product","type-product","status-publish","has-post-thumbnail","hentry","product-type-biomass-briquette-machine"],"_links":{"self":[{"href":"https:\/\/bestcharcoalmachine.com\/de\/wp-json\/wp\/v2\/product\/2708","targetHints":{"allow":["GET"]}}],"collection":[{"href":"https:\/\/bestcharcoalmachine.com\/de\/wp-json\/wp\/v2\/product"}],"about":[{"href":"https:\/\/bestcharcoalmachine.com\/de\/wp-json\/wp\/v2\/types\/product"}],"author":[{"embeddable":true,"href":"https:\/\/bestcharcoalmachine.com\/de\/wp-json\/wp\/v2\/users\/1"}],"wp:featuredmedia":[{"embeddable":true,"href":"https:\/\/bestcharcoalmachine.com\/de\/wp-json\/wp\/v2\/media\/2710"}],"wp:attachment":[{"href":"https:\/\/bestcharcoalmachine.com\/de\/wp-json\/wp\/v2\/media?parent=2708"}],"wp:term":[{"taxonomy":"post_tag","embeddable":true,"href":"https:\/\/bestcharcoalmachine.com\/de\/wp-json\/wp\/v2\/tags?post=2708"},{"taxonomy":"product-type","embeddable":true,"href":"https:\/\/bestcharcoalmachine.com\/de\/wp-json\/wp\/v2\/product-type?post=2708"}],"curies":[{"name":"wp","href":"https:\/\/api.w.org\/{rel}","templated":true}]}}