{"id":2688,"date":"2022-02-11T09:18:40","date_gmt":"2022-02-11T09:18:40","guid":{"rendered":"https:\/\/bestcharcoalmachine.com\/"},"modified":"2023-02-09T11:44:51","modified_gmt":"2023-02-09T03:44:51","slug":"newest-charcoal-making-machine","status":"publish","type":"product","link":"https:\/\/bestcharcoalmachine.com\/de\/product\/newest-charcoal-making-machine\/","title":{"rendered":"Neueste Holzkohleherstellungsmaschine | Karbonisierungsofen aus Kokosnussschalen"},"content":{"rendered":"<div class=\"kk-star-ratings kksr-auto kksr-align-left kksr-valign-top\"     data-payload='{&quot;align&quot;:&quot;left&quot;,&quot;id&quot;:&quot;2688&quot;,&quot;slug&quot;:&quot;default&quot;,&quot;valign&quot;:&quot;top&quot;,&quot;ignore&quot;:&quot;&quot;,&quot;reference&quot;:&quot;auto&quot;,&quot;class&quot;:&quot;&quot;,&quot;count&quot;:&quot;26&quot;,&quot;legendonly&quot;:&quot;&quot;,&quot;readonly&quot;:&quot;&quot;,&quot;score&quot;:&quot;4.8&quot;,&quot;starsonly&quot;:&quot;&quot;,&quot;best&quot;:&quot;5&quot;,&quot;gap&quot;:&quot;5&quot;,&quot;greet&quot;:&quot;Rate this product&quot;,&quot;legend&quot;:&quot;4.8\\\/5 - (26 votes)&quot;,&quot;size&quot;:&quot;24&quot;,&quot;title&quot;:&quot;Newest Charcoal Making Machine | Coconut Shell Carbonization Furnace&quot;,&quot;width&quot;:&quot;136.7&quot;,&quot;_legend&quot;:&quot;{score}\\\/{best} - ({count} {votes})&quot;,&quot;font_factor&quot;:&quot;1.25&quot;}'>              <div class=\"kksr-stars\">      <div class=\"kksr-stars-inactive\">             <div class=\"kksr-star\" data-star=\"1\" style=\"padding-right: 5px\">               <div class=\"kksr-icon\" style=\"width: 24px; height: 24px;\"><\/div>         <\/div>             <div class=\"kksr-star\" data-star=\"2\" style=\"padding-right: 5px\">               <div class=\"kksr-icon\" style=\"width: 24px; height: 24px;\"><\/div>         <\/div>             <div class=\"kksr-star\" data-star=\"3\" style=\"padding-right: 5px\">               <div class=\"kksr-icon\" style=\"width: 24px; height: 24px;\"><\/div>         <\/div>             <div class=\"kksr-star\" data-star=\"4\" style=\"padding-right: 5px\">               <div class=\"kksr-icon\" style=\"width: 24px; height: 24px;\"><\/div>         <\/div>             <div class=\"kksr-star\" data-star=\"5\" style=\"padding-right: 5px\">               <div class=\"kksr-icon\" style=\"width: 24px; height: 24px;\"><\/div>         <\/div>     <\/div>      <div class=\"kksr-stars-active\" style=\"width: 136.7px;\">             <div class=\"kksr-star\" style=\"padding-right: 5px\">               <div class=\"kksr-icon\" style=\"width: 24px; height: 24px;\"><\/div>         <\/div>             <div class=\"kksr-star\" style=\"padding-right: 5px\">               <div class=\"kksr-icon\" style=\"width: 24px; height: 24px;\"><\/div>         <\/div>             <div class=\"kksr-star\" style=\"padding-right: 5px\">               <div class=\"kksr-icon\" style=\"width: 24px; height: 24px;\"><\/div>         <\/div>             <div class=\"kksr-star\" style=\"padding-right: 5px\">               <div class=\"kksr-icon\" style=\"width: 24px; height: 24px;\"><\/div>         <\/div>             <div class=\"kksr-star\" style=\"padding-right: 5px\">               <div class=\"kksr-icon\" style=\"width: 24px; height: 24px;\"><\/div>         <\/div>     <\/div> <\/div>                   <div class=\"kksr-legend\" style=\"font-size: 19.2px;\">             4,8\/5 - (26 Bewertungen)    <\/div>     <\/div>  <p class=\"translation-block\">Die neueste Holzkohlemaschine wird auch als Kokosnussschalen-Karbonisierungsofen bezeichnet, ein neuer umweltfreundlicher Karbonisierungsofen, der von <a href=\"\/de\/\">WOOD machinery<\/a> auf den Markt gebracht wurde. Die neueste Holzkohlemaschine verf\u00fcgt \u00fcber ein modulares Design, das die Installation und Wartung erleichtert. Fortschrittliche Automatisierungstechnologie und pr\u00e4zise Temperaturregelung k\u00f6nnen eine Vielzahl von Rohstoffen verarbeiten. Sie realisiert wirklich die Mehrzwecknutzung einer Maschine, die zur Karbonisierung von Biomasse wie Kokosnussschalen, S\u00e4gemehl und Stroh verwendet werden kann und auch Schlamm und Hausm\u00fcll karbonisieren kann.<\/p>    <figure class=\"wp-block-image aligncenter size-full\"><img loading=\"lazy\" decoding=\"async\" width=\"720\" height=\"540\" src=\"https:\/\/bestcharcoalmachine.com\/wp-content\/uploads\/2022\/02\/coconut-shell-carbonization-furnace.jpg\" alt=\"Karbonisierungsofen f\u00fcr Kokosnussschalen\" class=\"wp-image-2700\"\/><figcaption class=\"wp-element-caption\">Karbonisierungsofen f\u00fcr Kokosnussschalen<\/figcaption><\/figure>    <figure class=\"wp-block-image aligncenter size-full\"><img loading=\"lazy\" decoding=\"async\" width=\"720\" height=\"540\" src=\"https:\/\/bestcharcoalmachine.com\/wp-content\/uploads\/2022\/02\/newest-charcoal-machine.jpg\" alt=\"neueste Holzkohlemaschine\" class=\"wp-image-2701\"\/><figcaption class=\"wp-element-caption\">neueste Holzkohlemaschine<\/figcaption><\/figure>    <h2 class=\"wp-block-heading\" id=\"h-raw-materials-of-newest-charcoal-making-machine\">Rohstoffe der neuesten Maschine zur Holzkohleherstellung<\/h2>    <p>Der neue Karbonisierungsofen kann verschiedene Abfallbiomassen wie Strohhalme, Reisschalen, S\u00e4gemehl, Rinde, Zweige, Kokosnussschalen, Walnussschalen, Palmenschalen, Erdnussschalen, Dattelkerne, Obstschalen, Rinderknochen, Kaffeesatz und Olivenkerne verarbeiten , usw.<\/p>    <figure class=\"wp-block-gallery has-nested-images columns-default is-cropped wp-block-gallery-2 is-layout-flex wp-block-gallery-is-layout-flex\"> <figure class=\"wp-block-image size-large\"><img loading=\"lazy\" decoding=\"async\" width=\"720\" height=\"540\" data-id=\"2690\" src=\"https:\/\/bestcharcoalmachine.com\/wp-content\/uploads\/2022\/02\/materials1.jpg\" alt=\"Materialien\" class=\"wp-image-2690\"\/><\/figure>    <figure class=\"wp-block-image size-large\"><img loading=\"lazy\" decoding=\"async\" width=\"720\" height=\"540\" data-id=\"2691\" src=\"https:\/\/bestcharcoalmachine.com\/wp-content\/uploads\/2022\/02\/newest-charcoal-making-machine1.jpg\" alt=\"neueste Holzkohlemaschine\" class=\"wp-image-2691\"\/><\/figure> <\/figure>    <p>Die kontinuierliche Holzkohlemaschine kann nicht nur unsere gew\u00f6hnlichen Kokosnussschalen oder S\u00e4gesp\u00e4ne karbonisieren, sondern auch fast alle Biomasseabf\u00e4lle und -schl\u00e4mme karbonisieren. Zum Beispiel Hausm\u00fcll, Papierfabrikabf\u00e4lle, Flussschlamm, Industrieschlamm usw. Die Karbonisierung von M\u00fcll ist umweltfreundlicher als die herk\u00f6mmliche Verbrennung, wodurch das M\u00fcllvolumen reduziert, die Umweltverschmutzung verringert und Energie gespart werden kann.<\/p>    <figure class=\"wp-block-image aligncenter size-full\"><img loading=\"lazy\" decoding=\"async\" width=\"720\" height=\"540\" src=\"https:\/\/bestcharcoalmachine.com\/wp-content\/uploads\/2022\/02\/raw-materials1.jpg\" alt=\"Rohstoffe\" class=\"wp-image-2693\"\/><figcaption class=\"wp-element-caption\">Rohstoffe<\/figcaption><\/figure>    <p>Die Holzkohlemaschine kann auch chemische Substanzen wie Aktivkoks, Magnesiumoxid, Natriumoxid usw. verkohlen.<\/p>    <h2 class=\"wp-block-heading\" id=\"h-carbonization-effect-of-charcoal-making-machine\">Karbonisierungseffekt der Holzkohlemaschine<\/h2>    <figure class=\"wp-block-gallery has-nested-images columns-default is-cropped wp-block-gallery-3 is-layout-flex wp-block-gallery-is-layout-flex\"> <figure class=\"wp-block-image size-large\"><img loading=\"lazy\" decoding=\"async\" width=\"720\" height=\"540\" data-id=\"2695\" src=\"https:\/\/bestcharcoalmachine.com\/wp-content\/uploads\/2022\/02\/product.jpg\" alt=\"\" class=\"wp-image-2695\"\/><\/figure>    <figure class=\"wp-block-image size-large\"><img loading=\"lazy\" decoding=\"async\" width=\"720\" height=\"540\" data-id=\"2696\" src=\"https:\/\/bestcharcoalmachine.com\/wp-content\/uploads\/2022\/02\/charcoal.jpg\" alt=\"\" class=\"wp-image-2696\"\/><\/figure> <\/figure>    <h2 class=\"wp-block-heading\" id=\"h-working-principle-of-charcoal-making-machine\">Funktionsprinzip der Holzkohlemaschine<\/h2>    <h3 class=\"wp-block-heading\" id=\"crushing-and-drying\">Zerkleinern und Trocknen<\/h3>    <p class=\"translation-block\">Materialien, die gr\u00f6\u00dfer als 20 mm sind, m\u00fcssen zuerst <a href=\"https:\/\/bestcharcoalmachine.com\/de\/wood-working-equipment\/hammer-mill\/\">zerkleinert<\/a> werden. Dar\u00fcber hinaus m\u00fcssen Materialien mit einer Restfeuchte von mehr als 25 % mit Trocknungsger\u00e4ten getrocknet werden, wie z. B. frische Kokosnussschalen oder Bambus, die im Allgemeinen einen gr\u00f6\u00dferen Feuchtigkeitsgehalt aufweisen.<\/p>    <h3 class=\"wp-block-heading\" id=\"carbonization\">Verkohlung<\/h3>    <p>Der Hauptkarbonisierungsofen wird vorgeheizt, und dann wird das getrocknete Material \u00fcber das F\u00f6rderband zur Zufuhr bef\u00f6rdert und gelangt dann zur Karbonisierung in den Hauptkarbonisierungsofen. Handelt es sich bei dem Rohmaterial um Kokosnussschalen oder andere Fruchtschalen, kann es nach 18-20-min\u00fctiger Karbonisierung \u00fcber das Wasserk\u00fchlsystem ausgetragen werden.<\/p>    <h3 class=\"wp-block-heading\" id=\"generate-flammable-gas\">Entz\u00fcndbares Gas erzeugen<\/h3>    <p>Nach etwa 20 Minuten Zufuhr entsteht brennbares Gas, das zun\u00e4chst zur Reinigung in das Zyklon-Entstaubungssystem und dann in den Kondensator gelangt, wo es in Holzessig und Teer getrennt wird. Das restliche Gas wird durch das Saugzuggebl\u00e4se aus dem Hauptofen gesaugt und dort erhitzt.<\/p>    <h3 class=\"wp-block-heading\" id=\"utilize-and-treat-waste-gas\">Abgas nutzen und behandeln<\/h3>    <p>Ein Teil der Abw\u00e4rme des Rauchgases kann zum Beheizen des Trockners verwendet werden, und das verbleibende Rauchgas wird durch Wasserreinigung, Wasserbespr\u00fchung und andere Staubentfernungssysteme abgef\u00fchrt.<\/p>    <h2 class=\"wp-block-heading\" id=\"h-advantages-of-coconut-shell-carbonization-furnace\">Vorteile des Karbonisierungsofens aus Kokosnussschalen<\/h2>    <ul class=\"wp-block-list\"> <li>Das von der Maschine w\u00e4hrend des Karbonisierungsprozesses erzeugte Rauchgas wird durch mehrere Entstaubungsger\u00e4te behandelt, um die Standard-Emissionsanforderungen zu erf\u00fcllen.<\/li>    <li>Obwohl die Karbonisierungstemperatur mehrere hundert Grad betr\u00e4gt, liegt die Temperatur des Geh\u00e4uses unter 35 \u00b0C, was die Sicherheit der Arbeiter und der Arbeitsumgebung gew\u00e4hrleisten kann.<\/li>    <li>Die Brennkammer der neuesten Maschine zur Holzkohleherstellung besteht aus Keramikfasern, die eine gute W\u00e4rmeisolationswirkung haben und eine Lebensdauer von bis zu 12 Jahren haben, wodurch eine Sekund\u00e4rverschmutzung der Gussst\u00fccke vermieden wird.<\/li>    <li>Der Karbonisierungsofen verf\u00fcgt \u00fcber einen hohen Automatisierungsgrad und nutzt eine intelligente Ger\u00e4testeuerung und Frequenzumwandlungstechnologie, um die Temperatur anzupassen und die Maschine energiesparender zu machen<\/li>    <li>Der kontinuierliche Karbonisierungsofen verf\u00fcgt \u00fcber ein Doppelofendesign, um eine mehrstufige thermische Struktur zu bilden. Der Innenzylinder wird vorgew\u00e4rmt und getrocknet, und der thermische Wirkungsgrad ist h\u00f6her, wodurch die Kohlenstoffherstellungsmaschine energiesparender wird.<\/li> <\/ul>    <figure class=\"wp-block-image aligncenter size-full\"><img loading=\"lazy\" decoding=\"async\" width=\"720\" height=\"540\" src=\"https:\/\/bestcharcoalmachine.com\/wp-content\/uploads\/2022\/02\/double-furnace.jpg\" alt=\"Doppelofen\" class=\"wp-image-2702\"\/><figcaption class=\"wp-element-caption\">Doppelofen<\/figcaption><\/figure>    <h2 class=\"wp-block-heading\" id=\"charcoal-making-machine-parameters\">Parameter der Holzkohlemaschine<\/h2>    <figure class=\"wp-block-table\"><table><tbody><tr><td>Modell<\/td><td>WD-0812<\/td><td>WD-1015<\/td><td>WD-1218<\/td><td>WD-1320<\/td><\/tr><tr><td>St\u00fcndliche Futterkapazit\u00e4t<\/td><td>500kg<\/td><td>0,8\u20131\u00a0Tonnen<\/td><td>1,5-2 Tonnen<\/td><td>2,5-3 Tonnen<\/td><\/tr><tr><td>Arbeitsweise<\/td><td>Kontinuierliche Karbonisierung<\/td><td><\/td><td><\/td><td><\/td><\/tr><tr><td>Reaktorgr\u00f6\u00dfe<\/td><td>800mm<\/td><td>1000 mm<\/td><td>1300 mm<\/td><td>1700 mm<\/td><\/tr><tr><td>Heizmaterialien<\/td><td>Holzkohle, Holz, Diesel, Erdgas, Fl\u00fcssiggas, Biomassepellets usw.<\/td><td><\/td><td><\/td><td><\/td><\/tr><tr><td>Gesamtleistung<\/td><td>40 kW\/h<\/td><td>55 kW\/h<\/td><td>60 kW\/h<\/td><td>72 kW\/h<\/td><\/tr><tr><td>Grundfl\u00e4che (L*B*H)<\/td><td>30m*15m*7m<\/td><td>35*15*7m<\/td><td>45*15*10m<\/td><td>50*15*10m<\/td><\/tr><tr><td>Betriebsdruck<\/td><td>Konstanter Druck<\/td><td>Konstanter Druck<\/td><td>Konstanter Druck<\/td><td>Konstanter Druck<\/td><\/tr><tr><td>K\u00fchlmethode<\/td><td>Recycling-Wasserk\u00fchlung<\/td><td><\/td><td><\/td><td><\/td><\/tr><\/tbody><\/table><\/figure>    <p>Es gibt verschiedene Heizmethoden, darunter Holzkohle, Holz, Diesel, Erdgas, Fl\u00fcssiggas, Biomassepellets usw. Kunden sollten auf die Fl\u00e4che achten, die der Karbonisierungsofen einnimmt, der kleinste ben\u00f6tigt 35 x 15 x 7 m.<\/p>    <h2 class=\"wp-block-heading\" id=\"h-loading-and-delivery-of-newest-carbonization-furnace\">Beladung und Lieferung des neuesten Karbonisierungsofens<\/h2>    <figure class=\"wp-block-gallery has-nested-images columns-default is-cropped wp-block-gallery-4 is-layout-flex wp-block-gallery-is-layout-flex\"> <figure class=\"wp-block-image size-large\"><img loading=\"lazy\" decoding=\"async\" width=\"720\" height=\"540\" data-id=\"2698\" src=\"https:\/\/bestcharcoalmachine.com\/wp-content\/uploads\/2022\/02\/loading.jpg\" alt=\"\" class=\"wp-image-2698\"\/><\/figure>    <figure class=\"wp-block-image size-large\"><img loading=\"lazy\" decoding=\"async\" width=\"720\" height=\"540\" data-id=\"2699\" src=\"https:\/\/bestcharcoalmachine.com\/wp-content\/uploads\/2022\/02\/charcoal-making-machine.jpg\" alt=\"\" class=\"wp-image-2699\"\/><\/figure> <\/figure>    <p>Malaysia ist reich an nat\u00fcrlichen Ressourcen und es gibt viele B\u00e4ume. Um das Altholz optimal nutzen zu k\u00f6nnen, hat die \u00f6rtliche Holzverarbeitungsfabrik unseren Karbonisierungsofen zur Karbonisierung gekauft. Palmenschalen und Schnittholz werden direkt verkauft, um zus\u00e4tzlichen Gewinn zu erzielen. <\/p>    <p>Sie entschieden sich f\u00fcr die Holzkohlemaschine WD-1015, die 0,8\u20131\u00a0Tonnen pro Stunde produzieren kann. Nachdem sie den Verkohlungsofen erhalten hatten, gr\u00fcndeten sie ihr eigenes Holzkohlegesch\u00e4ft.<\/p>    <figure class=\"wp-block-image aligncenter size-full\"><img loading=\"lazy\" decoding=\"async\" width=\"720\" height=\"540\" src=\"https:\/\/bestcharcoalmachine.com\/wp-content\/uploads\/2022\/02\/charcoal-machine.png\" alt=\"Kohlemaschine\" class=\"wp-image-2705\"\/><figcaption class=\"wp-element-caption\">WD-1015 Holzkohlemaschine in Malaysia<\/figcaption><\/figure>","protected":false},"excerpt":{"rendered":"<p>The newest charcoal making machine is also called the coconut shell carbonization furnace, which is a new environmentally friendly carbonization furnace launched by WOOD machinery. The newest charcoal making machine adopts a modular design, which is easy for installation and maintenance. Advanced automation technology and precise temperature control can deal with a wide range of [&hellip;]<\/p>\n","protected":false},"author":1,"featured_media":2694,"parent":0,"template":"","tags":[],"product-type":[47],"class_list":["post-2688","product","type-product","status-publish","has-post-thumbnail","hentry","product-type-carbonization-furnace"],"_links":{"self":[{"href":"https:\/\/bestcharcoalmachine.com\/de\/wp-json\/wp\/v2\/product\/2688","targetHints":{"allow":["GET"]}}],"collection":[{"href":"https:\/\/bestcharcoalmachine.com\/de\/wp-json\/wp\/v2\/product"}],"about":[{"href":"https:\/\/bestcharcoalmachine.com\/de\/wp-json\/wp\/v2\/types\/product"}],"author":[{"embeddable":true,"href":"https:\/\/bestcharcoalmachine.com\/de\/wp-json\/wp\/v2\/users\/1"}],"wp:featuredmedia":[{"embeddable":true,"href":"https:\/\/bestcharcoalmachine.com\/de\/wp-json\/wp\/v2\/media\/2694"}],"wp:attachment":[{"href":"https:\/\/bestcharcoalmachine.com\/de\/wp-json\/wp\/v2\/media?parent=2688"}],"wp:term":[{"taxonomy":"post_tag","embeddable":true,"href":"https:\/\/bestcharcoalmachine.com\/de\/wp-json\/wp\/v2\/tags?post=2688"},{"taxonomy":"product-type","embeddable":true,"href":"https:\/\/bestcharcoalmachine.com\/de\/wp-json\/wp\/v2\/product-type?post=2688"}],"curies":[{"name":"wp","href":"https:\/\/api.w.org\/{rel}","templated":true}]}}