{"id":2433,"date":"2022-01-17T08:46:49","date_gmt":"2022-01-17T08:46:49","guid":{"rendered":"https:\/\/bestcharcoalmachine.com\/?page_id=2433"},"modified":"2022-03-11T10:08:59","modified_gmt":"2022-03-11T10:08:59","slug":"mineral-powder-briquetting-line","status":"publish","type":"product","link":"https:\/\/bestcharcoalmachine.com\/de\/product\/mineral-powder-briquetting-line\/","title":{"rendered":"Brikettieranlage f\u00fcr Mineralpulver | Holzkohle-Kugelpressmaschine"},"content":{"rendered":"<div class=\"kk-star-ratings kksr-auto kksr-align-left kksr-valign-top\"     data-payload='{&quot;align&quot;:&quot;left&quot;,&quot;id&quot;:&quot;2433&quot;,&quot;slug&quot;:&quot;default&quot;,&quot;valign&quot;:&quot;top&quot;,&quot;ignore&quot;:&quot;&quot;,&quot;reference&quot;:&quot;auto&quot;,&quot;class&quot;:&quot;&quot;,&quot;count&quot;:&quot;8&quot;,&quot;legendonly&quot;:&quot;&quot;,&quot;readonly&quot;:&quot;&quot;,&quot;score&quot;:&quot;4.7&quot;,&quot;starsonly&quot;:&quot;&quot;,&quot;best&quot;:&quot;5&quot;,&quot;gap&quot;:&quot;5&quot;,&quot;greet&quot;:&quot;Rate this product&quot;,&quot;legend&quot;:&quot;4.7\\\/5 - (8 votes)&quot;,&quot;size&quot;:&quot;24&quot;,&quot;title&quot;:&quot;Mineral Powder Briquetting Line | Charcoal  Ball Press Machine&quot;,&quot;width&quot;:&quot;133.8&quot;,&quot;_legend&quot;:&quot;{score}\\\/{best} - ({count} {votes})&quot;,&quot;font_factor&quot;:&quot;1.25&quot;}'>              <div class=\"kksr-stars\">      <div class=\"kksr-stars-inactive\">             <div class=\"kksr-star\" data-star=\"1\" style=\"padding-right: 5px\">               <div class=\"kksr-icon\" style=\"width: 24px; height: 24px;\"><\/div>         <\/div>             <div class=\"kksr-star\" data-star=\"2\" style=\"padding-right: 5px\">               <div class=\"kksr-icon\" style=\"width: 24px; height: 24px;\"><\/div>         <\/div>             <div class=\"kksr-star\" data-star=\"3\" style=\"padding-right: 5px\">               <div class=\"kksr-icon\" style=\"width: 24px; height: 24px;\"><\/div>         <\/div>             <div class=\"kksr-star\" data-star=\"4\" style=\"padding-right: 5px\">               <div class=\"kksr-icon\" style=\"width: 24px; height: 24px;\"><\/div>         <\/div>             <div class=\"kksr-star\" data-star=\"5\" style=\"padding-right: 5px\">               <div class=\"kksr-icon\" style=\"width: 24px; height: 24px;\"><\/div>         <\/div>     <\/div>      <div class=\"kksr-stars-active\" style=\"width: 133.8px;\">             <div class=\"kksr-star\" style=\"padding-right: 5px\">               <div class=\"kksr-icon\" style=\"width: 24px; height: 24px;\"><\/div>         <\/div>             <div class=\"kksr-star\" style=\"padding-right: 5px\">               <div class=\"kksr-icon\" style=\"width: 24px; height: 24px;\"><\/div>         <\/div>             <div class=\"kksr-star\" style=\"padding-right: 5px\">               <div class=\"kksr-icon\" style=\"width: 24px; height: 24px;\"><\/div>         <\/div>             <div class=\"kksr-star\" style=\"padding-right: 5px\">               <div class=\"kksr-icon\" style=\"width: 24px; height: 24px;\"><\/div>         <\/div>             <div class=\"kksr-star\" style=\"padding-right: 5px\">               <div class=\"kksr-icon\" style=\"width: 24px; height: 24px;\"><\/div>         <\/div>     <\/div> <\/div>                   <div class=\"kksr-legend\" style=\"font-size: 19.2px;\">             4,7\/5 - (8 Stimmen)    <\/div>     <\/div>  <div class=\"wp-block-image\"><figure class=\"aligncenter size-full\"><img loading=\"lazy\" decoding=\"async\" width=\"720\" height=\"540\" src=\"https:\/\/bestcharcoalmachine.com\/wp-content\/uploads\/2022\/01\/mineral-powder-briquetting-line-1.jpg\" alt=\"Brikettieranlage f\u00fcr Mineralpulver\" class=\"wp-image-2439\"\/><figcaption>Brikettieranlage f\u00fcr Mineralpulver<\/figcaption><\/figure><\/div>    <p>Die Brikettierlinie f\u00fcr Mineralpulver wird haupts\u00e4chlich f\u00fcr den Brikettierprozess verschiedener Erzpulver, Abf\u00e4lle aus der Stahl- oder H\u00fcttenindustrie, Holzkohlepulver, Schlamm, Stahlschlacke usw. verwendet. Die gesamte Produktionslinie umfasst haupts\u00e4chlich Brecher, Radschleifm\u00fchle, Formmaschine usw Trockner. Die Holzkohlebrikettmaschine komprimiert den Mineralstaub zu Bl\u00f6cken und verwendet sie wieder, was die Verschwendung von Ressourcen reduziert und Energiekosten spart. Daher wird die Mineralpulverformungslinie von vielen Menschen in der Branche begr\u00fc\u00dft.<\/p>    <h2 class=\"wp-block-heading\" id=\"h-raw-materials-of-mineral-powder-briquetting-line\">Rohstoffe der Brikettieranlage f\u00fcr Mineralpulver<\/h2>    <p>Zu den Rohstoffen der Mineralpulver-Brikettierungslinie geh\u00f6ren Holzkohlepulver und verschiedene Mineralpulver. Holzkohlepulver wird durch Karbonisieren von Baumst\u00e4mmen, Kokosnussschalen usw. hergestellt. Unter Mineralpulver versteht man im Allgemeinen das Pulver, das nach der Verarbeitung der abgebauten Erze gewonnen wird. Zu den \u00fcblichen Mineralpulvern geh\u00f6ren Eisenerzpulver, Manganerz, Chromerz, Kiesels\u00e4ure, Bauxit, Fluorit, Magnesit, Dolomit, Kalkstein, Branntkalk, Kupfererz usw.<\/p>    <div class=\"wp-block-image\"><figure class=\"aligncenter size-full\"><img loading=\"lazy\" decoding=\"async\" width=\"720\" height=\"540\" src=\"https:\/\/bestcharcoalmachine.com\/wp-content\/uploads\/2022\/01\/mineral-powder-briquetting-line.jpg\" alt=\"Brikettieranlage f\u00fcr Mineralpulver\" class=\"wp-image-2438\"\/><figcaption>Mineralpulver <\/figcaption><\/figure><\/div>    <h2 class=\"wp-block-heading\">Vorbereitung vor dem Erzpulverformen<\/h2>    <h3 class=\"wp-block-heading\">Mahlen Sie Materialien zu Pulver<\/h3>    <p class=\"translation-block\">Die Gewinnung von Pulver mit kleinen Partikeln ist das Erste, was wir im Mineralformungsprozess tun m\u00fcssen. Ein Zerkleinerer wird ben\u00f6tigt, um Rohstoffe zu mahlen. Eine <a href=\"https:\/\/bestcharcoalmachine.com\/de\/wood-working-equipment\/hammer-mill\/\">Schlagm\u00fchle<\/a> kann Holzkohlebl\u00f6cke in fein gemahlenes Holzkohlepulver zermahlen. Und ein <a href=\"https:\/\/bestcharcoalmachine.com\/de\/grinder-and-mixer\/compound-coal-crusher\/\">Kombizerkleinerer<\/a> wird mit vielen Arten von Mineralmaterialien umgehen.<\/p>    <figure class=\"wp-block-gallery has-nested-images columns-default is-cropped wp-block-gallery-2 is-layout-flex wp-block-gallery-is-layout-flex\"> <figure class=\"wp-block-image size-large\"><img loading=\"lazy\" decoding=\"async\" width=\"720\" height=\"540\" data-id=\"2220\" src=\"https:\/\/bestcharcoalmachine.com\/wp-content\/uploads\/2021\/11\/wood-hammer-mill-of-the-charcoal-briquette-production-line.jpg\" alt=\"Holzhammerm\u00fchle\" class=\"wp-image-2220\" srcset=\"https:\/\/bestcharcoalmachine.com\/wp-content\/uploads\/2021\/11\/wood-hammer-mill-of-the-charcoal-briquette-production-line.jpg 720w, https:\/\/bestcharcoalmachine.com\/wp-content\/uploads\/2021\/11\/wood-hammer-mill-of-the-charcoal-briquette-production-line-300x225.jpg 300w\" sizes=\"auto, (max-width: 720px) 100vw, 720px\" \/><figcaption>Holzkohlehammerm\u00fchle<\/figcaption><\/figure>    <figure class=\"wp-block-image size-large\"><img loading=\"lazy\" decoding=\"async\" width=\"720\" height=\"540\" data-id=\"2414\" src=\"https:\/\/bestcharcoalmachine.com\/wp-content\/uploads\/2022\/01\/coal-crusher.jpg\" alt=\"Verbundbrecher\" class=\"wp-image-2414\"\/><figcaption>Verbundbrecher<\/figcaption><\/figure> <\/figure>    <h3 class=\"wp-block-heading\">Bindemittel und Wasser vorbereiten<\/h3>    <p class=\"translation-block\">Mineralpulver ist schwieriger zu briquetieren als andere Materialien aufgrund seiner geringen Plastizit\u00e4t, und wir ben\u00f6tigen hohen Druck und gleichm\u00e4\u00dfig verteilte Bindemittel, um sie zu Kugeln zu pressen. Vor der Formung ist es sehr wichtig, eine <a href=\"https:\/\/bestcharcoalmachine.com\/de\/grinder-and-mixer\/charcoal-wheel-grinding-mill\/\">Scheibenmahlmaschine<\/a> zu verwenden, um das Mineralpulver gleichm\u00e4\u00dfig mit Wasser und Bindemittel zu mischen. Dieser Schritt wird Ihnen helfen, hochwertige Briketts herzustellen. Verschiedene Mineralpulver erfordern unterschiedliche Bindemittel, um einen besseren Misch-Effekt zu erzielen. WOOD Machinery kann Ihre Zutaten mit dem geeignetsten Kleber abstimmen.<\/p>    <div class=\"wp-block-image\"><figure class=\"aligncenter size-full\"><img loading=\"lazy\" decoding=\"async\" width=\"720\" height=\"540\" src=\"https:\/\/bestcharcoalmachine.com\/wp-content\/uploads\/2021\/12\/3-mixing-and-pressing.jpg\" alt=\"Mischen und Pressen\" class=\"wp-image-1778\" srcset=\"https:\/\/bestcharcoalmachine.com\/wp-content\/uploads\/2021\/12\/3-mixing-and-pressing.jpg 720w, https:\/\/bestcharcoalmachine.com\/wp-content\/uploads\/2021\/12\/3-mixing-and-pressing-300x225.jpg 300w\" sizes=\"auto, (max-width: 720px) 100vw, 720px\" \/><figcaption>Mischen und Pressen<\/figcaption><\/figure><\/div>    <h3 class=\"wp-block-heading\">W\u00e4hlen Sie eine geeignete Brikettiermaschine f\u00fcr Mineralien<\/h3>    <p class=\"translation-block\">Der hohe Druck der <a href=\"https:\/\/bestcharcoalmachine.com\/de\/charcoal-briquette-machine\/charcoal-ball-press-machine\/\">Holzkohle-Briquettingmaschine<\/a> verwandelt das Mineralpulver in hochdichte Holzkohlekugeln. Dies ist der wichtigste Schritt der Mineralpulverbriquettenlinie. Allgemein gesagt, je gr\u00f6\u00dfer das Modell, desto h\u00f6her der Druck und desto h\u00f6her die Dichte des Endprodukts. Da unterschiedliche Rohstoffe unterschiedliche Dr\u00fccke erfordern, k\u00f6nnen die Kunden die passende Druckmaschine gem\u00e4\u00df den Eigenschaften ihrer eigenen Rohstoffe ausw\u00e4hlen.<\/p>    <div class=\"wp-block-image\"><figure class=\"aligncenter size-full\"><img loading=\"lazy\" decoding=\"async\" width=\"720\" height=\"540\" src=\"https:\/\/bestcharcoalmachine.com\/wp-content\/uploads\/2021\/12\/charcoal-ball-press-machine-2.jpg\" alt=\"Holzkohle-Kugelpressmaschine\" class=\"wp-image-1826\" srcset=\"https:\/\/bestcharcoalmachine.com\/wp-content\/uploads\/2021\/12\/charcoal-ball-press-machine-2.jpg 720w, https:\/\/bestcharcoalmachine.com\/wp-content\/uploads\/2021\/12\/charcoal-ball-press-machine-2-300x225.jpg 300w\" sizes=\"auto, (max-width: 720px) 100vw, 720px\" \/><figcaption>Holzkohle-Kugelpressmaschine<\/figcaption><\/figure><\/div>    <h2 class=\"wp-block-heading\">Ausgestattete Trockner der Brikettierlinie f\u00fcr Mineralpulver<\/h2>    <p class=\"translation-block\">Das Trocknen entfernt \u00fcbersch\u00fcssige Feuchtigkeit aus den Mineralb\u00e4llen. Wenn sie nicht getrocknet und direkt verpackt werden, wird dies die Verbrennungseffizienz beeintr\u00e4chtigen. WOOD Machinery verkauft zwei Arten von Trocknungsger\u00e4ten: <a href=\"https:\/\/bestcharcoalmachine.com\/de\/drying-machine\/box-type-charcoal-dryer\/\">Trocknungsraum<\/a> und <a href=\"https:\/\/bestcharcoalmachine.com\/de\/drying-machine\/mesh-belt-dryer\/\">Gitterbandtrockner<\/a>. Die von der Briquettingmaschine hergestellten Briketts werden im Trocknungsraum auf Regalen platziert und mit hei\u00dfer Luftzirkulation getrocknet. Der Gitterbandtrockner verwendet einen mehrschichtigen Edelstahl- oder Kohlenstahl-Gitterbandantrieb, um hei\u00dfe Luft zur Trocknung zuzuf\u00fchren.<\/p>    <figure class=\"wp-block-gallery has-nested-images columns-default is-cropped wp-block-gallery-3 is-layout-flex wp-block-gallery-is-layout-flex\"> <figure class=\"wp-block-image size-large\"><img loading=\"lazy\" decoding=\"async\" width=\"720\" height=\"540\" data-id=\"2242\" src=\"https:\/\/bestcharcoalmachine.com\/wp-content\/uploads\/2021\/12\/Box-type-Charcoal-Dryer-3.jpg\" alt=\"Kastenf\u00f6rmiger Holzkohletrockner\" class=\"wp-image-2242\" srcset=\"https:\/\/bestcharcoalmachine.com\/wp-content\/uploads\/2021\/12\/Box-type-Charcoal-Dryer-3.jpg 720w, https:\/\/bestcharcoalmachine.com\/wp-content\/uploads\/2021\/12\/Box-type-Charcoal-Dryer-3-300x225.jpg 300w\" sizes=\"auto, (max-width: 720px) 100vw, 720px\" \/><figcaption>Kastenf\u00f6rmiger Holzkohletrockner<\/figcaption><\/figure>    <figure class=\"wp-block-image size-large\"><img loading=\"lazy\" decoding=\"async\" width=\"720\" height=\"540\" data-id=\"2244\" src=\"https:\/\/bestcharcoalmachine.com\/wp-content\/uploads\/2021\/12\/Mesh-Belt-Dryer-4.jpg\" alt=\"Mesh-Bandtrockner\" class=\"wp-image-2244\" srcset=\"https:\/\/bestcharcoalmachine.com\/wp-content\/uploads\/2021\/12\/Mesh-Belt-Dryer-4.jpg 720w, https:\/\/bestcharcoalmachine.com\/wp-content\/uploads\/2021\/12\/Mesh-Belt-Dryer-4-300x225.jpg 300w\" sizes=\"auto, (max-width: 720px) 100vw, 720px\" \/><figcaption>Netzbandtrockner<\/figcaption><\/figure> <\/figure>    <h2 class=\"wp-block-heading\" id=\"h-pakaging-machine-of-charcoal-powder-forming-process\">Verpackungsmaschine f\u00fcr den Prozess der Bildung von Holzkohlepulver<\/h2>    <p class=\"translation-block\">Eine <a href=\"https:\/\/bestcharcoalmachine.com\/de\/briquettes-packing-machine\/charcoal-briquette-packing-machine-2\/\"> quantitative Verpackungsmaschine <\/a>wird zum Verpacken regul\u00e4r geformter Kohle-Kugeln und Mineralbriketts verwendet. Das Gewicht kann gem\u00e4\u00df den Anforderungen der Kunden festgelegt werden. Nach dem Verpacken k\u00f6nnen sie direkt verkauft werden.<\/p>    <div class=\"wp-block-image\"><figure class=\"aligncenter size-full\"><img loading=\"lazy\" decoding=\"async\" width=\"720\" height=\"540\" src=\"https:\/\/bestcharcoalmachine.com\/wp-content\/uploads\/2022\/01\/packing-machine.jpg\" alt=\"Packmaschine\" class=\"wp-image-2428\"\/><figcaption>Packmaschine<\/figcaption><\/figure><\/div>    <h2 class=\"wp-block-heading\">Notwendigkeit einer Holzkohle-Kugelpresse<\/h2>    <p>Einerseits kann die Produktionslinie zur Brikettierung von Erzpulver das Abfallmaterial im Prozess der Metallurgie und Eisenverh\u00fcttung formen. Es kann die Abfallverwertung realisieren und Energie sparen. Gegenw\u00e4rtig werden die meisten Pulvermaterialien in der metallurgischen Industrie entsorgt, was zu einer gro\u00dfen Verschwendung mineralischer Ressourcen f\u00fchrt. Da Energie immer knapper wird, erfreuen sich Pressmaschinen f\u00fcr Mineralkugeln immer gr\u00f6\u00dferer Beliebtheit auf dem Markt.<\/p>    <div class=\"wp-block-image\"><figure class=\"aligncenter size-full\"><img loading=\"lazy\" decoding=\"async\" width=\"720\" height=\"540\" src=\"https:\/\/bestcharcoalmachine.com\/wp-content\/uploads\/2022\/01\/mineral-powder-briquettes.jpg\" alt=\"Mineralpulverbriketts\" class=\"wp-image-2437\"\/><figcaption>Mineralpulverbriketts<\/figcaption><\/figure><\/div>    <p>Andererseits haben die hergestellten Briketts eine einheitliche Partikelgr\u00f6\u00dfe, eine stabile Zusammensetzung und bessere Schmelzeigenschaften. Wenn aus den urspr\u00fcnglich ungeformten Materialien normale Briketts werden, ist der Transport viel einfacher. Die Brikettiermaschine f\u00fcr Mineralpulver kann nach dem Komprimieren des Mineralpulvers in Bl\u00f6cke Platz sparen, sodass der gleiche Raum besser genutzt werden kann.<\/p>    <h2 class=\"wp-block-heading\" id=\"h-application-of-mineral-powder-ball\">Anwendung von Mineralpulverkugeln<\/h2>    <figure class=\"wp-block-gallery has-nested-images columns-default is-cropped wp-block-gallery-4 is-layout-flex wp-block-gallery-is-layout-flex\"> <figure class=\"wp-block-image size-large\"><img loading=\"lazy\" decoding=\"async\" width=\"670\" height=\"452\" data-id=\"3067\" src=\"https:\/\/bestcharcoalmachine.com\/wp-content\/uploads\/2022\/01\/Iron-making1.jpg\" alt=\"Eisen-Herstellung\" class=\"wp-image-3067\"\/><figcaption>Eisen-Herstellung<\/figcaption><\/figure>    <figure class=\"wp-block-image size-large\"><img loading=\"lazy\" decoding=\"async\" width=\"450\" height=\"300\" data-id=\"3071\" src=\"https:\/\/bestcharcoalmachine.com\/wp-content\/uploads\/2022\/01\/Iron-making11.jpg\" alt=\"\" class=\"wp-image-3071\"\/><\/figure> <\/figure>    <p>Mineralpulverkugeln k\u00f6nnen f\u00fcr die Eisenherstellung im Hochofen verwendet werden. Das Eisenerzpulver wird mit einem bestimmten Bindemittel vermischt, um nach dem Hochtemperaturbacken eine Kugelform zu bilden, und dann in den Hochofen gegeben. Auf diese Weise wird die Luftdurchl\u00e4ssigkeit des Hochofens verbessert und der pH-Wert des Hochofens kann angepasst werden.<\/p>    <p>Nachdem das konzentrierte Pulver und das Kalksteinpulver gleichm\u00e4\u00dfig vermischt wurden, werden sie zu gr\u00fcnen Kugeln mit einem Durchmesser von 10\u201330 mm gerollt oder gepresst und in einem Trockner getrocknet, um die Partikel zu verfestigen. Diese Art von Mineralpulverkugeln hat eine gleichm\u00e4\u00dfige Partikelgr\u00f6\u00dfe, gute Luftdurchl\u00e4ssigkeit und Reduzierbarkeit. Allerdings ist die Temperaturkontrolle beim Pelletfeuern strenger als beim Sintern. Mineralpulverkugeln erfordern au\u00dferdem eine feine Partikelgr\u00f6\u00dfe der Rohstoffe und einen geringen Feuchtigkeitsgehalt des Mineralpulvers.<\/p>    <h2 class=\"wp-block-heading\">Ma\u00dfnahmen zur Verbesserung der Qualit\u00e4t von Eisenpulver<\/h2>    <p>Es gibt viele Zerkleinerungsger\u00e4te f\u00fcr Erz. Einige Hersteller entscheiden sich f\u00fcr preisg\u00fcnstige Brecher. Den M\u00e4ngeln der Hersteller zufolge sind der Verbrauch und der Austausch von Hammerk\u00f6pfen und Auskleidungen im Brecher h\u00e4ufig, die Leistung pro Stunde ist gering und der Stromverbrauch hoch. , Die Wartung ist schwierig, die Zeit ist lang und die Betriebsgeschwindigkeit der Ausr\u00fcstung ist niedrig.<\/p>    <p class=\"translation-block\">Wenn der Hersteller fortschrittliche Technologie und einen professionellen <a href=\"https:\/\/bestcharcoalmachine.com\/de\/product\/compound-coal-crusher\/\">Zerkleinerer<\/a> im Zerkleinern- und Mahlenprozess verwendet, kann er viel Strom und Materialverbrauch sparen und gleichzeitig das ideale Erdpulver erhalten.<\/p>    <h2 class=\"wp-block-heading\">Verkaufsdienstleistungen f\u00fcr eine Brikettieranlage f\u00fcr Mineralpulver<\/h2>    <ul class=\"wp-block-list\"><li>Pre-Sales-Service: Bieten Sie Projektplanung, Prozessdesign und entwickeln Sie eine Reihe von Ger\u00e4ten, die zu Ihnen passen. Entwerfen und fertigen Sie die Brikettierlinie f\u00fcr Mineralpulver entsprechend Ihren speziellen Anforderungen und schulen Sie Ihren technischen Betrieb.<\/li><li>In-Sale-Service: Pr\u00e4zise Produktionsausr\u00fcstung und Begleitung unseres Kunden bei der Abnahme der Ausr\u00fcstung, Unterst\u00fctzung bei der Erstellung des Installationsplans und des detaillierten Prozesses.<\/li><li>Unser Unternehmen entsendet Techniker zum Standort des Kunden, um die Installation der Ausr\u00fcstung zu leiten, die Maschine zur Herstellung von Kohlebriketts in die normale Produktion zu bringen und die Bediener in Gebrauch und Wartung zu schulen.<\/li><\/ul>","protected":false},"excerpt":{"rendered":"<p>The mineral powder briquetting line is mainly used for the briquetting process of various ore powders, waste from steelmaking or metallurgical industry, charcoal powder, sludge, steel slag, etc. The whole production line mainly includes crushers, wheel grinding mill, forming machine, and dryer. The charcoal briquette machine compresses the mineral dust into blocks and reuses them, [&hellip;]<\/p>\n","protected":false},"author":1,"featured_media":2439,"parent":0,"template":"","tags":[],"product-type":[52],"class_list":["post-2433","product","type-product","status-publish","has-post-thumbnail","hentry","product-type-product-line"],"_links":{"self":[{"href":"https:\/\/bestcharcoalmachine.com\/de\/wp-json\/wp\/v2\/product\/2433","targetHints":{"allow":["GET"]}}],"collection":[{"href":"https:\/\/bestcharcoalmachine.com\/de\/wp-json\/wp\/v2\/product"}],"about":[{"href":"https:\/\/bestcharcoalmachine.com\/de\/wp-json\/wp\/v2\/types\/product"}],"author":[{"embeddable":true,"href":"https:\/\/bestcharcoalmachine.com\/de\/wp-json\/wp\/v2\/users\/1"}],"wp:featuredmedia":[{"embeddable":true,"href":"https:\/\/bestcharcoalmachine.com\/de\/wp-json\/wp\/v2\/media\/2439"}],"wp:attachment":[{"href":"https:\/\/bestcharcoalmachine.com\/de\/wp-json\/wp\/v2\/media?parent=2433"}],"wp:term":[{"taxonomy":"post_tag","embeddable":true,"href":"https:\/\/bestcharcoalmachine.com\/de\/wp-json\/wp\/v2\/tags?post=2433"},{"taxonomy":"product-type","embeddable":true,"href":"https:\/\/bestcharcoalmachine.com\/de\/wp-json\/wp\/v2\/product-type?post=2433"}],"curies":[{"name":"wp","href":"https:\/\/api.w.org\/{rel}","templated":true}]}}