{"id":2397,"date":"2022-01-14T09:00:36","date_gmt":"2022-01-14T09:00:36","guid":{"rendered":"https:\/\/bestcharcoalmachine.com\/?page_id=2397"},"modified":"2022-03-10T09:23:31","modified_gmt":"2022-03-10T09:23:31","slug":"coal-briquettes-production-line","status":"publish","type":"product","link":"https:\/\/bestcharcoalmachine.com\/de\/product\/coal-briquettes-production-line\/","title":{"rendered":"Produktionslinie f\u00fcr Kohlebriketts | Kohlepulver-Formungslinie"},"content":{"rendered":"<div class=\"kk-star-ratings kksr-auto kksr-align-left kksr-valign-top\"     data-payload='{&quot;align&quot;:&quot;left&quot;,&quot;id&quot;:&quot;2397&quot;,&quot;slug&quot;:&quot;default&quot;,&quot;valign&quot;:&quot;top&quot;,&quot;ignore&quot;:&quot;&quot;,&quot;reference&quot;:&quot;auto&quot;,&quot;class&quot;:&quot;&quot;,&quot;count&quot;:&quot;19&quot;,&quot;legendonly&quot;:&quot;&quot;,&quot;readonly&quot;:&quot;&quot;,&quot;score&quot;:&quot;4.5&quot;,&quot;starsonly&quot;:&quot;&quot;,&quot;best&quot;:&quot;5&quot;,&quot;gap&quot;:&quot;5&quot;,&quot;greet&quot;:&quot;Rate this product&quot;,&quot;legend&quot;:&quot;4.5\\\/5 - (19 votes)&quot;,&quot;size&quot;:&quot;24&quot;,&quot;title&quot;:&quot;Coal Briquettes Production Line | Coal Powder Forming Line&quot;,&quot;width&quot;:&quot;128&quot;,&quot;_legend&quot;:&quot;{score}\\\/{best} - ({count} {votes})&quot;,&quot;font_factor&quot;:&quot;1.25&quot;}'>              <div class=\"kksr-stars\">      <div class=\"kksr-stars-inactive\">             <div class=\"kksr-star\" data-star=\"1\" style=\"padding-right: 5px\">               <div class=\"kksr-icon\" style=\"width: 24px; height: 24px;\"><\/div>         <\/div>             <div class=\"kksr-star\" data-star=\"2\" style=\"padding-right: 5px\">               <div class=\"kksr-icon\" style=\"width: 24px; height: 24px;\"><\/div>         <\/div>             <div class=\"kksr-star\" data-star=\"3\" style=\"padding-right: 5px\">               <div class=\"kksr-icon\" style=\"width: 24px; height: 24px;\"><\/div>         <\/div>             <div class=\"kksr-star\" data-star=\"4\" style=\"padding-right: 5px\">               <div class=\"kksr-icon\" style=\"width: 24px; height: 24px;\"><\/div>         <\/div>             <div class=\"kksr-star\" data-star=\"5\" style=\"padding-right: 5px\">               <div class=\"kksr-icon\" style=\"width: 24px; height: 24px;\"><\/div>         <\/div>     <\/div>      <div class=\"kksr-stars-active\" style=\"width: 128px;\">             <div class=\"kksr-star\" style=\"padding-right: 5px\">               <div class=\"kksr-icon\" style=\"width: 24px; height: 24px;\"><\/div>         <\/div>             <div class=\"kksr-star\" style=\"padding-right: 5px\">               <div class=\"kksr-icon\" style=\"width: 24px; height: 24px;\"><\/div>         <\/div>             <div class=\"kksr-star\" style=\"padding-right: 5px\">               <div class=\"kksr-icon\" style=\"width: 24px; height: 24px;\"><\/div>         <\/div>             <div class=\"kksr-star\" style=\"padding-right: 5px\">               <div class=\"kksr-icon\" style=\"width: 24px; height: 24px;\"><\/div>         <\/div>             <div class=\"kksr-star\" style=\"padding-right: 5px\">               <div class=\"kksr-icon\" style=\"width: 24px; height: 24px;\"><\/div>         <\/div>     <\/div> <\/div>                   <div class=\"kksr-legend\" style=\"font-size: 19.2px;\">             4,5\/5 - (19 Stimmen)    <\/div>     <\/div>  <div class=\"wp-block-image\"><figure class=\"aligncenter size-full\"><img loading=\"lazy\" decoding=\"async\" width=\"720\" height=\"540\" src=\"https:\/\/bestcharcoalmachine.com\/wp-content\/uploads\/2022\/01\/Coal-Briquettes-Production-Line.jpg\" alt=\"Produktionslinie f\u00fcr Kohlebriketts\" class=\"wp-image-2413\"\/><figcaption>Produktionslinie f\u00fcr Kohlebriketts<\/figcaption><\/figure><\/div>    <p>Die Produktionslinie f\u00fcr Kohlebriketts besteht aus einer Reihe von Prozessen zum Pressen von pulverisierter Kohle zu kugel- oder kissenartigen Briketts. Die Ausr\u00fcstung der Kohlepulverformungslinie umfasst einen Kohlepulverisierer, einen Doppelwellenmischer, eine Kohlekugelpressmaschine, einen Trockner und eine Verpackungsmaschine. Die hergestellten Briketts k\u00f6nnen in gro\u00dfem Umfang in h\u00e4uslichen und industriellen Anwendungen eingesetzt werden. WOOD Machinery kann Maschinen und Klebstoffe an die unterschiedlichen Bed\u00fcrfnisse der Kunden anpassen und auch die Maschinen der Produktionslinie anpassen und anpassen. <\/p>    <h2 class=\"wp-block-heading\" id=\"h-raw-material-of-coal-briquettes-production-line\">Rohstoff der Produktionslinie f\u00fcr Kohlebriketts<\/h2>    <p>Der Rohstoff der Produktionslinie f\u00fcr Kohlebriketts ist Kohle. Anschlie\u00dfend wird die Kohle zu fein gemahlenem Kohlepulver gemahlen. Vor der Formung muss der Kohlenstaub in einem bestimmten Verh\u00e4ltnis mit dem Bindemittel und Wasser vermischt werden, was die Viskosit\u00e4t der Briketts erh\u00f6hen und zu einer besseren Formung des Kohlenstaubs beitragen kann.<\/p>    <div class=\"wp-block-image\"><figure class=\"aligncenter size-full\"><img loading=\"lazy\" decoding=\"async\" width=\"720\" height=\"540\" src=\"https:\/\/bestcharcoalmachine.com\/wp-content\/uploads\/2022\/01\/raw-materials1.jpg\" alt=\"\" class=\"wp-image-3004\"\/><figcaption>Umwandlungsprozess von Kohle<\/figcaption><\/figure><\/div>    <h2 class=\"wp-block-heading\">Hauptschritte der Kohlepulverformungslinie<\/h2>    <p>Mahlen \u2013 Mischen \u2013 Formen \u2013 Trocknen \u2013 Verpacken<\/p>    <div class=\"wp-block-media-text alignwide is-stacked-on-mobile\"><figure class=\"wp-block-media-text__media\"><img loading=\"lazy\" decoding=\"async\" width=\"720\" height=\"540\" src=\"https:\/\/bestcharcoalmachine.com\/wp-content\/uploads\/2022\/01\/coal-crusher.jpg\" alt=\"Kohlebrecher\" class=\"wp-image-2414 size-full\"\/><\/figure><div class=\"wp-block-media-text__content\"> <h3 class=\"wp-block-heading\">Schritt 1: Schleifen<\/h3>    <p class=\"translation-block\">Ein <a href=\"https:\/\/bestcharcoalmachine.com\/de\/grinder-and-mixer\/compound-coal-crusher\/\">Zerkleinerer<\/a> ist geeignet f\u00fcr Baustellenmaterialien, Bergbau, Metallurgie, chemische Industrie und andere Branchen. Er wird normalerweise verwendet, um Kalkstein, Kohle und andere Erze zu zerkleinern. In dieser Produktionslinie f\u00fcr Kohlenbriketts wird Kohle in feines pulverisiertes Kohlenpulver zermahlen, das dann \u00fcber ein F\u00f6rderband in einen Doppelwellenmischer geleitet wird.<\/p> <\/div><\/div>    <div class=\"wp-block-media-text alignwide is-stacked-on-mobile\"><figure class=\"wp-block-media-text__media\"><img loading=\"lazy\" decoding=\"async\" width=\"720\" height=\"540\" src=\"https:\/\/bestcharcoalmachine.com\/wp-content\/uploads\/2022\/01\/double-shaft-mixer.jpg\" alt=\"Doppelwellenmischer\" class=\"wp-image-2412 size-full\"\/><\/figure><div class=\"wp-block-media-text__content\"> <h3 class=\"wp-block-heading\">Schritt 2: Mischen<\/h3>    <p>In diesem Schritt werden Kohlenstaub, Bindemittel und Wasser miteinander vermischt. Geben Sie diese drei Zutaten in einem bestimmten Verh\u00e4ltnis zum Mischen in einen Doppelwellenmixer.<\/p> <\/div><\/div>    <div class=\"wp-block-media-text alignwide is-stacked-on-mobile\"><figure class=\"wp-block-media-text__media\"><img loading=\"lazy\" decoding=\"async\" width=\"720\" height=\"540\" src=\"https:\/\/bestcharcoalmachine.com\/wp-content\/uploads\/2021\/12\/charcoal-ball-press-machine-2.jpg\" alt=\"Holzkohle-Kugelpressmaschine\" class=\"wp-image-1826 size-full\" srcset=\"https:\/\/bestcharcoalmachine.com\/wp-content\/uploads\/2021\/12\/charcoal-ball-press-machine-2.jpg 720w, https:\/\/bestcharcoalmachine.com\/wp-content\/uploads\/2021\/12\/charcoal-ball-press-machine-2-300x225.jpg 300w\" sizes=\"auto, (max-width: 720px) 100vw, 720px\" \/><\/figure><div class=\"wp-block-media-text__content\"> <h3 class=\"wp-block-heading\">Schritt 3: Formen<\/h3>    <p class=\"translation-block\">Die <a href=\"https:\/\/bestcharcoalmachine.com\/de\/charcoal-briquette-machine\/charcoal-ball-press-machine\/\">Kohlenballpresse<\/a> verwendet zwei Walzen, um das vorbereitete pulverisierte Kohlenpulver zu pressen und produziert hochdichte Kohlenbriketts durch hohen Druck. Je gr\u00f6\u00dfer das Maschinenmodell, desto gr\u00f6\u00dfer der Druck und desto gr\u00f6\u00dfer die Produktion. Die Briketts k\u00f6nnen rund, kissenf\u00f6rmig, quadratisch usw. gestaltet werden. Diese Maschine wird in der Kohlenindustrie und der metallurgischen Industrie weit verbreitet eingesetzt.<\/p> <\/div><\/div>    <h3 class=\"wp-block-heading\" id=\"h-step-4-drying\">Schritt 4: Trocknen <\/h3>    <p class=\"translation-block\">Aufgrund der Zugabe von Wasser und Bindemittel haben die vorbereiteten Briketts relativ hohe Feuchtigkeit, die die Verbrennungseffizienz beeintr\u00e4chtigen kann. Daher m\u00fcssen Kohlenbriketts mit einem Trockner getrocknet werden, um die Feuchtigkeit zu reduzieren. WOOD Machinery hat zwei Arten von Trocknern, einen <a href=\"https:\/\/bestcharcoalmachine.com\/de\/product\/box-type-charcoal-dryer\/\">Box-Trockner<\/a> und einen <a href=\"https:\/\/bestcharcoalmachine.com\/de\/drying-machine\/mesh-belt-dryer\/\">Gitterbandtrockner<\/a>.<\/p>    <figure class=\"wp-block-gallery has-nested-images columns-default is-cropped wp-block-gallery-2 is-layout-flex wp-block-gallery-is-layout-flex\"> <figure class=\"wp-block-image size-large\"><img loading=\"lazy\" decoding=\"async\" width=\"720\" height=\"540\" data-id=\"2242\" src=\"https:\/\/bestcharcoalmachine.com\/wp-content\/uploads\/2021\/12\/Box-type-Charcoal-Dryer-3.jpg\" alt=\"Kastenf\u00f6rmiger Holzkohletrockner\" class=\"wp-image-2242\" srcset=\"https:\/\/bestcharcoalmachine.com\/wp-content\/uploads\/2021\/12\/Box-type-Charcoal-Dryer-3.jpg 720w, https:\/\/bestcharcoalmachine.com\/wp-content\/uploads\/2021\/12\/Box-type-Charcoal-Dryer-3-300x225.jpg 300w\" sizes=\"auto, (max-width: 720px) 100vw, 720px\" \/><figcaption>Kastenf\u00f6rmiger Holzkohletrockner<\/figcaption><\/figure>    <figure class=\"wp-block-image size-large\"><img loading=\"lazy\" decoding=\"async\" width=\"720\" height=\"540\" data-id=\"2244\" src=\"https:\/\/bestcharcoalmachine.com\/wp-content\/uploads\/2021\/12\/Mesh-Belt-Dryer-4.jpg\" alt=\"Mesh-Bandtrockner\" class=\"wp-image-2244\" srcset=\"https:\/\/bestcharcoalmachine.com\/wp-content\/uploads\/2021\/12\/Mesh-Belt-Dryer-4.jpg 720w, https:\/\/bestcharcoalmachine.com\/wp-content\/uploads\/2021\/12\/Mesh-Belt-Dryer-4-300x225.jpg 300w\" sizes=\"auto, (max-width: 720px) 100vw, 720px\" \/><figcaption>Mesh-Bandtrockner<\/figcaption><\/figure> <\/figure>    <div class=\"wp-block-media-text alignwide is-stacked-on-mobile\"><figure class=\"wp-block-media-text__media\"><img loading=\"lazy\" decoding=\"async\" width=\"720\" height=\"540\" src=\"https:\/\/bestcharcoalmachine.com\/wp-content\/uploads\/2022\/01\/packing-machine.jpg\" alt=\"Packmaschine\" class=\"wp-image-2428 size-full\"\/><\/figure><div class=\"wp-block-media-text__content\"> <h3 class=\"wp-block-heading\" id=\"h-step-5-packaging\">Schritt 5: Verpackung<\/h3>    <p class=\"translation-block\">Die getrockneten Briketts k\u00f6nnen mit einer quantitativen <a href=\"https:\/\/bestcharcoalmachine.com\/de\/briquettes-packing-machine\/charcoal-briquette-packing-machine-2\/\">Verpackungsmaschine<\/a> verpackt werden. Zuerst das Gewicht einstellen, und die Maschine stoppt das Entladen, nachdem das eingestellte Gewicht erreicht ist.<\/p> <\/div><\/div>    <h2 class=\"wp-block-heading\" id=\"h-round-and-pillow-coal-briquettes-application\">Anwendung von runden und kissenf\u00f6rmigen Kohlebriketts<\/h2>    <p>Die Formungslinie f\u00fcr Kohlepulver kann kugelf\u00f6rmige, kissenf\u00f6rmige und quadratische Formen herstellen<span class=\"has-inline-color has-green-color\"> <\/span><span class=\"has-inline-color has-gray-dark-color\">Kohlebriketts<\/span><span class=\"has-inline-color has-yellow-color\"> <\/span>hergestellt werden k\u00f6nnen, bevorzugen Kunden aus praktischen und preislichen Gr\u00fcnden im Allgemeinen die Verwendung von kugel- und kissenf\u00f6rmigen Briketts.<\/p>    <p>Zu den Briketts z\u00e4hlen Zivilbriketts und Industriebriketts. Unter Briketts f\u00fcr den zivilen Gebrauch versteht man Kohle, die im t\u00e4glichen Leben verwendet wird, unter anderem in der Koch-, Heizungs- und Gastronomiebranche. Die Herstellung von Industriebriketts ist relativ aufw\u00e4ndig und stellt hohe Anforderungen. Es wird im Allgemeinen in die folgenden Kategorien unterteilt: gasbildende Briketts, Kesselbriketts und umweltfreundliche Briketts.<\/p>    <figure class=\"wp-block-gallery has-nested-images columns-default is-cropped wp-block-gallery-3 is-layout-flex wp-block-gallery-is-layout-flex\"> <figure class=\"wp-block-image size-large\"><img loading=\"lazy\" decoding=\"async\" width=\"720\" height=\"540\" data-id=\"2415\" src=\"https:\/\/bestcharcoalmachine.com\/wp-content\/uploads\/2022\/01\/round-coal-briquettes.jpg\" alt=\"runde Kohlebriketts\" class=\"wp-image-2415\"\/><figcaption>runde Kohlebriketts<\/figcaption><\/figure>    <figure class=\"wp-block-image size-large\"><img loading=\"lazy\" decoding=\"async\" width=\"720\" height=\"540\" data-id=\"2416\" src=\"https:\/\/bestcharcoalmachine.com\/wp-content\/uploads\/2022\/01\/pillow-shaped-briquettes.jpg\" alt=\"Kissenf\u00f6rmige Briketts\" class=\"wp-image-2416\"\/><figcaption>Kissenf\u00f6rmige Briketts<\/figcaption><\/figure> <\/figure>    <h2 class=\"wp-block-heading\" id=\"h-turn-coal-into-clean-energy\">Verwandeln Sie Kohle in saubere Energie<\/h2>    <p>Saubere Kohle wird durch die Verarbeitung von Kohle mit moderner Technologie unter Zugabe einiger Bindemittel und chemischer Komponenten hergestellt. Die Produktionslinie f\u00fcr Kohlebriketts kann den gesamten Verarbeitungsschritt problemlos abschlie\u00dfen, die Bediener m\u00fcssen nur die richtigen Zutatenanteile in den Mischer gie\u00dfen, den Rest erledigt die Maschine. <\/p>    <p>Im Vergleich zu gew\u00f6hnlicher Kohle kann die gleiche Verbrennungsmenge den Aussto\u00df von Schadstoffen wie Schwefeldioxid, Stickoxiden und Staub erheblich reduzieren, was im Vergleich sauberer ist. Jeder Winter ist eine schwere Zeit der Luftverschmutzung, wobei die Kohleheizung der Bewohner eine der Hauptverschmutzungsquellen darstellt. Durch die F\u00f6rderung der Verwendung sauberer Kohle kann der Heizdruck im Winter wirksam entlastet und ein sauberes Heizsystem aufgebaut werden.<\/p>    <figure class=\"wp-block-gallery has-nested-images columns-default is-cropped wp-block-gallery-4 is-layout-flex wp-block-gallery-is-layout-flex\"> <figure class=\"wp-block-image size-large\"><img loading=\"lazy\" decoding=\"async\" width=\"720\" height=\"540\" data-id=\"2995\" src=\"https:\/\/bestcharcoalmachine.com\/wp-content\/uploads\/2022\/01\/coal-packages1.jpg\" alt=\"\" class=\"wp-image-2995\"\/><figcaption>verpackte saubere Kohle<\/figcaption><\/figure>    <figure class=\"wp-block-image size-large\"><img loading=\"lazy\" decoding=\"async\" width=\"576\" height=\"421\" data-id=\"2998\" src=\"https:\/\/bestcharcoalmachine.com\/wp-content\/uploads\/2022\/03\/clean-coal1-edited-1.jpg\" alt=\"saubere Kohle\" class=\"wp-image-2998\"\/><figcaption>saubere Kohle<\/figcaption><\/figure> <\/figure>    <h2 class=\"wp-block-heading\">Werksmaschinenausstellung von Maschinen zur Kohlepulverformung<\/h2>    <p>Unsere Fabrik verf\u00fcgt \u00fcber ausreichend Lagerbest\u00e4nde und verschiedene Modelle sind sofort verf\u00fcgbar. Wenn Kunden spezielle Anforderungen an die Leistung oder Form der Brikettproduktionslinie haben, k\u00f6nnen wir diese entwerfen und anpassen.<\/p>    <figure class=\"wp-block-gallery has-nested-images columns-default is-cropped wp-block-gallery-5 is-layout-flex wp-block-gallery-is-layout-flex\"> <figure class=\"wp-block-image size-large\"><img loading=\"lazy\" decoding=\"async\" width=\"720\" height=\"540\" data-id=\"2424\" src=\"https:\/\/bestcharcoalmachine.com\/wp-content\/uploads\/2022\/01\/coal-ball-press-machine-in-plant-1.jpg\" alt=\"Kohlekugelpressmaschine im Werk\" class=\"wp-image-2424\"\/><figcaption>Kohlekugelpressmaschine im Werk<\/figcaption><\/figure>    <figure class=\"wp-block-image size-large\"><img loading=\"lazy\" decoding=\"async\" width=\"720\" height=\"540\" data-id=\"2421\" src=\"https:\/\/bestcharcoalmachine.com\/wp-content\/uploads\/2022\/01\/charcoal-ball-press-machines-in-our-plant.jpg\" alt=\"Holzkohle-Kugelpressmaschinen in unserem Werk\" class=\"wp-image-2421\"\/><figcaption>Holzkohle-Kugelpressmaschinen in unserem Werk<\/figcaption><\/figure> <\/figure>    <h2 class=\"wp-block-heading\" id=\"h-successful-case-of-coal-briquette-production-line-to-romania\">Erfolgreicher Fall einer Produktionslinie f\u00fcr Kohlebriketts nach Rum\u00e4nien<\/h2>    <p class=\"translation-block\">Ein Kunde aus Rum\u00e4nien sah ein Video unserer Kohlenballpresse auf YouTube, klickte, um unseren Kanal zu besuchen, und war erfreut, die Maschine zu sehen, die er wollte. Dann konsultierte er unseren Verkaufsleiter \u00fcber die zugeh\u00f6rige Produktionslinie, und nachdem wir \u00fcber seine Anforderungen informiert wurden, empfahlen wir ihm diese Kohlenbrikett-Produktionslinie. Jetzt wurde die gesamte Produktionslinie nach <a href=\"https:\/\/bestcharcoalmachine.com\/de\/news\/coal-briquette-production-line-exported-to-romania\/\">Rum\u00e4nien verschifft<\/a>.<\/p>    <figure class=\"wp-block-gallery has-nested-images columns-default is-cropped wp-block-gallery-6 is-layout-flex wp-block-gallery-is-layout-flex\"> <figure class=\"wp-block-image size-large\"><img loading=\"lazy\" decoding=\"async\" width=\"720\" height=\"540\" data-id=\"2963\" src=\"https:\/\/bestcharcoalmachine.com\/wp-content\/uploads\/2022\/03\/coal-briquette-production-line-for-Romania1.jpg\" alt=\"Produktionslinie f\u00fcr Kohlebriketts f\u00fcr Rum\u00e4nien\" class=\"wp-image-2963\"\/><figcaption>Produktionslinie f\u00fcr Kohlebriketts f\u00fcr Rum\u00e4nien<\/figcaption><\/figure>    <figure class=\"wp-block-image size-large\"><img loading=\"lazy\" decoding=\"async\" width=\"720\" height=\"540\" data-id=\"2962\" src=\"https:\/\/bestcharcoalmachine.com\/wp-content\/uploads\/2022\/03\/the-whole-production-line.jpg\" alt=\"die gesamte Produktionslinie\" class=\"wp-image-2962\"\/><figcaption>die gesamte Produktionslinie<\/figcaption><\/figure> <\/figure>    <figure class=\"wp-block-gallery has-nested-images columns-default is-cropped wp-block-gallery-7 is-layout-flex wp-block-gallery-is-layout-flex\"> <figure class=\"wp-block-image size-large\"><img loading=\"lazy\" decoding=\"async\" width=\"720\" height=\"540\" data-id=\"2966\" src=\"https:\/\/bestcharcoalmachine.com\/wp-content\/uploads\/2022\/03\/coal-powder-mixers.jpg\" alt=\"Kohlepulvermischer\" class=\"wp-image-2966\"\/><figcaption>Kohlepulvermischer<\/figcaption><\/figure>    <figure class=\"wp-block-image size-large\"><img loading=\"lazy\" decoding=\"async\" width=\"720\" height=\"540\" data-id=\"2964\" src=\"https:\/\/bestcharcoalmachine.com\/wp-content\/uploads\/2022\/03\/coal-briquettes-making-machine.jpg\" alt=\"Maschine zur Herstellung von Kohlebriketts\" class=\"wp-image-2964\"\/><figcaption>Maschine zur Herstellung von Kohlebriketts<\/figcaption><\/figure> <\/figure>    <h2 class=\"wp-block-heading\" id=\"h-sales-services-of-coal-powder-forming-line\">Verkaufsdienstleistungen f\u00fcr eine Kohlepulverformungslinie<\/h2>    <ul class=\"wp-block-list\"><li>Pre-Sales-Service: Bieten Sie Projektplanung, Prozessdesign und entwickeln Sie eine Reihe von Ger\u00e4ten, die zu Ihnen passen. Entwerfen und fertigen Sie die Kohlepulverformungslinie entsprechend Ihren speziellen Anforderungen und bieten Sie Schulungen f\u00fcr Ihren technischen Betrieb an.<\/li><li>In-Sale-Service: Pr\u00e4zise Produktionsausr\u00fcstung und Begleitung unseres Kunden bei der Abnahme der Ausr\u00fcstung, Unterst\u00fctzung bei der Erstellung des Installationsplans und des detaillierten Prozesses.<\/li><li>Unser Unternehmen entsendet Techniker zum Standort des Kunden, um die Installation der Ausr\u00fcstung zu leiten, die Maschine zur Herstellung von Kohlebriketts in die normale Produktion zu bringen und die Bediener in Gebrauch und Wartung zu schulen.<\/li><\/ul>","protected":false},"excerpt":{"rendered":"<p>The coal briquettes production line is a series of processes for pressing pulverized coal into spherical or pillow-like briquettes. The equipment of the coal powder forming line includes a coal pulverizer, double shaft mixer, coal ball pressing machine, dryer and packaging machine. The briquettes produced can be widely used in domestic and industrial applications. WOOD [&hellip;]<\/p>\n","protected":false},"author":1,"featured_media":2413,"parent":0,"template":"","tags":[],"product-type":[52],"class_list":["post-2397","product","type-product","status-publish","has-post-thumbnail","hentry","product-type-product-line"],"_links":{"self":[{"href":"https:\/\/bestcharcoalmachine.com\/de\/wp-json\/wp\/v2\/product\/2397","targetHints":{"allow":["GET"]}}],"collection":[{"href":"https:\/\/bestcharcoalmachine.com\/de\/wp-json\/wp\/v2\/product"}],"about":[{"href":"https:\/\/bestcharcoalmachine.com\/de\/wp-json\/wp\/v2\/types\/product"}],"author":[{"embeddable":true,"href":"https:\/\/bestcharcoalmachine.com\/de\/wp-json\/wp\/v2\/users\/1"}],"wp:featuredmedia":[{"embeddable":true,"href":"https:\/\/bestcharcoalmachine.com\/de\/wp-json\/wp\/v2\/media\/2413"}],"wp:attachment":[{"href":"https:\/\/bestcharcoalmachine.com\/de\/wp-json\/wp\/v2\/media?parent=2397"}],"wp:term":[{"taxonomy":"post_tag","embeddable":true,"href":"https:\/\/bestcharcoalmachine.com\/de\/wp-json\/wp\/v2\/tags?post=2397"},{"taxonomy":"product-type","embeddable":true,"href":"https:\/\/bestcharcoalmachine.com\/de\/wp-json\/wp\/v2\/product-type?post=2397"}],"curies":[{"name":"wp","href":"https:\/\/api.w.org\/{rel}","templated":true}]}}