{"id":2292,"date":"2021-12-30T09:17:59","date_gmt":"2021-12-30T09:17:59","guid":{"rendered":"https:\/\/bestcharcoalmachine.com\/"},"modified":"2022-09-28T16:53:33","modified_gmt":"2022-09-28T08:53:33","slug":"tree-branch-crusher-machine","status":"publish","type":"product","link":"https:\/\/bestcharcoalmachine.com\/de\/product\/tree-branch-crusher-machine\/","title":{"rendered":"Astzerkleinerungsmaschine | Industrieller Holzhacker"},"content":{"rendered":"<div class=\"kk-star-ratings kksr-auto kksr-align-left kksr-valign-top\"     data-payload='{&quot;align&quot;:&quot;left&quot;,&quot;id&quot;:&quot;2292&quot;,&quot;slug&quot;:&quot;default&quot;,&quot;valign&quot;:&quot;top&quot;,&quot;ignore&quot;:&quot;&quot;,&quot;reference&quot;:&quot;auto&quot;,&quot;class&quot;:&quot;&quot;,&quot;count&quot;:&quot;19&quot;,&quot;legendonly&quot;:&quot;&quot;,&quot;readonly&quot;:&quot;&quot;,&quot;score&quot;:&quot;4.6&quot;,&quot;starsonly&quot;:&quot;&quot;,&quot;best&quot;:&quot;5&quot;,&quot;gap&quot;:&quot;5&quot;,&quot;greet&quot;:&quot;Rate this product&quot;,&quot;legend&quot;:&quot;4.6\\\/5 - (19 votes)&quot;,&quot;size&quot;:&quot;24&quot;,&quot;title&quot;:&quot;Tree Branch Crusher Machine | Industrial Wood Chipper&quot;,&quot;width&quot;:&quot;130.9&quot;,&quot;_legend&quot;:&quot;{score}\\\/{best} - ({count} {votes})&quot;,&quot;font_factor&quot;:&quot;1.25&quot;}'>              <div class=\"kksr-stars\">      <div class=\"kksr-stars-inactive\">             <div class=\"kksr-star\" data-star=\"1\" style=\"padding-right: 5px\">               <div class=\"kksr-icon\" style=\"width: 24px; height: 24px;\"><\/div>         <\/div>             <div class=\"kksr-star\" data-star=\"2\" style=\"padding-right: 5px\">               <div class=\"kksr-icon\" style=\"width: 24px; height: 24px;\"><\/div>         <\/div>             <div class=\"kksr-star\" data-star=\"3\" style=\"padding-right: 5px\">               <div class=\"kksr-icon\" style=\"width: 24px; height: 24px;\"><\/div>         <\/div>             <div class=\"kksr-star\" data-star=\"4\" style=\"padding-right: 5px\">               <div class=\"kksr-icon\" style=\"width: 24px; height: 24px;\"><\/div>         <\/div>             <div class=\"kksr-star\" data-star=\"5\" style=\"padding-right: 5px\">               <div class=\"kksr-icon\" style=\"width: 24px; height: 24px;\"><\/div>         <\/div>     <\/div>      <div class=\"kksr-stars-active\" style=\"width: 130.9px;\">             <div class=\"kksr-star\" style=\"padding-right: 5px\">               <div class=\"kksr-icon\" style=\"width: 24px; height: 24px;\"><\/div>         <\/div>             <div class=\"kksr-star\" style=\"padding-right: 5px\">               <div class=\"kksr-icon\" style=\"width: 24px; height: 24px;\"><\/div>         <\/div>             <div class=\"kksr-star\" style=\"padding-right: 5px\">               <div class=\"kksr-icon\" style=\"width: 24px; height: 24px;\"><\/div>         <\/div>             <div class=\"kksr-star\" style=\"padding-right: 5px\">               <div class=\"kksr-icon\" style=\"width: 24px; height: 24px;\"><\/div>         <\/div>             <div class=\"kksr-star\" style=\"padding-right: 5px\">               <div class=\"kksr-icon\" style=\"width: 24px; height: 24px;\"><\/div>         <\/div>     <\/div> <\/div>                   <div class=\"kksr-legend\" style=\"font-size: 19.2px;\">             4,6\/5 - (19 Bewertungen)    <\/div>     <\/div>  <p>Mit einer Astzerkleinerungsmaschine werden Baumst\u00e4mme und \u00c4ste in St\u00fccke geschnitten. Der Einsatz von Holzh\u00e4ckslern kann den Zeit-, Personal- und Budgetaufwand f\u00fcr die Durchf\u00fchrung von Forstarbeiten erheblich reduzieren. WOOD Machinery verf\u00fcgt \u00fcber eine Vielzahl von Modellen industrieller Holzzerkleinerer, die der Zerkleinerung unterschiedlicher Einsatzbereiche gerecht werden. Gerne k\u00f6nnen Sie sich erkundigen.<\/p>    <h2 class=\"wp-block-heading\">Kurze Einf\u00fchrung in den Astschleifer<\/h2>    <p>Der Gartenzweigh\u00e4cksler ist ein Zweigh\u00e4cksler, der von unserem Unternehmen nach jahrelanger Marktforschung und als Reaktion auf den Aufruf der staatlichen Umweltschutzbeh\u00f6rde entwickelt wurde. Sein Zweck besteht darin, frische oder beschnittene Zweige in St\u00fccke zu zerschlagen. Geeignet f\u00fcr st\u00e4dtische Begr\u00fcnungsprojekte, Garten- oder Forstarbeiten. Derzeit gibt es zwei Hauptleistungsmodi f\u00fcr die Arbeit des Baumh\u00e4ckslers: Das gro\u00dfe Modell verwendet einen Dieselmotor und das kleine Modell verwendet normalerweise einen Benzinmotor.<\/p>    <h2 class=\"wp-block-heading\" id=\"h-branch-grinder-details\">Details zum Astschleifer<\/h2>    <div class=\"wp-block-media-text is-stacked-on-mobile\"><figure class=\"wp-block-media-text__media\"><img loading=\"lazy\" decoding=\"async\" width=\"720\" height=\"540\" src=\"https:\/\/bestcharcoalmachine.com\/wp-content\/uploads\/2021\/12\/enlarged-feeding-inlet.jpg\" alt=\"vergr\u00f6\u00dferter Futtereinlass\" class=\"wp-image-2611 size-full\"\/><\/figure><div class=\"wp-block-media-text__content\"> <p>Die Einf\u00fcll\u00f6ffnung unserer Astzerkleinerungsmaschine wurde vergr\u00f6\u00dfert, sodass auch gro\u00dfvolumige \u00c4ste problemlos in die Astzerkleinerungsmaschine eingef\u00fcllt werden k\u00f6nnen.<\/p> <\/div><\/div>    <div class=\"wp-block-media-text has-media-on-the-right is-stacked-on-mobile\"><figure class=\"wp-block-media-text__media\"><img loading=\"lazy\" decoding=\"async\" width=\"720\" height=\"540\" src=\"https:\/\/bestcharcoalmachine.com\/wp-content\/uploads\/2021\/12\/forced-feed-rollers.jpg\" alt=\"Zwangsvorschubwalzen\" class=\"wp-image-2612 size-full\"\/><\/figure><div class=\"wp-block-media-text__content\"> <p>Die Einzugs\u00f6ffnung ist mit einer Zwangseinzugsrolle ausgestattet, was den Einzugsvorgang erheblich erleichtert.<\/p> <\/div><\/div>    <div class=\"wp-block-media-text is-stacked-on-mobile\"><figure class=\"wp-block-media-text__media\"><img loading=\"lazy\" decoding=\"async\" width=\"720\" height=\"540\" src=\"https:\/\/bestcharcoalmachine.com\/wp-content\/uploads\/2021\/12\/cutting-blades-1.jpg\" alt=\"Schneidmesser\" class=\"wp-image-2624 size-full\"\/><\/figure><div class=\"wp-block-media-text__content\"> <p> Die Schneidmesser der Astbrechmaschine im Inneren des Pulverisierers bestehen aus Manganstahl, der scharf und verschlei\u00dffest ist, was die Effizienz des Pulverisierers verbessern kann. <\/p> <\/div><\/div>    <div class=\"wp-block-media-text has-media-on-the-right is-stacked-on-mobile\"><figure class=\"wp-block-media-text__media\"><img loading=\"lazy\" decoding=\"async\" width=\"720\" height=\"540\" src=\"https:\/\/bestcharcoalmachine.com\/wp-content\/uploads\/2021\/12\/belts.jpg\" alt=\"G\u00fcrtel\" class=\"wp-image-2629 size-full\"\/><\/figure><div class=\"wp-block-media-text__content\"> <p>Der Industrie-Holzhacker ist mit einem Mehrriemengetriebe ausgestattet, sodass die Leistungsumwandlung ausreichend ist und die Arbeitseffizienz hoch ist.<\/p> <\/div><\/div>    <div class=\"wp-block-media-text is-stacked-on-mobile\"><figure class=\"wp-block-media-text__media\"><img loading=\"lazy\" decoding=\"async\" width=\"720\" height=\"540\" src=\"https:\/\/bestcharcoalmachine.com\/wp-content\/uploads\/2021\/12\/night-work-lights.jpg\" alt=\"Licht\" class=\"wp-image-2625 size-full\"\/><\/figure><div class=\"wp-block-media-text__content\"> <p>Nachtlicht macht den Nachtbetrieb sicherer und bequemer<\/p> <\/div><\/div>    <h2 class=\"wp-block-heading\" id=\"h-raw-materials-of-industrial-wood-chipper\">Rohstoffe f\u00fcr industrielle Holzhacker<\/h2>    <p> Asth\u00e4cksler werden haupts\u00e4chlich zum Zerkleinern verschiedener \u00c4ste und Bl\u00e4tter verschiedener B\u00e4ume eingesetzt. Diese frischen Zweige enthalten viel Wasser und sind daher weicher. Die zerkleinerten \u00c4ste und Bl\u00e4tter k\u00f6nnen als Mulch, Gartenbeetunterlage, organischer D\u00fcnger usw. verwendet werden. <\/p>    <figure class=\"wp-block-image aligncenter size-full\"><img loading=\"lazy\" decoding=\"async\" width=\"720\" height=\"540\" src=\"https:\/\/bestcharcoalmachine.com\/wp-content\/uploads\/2021\/12\/raw-materials-of-tree-branch-crusher-machine.jpg\" alt=\"Rohstoffe der Astbrechermaschine\" class=\"wp-image-2631\"\/><figcaption>Rohstoffe der Astbrechermaschine<\/figcaption><\/figure>    <p class=\"translation-block\"> Im Gegensatz zu dem <a href=\"https:\/\/bestcharcoalmachine.com\/de\/wood-working-equipment\/wood-crusher-machine\/\">Holzzerkleinerer<\/a> zerkleinert die Astzerkleinerungsmaschine haupts\u00e4chlich frische \u00c4ste, die Feuchtigkeit enthalten. Die Holzschredder zerkleinern relativ trockene St\u00e4mme. <\/p>    <h2 class=\"wp-block-heading\" id=\"h-branch-crusher-application-field\">Anwendungsgebiet des Astbrechers<\/h2>    <figure class=\"wp-block-gallery has-nested-images columns-default is-cropped wp-block-gallery-2 is-layout-flex wp-block-gallery-is-layout-flex\"> <figure class=\"wp-block-image size-large\"><img loading=\"lazy\" decoding=\"async\" width=\"720\" height=\"540\" data-id=\"2617\" src=\"https:\/\/bestcharcoalmachine.com\/wp-content\/uploads\/2021\/12\/community-gardening.jpg\" alt=\"Gemeinschaftsgartenarbeit\" class=\"wp-image-2617\"\/><figcaption>Gemeinschaftsgartenarbeit<\/figcaption><\/figure>    <figure class=\"wp-block-image size-large\"><img loading=\"lazy\" decoding=\"async\" width=\"720\" height=\"540\" data-id=\"2618\" src=\"https:\/\/bestcharcoalmachine.com\/wp-content\/uploads\/2021\/12\/golf-course.jpg\" alt=\"Golfplatz\" class=\"wp-image-2618\"\/><figcaption>Golfplatz<\/figcaption><\/figure>    <figure class=\"wp-block-image size-large\"><img loading=\"lazy\" decoding=\"async\" width=\"720\" height=\"540\" data-id=\"2619\" src=\"https:\/\/bestcharcoalmachine.com\/wp-content\/uploads\/2021\/12\/road-tree-maintenance.jpg\" alt=\"Pflege von Stra\u00dfenb\u00e4umen\" class=\"wp-image-2619\"\/><figcaption>Pflege von Stra\u00dfenb\u00e4umen<\/figcaption><\/figure> <\/figure>    <figure class=\"wp-block-gallery has-nested-images columns-default is-cropped wp-block-gallery-3 is-layout-flex wp-block-gallery-is-layout-flex\"> <figure class=\"wp-block-image size-large\"><img loading=\"lazy\" decoding=\"async\" width=\"720\" height=\"540\" data-id=\"2620\" src=\"https:\/\/bestcharcoalmachine.com\/wp-content\/uploads\/2021\/12\/bamboo-forest.jpg\" alt=\"\" class=\"wp-image-2620\"\/><figcaption>Bambuswald<\/figcaption><\/figure>    <figure class=\"wp-block-image size-large\"><img loading=\"lazy\" decoding=\"async\" width=\"720\" height=\"540\" data-id=\"2622\" src=\"https:\/\/bestcharcoalmachine.com\/wp-content\/uploads\/2021\/12\/biomass-power-generation.jpg\" alt=\"Stromerzeugung aus Biomasse\" class=\"wp-image-2622\"\/><figcaption>Stromerzeugung aus Biomasse<\/figcaption><\/figure>    <figure class=\"wp-block-image size-large\"><img loading=\"lazy\" decoding=\"async\" width=\"720\" height=\"540\" data-id=\"2621\" src=\"https:\/\/bestcharcoalmachine.com\/wp-content\/uploads\/2021\/12\/orchards.jpg\" alt=\"Obstg\u00e4rten\" class=\"wp-image-2621\"\/><figcaption>Obstg\u00e4rten<\/figcaption><\/figure> <\/figure>    <p>Die Astzerkleinerungsmaschine eignet sich zum Zerkleinern von Rinde, Bl\u00e4ttern, nassen \u00c4sten, Holzstreifen, Bambusstangen, Bambusbl\u00e4ttern, kleinen \u00c4sten und anderen Materialien und die Ausgangsk\u00f6rnigkeit ist einstellbar. Dieser Astbrecher eignet sich f\u00fcr industrielle Spezialger\u00e4te wie G\u00e4rten, Obstg\u00e4rten, Stra\u00dfenbaumpflege, Parks und Gemeinschaftsbegr\u00fcnung.<\/p>    <h2 class=\"wp-block-heading\" id=\"h-necessity-of-tree-branch-crusher-machine\">Notwendigkeit einer Astbrechmaschine<\/h2>    <p class=\"translation-block\">Die <a href=\"https:\/\/bestcharcoalmachine.com\/de\/news\/the-branch-shredder-turns-waste-branches-into-treasures\/\">Anwendung eines Astschneiders<\/a> ist weitreichend. Um einen Obstgarten zu betreiben, ist es notwendig, die Abfall\u00e4ste der B\u00e4ume regelm\u00e4\u00dfig zu beschneiden. Stra\u00dfenb\u00e4ume in St\u00e4dten und Pflanzen in Parks m\u00fcssen ebenfalls regelm\u00e4\u00dfig beschnitten werden.<\/p>    <p>In der Vergangenheit kam es aufgrund der Gleichg\u00fcltigkeit des Umweltschutzbewusstseins dazu, dass die beschnittenen \u00c4ste und Bl\u00e4tter direkt verbrannt wurden. Mit der Verschlechterung der Umwelt und der Verbesserung des Umweltbewusstseins der Menschen werden die Menschen jedoch einen Asth\u00e4cksler verwenden, um die beschnittenen \u00c4ste zu zerschlagen und zu zertr\u00fcmmern. Die sp\u00e4teren S\u00e4gesp\u00e4ne k\u00f6nnen als nat\u00fcrlicher organischer D\u00fcnger in der Gr\u00fcnfl\u00e4che ausgestreut werden und zudem die Wasserspeicherf\u00e4higkeit des Bodens verbessern.<\/p>    <p>Nach dem Zerkleinern kann es als Mulch, Gartenbeetbasis, organischer D\u00fcnger, Speisepilz, Biomasse-Stromerzeugung und auch bei der Herstellung von hochdichten Platten, Spanplatten, Papierindustrie usw. verwendet werden.<\/p>    <h2 class=\"wp-block-heading\">Merkmale des industriellen Holzhackers<\/h2>    <ol class=\"wp-block-list\"><li>Der Stra\u00dfenbegr\u00fcnungsh\u00e4cksler ist mit einer Zugvorrichtung ausgestattet, die an das vordere Transportfahrzeug angeschlossen werden kann und sich bequem bewegen l\u00e4sst. Der aus der Entlade\u00f6ffnung ausgetragene Schmutz kann direkt auf dem Transportwagen gesammelt werden.<\/li><li>Die Brechmaschine der Baummarke hat ein breites Anwendungsspektrum und eignet sich f\u00fcr Landschaften wie G\u00e4rten, die Begr\u00fcnung st\u00e4dtischer Stra\u00dfen und die Verarbeitung von Altholz in Forstbetrieben.<\/li><li>Der Holzh\u00e4cksler ist robust und langlebig, hat eine lange Lebensdauer und ist bei der Verwendung einfach zu bedienen. Es kann von Mitarbeitern durch einfache Schulung genutzt werden.<\/li><\/ol>    <figure class=\"wp-block-gallery has-nested-images columns-default is-cropped wp-block-gallery-4 is-layout-flex wp-block-gallery-is-layout-flex\"> <figure class=\"wp-block-image size-large\"><img loading=\"lazy\" decoding=\"async\" width=\"720\" height=\"540\" data-id=\"2626\" src=\"https:\/\/bestcharcoalmachine.com\/wp-content\/uploads\/2021\/12\/large-size-branch-crusher-machine.jpg\" alt=\"\" class=\"wp-image-2626\"\/><figcaption>Gro\u00dfe Astbrechmaschine<\/figcaption><\/figure>    <figure class=\"wp-block-image size-large\"><img loading=\"lazy\" decoding=\"async\" width=\"720\" height=\"540\" data-id=\"2627\" src=\"https:\/\/bestcharcoalmachine.com\/wp-content\/uploads\/2021\/12\/branch-crusher.jpg\" alt=\"kleiner Benzinzweigbrecher\" class=\"wp-image-2627\"\/><figcaption>kleiner Benzinzweigbrecher<\/figcaption><\/figure> <\/figure>    <h2 class=\"wp-block-heading\" id=\"h-diesel-engine-branch-crusher-parameters\">Parameter des Dieselmotor-Abzweigbrechers<\/h2>    <figure class=\"wp-block-table\"><table><tbody><tr><td>Modell<\/td><td>WD-6130<\/td><td>WD-6145<\/td><\/tr><tr><td>Rollenraddurchmesser<\/td><td>300mm<\/td><td>500mm<\/td><\/tr><tr><td>Leistungsverteilung<\/td><td>32 PS Dieselmotor<\/td><td>R4105ZP-Diesel<\/td><\/tr><tr><td>Host-Geschwindigkeit<\/td><td>2200 U\/min<\/td><td>1800 U\/min<\/td><\/tr><tr><td>Anzahl der Klingen<\/td><td>4 St\u00fcck<\/td><td>7 St\u00fcck<\/td><\/tr><tr><td>Klingenl\u00e4nge<\/td><td>300mm<\/td><td>230mm<\/td><\/tr><tr><td>Durchmesser der Einzugswalze<\/td><td>280mm<\/td><td>600mm<\/td><\/tr><tr><td>Generatorleistung<\/td><td>600w<\/td><td>600w<\/td><\/tr><tr><td>Kapazit\u00e4t<\/td><td>1-2t\/h<\/td><td>3-5t\/h<\/td><\/tr><\/tbody><\/table><\/figure>    <p>Die oben genannten Modelle k\u00f6nnen je nach Benutzeranforderungen angepasst werden.<\/p>    <h2 class=\"wp-block-heading\" id=\"h-small-size-gasoline-branch-chipper-parameters\">Parameter kleiner Benzin-Abzweigh\u00e4cksler<\/h2>    <figure class=\"wp-block-table\"><table><tbody><tr><td>Modell<\/td><td>WD-160<\/td><td>WD-365<\/td><\/tr><tr><td>Durchmesser des gebrochenen Astes<\/td><td>1-6cm<\/td><td>1-10cm<\/td><\/tr><tr><td>\u00c4u\u00dfere Geschwindigkeit<\/td><td>2800 U\/min<\/td><td>2800 U\/min<\/td><\/tr><tr><td>Ausgangsleistung <\/td><td>7,5 PS\/3600 U\/min<\/td><td>13 PS \/ 3600 U\/min <\/td><\/tr><tr><td>Tankinhalt<\/td><td>3,6L<\/td><td>6,5 l<\/td><\/tr><tr><td>Kapazit\u00e4t des Motor\u00f6lsystems<\/td><td>1,1 l<\/td><td>1,1 l<\/td><\/tr><tr><td>Treibstoffart<\/td><td>92#<\/td><td>92#<\/td><\/tr><\/tbody><\/table><\/figure>    <p>Die oben genannten Modelle k\u00f6nnen je nach Benutzeranforderungen angepasst werden.<\/p>    <h2 class=\"wp-block-heading\" id=\"h-tree-branch-crusher-machine-display\">Ausstellung einer Astbrechermaschine<\/h2>    <figure class=\"wp-block-gallery has-nested-images columns-default is-cropped wp-block-gallery-5 is-layout-flex wp-block-gallery-is-layout-flex\"> <figure class=\"wp-block-image size-large\"><img loading=\"lazy\" decoding=\"async\" width=\"720\" height=\"540\" data-id=\"2632\" src=\"https:\/\/bestcharcoalmachine.com\/wp-content\/uploads\/2021\/12\/branch-crusher-1.jpg\" alt=\"Astbrecher\" class=\"wp-image-2632\"\/><figcaption>Zweigbrecher mit Dieselmotor<\/figcaption><\/figure>    <figure class=\"wp-block-image size-large\"><img loading=\"lazy\" decoding=\"async\" width=\"720\" height=\"540\" data-id=\"2633\" src=\"https:\/\/bestcharcoalmachine.com\/wp-content\/uploads\/2021\/12\/tree-branch-crusher.jpg\" alt=\"Astbrecher\" class=\"wp-image-2633\"\/><figcaption>Astbrecher mit Dieselmotor<\/figcaption><\/figure> <\/figure>    <figure class=\"wp-block-gallery has-nested-images columns-default is-cropped wp-block-gallery-6 is-layout-flex wp-block-gallery-is-layout-flex\"> <figure class=\"wp-block-image size-large\"><img loading=\"lazy\" decoding=\"async\" width=\"720\" height=\"540\" data-id=\"2634\" src=\"https:\/\/bestcharcoalmachine.com\/wp-content\/uploads\/2021\/12\/wood-crushers.jpg\" alt=\"\" class=\"wp-image-2634\"\/><figcaption>Holzzerkleinerer mit Dieselmotor<\/figcaption><\/figure>    <figure class=\"wp-block-image size-large\"><img loading=\"lazy\" decoding=\"async\" width=\"720\" height=\"540\" data-id=\"2614\" src=\"https:\/\/bestcharcoalmachine.com\/wp-content\/uploads\/2021\/12\/small-type-diesel-engine-crusher-1.jpg\" alt=\"Kleiner Brecher mit Dieselmotor\" class=\"wp-image-2614\"\/><figcaption>Kleiner Zerkleinerer mit Benzinmotor<\/figcaption><\/figure> <\/figure>","protected":false},"excerpt":{"rendered":"<p>A tree branch crusher machine is used to cut tree trunks and branches into pieces. The use of wood chippers can significantly reduce the time, manpower, and budget required to complete forestry work. WOOD machinery has a variety of models of industrial wood shredders, which can meet the smashing of different scenes. Welcome to inquire. [&hellip;]<\/p>\n","protected":false},"author":1,"featured_media":2307,"parent":0,"template":"","tags":[],"product-type":[51],"class_list":["post-2292","product","type-product","status-publish","has-post-thumbnail","hentry","product-type-wood-working-equipment"],"_links":{"self":[{"href":"https:\/\/bestcharcoalmachine.com\/de\/wp-json\/wp\/v2\/product\/2292","targetHints":{"allow":["GET"]}}],"collection":[{"href":"https:\/\/bestcharcoalmachine.com\/de\/wp-json\/wp\/v2\/product"}],"about":[{"href":"https:\/\/bestcharcoalmachine.com\/de\/wp-json\/wp\/v2\/types\/product"}],"author":[{"embeddable":true,"href":"https:\/\/bestcharcoalmachine.com\/de\/wp-json\/wp\/v2\/users\/1"}],"wp:featuredmedia":[{"embeddable":true,"href":"https:\/\/bestcharcoalmachine.com\/de\/wp-json\/wp\/v2\/media\/2307"}],"wp:attachment":[{"href":"https:\/\/bestcharcoalmachine.com\/de\/wp-json\/wp\/v2\/media?parent=2292"}],"wp:term":[{"taxonomy":"post_tag","embeddable":true,"href":"https:\/\/bestcharcoalmachine.com\/de\/wp-json\/wp\/v2\/tags?post=2292"},{"taxonomy":"product-type","embeddable":true,"href":"https:\/\/bestcharcoalmachine.com\/de\/wp-json\/wp\/v2\/product-type?post=2292"}],"curies":[{"name":"wp","href":"https:\/\/api.w.org\/{rel}","templated":true}]}}