{"id":1741,"date":"2021-12-24T03:17:46","date_gmt":"2021-12-24T03:17:46","guid":{"rendered":"https:\/\/bestcharcoalmachine.com\/?p=1741"},"modified":"2022-03-02T09:59:44","modified_gmt":"2022-03-02T09:59:44","slug":"compound-coal-crusher","status":"publish","type":"product","link":"https:\/\/bestcharcoalmachine.com\/de\/product\/compound-coal-crusher\/","title":{"rendered":"Verbundkohlebrecher | Vertikaler Kohlepulverisierer"},"content":{"rendered":"<div class=\"kk-star-ratings kksr-auto kksr-align-left kksr-valign-top\"     data-payload='{&quot;align&quot;:&quot;left&quot;,&quot;id&quot;:&quot;1741&quot;,&quot;slug&quot;:&quot;default&quot;,&quot;valign&quot;:&quot;top&quot;,&quot;ignore&quot;:&quot;&quot;,&quot;reference&quot;:&quot;auto&quot;,&quot;class&quot;:&quot;&quot;,&quot;count&quot;:&quot;26&quot;,&quot;legendonly&quot;:&quot;&quot;,&quot;readonly&quot;:&quot;&quot;,&quot;score&quot;:&quot;4.8&quot;,&quot;starsonly&quot;:&quot;&quot;,&quot;best&quot;:&quot;5&quot;,&quot;gap&quot;:&quot;5&quot;,&quot;greet&quot;:&quot;Rate this product&quot;,&quot;legend&quot;:&quot;4.8\\\/5 - (26 votes)&quot;,&quot;size&quot;:&quot;24&quot;,&quot;title&quot;:&quot;Compound Coal Crusher | Vertical Coal Pulverizer&quot;,&quot;width&quot;:&quot;136.7&quot;,&quot;_legend&quot;:&quot;{score}\\\/{best} - ({count} {votes})&quot;,&quot;font_factor&quot;:&quot;1.25&quot;}'>              <div class=\"kksr-stars\">      <div class=\"kksr-stars-inactive\">             <div class=\"kksr-star\" data-star=\"1\" style=\"padding-right: 5px\">               <div class=\"kksr-icon\" style=\"width: 24px; height: 24px;\"><\/div>         <\/div>             <div class=\"kksr-star\" data-star=\"2\" style=\"padding-right: 5px\">               <div class=\"kksr-icon\" style=\"width: 24px; height: 24px;\"><\/div>         <\/div>             <div class=\"kksr-star\" data-star=\"3\" style=\"padding-right: 5px\">               <div class=\"kksr-icon\" style=\"width: 24px; height: 24px;\"><\/div>         <\/div>             <div class=\"kksr-star\" data-star=\"4\" style=\"padding-right: 5px\">               <div class=\"kksr-icon\" style=\"width: 24px; height: 24px;\"><\/div>         <\/div>             <div class=\"kksr-star\" data-star=\"5\" style=\"padding-right: 5px\">               <div class=\"kksr-icon\" style=\"width: 24px; height: 24px;\"><\/div>         <\/div>     <\/div>      <div class=\"kksr-stars-active\" style=\"width: 136.7px;\">             <div class=\"kksr-star\" style=\"padding-right: 5px\">               <div class=\"kksr-icon\" style=\"width: 24px; height: 24px;\"><\/div>         <\/div>             <div class=\"kksr-star\" style=\"padding-right: 5px\">               <div class=\"kksr-icon\" style=\"width: 24px; height: 24px;\"><\/div>         <\/div>             <div class=\"kksr-star\" style=\"padding-right: 5px\">               <div class=\"kksr-icon\" style=\"width: 24px; height: 24px;\"><\/div>         <\/div>             <div class=\"kksr-star\" style=\"padding-right: 5px\">               <div class=\"kksr-icon\" style=\"width: 24px; height: 24px;\"><\/div>         <\/div>             <div class=\"kksr-star\" style=\"padding-right: 5px\">               <div class=\"kksr-icon\" style=\"width: 24px; height: 24px;\"><\/div>         <\/div>     <\/div> <\/div>                   <div class=\"kksr-legend\" style=\"font-size: 19.2px;\">             4,8\/5 - (26 Bewertungen)    <\/div>     <\/div>  <p class=\"translation-block\">Die Verbundkohlenm\u00fchle wird auch als vertikale Kohlenm\u00fchle bezeichnet. Die Kohlenm\u00fchle ist ein neuer Typ von Industrieanlagen, der als Reaktion auf die aktuelle Situation des <a href=\"https:\/\/bestcharcoalmachine.com\/de\/product\/coal-briquettes-production-line\/attachment\/coal-briquettes-production-line\/\">Kohlewerks<\/a> eingef\u00fchrt wurde. Ihre hohe Effizienz und ihr geringer Verbrauch sind ihre herausragenden Merkmale. Der Rumpf besteht aus verschlei\u00dffesten Materialien mit langer Lebensdauer und einer breiten Palette von Zerkleinerungsmaterialien wie Kohle, Berge, Schlacke und anderen Materialien, die von vielen Herstellern bevorzugt werden.<\/p>    <h2 class=\"wp-block-heading\">Kurze Einf\u00fchrung in den vertikalen Kohlepulverisierer<\/h2>    <p>Der Verbundkohlebrecher wird haupts\u00e4chlich in Kohlekraftwerken, Kohlebergwerken, Kraftwerken und anderen Fabriken eingesetzt, die Kohle verarbeiten. Es handelt sich um eine neuartige Zerkleinerungsanlage, die zum Zerkleinern und Verarbeiten von Materialien mit h\u00f6herer Feuchtigkeit und Viskosit\u00e4t geeignet ist. Der vertikale Pulverisierer kann Kohle, Erz, Gestein oder andere mittelharte Materialien zerkleinern, die trocken sind oder weniger als 20% Feuchtigkeit enthalten. Der Kohlebrecher ist einfach aufgebaut und einfach zu bedienen. Das zerkleinerte Kohlepulver kann entweder zur Formung in eine Wabenbrikettiermaschine gegeben werden oder es kann eine Brikettmaschine zur Herstellung von Briketts verwendet werden.<\/p>    <div class=\"wp-block-image\"><figure class=\"aligncenter size-full\"><img loading=\"lazy\" decoding=\"async\" width=\"720\" height=\"540\" src=\"https:\/\/bestcharcoalmachine.com\/wp-content\/uploads\/2021\/12\/coal-crusher-2.jpg\" alt=\"\" class=\"wp-image-2911\"\/><\/figure><\/div>    <h2 class=\"wp-block-heading\" id=\"h-application-of-compound-coal-crusher\">Anwendung eines Verbundkohlebrechers<\/h2>    <p class=\"translation-block\">Ihre Leistung hat das heimische fortschrittliche Niveau erreicht, wird zur Zerkleinerung verschiedener mittelharter Erze verwendet und kann in Bergbau, Metallurgie, feuerfesten Materialien, Zement, Kohle, Glas, Keramik, Elektrizit\u00e4t und anderen Industrien weit verbreitet sein. Ihre Druckfestigkeit \u00fcberschreitet nicht 140 MPa und die Luftfeuchtigkeit \u00fcberschreitet nicht 15 %. In der <a href=\"https:\/\/bestcharcoalmachine.com\/de\/coal-briquette-processing-plant\/\">Brikettproduktionslinie f\u00fcr Kohle<\/a> stattet WOOD Machinery Kohlenm\u00fchlen zur Zerkleinerung von Kohle aus.<\/p>    <div class=\"wp-block-image\"><figure class=\"aligncenter size-full\"><img decoding=\"async\" src=\"https:\/\/bestcharcoalmachine.com\/wp-content\/uploads\/2021\/12\/application-of-compound-coal-crusher.jpg\" alt=\"Anwendung eines zusammengesetzten Kohlebrechers\" class=\"wp-image-1766\"\/><figcaption>Anwendung eines zusammengesetzten Kohlebrechers<\/figcaption><\/figure><\/div>    <h2 class=\"wp-block-heading\" id=\"h-advantages-of-vertical-coal-pulverizer\">Vorteile des vertikalen Kohlepulverisierers<\/h2>    <ul class=\"wp-block-list\"><li>Die Ausgangspartikelgr\u00f6\u00dfe des Verbundbrechers kann beliebig eingestellt werden, sein Zerkleinerungsverh\u00e4ltnis ist gro\u00df und die Zerkleinerungseffizienz ist hoch.<\/li><li>Das Material nach dem Kohlebrecher hat einen hohen Feuchtigkeitsgehalt, daher sollte das Material mit hohem Schlammgehalt nicht blockiert werden.<\/li><li>Die Verschlei\u00dfteile des Verbundkohlebrechers bestehen aus Legierungsmaterialien mit hoher H\u00e4rte und hoher Z\u00e4higkeit, die Maschine ist verschlei\u00dffest und die Lebensdauer wird um das 2- bis 3-fache erh\u00f6ht.<\/li><li>Der Energieverbrauch und der Stromverbrauch des vertikalen Kohlepulverisierers sind sehr niedrig, die Produktionseffizienz ist hoch, die Energieeinsparung und die Gesamtproduktionskosten sind \u00e4u\u00dferst niedrig.<\/li><\/ul>    <div class=\"wp-block-image\"><figure class=\"aligncenter size-full\"><img loading=\"lazy\" decoding=\"async\" width=\"720\" height=\"540\" src=\"https:\/\/bestcharcoalmachine.com\/wp-content\/uploads\/2021\/12\/coal-crusher.jpg\" alt=\"\" class=\"wp-image-1870\" srcset=\"https:\/\/bestcharcoalmachine.com\/wp-content\/uploads\/2021\/12\/coal-crusher.jpg 720w, https:\/\/bestcharcoalmachine.com\/wp-content\/uploads\/2021\/12\/coal-crusher-300x225.jpg 300w\" sizes=\"auto, (max-width: 720px) 100vw, 720px\" \/><\/figure><\/div>    <div class=\"wp-block-image\"><figure class=\"aligncenter size-full is-resized\"><img loading=\"lazy\" decoding=\"async\" src=\"https:\/\/bestcharcoalmachine.com\/wp-content\/uploads\/2021\/12\/compound-coal-crusher-in-our-factory.jpg\" alt=\"Verbundkohlebrecher in unserer Fabrik\" class=\"wp-image-1745\" width=\"720\" height=\"540\"\/><figcaption>Verbundkohlebrecher in unserer Fabrik<\/figcaption><\/figure><\/div>    <h2 class=\"wp-block-heading\" id=\"h-technical-parameters-of-compound-coal-pulverizer\">Technische Parameter des Pulverisierers f\u00fcr Verbundkohle<\/h2>    <figure class=\"wp-block-table\"><table><tbody><tr><td>Typ<\/td><td>WD-CC800<\/td><td>WD-CC1000<\/td><td>WD-CC1250<\/td><td>WD-CC1500<\/td><td>WD-CC1750<\/td><\/tr><tr><td>Raddurchmesser (mm)<\/td><td>650<\/td><td>800<\/td><td>1000<\/td><td>1250<\/td><td>1560<\/td><\/tr><tr><td>Zylinderh\u00f6he (mm)<\/td><td>800<\/td><td>850<\/td><td>850<\/td><td>1000<\/td><td>1410<\/td><\/tr><tr><td>Spindelgeschwindigkeit (U\/min)<\/td><td>1350<\/td><td>970<\/td><td>740<\/td><td>650<\/td><td>600<\/td><\/tr><tr><td>Rohmaterialgr\u00f6\u00dfe (mm)<\/td><td>50<\/td><td>70<\/td><td>100<\/td><td>100<\/td><td>100<\/td><\/tr><tr><td>Entladungsgr\u00f6\u00dfe (mm)<\/td><td>0-5<\/td><td> 0-5 <\/td><td> 0-5 <\/td><td> 0-5 <\/td><td> 0-5 <\/td><\/tr><tr><td>Verarbeitungskapazit\u00e4t (t\/h)<\/td><td>5-15<\/td><td>10-30<\/td><td>20-60<\/td><td>30-80<\/td><td>40-100<\/td><\/tr><tr><td>Motorleistung (kw)<\/td><td>30<\/td><td>50<\/td><td>75<\/td><td>110<\/td><td>132<\/td><\/tr><tr><td>Gewicht (t)<\/td><td>2.3<\/td><td>4.5<\/td><td>9.73<\/td><td>18.1<\/td><td>26.61<\/td><\/tr><\/tbody><\/table><\/figure>    <p>Im Allgemeinen ist die kleinere Gr\u00f6\u00dfe aufgrund des guten Preises beliebter. Aber das gro\u00dfe Kohlekraftwerk bevorzugt den WD-CC1500 wegen seiner gro\u00dfen Kapazit\u00e4t.<\/p>    <h2 class=\"wp-block-heading\">Anwendung von Kohlepulverisierern in der Produktionslinie f\u00fcr Kohlebriketts<\/h2>    <p class=\"translation-block\">Der Rohstoff der <a href=\"https:\/\/bestcharcoalmachine.com\/de\/product\/coal-briquettes-production-line\/attachment\/coal-briquettes-production-line\/\">Brikettproduktionslinie f\u00fcr Kohle<\/a> ist fein gemahlener Kohlenstaub. Der erste Schritt der Produktion ist daher die Verwendung einer Verbundkohlenm\u00fchle zum Zerkleinern von Kohle. Vor der Formgebung muss die pulverisierte Kohle gem\u00e4\u00df einem bestimmten Verh\u00e4ltnis mit dem Bindemittel und Wasser gemischt werden, was die Viskosit\u00e4t der Briketts erh\u00f6hen und die Formgebung des pulverisierten Kohlenstaubs verbessern kann.<\/p>    <p>Die zugeh\u00f6rige Ausr\u00fcstung des Verbundkohlebrechers umfasst eine Kohlekugelpressmaschine und eine Wabenbrikettpressmaschine.<\/p>    <div class=\"wp-block-media-text is-stacked-on-mobile\"><figure class=\"wp-block-media-text__media\"><img loading=\"lazy\" decoding=\"async\" width=\"720\" height=\"540\" src=\"https:\/\/bestcharcoalmachine.com\/wp-content\/uploads\/2021\/12\/Charcoal-Ball-Press-Machine.jpg\" alt=\"Kohle-Kugelpresse-Maschine\" class=\"wp-image-1825 size-full\" srcset=\"https:\/\/bestcharcoalmachine.com\/wp-content\/uploads\/2021\/12\/Charcoal-Ball-Press-Machine.jpg 720w, https:\/\/bestcharcoalmachine.com\/wp-content\/uploads\/2021\/12\/Charcoal-Ball-Press-Machine-300x225.jpg 300w\" sizes=\"auto, (max-width: 720px) 100vw, 720px\" \/><\/figure><div class=\"wp-block-media-text__content\"> <p id=\"h-\" class=\"translation-block\">Die <a href=\"https:\/\/bestcharcoalmachine.com\/de\/charcoal-briquette-machine\/charcoal-ball-press-machine\/\">Kohlebrikettpresse<\/a> ist eine wichtige Formmaschine f\u00fcr Kohlenstaub, die sie in verschiedene Formen pressen kann, darunter rund, kissenf\u00f6rmig, quadratisch und so weiter. <\/p>    <p id=\"h-\">Es nutzt zwei Walzen, um das vorbereitete Kohlenstaubpulver zu pressen und durch hohen Druck hochdichte Kohlebriketts herzustellen. Diese Maschine wird h\u00e4ufig in der Kohleindustrie und der metallurgischen Industrie eingesetzt.<\/p> <\/div><\/div>    <div class=\"wp-block-media-text has-media-on-the-right is-stacked-on-mobile\"><figure class=\"wp-block-media-text__media\"><img loading=\"lazy\" decoding=\"async\" width=\"720\" height=\"540\" src=\"https:\/\/bestcharcoalmachine.com\/wp-content\/uploads\/2021\/12\/Honeycomb-Coal-Briquette-Machine.jpg\" alt=\"Waben-Kohle-Brikett-Maschine\" class=\"wp-image-1993 size-full\" srcset=\"https:\/\/bestcharcoalmachine.com\/wp-content\/uploads\/2021\/12\/Honeycomb-Coal-Briquette-Machine.jpg 720w, https:\/\/bestcharcoalmachine.com\/wp-content\/uploads\/2021\/12\/Honeycomb-Coal-Briquette-Machine-300x225.jpg 300w\" sizes=\"auto, (max-width: 720px) 100vw, 720px\" \/><\/figure><div class=\"wp-block-media-text__content\"> <p class=\"translation-block\"><a href=\"https:\/\/bestcharcoalmachine.com\/de\/charcoal-briquette-machine\/honeycomb-coal-briquette-machine\/\">Wabenkohlebrikettmaschine<\/a> ist eine Brikettiermaschinenausr\u00fcstung, die Kohlenstaub presst. Es k\u00f6nnen verschiedene Formen hergestellt werden, haupts\u00e4chlich sechseckige und wabenf\u00f6rmige Formen.<\/p> <\/div><\/div>    <h2 class=\"wp-block-heading\" id=\"h-difference-between-charcoal-hammer-mill-and-coal-crusher\">Unterschied zwischen Holzkohlehammerm\u00fchle und Kohlebrecher <\/h2>    <p class=\"translation-block\">Die Kapazit\u00e4t der Verbundkohlenm\u00fchle ist gr\u00f6\u00dfer als die der <a href=\"https:\/\/bestcharcoalmachine.com\/de\/wood-working-equipment\/hammer-mill\/\">Hammer-M\u00fchle<\/a>, der Preis ist niedriger, was f\u00fcr Fabriken mit geringem Budget besser geeignet ist. Wenn sie jedoch zur Zerkleinerung von Holzkohle verwendet wird, ist der Effekt nicht so gut wie der der Hammer-M\u00fchle. Daher empfehlen wir Kunden f\u00fcr die Zerkleinerung von Holzkohle die Verwendung einer Hammer-M\u00fchle, die die Holzkohle sehr fein zerkleinern und den Standard f\u00fcr die Herstellung von Wasserpfeifentabak erreichen kann.<\/p>    <figure class=\"wp-block-gallery has-nested-images columns-default is-cropped wp-block-gallery-2 is-layout-flex wp-block-gallery-is-layout-flex\"> <figure class=\"wp-block-image size-large\"><img loading=\"lazy\" decoding=\"async\" width=\"720\" height=\"540\" data-id=\"2221\" src=\"https:\/\/bestcharcoalmachine.com\/wp-content\/uploads\/2021\/11\/wood-hammer-mill.jpg\" alt=\"Holzhammerm\u00fchle\" class=\"wp-image-2221\" srcset=\"https:\/\/bestcharcoalmachine.com\/wp-content\/uploads\/2021\/11\/wood-hammer-mill.jpg 720w, https:\/\/bestcharcoalmachine.com\/wp-content\/uploads\/2021\/11\/wood-hammer-mill-300x225.jpg 300w\" sizes=\"auto, (max-width: 720px) 100vw, 720px\" \/><figcaption>Holzhammerm\u00fchle<\/figcaption><\/figure>    <figure class=\"wp-block-image size-large\"><img loading=\"lazy\" decoding=\"async\" width=\"720\" height=\"540\" data-id=\"2845\" src=\"https:\/\/bestcharcoalmachine.com\/wp-content\/uploads\/2021\/12\/shisha-charcoal-1.jpg\" alt=\"Shisha-Kohle\" class=\"wp-image-2845\"\/><figcaption>Shisha-Kohle<\/figcaption><\/figure> <\/figure>","protected":false},"excerpt":{"rendered":"<p>The compound coal crusher is also known as the vertical coal pulverizer. The coal crusher is a new type of industrial equipment launched in response to the current situation of the coal plant. Its high efficiency and low consumption are its outstanding characteristics. The fuselage is made of wear-resistant materials with long service life and [&hellip;]<\/p>\n","protected":false},"author":1,"featured_media":2259,"parent":0,"template":"","tags":[],"product-type":[48],"class_list":["post-1741","product","type-product","status-publish","has-post-thumbnail","hentry","product-type-grinder-and-mixer"],"_links":{"self":[{"href":"https:\/\/bestcharcoalmachine.com\/de\/wp-json\/wp\/v2\/product\/1741","targetHints":{"allow":["GET"]}}],"collection":[{"href":"https:\/\/bestcharcoalmachine.com\/de\/wp-json\/wp\/v2\/product"}],"about":[{"href":"https:\/\/bestcharcoalmachine.com\/de\/wp-json\/wp\/v2\/types\/product"}],"author":[{"embeddable":true,"href":"https:\/\/bestcharcoalmachine.com\/de\/wp-json\/wp\/v2\/users\/1"}],"wp:featuredmedia":[{"embeddable":true,"href":"https:\/\/bestcharcoalmachine.com\/de\/wp-json\/wp\/v2\/media\/2259"}],"wp:attachment":[{"href":"https:\/\/bestcharcoalmachine.com\/de\/wp-json\/wp\/v2\/media?parent=1741"}],"wp:term":[{"taxonomy":"post_tag","embeddable":true,"href":"https:\/\/bestcharcoalmachine.com\/de\/wp-json\/wp\/v2\/tags?post=1741"},{"taxonomy":"product-type","embeddable":true,"href":"https:\/\/bestcharcoalmachine.com\/de\/wp-json\/wp\/v2\/product-type?post=1741"}],"curies":[{"name":"wp","href":"https:\/\/api.w.org\/{rel}","templated":true}]}}