{"id":1734,"date":"2021-12-23T08:41:09","date_gmt":"2021-12-23T08:41:09","guid":{"rendered":"https:\/\/bestcharcoalmachine.com\/?p=1734"},"modified":"2022-03-03T09:47:14","modified_gmt":"2022-03-03T09:47:14","slug":"box-type-charcoal-dryer","status":"publish","type":"product","link":"https:\/\/bestcharcoalmachine.com\/de\/product\/box-type-charcoal-dryer\/","title":{"rendered":"Kastenf\u00f6rmiger Holzkohletrockner | Trocknungsmaschine f\u00fcr Holzkohlebriketts"},"content":{"rendered":"<div class=\"kk-star-ratings kksr-auto kksr-align-left kksr-valign-top\"     data-payload='{&quot;align&quot;:&quot;left&quot;,&quot;id&quot;:&quot;1734&quot;,&quot;slug&quot;:&quot;default&quot;,&quot;valign&quot;:&quot;top&quot;,&quot;ignore&quot;:&quot;&quot;,&quot;reference&quot;:&quot;auto&quot;,&quot;class&quot;:&quot;&quot;,&quot;count&quot;:&quot;19&quot;,&quot;legendonly&quot;:&quot;&quot;,&quot;readonly&quot;:&quot;&quot;,&quot;score&quot;:&quot;4.5&quot;,&quot;starsonly&quot;:&quot;&quot;,&quot;best&quot;:&quot;5&quot;,&quot;gap&quot;:&quot;5&quot;,&quot;greet&quot;:&quot;Rate this product&quot;,&quot;legend&quot;:&quot;4.5\\\/5 - (19 votes)&quot;,&quot;size&quot;:&quot;24&quot;,&quot;title&quot;:&quot;Box-type Charcoal Dryer | Charcoal Briquette Drying Machine&quot;,&quot;width&quot;:&quot;128&quot;,&quot;_legend&quot;:&quot;{score}\\\/{best} - ({count} {votes})&quot;,&quot;font_factor&quot;:&quot;1.25&quot;}'>              <div class=\"kksr-stars\">      <div class=\"kksr-stars-inactive\">             <div class=\"kksr-star\" data-star=\"1\" style=\"padding-right: 5px\">               <div class=\"kksr-icon\" style=\"width: 24px; height: 24px;\"><\/div>         <\/div>             <div class=\"kksr-star\" data-star=\"2\" style=\"padding-right: 5px\">               <div class=\"kksr-icon\" style=\"width: 24px; height: 24px;\"><\/div>         <\/div>             <div class=\"kksr-star\" data-star=\"3\" style=\"padding-right: 5px\">               <div class=\"kksr-icon\" style=\"width: 24px; height: 24px;\"><\/div>         <\/div>             <div class=\"kksr-star\" data-star=\"4\" style=\"padding-right: 5px\">               <div class=\"kksr-icon\" style=\"width: 24px; height: 24px;\"><\/div>         <\/div>             <div class=\"kksr-star\" data-star=\"5\" style=\"padding-right: 5px\">               <div class=\"kksr-icon\" style=\"width: 24px; height: 24px;\"><\/div>         <\/div>     <\/div>      <div class=\"kksr-stars-active\" style=\"width: 128px;\">             <div class=\"kksr-star\" style=\"padding-right: 5px\">               <div class=\"kksr-icon\" style=\"width: 24px; height: 24px;\"><\/div>         <\/div>             <div class=\"kksr-star\" style=\"padding-right: 5px\">               <div class=\"kksr-icon\" style=\"width: 24px; height: 24px;\"><\/div>         <\/div>             <div class=\"kksr-star\" style=\"padding-right: 5px\">               <div class=\"kksr-icon\" style=\"width: 24px; height: 24px;\"><\/div>         <\/div>             <div class=\"kksr-star\" style=\"padding-right: 5px\">               <div class=\"kksr-icon\" style=\"width: 24px; height: 24px;\"><\/div>         <\/div>             <div class=\"kksr-star\" style=\"padding-right: 5px\">               <div class=\"kksr-icon\" style=\"width: 24px; height: 24px;\"><\/div>         <\/div>     <\/div> <\/div>                   <div class=\"kksr-legend\" style=\"font-size: 19.2px;\">             4,5\/5 - (19 Stimmen)    <\/div>     <\/div>  <p class=\"translation-block\">Die box-type-Holzkohlezermaschine ist in der Holzkohleindustrie sehr verbreitet. \u00dcblicherweise sind das Trocknen und das <a href=\"https:\/\/bestcharcoalmachine.com\/de\/briquettes-packing-machine\/charcoal-briquette-packing-machine-2\/\">Verpacken<\/a> der Briketts die letzten Schritte der <a href=\"https:\/\/bestcharcoalmachine.com\/de\/product-line\/barbecue-charcoal-production-line\/\">Holzkohleproduktionslinie<\/a>. Der Formgebungsprozess verschiedener Arten von Holzkohlebriketts, wie Shisha-Kohlen und Holzkohle-B\u00e4lle, erfordert die Beimischung eines bestimmten Anteils an Bindemittel und Wasser. Daher hat der frisch produzierte biomass-basierte Kohlenstoff einen h\u00f6heren Feuchtigkeitsgehalt und muss getrocknet werden, um verschiedene Festigkeitskennzahlen zu verbessern.<\/p>    <h2 class=\"wp-block-heading\">Anwendung eines Holzkohletrockners<\/h2>    <p>Der kastenf\u00f6rmige Holzkohletrocknungsraum hat ein breites Anwendungsspektrum und kann in vielen Bereichen eingesetzt werden, z. B. bei Holzkohle, Lebensmitteln, Agrar- und Nebenprodukten, Fr\u00fcchten, chinesischen Arzneimitteln und Wasserprodukten. Die Rohstoffe f\u00fcr Holzkohleverarbeitungsanlagen sind immer Wasserpfeifenkohle, Wabenholzkohlebriketts, Grillkohlekugeln usw. <\/p>    <figure class=\"wp-block-gallery has-nested-images columns-default is-cropped wp-block-gallery-2 is-layout-flex wp-block-gallery-is-layout-flex\"> <figure class=\"wp-block-image size-large\"><img loading=\"lazy\" decoding=\"async\" width=\"720\" height=\"540\" data-id=\"1996\" src=\"https:\/\/bestcharcoalmachine.com\/wp-content\/uploads\/2021\/12\/honeycomb-coal-display.jpg\" alt=\"\" class=\"wp-image-1996\" srcset=\"https:\/\/bestcharcoalmachine.com\/wp-content\/uploads\/2021\/12\/honeycomb-coal-display.jpg 720w, https:\/\/bestcharcoalmachine.com\/wp-content\/uploads\/2021\/12\/honeycomb-coal-display-300x225.jpg 300w\" sizes=\"auto, (max-width: 720px) 100vw, 720px\" \/><figcaption>Wabenholzkohlebriketts<\/figcaption><\/figure>    <figure class=\"wp-block-image size-large\"><img loading=\"lazy\" decoding=\"async\" width=\"720\" height=\"540\" data-id=\"2844\" src=\"https:\/\/bestcharcoalmachine.com\/wp-content\/uploads\/2021\/12\/hookah-charcoal.jpg\" alt=\"Shisha-Kohle\" class=\"wp-image-2844\"\/><figcaption>Shisha-Kohle<\/figcaption><\/figure> <\/figure>    <figure class=\"wp-block-gallery has-nested-images columns-default is-cropped wp-block-gallery-3 is-layout-flex wp-block-gallery-is-layout-flex\"> <figure class=\"wp-block-image size-large\"><img loading=\"lazy\" decoding=\"async\" width=\"720\" height=\"540\" data-id=\"2924\" src=\"https:\/\/bestcharcoalmachine.com\/wp-content\/uploads\/2021\/12\/BBQ-charcoal-balls.jpg\" alt=\"Grillkohlekugeln\" class=\"wp-image-2924\"\/><figcaption>Grillkohlekugeln<\/figcaption><\/figure>    <figure class=\"wp-block-image size-large\"><img loading=\"lazy\" decoding=\"async\" width=\"720\" height=\"540\" data-id=\"2813\" src=\"https:\/\/bestcharcoalmachine.com\/wp-content\/uploads\/2022\/02\/charcoal-briquettes-of-hexagon-shapes1.jpg\" alt=\"Holzkohlebriketts in Sechseckform\" class=\"wp-image-2813\"\/><figcaption>Holzkohlebriketts in Sechseckform<\/figcaption><\/figure> <\/figure>    <p>Aufgrund der gro\u00dfen Auswahl an Rohstoffen k\u00f6nnen Lebensmittelverarbeiter mit diesem Kastentrockner auch Obst und Gem\u00fcse trocknen.<\/p>    <figure class=\"wp-block-gallery has-nested-images columns-default is-cropped wp-block-gallery-4 is-layout-flex wp-block-gallery-is-layout-flex\"> <figure class=\"wp-block-image size-large\"><img loading=\"lazy\" decoding=\"async\" width=\"720\" height=\"540\" data-id=\"2927\" src=\"https:\/\/bestcharcoalmachine.com\/wp-content\/uploads\/2021\/12\/strawberry-drying1.jpg\" alt=\"Erdbeertrocknung\" class=\"wp-image-2927\"\/><figcaption>Erdbeertrocknung<\/figcaption><\/figure>    <figure class=\"wp-block-image size-large\"><img loading=\"lazy\" decoding=\"async\" width=\"720\" height=\"540\" data-id=\"2926\" src=\"https:\/\/bestcharcoalmachine.com\/wp-content\/uploads\/2021\/12\/mongo-drying1.jpg\" alt=\"\" class=\"wp-image-2926\"\/><figcaption>Mongo-Trocknung<\/figcaption><\/figure> <\/figure>    <h2 class=\"wp-block-heading\" id=\"h-structures-of-box-type-charcoal-dryer\">Aufbau eines kastenf\u00f6rmigen Holzkohletrockners<\/h2>    <p>Der kastenf\u00f6rmige Holzkohletrockner besteht haupts\u00e4chlich aus einem Isolierkastenk\u00f6rper, einem Schaltschrank, Ventilatoren, Regalen, einem L\u00fcftungskanal, einem Temperatur- und Feuchtigkeitsmesssystem und einem Staubentfernungsger\u00e4t. Die Wandpaneele der W\u00e4rmed\u00e4mmbox bestehen vorne und hinten aus 4 mm dickem Farbstahl und in der Mitte aus 7 mm w\u00e4rmed\u00e4mmender Steinwolle. Wenn die Heizmethode eine W\u00e4rmepumpenheizung ist, muss eine W\u00e4rmepumpe konfiguriert werden.<\/p>    <figure class=\"wp-block-gallery has-nested-images columns-default is-cropped wp-block-gallery-5 is-layout-flex wp-block-gallery-is-layout-flex\"> <figure class=\"wp-block-image size-large\"><img decoding=\"async\" data-id=\"1746\" src=\"https:\/\/bestcharcoalmachine.com\/wp-content\/uploads\/2021\/12\/insulation-rock-wool.jpg\" alt=\"\" class=\"wp-image-1746\"\/><figcaption>Isolierung aus Steinwolle<\/figcaption><\/figure>    <figure class=\"wp-block-image size-large\"><img decoding=\"async\" data-id=\"1747\" src=\"https:\/\/bestcharcoalmachine.com\/wp-content\/uploads\/2021\/12\/shelf-of-the-drying-room.jpg\" alt=\"Regal des Trockenraums\" class=\"wp-image-1747\"\/><figcaption>Regal des Trockenraums<\/figcaption><\/figure> <\/figure>    <h2 class=\"wp-block-heading\" id=\"h-video-of-charcoal-briquette-drying-machine\">Video einer Holzkohlebrikett-Trocknungsmaschine<\/h2>    <p>In diesem Video verarbeitet der Holzkohletrockner viele Arten von Rohstoffen wie S\u00fc\u00dfkartoffelst\u00e4rke, Mango und Holzkohlebriketts, was die vielf\u00e4ltigen Rohstoffe des Kastentrockners zeigt.<\/p>    <figure class=\"wp-block-embed is-type-video is-provider-youtube wp-block-embed-youtube wp-embed-aspect-16-9 wp-has-aspect-ratio\"><div class=\"wp-block-embed__wrapper\"> <iframe loading=\"lazy\" title=\"Kastenf\u00f6rmiger Holzkohlebriketttrockner | Multifunktionale Trocknungsmaschine f\u00fcr Holzkohle, Obst und Gem\u00fcse zu verkaufen\" width=\"500\" height=\"281\" src=\"https:\/\/www.youtube.com\/embed\/N9lUvGFxORo?start=26&#038;feature=oembed\" frameborder=\"0\" allow=\"accelerometer; autoplay; clipboard-write; encrypted-media; gyroscope; picture-in-picture; web-share\" referrerpolicy=\"strict-origin-when-cross-origin\" allowfullscreen><\/iframe> <\/div><\/figure>    <h2 class=\"wp-block-heading\">Funktionsprinzip der Holzkohlebrikett-Trocknungsmaschine<\/h2>    <p>Die Heizmethode der Holzkohlebrikett-Trocknungsmaschine umfasst haupts\u00e4chlich die traditionelle holzverbrennende Kohleverbrennungsmethode, und es kann auch die umweltfreundlichere Methode der Verbrennung von Holzpellets verwendet werden. Selbstverst\u00e4ndlich kann auch eine W\u00e4rmepumpe zum Heizen eingesetzt werden. Stellen Sie je nach Material unterschiedliche Temperaturen ein, die maximale Temperatur betr\u00e4gt 120 Grad Celsius, wenn die Holzkohle getrocknet ist, betr\u00e4gt die maximale Temperatur 70-80 Grad Celsius.<\/p>    <p>Die hei\u00dfe Luft zirkuliert kontinuierlich durch die Rohre im Trockenraum und wird in der Trockenbox durch die Hei\u00dfluftzirkulation erw\u00e4rmt, um den Effekt der Trocknung der Materialien zu erzielen. Die Trockenbox ist mit einer Feuchtigkeitsauslass\u00f6ffnung ausgestattet, die Wasserdampf effektiv entfernen und den Trocknungseffekt gew\u00e4hrleisten kann.<\/p>    <figure class=\"wp-block-gallery has-nested-images columns-default is-cropped wp-block-gallery-6 is-layout-flex wp-block-gallery-is-layout-flex\"> <figure class=\"wp-block-image size-large\"><img decoding=\"async\" data-id=\"1748\" src=\"https:\/\/bestcharcoalmachine.com\/wp-content\/uploads\/2021\/12\/Charcoal-Briquette-Drying-Machine.jpg\" alt=\"Trocknungsmaschine f\u00fcr Holzkohlebriketts\" class=\"wp-image-1748\"\/><figcaption>Trocknungsmaschine f\u00fcr Holzkohlebriketts<\/figcaption><\/figure>    <figure class=\"wp-block-image size-large\"><img decoding=\"async\" data-id=\"1749\" src=\"https:\/\/bestcharcoalmachine.com\/wp-content\/uploads\/2021\/12\/Box-type-Charcoal-Dryer-1.jpg\" alt=\"Kastenf\u00f6rmiger Holzkohletrockner\" class=\"wp-image-1749\"\/><figcaption>Kastenf\u00f6rmiger Holzkohletrockner<\/figcaption><\/figure> <\/figure>    <h2 class=\"wp-block-heading\">Vorteile des kastenf\u00f6rmigen Holzkohletrockners<\/h2>    <ol class=\"wp-block-list\"><li>Der Holzkohletrockner ist ein intelligentes Ger\u00e4t, das Entfeuchtung, Heizung, Abgastemperatur und Temperaturregelung integriert.<\/li><li>Das einzigartige Design der Abgasw\u00e4rmer\u00fcckgewinnung kann den W\u00e4rmeverlust des Abgases reduzieren und die Gesamtenergieeinsparung ist besser.<\/li><li>Der Holzkohletrockner kann die Temperatur und Luftfeuchtigkeit entsprechend den Eigenschaften des getrockneten Materials mit einem hohen Ma\u00df an Intelligenz regulieren.<\/li><li>W\u00e4hrend des Trocknungsprozesses ist keine Aufsicht erforderlich und das Ger\u00e4t schaltet sich automatisch ab, sobald das Material getrocknet ist oder die Trocknungstemperatur erreicht ist.<\/li><li>Die Installation und Demontage der Holzkohlebrikett-Trocknungsmaschine ist sehr bequem, sie nimmt eine kleine Fl\u00e4che ein und kann drinnen und drau\u00dfen verwendet werden.<\/li><\/ol>    <h2 class=\"wp-block-heading\">Vorteile des Holzkohletrockners mit W\u00e4rmepumpe<\/h2>    <p>Herk\u00f6mmliche kohlebefeuerte Gas- und Kesseltrocknungsmethoden sind nicht nur zeitaufw\u00e4ndig und kostenintensiv, sondern bergen auch potenzielle Gefahren f\u00fcr Umweltverschmutzung, Sicherheit und Lebensmittelsicherheit. Sie werden nach und nach abgeschafft, wenn der Schwerpunkt auf einer umweltfreundlichen Produktion liegt. Daraus entstand der W\u00e4rmepumpentrockner, der auf eine kleine Menge elektrischer Energie angewiesen ist, um die W\u00e4rme in der Luft aufzunehmen und an den Trockenraum zu \u00fcbertragen. W\u00e4rmepumpentrockner geh\u00f6ren zu den Vertretern der Maschinen, die neue Energiequellen nutzen und werden von vielen Umweltschutzherstellern bevorzugt.<\/p>    <p>Der Holzkohletrocknungsraum mit W\u00e4rmepumpe kann eine hohe Effizienz und Energieeinsparung erzielen. Es muss nur wenig elektrische Energie verbraucht werden, um eine gro\u00dfe Menge W\u00e4rme in der Luft zu absorbieren, und der Stromverbrauch betr\u00e4gt nur 1\/4 des Stromverbrauchs gew\u00f6hnlicher elektrischer Heiztrockner. Dar\u00fcber hinaus k\u00f6nnen im Vergleich zu Kohle-, \u00d6l- und Gastrocknern mit einem Holzkohletrocknungsraum mit W\u00e4rmepumpe etwa 601 TP3T Betriebskosten eingespart werden.<\/p>    <figure class=\"wp-block-gallery has-nested-images columns-default is-cropped wp-block-gallery-7 is-layout-flex wp-block-gallery-is-layout-flex\"> <figure class=\"wp-block-image size-large\"><img decoding=\"async\" data-id=\"1750\" src=\"https:\/\/bestcharcoalmachine.com\/wp-content\/uploads\/2021\/12\/heat-pump-drying-machine.jpg\" alt=\"W\u00e4rmepumpentrocknungsmaschine\" class=\"wp-image-1750\"\/><figcaption>W\u00e4rmepumpentrocknungsmaschine<\/figcaption><\/figure>    <figure class=\"wp-block-image size-large\"><img decoding=\"async\" data-id=\"1751\" src=\"https:\/\/bestcharcoalmachine.com\/wp-content\/uploads\/2021\/12\/heat-pump-dryer.jpg\" alt=\"W\u00e4rmepumpentrockner\" class=\"wp-image-1751\"\/><figcaption>W\u00e4rmepumpentrockner<\/figcaption><\/figure> <\/figure>    <h2 class=\"wp-block-heading\" id=\"h-parameters-of-charcoal-briquette-drying-machine\">Parameter der Holzkohlebrikett-Trocknungsmaschine<\/h2>    <p>Dies sind die beiden am h\u00e4ufigsten verkauften Modelle und werden mit Holz oder Kohle beheizt. Die L\u00e4nge jedes Wagens betr\u00e4gt einen Meter, die L\u00e4nge des Trockenraums mit 8 Wagen betr\u00e4gt 8 Meter und jeder Wagen kann 10 Tabletts aufnehmen. Beispielsweise ist die Trockenbox des Modells WD-BD 08 8 Meter lang und bietet Platz f\u00fcr 8 Wagen mit 80 Tabletts.<\/p>    <figure class=\"wp-block-table\"><table><tbody><tr><td>Modell<\/td><td>WD-BD 08<\/td><td>WD-BD 010<\/td><\/tr><tr><td>Gr\u00f6\u00dfe des Trockenraums<\/td><td>8m*2,3m*2,5m<\/td><td>1mX2,3mX2,5m<\/td><\/tr><tr><td>Umw\u00e4lzventilator<\/td><td>6 St\u00fcck<\/td><td>6 St\u00fcck<\/td><\/tr><tr><td>Entfeuchtungsventilator<\/td><td>2Stk<\/td><td>2Stk<\/td><\/tr><tr><td>Wagen<\/td><td>8 St\u00fcck<\/td><td>10 St\u00fcck<\/td><\/tr><tr><td>Tablett<\/td><td>80 St\u00fcck<\/td><td>100 St\u00fcck<\/td><\/tr><\/tbody><\/table><\/figure>    <h2 class=\"wp-block-heading\" id=\"h-box-type-charcoal-dryer-shipped-to-libya\">Kastenf\u00f6rmiger Holzkohletrockner nach Libyen verschifft<\/h2>    <p>Die Holzkohlefabrik des libyschen Kunden expandierte und produzierte immer mehr Holzkohlebriketts. Die nat\u00fcrliche Trocknung konnte seine Anforderungen nicht mehr erf\u00fcllen, daher beschloss er, in einen Trockner zu investieren, um die Effizienz zu steigern. <\/p>    <p class=\"translation-block\">Nachdem ich die Gr\u00f6\u00dfe der Kohlenstofffabrik des libyschen Kunden kennengelernt hatte, empfahl der Vertriebsleiter Crystal ihm einen Trockenraum mit einer Tagesleistung von 3 Tonnen und einer L\u00e4nge von 10 Metern, ausgestattet mit 100 Paletten. Der <a href=\"https:\/\/bestcharcoalmachine.com\/de\/news\/charcoal-dryer-with-daily-output-of-3-tons-shipped-to-libya\/\">Fall des libyschen Kunden<\/a>ist sehr erfolgreich. Die folgenden Bilder zeigen die detaillierten Parameter des von libyschen Kunden gekauften Trockners.<\/p>    <figure class=\"wp-block-gallery has-nested-images columns-default is-cropped wp-block-gallery-8 is-layout-flex wp-block-gallery-is-layout-flex\"> <figure class=\"wp-block-image size-large\"><img loading=\"lazy\" decoding=\"async\" width=\"540\" height=\"720\" data-id=\"2885\" src=\"https:\/\/bestcharcoalmachine.com\/wp-content\/uploads\/2022\/02\/charcoal-dryer.jpg\" alt=\"Holzkohletrockner\" class=\"wp-image-2885\"\/><figcaption>Holzkohletrockner<\/figcaption><\/figure>    <figure class=\"wp-block-image size-large\"><img loading=\"lazy\" decoding=\"async\" width=\"540\" height=\"720\" data-id=\"2888\" src=\"https:\/\/bestcharcoalmachine.com\/wp-content\/uploads\/2022\/02\/ten-pallets.jpg\" alt=\"\" class=\"wp-image-2888\"\/><\/figure>    <figure class=\"wp-block-image size-large\"><img loading=\"lazy\" decoding=\"async\" width=\"540\" height=\"720\" data-id=\"2883\" src=\"https:\/\/bestcharcoalmachine.com\/wp-content\/uploads\/2022\/02\/loading-3.jpg\" alt=\"\" class=\"wp-image-2883\"\/><\/figure> <\/figure>    <figure class=\"wp-block-gallery has-nested-images columns-default is-cropped wp-block-gallery-9 is-layout-flex wp-block-gallery-is-layout-flex\"> <figure class=\"wp-block-image size-large\"><img loading=\"lazy\" decoding=\"async\" width=\"540\" height=\"720\" data-id=\"2882\" src=\"https:\/\/bestcharcoalmachine.com\/wp-content\/uploads\/2022\/02\/Charcoal-dryer-to-Libya1.jpg\" alt=\"Kohletrockner nach Libyen\" class=\"wp-image-2882\"\/><figcaption>Kohletrockner nach Libyen<\/figcaption><\/figure>    <figure class=\"wp-block-image size-large\"><img loading=\"lazy\" decoding=\"async\" width=\"720\" height=\"540\" data-id=\"2892\" src=\"https:\/\/bestcharcoalmachine.com\/wp-content\/uploads\/2022\/02\/Charcoal-dryer-to-Libya1-1.jpg\" alt=\"Kohletrockner nach Libyen\" class=\"wp-image-2892\"\/><figcaption>Kohletrockner nach Libyen<\/figcaption><\/figure>    <figure class=\"wp-block-image size-large\"><img loading=\"lazy\" decoding=\"async\" width=\"540\" height=\"720\" data-id=\"2886\" src=\"https:\/\/bestcharcoalmachine.com\/wp-content\/uploads\/2022\/02\/charcoal-dryer-machine.jpg\" alt=\"\" class=\"wp-image-2886\"\/><figcaption>Holzkohletrockner<\/figcaption><\/figure> <\/figure>","protected":false},"excerpt":{"rendered":"<p>The box-type charcoal dryer is very common in the wood charcoal industry. Usually, drying and packing briquettes are the last steps of the charcoal production line. The molding process of various types of charcoal briquettes like shisha charcoals and charcoal balls requires the addition of a certain proportion of binder and water. Therefore, the freshly [&hellip;]<\/p>\n","protected":false},"author":1,"featured_media":2242,"parent":0,"template":"","tags":[],"product-type":[49],"class_list":["post-1734","product","type-product","status-publish","has-post-thumbnail","hentry","product-type-drying-machine"],"_links":{"self":[{"href":"https:\/\/bestcharcoalmachine.com\/de\/wp-json\/wp\/v2\/product\/1734","targetHints":{"allow":["GET"]}}],"collection":[{"href":"https:\/\/bestcharcoalmachine.com\/de\/wp-json\/wp\/v2\/product"}],"about":[{"href":"https:\/\/bestcharcoalmachine.com\/de\/wp-json\/wp\/v2\/types\/product"}],"author":[{"embeddable":true,"href":"https:\/\/bestcharcoalmachine.com\/de\/wp-json\/wp\/v2\/users\/1"}],"wp:featuredmedia":[{"embeddable":true,"href":"https:\/\/bestcharcoalmachine.com\/de\/wp-json\/wp\/v2\/media\/2242"}],"wp:attachment":[{"href":"https:\/\/bestcharcoalmachine.com\/de\/wp-json\/wp\/v2\/media?parent=1734"}],"wp:term":[{"taxonomy":"post_tag","embeddable":true,"href":"https:\/\/bestcharcoalmachine.com\/de\/wp-json\/wp\/v2\/tags?post=1734"},{"taxonomy":"product-type","embeddable":true,"href":"https:\/\/bestcharcoalmachine.com\/de\/wp-json\/wp\/v2\/product-type?post=1734"}],"curies":[{"name":"wp","href":"https:\/\/api.w.org\/{rel}","templated":true}]}}