{"id":1722,"date":"2021-12-22T09:44:32","date_gmt":"2021-12-22T09:44:32","guid":{"rendered":"https:\/\/bestcharcoalmachine.com\/?p=1722"},"modified":"2022-03-07T05:51:25","modified_gmt":"2022-03-07T05:51:25","slug":"mesh-belt-dryer","status":"publish","type":"product","link":"https:\/\/bestcharcoalmachine.com\/de\/product\/mesh-belt-dryer\/","title":{"rendered":"Mesh-Bandtrockner | Kohletrocknungsmaschine"},"content":{"rendered":"<div class=\"kk-star-ratings kksr-auto kksr-align-left kksr-valign-top\"     data-payload='{&quot;align&quot;:&quot;left&quot;,&quot;id&quot;:&quot;1722&quot;,&quot;slug&quot;:&quot;default&quot;,&quot;valign&quot;:&quot;top&quot;,&quot;ignore&quot;:&quot;&quot;,&quot;reference&quot;:&quot;auto&quot;,&quot;class&quot;:&quot;&quot;,&quot;count&quot;:&quot;16&quot;,&quot;legendonly&quot;:&quot;&quot;,&quot;readonly&quot;:&quot;&quot;,&quot;score&quot;:&quot;4.6&quot;,&quot;starsonly&quot;:&quot;&quot;,&quot;best&quot;:&quot;5&quot;,&quot;gap&quot;:&quot;5&quot;,&quot;greet&quot;:&quot;Rate this product&quot;,&quot;legend&quot;:&quot;4.6\\\/5 - (16 votes)&quot;,&quot;size&quot;:&quot;24&quot;,&quot;title&quot;:&quot;Mesh Belt Dryer | Charcoal Drying Machine&quot;,&quot;width&quot;:&quot;130.9&quot;,&quot;_legend&quot;:&quot;{score}\\\/{best} - ({count} {votes})&quot;,&quot;font_factor&quot;:&quot;1.25&quot;}'>              <div class=\"kksr-stars\">      <div class=\"kksr-stars-inactive\">             <div class=\"kksr-star\" data-star=\"1\" style=\"padding-right: 5px\">               <div class=\"kksr-icon\" style=\"width: 24px; height: 24px;\"><\/div>         <\/div>             <div class=\"kksr-star\" data-star=\"2\" style=\"padding-right: 5px\">               <div class=\"kksr-icon\" style=\"width: 24px; height: 24px;\"><\/div>         <\/div>             <div class=\"kksr-star\" data-star=\"3\" style=\"padding-right: 5px\">               <div class=\"kksr-icon\" style=\"width: 24px; height: 24px;\"><\/div>         <\/div>             <div class=\"kksr-star\" data-star=\"4\" style=\"padding-right: 5px\">               <div class=\"kksr-icon\" style=\"width: 24px; height: 24px;\"><\/div>         <\/div>             <div class=\"kksr-star\" data-star=\"5\" style=\"padding-right: 5px\">               <div class=\"kksr-icon\" style=\"width: 24px; height: 24px;\"><\/div>         <\/div>     <\/div>      <div class=\"kksr-stars-active\" style=\"width: 130.9px;\">             <div class=\"kksr-star\" style=\"padding-right: 5px\">               <div class=\"kksr-icon\" style=\"width: 24px; height: 24px;\"><\/div>         <\/div>             <div class=\"kksr-star\" style=\"padding-right: 5px\">               <div class=\"kksr-icon\" style=\"width: 24px; height: 24px;\"><\/div>         <\/div>             <div class=\"kksr-star\" style=\"padding-right: 5px\">               <div class=\"kksr-icon\" style=\"width: 24px; height: 24px;\"><\/div>         <\/div>             <div class=\"kksr-star\" style=\"padding-right: 5px\">               <div class=\"kksr-icon\" style=\"width: 24px; height: 24px;\"><\/div>         <\/div>             <div class=\"kksr-star\" style=\"padding-right: 5px\">               <div class=\"kksr-icon\" style=\"width: 24px; height: 24px;\"><\/div>         <\/div>     <\/div> <\/div>                   <div class=\"kksr-legend\" style=\"font-size: 19.2px;\">             4,6\/5 - (16 Bewertungen)    <\/div>     <\/div>  <p class=\"translation-block\">In allen gro\u00dfen Holzkohleproduktionslinien k\u00f6nnen wir einen Holzkohlebrikettentrockner sehen. Nach der Formung der Holzkohle oder Kohle gibt es oft einen hohen Feuchtigkeitsgehalt. Zu diesem Zeitpunkt muss der Holzkohlehersteller eine Holzkohletrocknungsmaschine verwenden, um die Feuchtigkeit auf 5 % - 8 % zu reduzieren und dann mit dem n\u00e4chsten Schritt der Verpackung fortzufahren. WOOD Machinery bietet zwei Arten von Holzkohlebrikettentrocknern an, einschlie\u00dflich <a href=\"https:\/\/bestcharcoalmachine.com\/de\/product\/box-type-charcoal-dryer\/\">Kastentrockner f\u00fcr Holzkohle<\/a> und Bandtrockner. Kunden k\u00f6nnen je nach ihren eigenen Anforderungen w\u00e4hlen.<\/p>    <div class=\"wp-block-image\"><figure class=\"aligncenter size-full\"><img loading=\"lazy\" decoding=\"async\" width=\"720\" height=\"540\" src=\"https:\/\/bestcharcoalmachine.com\/wp-content\/uploads\/2021\/12\/charcoal-briquettes-dryer-1.jpg\" alt=\"Trockner f\u00fcr Holzkohlebriketts\" class=\"wp-image-2245\" srcset=\"https:\/\/bestcharcoalmachine.com\/wp-content\/uploads\/2021\/12\/charcoal-briquettes-dryer-1.jpg 720w, https:\/\/bestcharcoalmachine.com\/wp-content\/uploads\/2021\/12\/charcoal-briquettes-dryer-1-300x225.jpg 300w\" sizes=\"auto, (max-width: 720px) 100vw, 720px\" \/><figcaption>Trockner f\u00fcr Holzkohlebriketts<\/figcaption><\/figure><\/div>    <div class=\"wp-block-image\"><figure class=\"aligncenter size-full\"><img loading=\"lazy\" decoding=\"async\" width=\"720\" height=\"540\" src=\"https:\/\/bestcharcoalmachine.com\/wp-content\/uploads\/2021\/12\/mesh-belt-dryer.jpg\" alt=\"Mesh-Band-Trockner\" class=\"wp-image-2044\" srcset=\"https:\/\/bestcharcoalmachine.com\/wp-content\/uploads\/2021\/12\/mesh-belt-dryer.jpg 720w, https:\/\/bestcharcoalmachine.com\/wp-content\/uploads\/2021\/12\/mesh-belt-dryer-300x225.jpg 300w\" sizes=\"auto, (max-width: 720px) 100vw, 720px\" \/><figcaption>Mesh-Band-Trockner<\/figcaption><\/figure><\/div>    <h2 class=\"wp-block-heading\">Einf\u00fchrung des Kohlenetzbandtrockners<\/h2>    <p class=\"translation-block\">Der Kohlebandtrockner ist sehr gut f\u00fcr die Trocknung von Holzkohle geeignet. Der Bandtrockner transportiert haupts\u00e4chlich die gepressten fertigen Stangen und Kugeln direkt durch den F\u00f6rderer auf das Flachband, und verteilt die Fertigprodukte gleichm\u00e4\u00dfig durch den Schaber am oberen Ende des Flachbandes in der Holzkohletrocknungsmaschine, wodurch die Luftdurchl\u00e4ssigkeit des Materials verbessert wird, um den Trocknungseffekt zu erzielen. Nachdem die Holzkohlebriketts getrocknet wurden, werden sie von einer <a href=\"https:\/\/bestcharcoalmachine.com\/de\/product\/briquettes-packing-machine\/\">Brikettverpackungsmaschine<\/a> in S\u00e4cke verpackt.<\/p>    <h2 class=\"wp-block-heading\">Funktionsprinzip des Holzkohlebriketttrockners<\/h2>    <p>Das Hauptprinzip des Maschenbandtrockners besteht darin, das Material gleichm\u00e4\u00dfig auf dem Maschenband zu verteilen, und es wird durch die \u00dcbertragungsvorrichtung angetrieben, um sich im Trockner hin und her zu bewegen. Die hei\u00dfe Luft str\u00f6mt durch das Material und der vom Material erzeugte Wasserdampf str\u00f6mt durch die Feuchtigkeitsabzugs\u00f6ffnung. Um den Zweck des Trocknens von Materialien zu erreichen.<\/p>    <h2 class=\"wp-block-heading\" id=\"h-applications-of-charcoal-mesh-belt-dryer\">Anwendungen des Bandtrockners mit Holzkohlegeflecht<\/h2>    <p>Der Mesh-Bandtrockner ist eine h\u00e4ufig verwendete kontinuierliche Trocknungsanlage. Es eignet sich zum Trocknen von Flocken-, Streifen- und Granulatmaterialien bei guter Bel\u00fcftung. Zum Beispiel Obst, Gem\u00fcse, pflanzliche Arzneimittel und Feldfr\u00fcchte. <\/p>    <div class=\"wp-block-image\"><figure class=\"aligncenter size-full\"><img loading=\"lazy\" decoding=\"async\" width=\"720\" height=\"540\" src=\"https:\/\/bestcharcoalmachine.com\/wp-content\/uploads\/2021\/12\/The-drying-scene-of-honeysucklechrysanthemum-and-traditional-Chinese-medicine1.jpg\" alt=\"Die Trocknungsszene von Gei\u00dfblatt, Chrysantheme und traditioneller chinesischer Medizin\" class=\"wp-image-2952\"\/><figcaption>Die Trocknungsszene von Gei\u00dfblatt, Chrysantheme und traditioneller chinesischer Medizin<\/figcaption><\/figure><\/div>    <p class=\"translation-block\">Der Holzkohletrockner kann auch weit verbreitet in den Industrien von geformter Holzkohle eingesetzt werden, wie z. B. <a href=\"https:\/\/bestcharcoalmachine.com\/de\/product-line\/barbecue-charcoal-production-line\/\">BBQ-Holzkohlebriketts<\/a>, Kohlebl\u00f6cke, besonders geeignet f\u00fcr <a href=\"https:\/\/bestcharcoalmachine.com\/de\/product-line\/shisha-charcoal-production-line-1-3\/\">Shisha-Holzkohleproduktionslinien<\/a> zur Entfernung von \u00dcberschusswasser aus Shisha-Holzkohle.<\/p>    <figure class=\"wp-block-gallery has-nested-images columns-default is-cropped wp-block-gallery-2 is-layout-flex wp-block-gallery-is-layout-flex\"> <figure class=\"wp-block-image size-large\"><img loading=\"lazy\" decoding=\"async\" width=\"720\" height=\"395\" data-id=\"2956\" src=\"https:\/\/bestcharcoalmachine.com\/wp-content\/uploads\/2022\/03\/hookah-charcoal-edited.jpg\" alt=\"Shisha-Kohle\" class=\"wp-image-2956\"\/><figcaption>Shisha-Kohle<\/figcaption><\/figure>    <figure class=\"wp-block-image size-large\"><img loading=\"lazy\" decoding=\"async\" width=\"720\" height=\"540\" data-id=\"2924\" src=\"https:\/\/bestcharcoalmachine.com\/wp-content\/uploads\/2021\/12\/BBQ-charcoal-balls.jpg\" alt=\"\" class=\"wp-image-2924\"\/><figcaption>Grillkohlekugeln<\/figcaption><\/figure> <\/figure>    <h2 class=\"wp-block-heading\">Aufbau einer Holzkohletrocknungsmaschine<\/h2>    <p>Der Mascheng\u00fcrtel besteht aus einem 12-60-Mesh-Mascheng\u00fcrtel aus Kohlenstoffstahl. Bei besonderen Anforderungen kann es auch zu einem Edelstahlgeflechtband umgebaut werden. Um Platz zu sparen, kann der Trockner als Mehrschichttrockner ausgef\u00fchrt werden. \u00dcbliche haben zwei R\u00e4ume und drei Stockwerke und zwei R\u00e4ume und f\u00fcnf. Die Schicht und L\u00e4nge betr\u00e4gt 6\u201340 m und die Breite betr\u00e4gt 0,6\u20133,0 m.<\/p>    <p>Die Rotationsgeschwindigkeit des Gitterbandes h\u00e4ngt von der Materialart und dem Wassergehalt ab. Um den besten Trocknungseffekt zu erzielen, m\u00fcssen der Feuchtigkeitsgehalt des Materials, die Geschwindigkeit des Netzbandes, das Luftvolumen und die Lufttemperatur angemessen und angemessen sein.<\/p>    <figure class=\"wp-block-gallery has-nested-images columns-default is-cropped wp-block-gallery-3 is-layout-flex wp-block-gallery-is-layout-flex\"> <figure class=\"wp-block-image size-large\"><img loading=\"lazy\" decoding=\"async\" width=\"720\" height=\"540\" data-id=\"2246\" src=\"https:\/\/bestcharcoalmachine.com\/wp-content\/uploads\/2021\/12\/mesg-belt-of-the-dryer.jpg\" alt=\"Messband des Trockners\" class=\"wp-image-2246\" srcset=\"https:\/\/bestcharcoalmachine.com\/wp-content\/uploads\/2021\/12\/mesg-belt-of-the-dryer.jpg 720w, https:\/\/bestcharcoalmachine.com\/wp-content\/uploads\/2021\/12\/mesg-belt-of-the-dryer-300x225.jpg 300w\" sizes=\"auto, (max-width: 720px) 100vw, 720px\" \/><figcaption>Messband des Trockners<\/figcaption><\/figure>    <figure class=\"wp-block-image size-large\"><img loading=\"lazy\" decoding=\"async\" width=\"720\" height=\"540\" data-id=\"2248\" src=\"https:\/\/bestcharcoalmachine.com\/wp-content\/uploads\/2021\/12\/details-3.jpg\" alt=\"Details\" class=\"wp-image-2248\" srcset=\"https:\/\/bestcharcoalmachine.com\/wp-content\/uploads\/2021\/12\/details-3.jpg 720w, https:\/\/bestcharcoalmachine.com\/wp-content\/uploads\/2021\/12\/details-3-300x225.jpg 300w\" sizes=\"auto, (max-width: 720px) 100vw, 720px\" \/><figcaption>Details<\/figcaption><\/figure> <\/figure>    <h2 class=\"wp-block-heading\" id=\"h-advantages-of-charcoal-drying-machine\">Vorteile der Holzkohletrocknungsmaschine<\/h2>    <ul class=\"wp-block-list\"><li>Die Innen- und Au\u00dfenseite der Trockenbox besteht aus Edelstahl, der rostfrei, korrosionsbest\u00e4ndig und feuchtigkeitsbest\u00e4ndig ist.<\/li><li>Der K\u00f6rper des Holzkohletrockners verf\u00fcgt \u00fcber eine Zwei-Wege-T\u00fcr, die f\u00fcr das Personal praktisch ist, um die Materialien zu \u00fcberpr\u00fcfen, die Teile zu zerlegen und leicht zu reinigen.<\/li><li>Das getrocknete Material wird von der oberen Schicht umgedreht und f\u00e4llt auf nat\u00fcrliche Weise auf das untere Maschenband. Das Material wird gleichm\u00e4\u00dfig erhitzt und die Form wird nicht besch\u00e4digt.<\/li><\/ul>    <h2 class=\"wp-block-heading\">Parameter des Maschenbandtrockners<\/h2>    <figure class=\"wp-block-table\"><table><tbody><tr><td>Modell<\/td><td>LTWD-6<\/td><td>LTWD-8<\/td><td>LTWD-10<\/td><td>LTWD-12<\/td><td>LTWD-16<\/td><td>LTWD-20<\/td><td>LTWD-24<\/td><td>LTWD-30<\/td><\/tr><tr><td>Breite\u00a0des\u00a0G\u00fcrtels<\/td><td>600mm<\/td><td>800mm<\/td><td>1000 mm<\/td><td>1200 mm<\/td><td>1600 mm<\/td><td>2000mm<\/td><td>2400 mm<\/td><td>3000 mm<\/td><\/tr><tr><td>L\u00e4nge des Trockenabschnitts<\/td><td>6-12<\/td><td>6-12<\/td><td>6-16<\/td><td>8-16<\/td><td>8-22<\/td><td>10-26<\/td><td>12-30<\/td><td>12-40<\/td><\/tr><tr><td>L\u00e4nge des F\u00fctterungsabschnitts<\/td><td>1<\/td><td>1<\/td><td>1<\/td><td>1<\/td><td>1<\/td><td>1.5<\/td><td>1.5<\/td><td>2<\/td><\/tr><tr><td>L\u00e4nge des \u00dcbertragungsabschnitts<\/td><td>1<\/td><td>1<\/td><td>1<\/td><td>1<\/td><td>1<\/td><td>1.5<\/td><td>1.5<\/td><td>2<\/td><\/tr><tr><td>Trockenbereich<\/td><td>3,6\u201336\u00a0m2<\/td><td>4,8\u201348\u00a0m2<\/td><td>6\u201380\u00a0m2<\/td><td>7,2\u201396\u00a0m2<\/td><td>12,8\u2013105,6\u00a0m2<\/td><td>20\u2013260\u00a0m2<\/td><td>28,8\u2013360\u00a0m2<\/td><td>36\u2013600\u00a0m2<\/td><\/tr><tr><td>Einheitennummer<\/td><td>1-5<\/td><\/tr><tr><td>Zwischenlamellenabstand<\/td><td>400\u2013600\u00a0mm<\/td><\/tr><\/tbody><\/table><\/figure>    <p>Verschiedene Arten von Rohstoffen haben unterschiedliche Trocknungstemperaturen und -zeiten und es m\u00fcssen unterschiedliche Trocknertypen verwendet werden. Sprechen Sie uns gerne an, der Vertriebsleiter wird Ihnen entsprechend Ihren Rohstoffen und Ihrer Leistung das am besten geeignete Modell empfehlen.<\/p>","protected":false},"excerpt":{"rendered":"<p>In all major charcoal production lines, we can see a charcoal briquettes dryer. After the charcoal or coal is formed, there is often a high moisture content. At this time, the charcoal manufacturer needs to use a charcoal drying machine to reduce the moisture to 5%-8%, and then proceed to the next step of packaging. [&hellip;]<\/p>\n","protected":false},"author":1,"featured_media":2244,"parent":0,"template":"","tags":[],"product-type":[49],"class_list":["post-1722","product","type-product","status-publish","has-post-thumbnail","hentry","product-type-drying-machine"],"_links":{"self":[{"href":"https:\/\/bestcharcoalmachine.com\/de\/wp-json\/wp\/v2\/product\/1722","targetHints":{"allow":["GET"]}}],"collection":[{"href":"https:\/\/bestcharcoalmachine.com\/de\/wp-json\/wp\/v2\/product"}],"about":[{"href":"https:\/\/bestcharcoalmachine.com\/de\/wp-json\/wp\/v2\/types\/product"}],"author":[{"embeddable":true,"href":"https:\/\/bestcharcoalmachine.com\/de\/wp-json\/wp\/v2\/users\/1"}],"wp:featuredmedia":[{"embeddable":true,"href":"https:\/\/bestcharcoalmachine.com\/de\/wp-json\/wp\/v2\/media\/2244"}],"wp:attachment":[{"href":"https:\/\/bestcharcoalmachine.com\/de\/wp-json\/wp\/v2\/media?parent=1722"}],"wp:term":[{"taxonomy":"post_tag","embeddable":true,"href":"https:\/\/bestcharcoalmachine.com\/de\/wp-json\/wp\/v2\/tags?post=1722"},{"taxonomy":"product-type","embeddable":true,"href":"https:\/\/bestcharcoalmachine.com\/de\/wp-json\/wp\/v2\/product-type?post=1722"}],"curies":[{"name":"wp","href":"https:\/\/api.w.org\/{rel}","templated":true}]}}