{"id":1709,"date":"2021-12-22T07:08:14","date_gmt":"2021-12-22T07:08:14","guid":{"rendered":"https:\/\/bestcharcoalmachine.com\/?p=1709"},"modified":"2022-03-02T09:12:22","modified_gmt":"2022-03-02T09:12:22","slug":"raymond-mill","status":"publish","type":"product","link":"https:\/\/bestcharcoalmachine.com\/de\/product\/raymond-mill\/","title":{"rendered":"Raymond Mill | Superfeine Kohlepulver-Mahlmaschine"},"content":{"rendered":"<div class=\"kk-star-ratings kksr-auto kksr-align-left kksr-valign-top\"     data-payload='{&quot;align&quot;:&quot;left&quot;,&quot;id&quot;:&quot;1709&quot;,&quot;slug&quot;:&quot;default&quot;,&quot;valign&quot;:&quot;top&quot;,&quot;ignore&quot;:&quot;&quot;,&quot;reference&quot;:&quot;auto&quot;,&quot;class&quot;:&quot;&quot;,&quot;count&quot;:&quot;24&quot;,&quot;legendonly&quot;:&quot;&quot;,&quot;readonly&quot;:&quot;&quot;,&quot;score&quot;:&quot;4.6&quot;,&quot;starsonly&quot;:&quot;&quot;,&quot;best&quot;:&quot;5&quot;,&quot;gap&quot;:&quot;5&quot;,&quot;greet&quot;:&quot;Rate this product&quot;,&quot;legend&quot;:&quot;4.6\\\/5 - (24 votes)&quot;,&quot;size&quot;:&quot;24&quot;,&quot;title&quot;:&quot;Raymond Mill | Superfine Charcoal Powder Grinding Machine&quot;,&quot;width&quot;:&quot;130.9&quot;,&quot;_legend&quot;:&quot;{score}\\\/{best} - ({count} {votes})&quot;,&quot;font_factor&quot;:&quot;1.25&quot;}'>              <div class=\"kksr-stars\">      <div class=\"kksr-stars-inactive\">             <div class=\"kksr-star\" data-star=\"1\" style=\"padding-right: 5px\">               <div class=\"kksr-icon\" style=\"width: 24px; height: 24px;\"><\/div>         <\/div>             <div class=\"kksr-star\" data-star=\"2\" style=\"padding-right: 5px\">               <div class=\"kksr-icon\" style=\"width: 24px; height: 24px;\"><\/div>         <\/div>             <div class=\"kksr-star\" data-star=\"3\" style=\"padding-right: 5px\">               <div class=\"kksr-icon\" style=\"width: 24px; height: 24px;\"><\/div>         <\/div>             <div class=\"kksr-star\" data-star=\"4\" style=\"padding-right: 5px\">               <div class=\"kksr-icon\" style=\"width: 24px; height: 24px;\"><\/div>         <\/div>             <div class=\"kksr-star\" data-star=\"5\" style=\"padding-right: 5px\">               <div class=\"kksr-icon\" style=\"width: 24px; height: 24px;\"><\/div>         <\/div>     <\/div>      <div class=\"kksr-stars-active\" style=\"width: 130.9px;\">             <div class=\"kksr-star\" style=\"padding-right: 5px\">               <div class=\"kksr-icon\" style=\"width: 24px; height: 24px;\"><\/div>         <\/div>             <div class=\"kksr-star\" style=\"padding-right: 5px\">               <div class=\"kksr-icon\" style=\"width: 24px; height: 24px;\"><\/div>         <\/div>             <div class=\"kksr-star\" style=\"padding-right: 5px\">               <div class=\"kksr-icon\" style=\"width: 24px; height: 24px;\"><\/div>         <\/div>             <div class=\"kksr-star\" style=\"padding-right: 5px\">               <div class=\"kksr-icon\" style=\"width: 24px; height: 24px;\"><\/div>         <\/div>             <div class=\"kksr-star\" style=\"padding-right: 5px\">               <div class=\"kksr-icon\" style=\"width: 24px; height: 24px;\"><\/div>         <\/div>     <\/div> <\/div>                   <div class=\"kksr-legend\" style=\"font-size: 19.2px;\">             4,6\/5 - (24 Bewertungen)    <\/div>     <\/div>  <p class=\"translation-block\">Der Raymond-M\u00fchle ist geeignet f\u00fcr die Aufbereitung verschiedener Mineralpulver und Kohlenpulver, wie die Feinpulververarbeitung von Rohmaterialerzen, Gipserzen, Holzkohle und anderen Materialien. In der WOOD Maschinenfabrik haben wir eine Raymond-M\u00fchle f\u00fcr die <a href=\"https:\/\/bestcharcoalmachine.com\/de\/shisha-charcoal-production-line\/\">Shisha-Holzkohle-Produktionslinie<\/a> ausgestattet, um das Holzkohle-Pulver in den idealsten Zustand zu zerkleinern, damit die produzierte Shisha-Holzkohle eine h\u00f6here Dichte und bessere Qualit\u00e4t hat.<\/p>    <h2 class=\"wp-block-heading\">Rohstoffe der Raymond-M\u00fchle<\/h2>    <p>Die Holzkohlepulver-Mahlmaschine wird h\u00e4ufig in den Bereichen Kohle, Metallurgie, Baustoffe, chemische Industrie, Bergbau und anderen Bereichen eingesetzt. Die Raymond-M\u00fchle mahlt die Materialien. Die H\u00e4rte der Materialien sollte den Mohs-H\u00e4rtegrad 7 nicht \u00fcberschreiten und die Luftfeuchtigkeit sollte 6% nicht \u00fcberschreiten. Zu den spezifischen Materialien geh\u00f6ren Kohle, Gips, Talk, Kalkstein, Marmor, Kaliumfeldspat, Baryt, Dolomit, Granit, Kaolin, medizinischer Stein, Eisenerz usw.<\/p>    <p>Die Feinheit liegt zwischen 0,613 mm und 0,044 mm. Durch die kombinierte Wirkung von Analysator und Ventilator kann die Raymond-M\u00fchle den Anforderungen verschiedener Benutzer gerecht werden.<\/p>    <div class=\"wp-block-image\"><figure class=\"aligncenter size-full\"><img loading=\"lazy\" decoding=\"async\" width=\"720\" height=\"540\" src=\"https:\/\/bestcharcoalmachine.com\/wp-content\/uploads\/2021\/12\/Raw-materials-of-Raymond-mill-21.jpg\" alt=\"Rohstoffe der Raymond-M\u00fchle \" class=\"wp-image-2899\"\/><figcaption>Rohstoffe der Raymond-M\u00fchle <\/figcaption><\/figure><\/div>    <h2 class=\"wp-block-heading\" id=\"h-advantages-of-charcoal-powder-grinding-machine\">Vorteile der Holzkohlepulver-Mahlmaschine<\/h2>    <p>Heutzutage, da die Nachfrage der Industrie nach superfeinem Pulver steigt, haben auch M\u00fchlen f\u00fcr einen Aufschwung gesorgt. Als am weitesten verbreiteter Vertreter verf\u00fcgt der Raymond-Pulverisierer \u00fcber viele herausragende Vorteile, weshalb der Raymond-Pulverisierer so beliebt ist.<\/p>    <ul class=\"wp-block-list\"><li>Diese Maschine wurde auf der Grundlage einer gro\u00dfen ultrafeinen Zerkleinerungsanlage verbessert. Es verf\u00fcgt \u00fcber die Funktionen einmaliges Zuf\u00fchren und Mahlen, kontinuierliches Zuf\u00fchren und Entladen, und die Feinheit wird durch einen Ventilator und einen Analysator gesteuert.<\/li><li>Es gibt mehr als 300 Arten von Materialien, die f\u00fcr die Raymond-M\u00fchlenverarbeitung geeignet sind und daher in der Bergbau-, Metallurgie-, Baustoff-, Kohle- und Nichteisenmetallindustrie weit verbreitet sind.<\/li><li>Die f\u00fcr die Raymond-Schleifverarbeitung geeignete Feinheit kann zwischen 50 und 400 Mesh eingestellt werden, um den unterschiedlichen Anforderungen der Kunden gerecht zu werden.<\/li><li>Die Maschine nimmt eine kleine Fl\u00e4che ein, hat einen geringen Energieverbrauch, eine einfache Installation sowie eine bequeme Bedienung und Wartung.<\/li><\/ul>    <h2 class=\"wp-block-heading\">Strukturen der Raymond-M\u00fchle<\/h2>    <p>Die gesamte Struktur des Raymond-Pulverisierers besteht aus einem Hauptmotor, einem Ventilator, einer Analysemaschine und einem Pipeline-Entstaubungssystem. Je nach Bedarf des Benutzers kann es mit Brechern, Hebezeugen, Lagerbeh\u00e4ltern, elektromagnetischen Vibrationsf\u00f6rderern, elektrischen Schaltschr\u00e4nken usw. ausgestattet werden. Nachdem das Material vom Brecher zerkleinert wurde, wird das Material per Aufzug in den Lagerbeh\u00e4lter und dann in den Lagerbeh\u00e4lter bef\u00f6rdert Das zerkleinerte Material wird durch den elektromagnetischen Vibrationsf\u00f6rderer gleichm\u00e4\u00dfig und kontinuierlich zum Mahlen in die Hauptmahlkammer geleitet.<\/p>    <div class=\"wp-block-image\"><figure class=\"aligncenter size-full\"><img decoding=\"async\" src=\"https:\/\/bestcharcoalmachine.com\/wp-content\/uploads\/2021\/12\/raymon-mill-for-fine-crushing.jpg\" alt=\"Raymon-M\u00fchle zur Feinzerkleinerung\" class=\"wp-image-1589\"\/><figcaption>Raymond-M\u00fchle zur Feinzerkleinerung<\/figcaption><\/figure><\/div>    <h2 class=\"wp-block-heading\" id=\"h-main-factors-affecting-the-output-of-raymond-mill\">Hauptfaktoren, die die Produktion des Werks Raymond beeinflussen<\/h2>    <p class=\"translation-block\">Die <strong>Faktoren, die die Aussto\u00dfleistung der Raymond-M\u00fchle beeinflussen<\/strong> sind vielf\u00e4ltig. Die H\u00e4rte des Materials wird den Output der Raymond-M\u00fchle beeinflussen. Je h\u00e4rter das Material, desto schwieriger ist es zu zerkleinern, und desto st\u00e4rker ist der Verschlei\u00df des Equipments. Die Feuchtigkeit des Materials wird ebenfalls den Output beeinflussen. Das hei\u00dft, wenn der Wassergehalt im Material hoch ist, neigt das Material dazu, in der Raymond-M\u00fchle anzuhaften, und es ist auch leicht, w\u00e4hrend des F\u00f6rder- und Zuf\u00fchrprozesses zu verstopfen, was die F\u00e4higkeit von Raymond verringert.<\/p>    <h2 class=\"wp-block-heading\">Parameter der Raymond-M\u00fchle<\/h2>    <figure class=\"wp-block-table\"><table><tbody><tr><td>Modell<\/td><td>WD-RM3R1410<\/td><td>WD-RM3R1815<\/td><td>WD-RM3R2215<\/td><\/tr><tr><td>L\u00e4nge (mm)<\/td><td>3340<\/td><td>2300<\/td><td>3500<\/td><\/tr><tr><td>Breite (mm)<\/td><td>3865<\/td><td>2860<\/td><td>4280<\/td><\/tr><tr><td>Hoch (mm)<\/td><td>4500<\/td><td>2800<\/td><td>4900<\/td><\/tr><\/tbody><\/table><\/figure>    <h2 class=\"wp-block-heading\" id=\"h-factory-stock-of-coal-powder-grinding-machine\">Fabrikbestand an Kohlepulver-Mahlmaschinen<\/h2>    <p>Unser Lagerbestand ist sehr ausreichend. Nach Ihrer Beratung wird Ihnen der Verkaufsleiter das passende Raymond-M\u00fchlenmodell entsprechend Ihren Bed\u00fcrfnissen empfehlen. Nehmen Sie gerne Kontakt mit uns auf.<\/p>    <figure class=\"wp-block-gallery has-nested-images columns-default is-cropped wp-block-gallery-2 is-layout-flex wp-block-gallery-is-layout-flex\"> <figure class=\"wp-block-image size-large\"><img loading=\"lazy\" decoding=\"async\" width=\"720\" height=\"540\" data-id=\"2904\" src=\"https:\/\/bestcharcoalmachine.com\/wp-content\/uploads\/2021\/12\/raymond-mill-1.jpg\" alt=\"\" class=\"wp-image-2904\"\/><\/figure>    <figure class=\"wp-block-image size-large\"><img loading=\"lazy\" decoding=\"async\" width=\"720\" height=\"540\" data-id=\"2905\" src=\"https:\/\/bestcharcoalmachine.com\/wp-content\/uploads\/2021\/12\/raymond-mill-machine.jpg\" alt=\"\" class=\"wp-image-2905\"\/><\/figure> <\/figure>    <figure class=\"wp-block-gallery has-nested-images columns-default is-cropped wp-block-gallery-3 is-layout-flex wp-block-gallery-is-layout-flex\"> <figure class=\"wp-block-image size-large\"><img loading=\"lazy\" decoding=\"async\" width=\"720\" height=\"540\" data-id=\"2906\" src=\"https:\/\/bestcharcoalmachine.com\/wp-content\/uploads\/2021\/12\/raymond.jpg\" alt=\"\" class=\"wp-image-2906\"\/><\/figure>    <figure class=\"wp-block-image size-large\"><img loading=\"lazy\" decoding=\"async\" width=\"720\" height=\"540\" data-id=\"2907\" src=\"https:\/\/bestcharcoalmachine.com\/wp-content\/uploads\/2021\/12\/coal-crusher-1.jpg\" alt=\"\" class=\"wp-image-2907\"\/><\/figure> <\/figure>    <h2 class=\"wp-block-heading\" id=\"h-raymond-mill-precautions-maitainence\">Vorsichtsma\u00dfnahmen und Wartung der Raymond-M\u00fchle <\/h2>    <ul class=\"wp-block-list\"><li>Vor der Installation der Kohlepulver-Mahlmaschine muss der Bediener \u00fcber eine entsprechende technische Ausbildung verf\u00fcgen und mit den Betriebsabl\u00e4ufen vertraut sein. W\u00e4hrend der Nutzung der Raymond-M\u00fchle sollte es eine feste Person geben, die sich um die M\u00fchle k\u00fcmmert.<\/li><li>Nachdem die Raymond-M\u00fchle eine Zeit lang genutzt wurde, sollte sie \u00fcberholt werden. Gleichzeitig sollten die Verschlei\u00dfteile wie Mahlwalzen, Mahlringe und Messer repariert und ausgetauscht werden. <\/li><li>Die Verbindungsschrauben und Muttern des Schleifwalzenger\u00e4ts sollten vor und nach dem Gebrauch sorgf\u00e4ltig \u00fcberpr\u00fcft werden. \u00dcberpr\u00fcfen Sie, ob Lockerheit vorliegt und ob gen\u00fcgend Schmier\u00f6l hinzugef\u00fcgt wurde.<\/li><li>Die Nutzungsdauer des Schleifwalzenger\u00e4ts betr\u00e4gt mehr als 500 Stunden und die Schleifwalze muss ausgetauscht werden. Beim Austausch der Mahlwalzen m\u00fcssen die W\u00e4lzlager gereinigt werden. In der Zwischenzeit sollten die besch\u00e4digten Teile rechtzeitig ersetzt werden. Die \u00d6lwerkzeuge k\u00f6nnen mit manuellen \u00d6lpumpen und Fettpressen verwendet werden.<\/li><\/ul>","protected":false},"excerpt":{"rendered":"<p>Raymond mill is suitable for the preparation of various mineral powder and coal powder, such as the fine powder processing of raw material ore, gypsum ore, charcoal and other materials. In the WOOD machinery factory, we equipped a Raymond mill for the hookah charcoal production line, the purpose is to pulverize the charcoal powder to [&hellip;]<\/p>\n","protected":false},"author":1,"featured_media":2104,"parent":0,"template":"","tags":[],"product-type":[48],"class_list":["post-1709","product","type-product","status-publish","has-post-thumbnail","hentry","product-type-grinder-and-mixer"],"_links":{"self":[{"href":"https:\/\/bestcharcoalmachine.com\/de\/wp-json\/wp\/v2\/product\/1709","targetHints":{"allow":["GET"]}}],"collection":[{"href":"https:\/\/bestcharcoalmachine.com\/de\/wp-json\/wp\/v2\/product"}],"about":[{"href":"https:\/\/bestcharcoalmachine.com\/de\/wp-json\/wp\/v2\/types\/product"}],"author":[{"embeddable":true,"href":"https:\/\/bestcharcoalmachine.com\/de\/wp-json\/wp\/v2\/users\/1"}],"wp:featuredmedia":[{"embeddable":true,"href":"https:\/\/bestcharcoalmachine.com\/de\/wp-json\/wp\/v2\/media\/2104"}],"wp:attachment":[{"href":"https:\/\/bestcharcoalmachine.com\/de\/wp-json\/wp\/v2\/media?parent=1709"}],"wp:term":[{"taxonomy":"post_tag","embeddable":true,"href":"https:\/\/bestcharcoalmachine.com\/de\/wp-json\/wp\/v2\/tags?post=1709"},{"taxonomy":"product-type","embeddable":true,"href":"https:\/\/bestcharcoalmachine.com\/de\/wp-json\/wp\/v2\/product-type?post=1709"}],"curies":[{"name":"wp","href":"https:\/\/api.w.org\/{rel}","templated":true}]}}