{"id":1706,"date":"2021-12-21T08:53:15","date_gmt":"2021-12-21T08:53:15","guid":{"rendered":"https:\/\/bestcharcoalmachine.com\/?p=1706"},"modified":"2022-03-04T06:54:38","modified_gmt":"2022-03-04T06:54:38","slug":"charcoal-wheel-grinding-mill","status":"publish","type":"product","link":"https:\/\/bestcharcoalmachine.com\/de\/product\/charcoal-wheel-grinding-mill\/","title":{"rendered":"Kohlerad-Schleifm\u00fchle | Kohlepulvermischer"},"content":{"rendered":"<div class=\"kk-star-ratings kksr-auto kksr-align-left kksr-valign-top\"     data-payload='{&quot;align&quot;:&quot;left&quot;,&quot;id&quot;:&quot;1706&quot;,&quot;slug&quot;:&quot;default&quot;,&quot;valign&quot;:&quot;top&quot;,&quot;ignore&quot;:&quot;&quot;,&quot;reference&quot;:&quot;auto&quot;,&quot;class&quot;:&quot;&quot;,&quot;count&quot;:&quot;5&quot;,&quot;legendonly&quot;:&quot;&quot;,&quot;readonly&quot;:&quot;&quot;,&quot;score&quot;:&quot;4.7&quot;,&quot;starsonly&quot;:&quot;&quot;,&quot;best&quot;:&quot;5&quot;,&quot;gap&quot;:&quot;5&quot;,&quot;greet&quot;:&quot;Rate this product&quot;,&quot;legend&quot;:&quot;4.7\\\/5 - (5 votes)&quot;,&quot;size&quot;:&quot;24&quot;,&quot;title&quot;:&quot;Charcoal Wheel Grinding Mill | Charcoal Powder Mixer&quot;,&quot;width&quot;:&quot;133.8&quot;,&quot;_legend&quot;:&quot;{score}\\\/{best} - ({count} {votes})&quot;,&quot;font_factor&quot;:&quot;1.25&quot;}'>              <div class=\"kksr-stars\">      <div class=\"kksr-stars-inactive\">             <div class=\"kksr-star\" data-star=\"1\" style=\"padding-right: 5px\">               <div class=\"kksr-icon\" style=\"width: 24px; height: 24px;\"><\/div>         <\/div>             <div class=\"kksr-star\" data-star=\"2\" style=\"padding-right: 5px\">               <div class=\"kksr-icon\" style=\"width: 24px; height: 24px;\"><\/div>         <\/div>             <div class=\"kksr-star\" data-star=\"3\" style=\"padding-right: 5px\">               <div class=\"kksr-icon\" style=\"width: 24px; height: 24px;\"><\/div>         <\/div>             <div class=\"kksr-star\" data-star=\"4\" style=\"padding-right: 5px\">               <div class=\"kksr-icon\" style=\"width: 24px; height: 24px;\"><\/div>         <\/div>             <div class=\"kksr-star\" data-star=\"5\" style=\"padding-right: 5px\">               <div class=\"kksr-icon\" style=\"width: 24px; height: 24px;\"><\/div>         <\/div>     <\/div>      <div class=\"kksr-stars-active\" style=\"width: 133.8px;\">             <div class=\"kksr-star\" style=\"padding-right: 5px\">               <div class=\"kksr-icon\" style=\"width: 24px; height: 24px;\"><\/div>         <\/div>             <div class=\"kksr-star\" style=\"padding-right: 5px\">               <div class=\"kksr-icon\" style=\"width: 24px; height: 24px;\"><\/div>         <\/div>             <div class=\"kksr-star\" style=\"padding-right: 5px\">               <div class=\"kksr-icon\" style=\"width: 24px; height: 24px;\"><\/div>         <\/div>             <div class=\"kksr-star\" style=\"padding-right: 5px\">               <div class=\"kksr-icon\" style=\"width: 24px; height: 24px;\"><\/div>         <\/div>             <div class=\"kksr-star\" style=\"padding-right: 5px\">               <div class=\"kksr-icon\" style=\"width: 24px; height: 24px;\"><\/div>         <\/div>     <\/div> <\/div>                   <div class=\"kksr-legend\" style=\"font-size: 19.2px;\">             4,7\/5 - (5 Bewertungen)    <\/div>     <\/div>  <p class=\"translation-block\">Der Holzkohle-Rad-Schleifmuehlens, auch bekannt als Holzkohle-Pulvermischung, ist die Hilfsmaschine der Holzkohlebrikettenanlage und die prim\u00e4re Verarbeitungseinrichtung der Holzkohleproduktionslinie. Sie wird verwendet, um Holzkohlepulver, Binder und Wasser zu mischen und zu pressen, sodass Materialien mit geringer spezifischer Gewichtskraft vollst\u00e4ndig integriert werden k\u00f6nnen. Da die Dichte des Materials erh\u00f6ht wird, kann das Material nach dem Eintritt in die Hookah-Kohlemachine besser geformt werden. Es ist ein notwendiges Ger\u00e4t f\u00fcr <a href=\"https:\/\/bestcharcoalmachine.com\/de\/shisha-charcoal-production-line\/\">Shisha-Kohlestoff-Produktionlinien<\/a> und verschiedene Arten von <a href=\"https:\/\/bestcharcoalmachine.com\/de\/barbecue-charcoal-production-line\/\">Kohleteilproduktionslinien<\/a>.<\/p>    <div class=\"wp-block-image\"><figure class=\"aligncenter size-full\"><img loading=\"lazy\" decoding=\"async\" width=\"720\" height=\"540\" src=\"https:\/\/bestcharcoalmachine.com\/wp-content\/uploads\/2021\/12\/charcoal-wheel-grinding-mill-1.jpg\" alt=\"\" class=\"wp-image-1859\" srcset=\"https:\/\/bestcharcoalmachine.com\/wp-content\/uploads\/2021\/12\/charcoal-wheel-grinding-mill-1.jpg 720w, https:\/\/bestcharcoalmachine.com\/wp-content\/uploads\/2021\/12\/charcoal-wheel-grinding-mill-1-300x225.jpg 300w\" sizes=\"auto, (max-width: 720px) 100vw, 720px\" \/><figcaption>Kohlepulvermischer<\/figcaption><\/figure><\/div>    <h2 class=\"wp-block-heading\" id=\"h-why-is-charcoal-powder-mixer-so-important\">Warum ist ein Holzkohlepulvermischer so wichtig?<\/h2>    <p id=\"h-\">Die Holzkohlem\u00fchle ist eines der wichtigen Zusatzger\u00e4te f\u00fcr die Produktionslinie f\u00fcr Grillkohle und Wasserpfeifenkohle. Um hochwertige Fertigkohle herzustellen, ist das Vormischen und Pressen des Holzkohlepulvers ein unverzichtbarer Schritt.<\/p>    <p>Erstens hat einfaches manuelles R\u00fchren eine geringe Effizienz, einen hohen technischen Aufwand und einen niedrigen Druck, wodurch die Luft zwischen den Materialpartikeln nicht effektiv entfernt und die Dichte des Holzkohlepulvers nicht erh\u00f6ht werden kann. Zweitens: Wenn die Mischung nicht fein ist, k\u00f6nnen Feuchtigkeit und Bindemittel nicht vollst\u00e4ndig mit dem Holzkohlepulver vermischt werden und die nachfolgende Wasserpfeifenkohle funktioniert nicht gut, was sich auf den Nutzungseffekt auswirkt.<\/p>    <figure class=\"wp-block-gallery has-nested-images columns-default is-cropped wp-block-gallery-2 is-layout-flex wp-block-gallery-is-layout-flex\"> <figure class=\"wp-block-image size-large\"><img loading=\"lazy\" decoding=\"async\" width=\"360\" height=\"270\" data-id=\"2939\" src=\"https:\/\/bestcharcoalmachine.com\/wp-content\/uploads\/2021\/12\/charcoal-grinding.jpg\" alt=\"Holzkohlemahlen\" class=\"wp-image-2939\"\/><figcaption>Holzkohlemahlen<\/figcaption><\/figure>    <figure class=\"wp-block-image size-large\"><img loading=\"lazy\" decoding=\"async\" width=\"360\" height=\"270\" data-id=\"2940\" src=\"https:\/\/bestcharcoalmachine.com\/wp-content\/uploads\/2021\/12\/coal-powder.jpg\" alt=\"Kohlepulver\" class=\"wp-image-2940\"\/><figcaption>Kohlepulver<\/figcaption><\/figure> <\/figure>    <h2 class=\"wp-block-heading\" id=\"h-working-principle-of-charcoal-grinder\">Funktionsprinzip der Holzkohlem\u00fchle<\/h2>    <p>Das Holzkohlepulver, das Bindemittel und das Wasser werden in der M\u00fchle gemischt und die Mischung der Materialien ist in etwa 20 Minuten abgeschlossen, nachdem die M\u00fchlenr\u00e4der das Material gleichm\u00e4\u00dfig gepresst haben. Das gemischte Material wird aus der Auslass\u00f6ffnung ausgetragen. W\u00e4hrend des Mischvorgangs gibt es sowohl R\u00fchr- als auch Extrusionsfunktionen. Erstens kann die Luft zwischen den Materialpartikeln besser entfernt und die Dichte des Holzkohlepulvers erh\u00f6ht werden. Zweitens ist der Feuchtigkeitsgehalt des gemischten Schlammmaterials gleichm\u00e4\u00dfig, die Oberfl\u00e4che der Partikel ist vollst\u00e4ndig benetzt und der endg\u00fcltige Mischeffekt ist gut.<\/p>    <h2 class=\"wp-block-heading\" id=\"h-charcoal-powder-mixer-details-feature\">Details zum Holzkohlepulvermischer<\/h2>    <div class=\"wp-block-media-text is-stacked-on-mobile\"><figure class=\"wp-block-media-text__media\"><img loading=\"lazy\" decoding=\"async\" width=\"720\" height=\"540\" src=\"https:\/\/bestcharcoalmachine.com\/wp-content\/uploads\/2021\/11\/wheels-inside-the-mill.jpg\" alt=\"R\u00e4der-in-der-M\u00fchle\" class=\"wp-image-2206 size-full\" srcset=\"https:\/\/bestcharcoalmachine.com\/wp-content\/uploads\/2021\/11\/wheels-inside-the-mill.jpg 720w, https:\/\/bestcharcoalmachine.com\/wp-content\/uploads\/2021\/11\/wheels-inside-the-mill-300x225.jpg 300w\" sizes=\"auto, (max-width: 720px) 100vw, 720px\" \/><\/figure><div class=\"wp-block-media-text__content\"> <p>Das Material der Rollen ist hart, weist eine hohe S\u00e4ure- und Laugenbest\u00e4ndigkeit sowie eine Verschlei\u00dffestigkeit auf, sodass die Lebensdauer relativ lang ist.<\/p> <\/div><\/div>    <div class=\"wp-block-media-text has-media-on-the-right is-stacked-on-mobile\"><figure class=\"wp-block-media-text__media\"><img loading=\"lazy\" decoding=\"async\" width=\"522\" height=\"351\" src=\"https:\/\/bestcharcoalmachine.com\/wp-content\/uploads\/2021\/12\/charcoal-grinder-motor.png\" alt=\"Motor f\u00fcr Holzkohlem\u00fchle\" class=\"wp-image-2936 size-full\"\/><\/figure><div class=\"wp-block-media-text__content\"> <p>Wir verwenden einen Motor aus reinem Kupfer, der \u00fcber ausreichende Leistung verf\u00fcgt und w\u00e4hrend der Garantiezeit nur ausgetauscht, aber nicht repariert werden kann.<\/p> <\/div><\/div>    <h2 class=\"wp-block-heading\" id=\"h-advantages-of-charcoal-wheel-grinder-mill\">Vorteile der Holzkohleradm\u00fchle<\/h2>    <ul class=\"wp-block-list\"><li>Durch die Verwendung einer Holzkohlem\u00fchle k\u00f6nnen sich Holzkohlepulver, Wasser und Bindemittel gleichm\u00e4\u00dfiger vermischen und so die Schmelzzeit der Materialien verk\u00fcrzen.<\/li><li>Der Holzkohlepulvermischer kann viel Arbeitskraft und Fertigprodukte einsparen. Im Allgemeinen ist die Produktion von Holzkohle in einer Fabrik sehr hoch. Es ist eine zeit- und arbeitssparende Entscheidung, Arbeitskr\u00e4fte durch Maschinen zu ersetzen.<\/li><li>Nach der ersten Verarbeitung des Materials in der Shisha-Kohlemaschine oder Ballpresse kann zudem der Verschlei\u00df der gef\u00e4hrdeten Teile der Maschine reduziert und die Lebensdauer der Maschine verl\u00e4ngert werden.<\/li><\/ul>    <h2 class=\"wp-block-heading\" id=\"h-parameters-of-powder-mixer\">Parameter des Pulvermischers<\/h2>    <figure class=\"wp-block-table\"><table><tbody><tr><td>Modell<\/td><td>WD-CG1<\/td><td>WD-CG2<\/td><td>WD-CG3<\/td><td>WD-CG4<\/td><td>WD-CG5<\/td><td>WD-CG6<\/td><td>WD-CG7<\/td><td>WD-CG8<\/td><\/tr><tr><td>Durchmesser\u00a0(mm)<\/td><td>1000<\/td><td>1200<\/td><td>1500<\/td><td>1600<\/td><td>1800<\/td><td>2000<\/td><td>2500<\/td><td>3000<\/td><\/tr><tr><td>Futtermenge (kg\/h)<\/td><td>110<\/td><td>150<\/td><td>3500<\/td><td>350<\/td><td>550<\/td><td>900<\/td><td>1700<\/td><td>2000<\/td><\/tr><tr><td>Mischzeit (Minuten)<\/td><td>3-8<\/td><td>3-5<\/td><td>3-5<\/td><td>3-5<\/td><td>3-5<\/td><td>2-5<\/td><td>2-5<\/td><td>2-5<\/td><\/tr><tr><td>Geschwindigkeit (U\/min)<\/td><td>41<\/td><td>41<\/td><td>37<\/td><td>37<\/td><td>36.1<\/td><td>35<\/td><td>30<\/td><td>30<\/td><\/tr><tr><td>Leistung (kW)<\/td><td>5.5<\/td><td>7.5<\/td><td>15<\/td><td>18.5<\/td><td>22<\/td><td>22<\/td><td>30<\/td><td>37<\/td><\/tr><tr><td>Kapazit\u00e4t (t\/h)<\/td><td>1.5-2.5<\/td><td>1.5-3<\/td><td>7<\/td><td>9<\/td><td>13<\/td><td>18<\/td><td>30<\/td><td>40<\/td><\/tr><\/tbody><\/table><\/figure>    <h2 class=\"wp-block-heading\">Vorsichtsma\u00dfnahmen bei der Verwendung einer Holzkohlem\u00fchle<\/h2>    <ul class=\"wp-block-list\"><li>Schalten Sie zuerst die Holzkohlem\u00fchle ein und entladen Sie dann das Material.<\/li><li>Geben Sie nicht zu viel Material hinzu und die H\u00f6he im Zylinder darf nicht mehr als die H\u00e4lfte der Walzenh\u00f6he betragen.<\/li><li>Die Mischzeit betr\u00e4gt 10-15 Minuten. Wenn das Material ger\u00fchrt wird, bis das Material klumpig wird, zeigt dies an, dass das Material und das Bindemittel vollst\u00e4ndig integriert sind und die Auslass\u00f6ffnung ge\u00f6ffnet werden kann, um das Material auszutragen. Nachdem das Material ausgetragen ist, kann die n\u00e4chste Charge ger\u00fchrt werden.<\/li><\/ul>    <h2 class=\"wp-block-heading\" id=\"h-charcoal-grinder-application-in-production-line\">Anwendung einer Holzkohlem\u00fchle in der Produktionslinie<\/h2>    <h3 class=\"wp-block-heading\">Produktionslinie f\u00fcr Shisha-Kohle<\/h3>    <p class=\"translation-block\"><a href=\"https:\/\/bestcharcoalmachine.com\/de\/product-line\/shisha-charcoal-production-line-1-3\/\">Shisha-Kohlestoffproduktion<\/a>-Schritte umfassen haupts\u00e4chlich: Rohmaterialien karbonisieren \u2014 karbonisierte Materialien zerkleinern \u2014 Holzkohlepulver, Wasser und Klebstoff mischen \u2014 Hookah-Kohle formen \u2014 Trocknen \u2014 Verpacken.<\/p>    <div class=\"wp-block-media-text has-media-on-the-right is-stacked-on-mobile\"><figure class=\"wp-block-media-text__media\"><img loading=\"lazy\" decoding=\"async\" width=\"720\" height=\"540\" src=\"https:\/\/bestcharcoalmachine.com\/wp-content\/uploads\/2022\/01\/rotary-shisha-charcoal-machine.jpg\" alt=\"rotierende Shisha-Kohlemaschine\" class=\"wp-image-2376 size-full\"\/><\/figure><div class=\"wp-block-media-text__content\"> <p class=\"translation-block\">Der <a href=\"https:\/\/bestcharcoalmachine.com\/de\/product\/rotary-shisha-charcoal-machine\/attachment\/rotary-shisha-charcoal-machine\/\">Hookah-Kohlenschmiede<\/a> verwendet fein gemahlenen Holzkohle, um Hookah-Kohlebl\u00f6cke herzustellen. <\/p> <\/div><\/div>    <h3 class=\"wp-block-heading\">Grill-Holzkohlebrikett-Projekt<\/h3>    <p class=\"translation-block\">Die <a href=\"https:\/\/bestcharcoalmachine.com\/de\/product-line\/barbecue-charcoal-production-line\/\">Barbecue-Kohleteilproduktionslinie<\/a> ist eine automatisierte Brikett-Verarbeitungslinie, die vom WOOD-Werk unabh\u00e4ngig entworfen wurde. Das BBQ-Kohlebrikettprojekt umfasst haupts\u00e4chlich einen Karbonisationsofen, einen Holzkohlebrecher, Schraubentransport\u00f6ren, einen Holzkohle-Mahlwerk, eine Holzkohle-Formmaschine, einen Brikett-Trockner und eine Barbecue-Kohleverpackungsmaschine.<\/p>    <div class=\"wp-block-media-text is-stacked-on-mobile\"><figure class=\"wp-block-media-text__media\"><img loading=\"lazy\" decoding=\"async\" width=\"720\" height=\"540\" src=\"https:\/\/bestcharcoalmachine.com\/wp-content\/uploads\/2021\/12\/Charcoal-Ball-Press-Machine.jpg\" alt=\"Kohle-Kugelpresse-Maschine\" class=\"wp-image-1825 size-full\" srcset=\"https:\/\/bestcharcoalmachine.com\/wp-content\/uploads\/2021\/12\/Charcoal-Ball-Press-Machine.jpg 720w, https:\/\/bestcharcoalmachine.com\/wp-content\/uploads\/2021\/12\/Charcoal-Ball-Press-Machine-300x225.jpg 300w\" sizes=\"auto, (max-width: 720px) 100vw, 720px\" \/><\/figure><div class=\"wp-block-media-text__content\"> <p class=\"translation-block\">Die <a href=\"https:\/\/bestcharcoalmachine.com\/de\/charcoal-briquette-machine\/charcoal-ball-press-machine\/\">Holzkohlepressmaschine<\/a> ist die unabh\u00e4ngige Ausr\u00fcstung der gesamten Produktionslinie. Die Qualit\u00e4t davon entscheidet \u00fcber die Qualit\u00e4t der Holzkohleballen.<\/p> <\/div><\/div>    <h2 class=\"wp-block-heading\" id=\"h-charcoal-wheel-grinding-mill-in-stock\">Kohlescheibenm\u00fchle auf Lager<\/h2>    <p>Unsere Holzkohlem\u00fchlen sind in ausreichender Menge vorr\u00e4tig. Gerne k\u00f6nnen Sie uns jederzeit beraten und kaufen. Unser Vertriebsleiter wird nach Eingang Ihrer Anfrage schnellstm\u00f6glich das passende Modell ausw\u00e4hlen und Ihnen ein Angebot zusenden.<\/p>    <figure class=\"wp-block-gallery has-nested-images columns-default is-cropped wp-block-gallery-3 is-layout-flex wp-block-gallery-is-layout-flex\"> <figure class=\"wp-block-image size-large\"><img decoding=\"async\" data-id=\"1718\" src=\"https:\/\/bestcharcoalmachine.com\/wp-content\/uploads\/2021\/12\/charcoal-wheel-grinding-mill-in-stock.jpg\" alt=\"\" class=\"wp-image-1718\"\/><figcaption>Holzkohleradm\u00fchle auf Lager<\/figcaption><\/figure>    <figure class=\"wp-block-image size-large\"><img decoding=\"async\" data-id=\"1719\" src=\"https:\/\/bestcharcoalmachine.com\/wp-content\/uploads\/2021\/12\/brand-new-machines-in-factory.jpg\" alt=\"brandneue Maschinen im Werk\" class=\"wp-image-1719\"\/><figcaption>brandneue Maschinen im Werk<\/figcaption><\/figure> <\/figure>    <h2 class=\"wp-block-heading\" id=\"h-loading-and-delivery-of-charcoal-grinder\">Verladung und Lieferung einer Holzkohlem\u00fchle<\/h2>    <p>Ein Kunde in Malaysia kaufte eine Maschine f\u00fcr seine Shisha-Kohle-Verarbeitungsanlage, die jetzt in Betrieb ist, und der Kunde berichtete, dass die Maschine die Dichte des Rohmaterials erh\u00f6hte, wodurch die produzierte Shisha-Kohle l\u00e4nger brennen konnte.<\/p>    <figure class=\"wp-block-gallery has-nested-images columns-default is-cropped wp-block-gallery-4 is-layout-flex wp-block-gallery-is-layout-flex\"> <figure class=\"wp-block-image size-large\"><img decoding=\"async\" data-id=\"1714\" src=\"https:\/\/bestcharcoalmachine.com\/wp-content\/uploads\/2021\/12\/loading-and-delivery-1.jpg\" alt=\"\" class=\"wp-image-1714\"\/><figcaption>Verladung und Lieferung<\/figcaption><\/figure>    <figure class=\"wp-block-image size-large\"><img decoding=\"async\" data-id=\"1716\" src=\"https:\/\/bestcharcoalmachine.com\/wp-content\/uploads\/2021\/12\/packing-picture.jpg\" alt=\"Verpackungsbild\" class=\"wp-image-1716\"\/><figcaption>Verpackungsbild<\/figcaption><\/figure>    <figure class=\"wp-block-image size-large\"><img decoding=\"async\" data-id=\"1717\" src=\"https:\/\/bestcharcoalmachine.com\/wp-content\/uploads\/2021\/12\/delivery.jpg\" alt=\"Lieferung\" class=\"wp-image-1717\"\/><figcaption>Lieferung<\/figcaption><\/figure> <\/figure>","protected":false},"excerpt":{"rendered":"<p>The charcoal wheel grinding mill, also known as the charcoal powder mix, is the auxiliary machine of the charcoal briquette plant and is the primary processing equipment of the charcoal production line. It is used to mix and press charcoal powder, binder and water so that materials with a small specific gravity can be fully [&hellip;]<\/p>\n","protected":false},"author":1,"featured_media":1860,"parent":0,"template":"","tags":[],"product-type":[48],"class_list":["post-1706","product","type-product","status-publish","has-post-thumbnail","hentry","product-type-grinder-and-mixer"],"_links":{"self":[{"href":"https:\/\/bestcharcoalmachine.com\/de\/wp-json\/wp\/v2\/product\/1706","targetHints":{"allow":["GET"]}}],"collection":[{"href":"https:\/\/bestcharcoalmachine.com\/de\/wp-json\/wp\/v2\/product"}],"about":[{"href":"https:\/\/bestcharcoalmachine.com\/de\/wp-json\/wp\/v2\/types\/product"}],"author":[{"embeddable":true,"href":"https:\/\/bestcharcoalmachine.com\/de\/wp-json\/wp\/v2\/users\/1"}],"wp:featuredmedia":[{"embeddable":true,"href":"https:\/\/bestcharcoalmachine.com\/de\/wp-json\/wp\/v2\/media\/1860"}],"wp:attachment":[{"href":"https:\/\/bestcharcoalmachine.com\/de\/wp-json\/wp\/v2\/media?parent=1706"}],"wp:term":[{"taxonomy":"post_tag","embeddable":true,"href":"https:\/\/bestcharcoalmachine.com\/de\/wp-json\/wp\/v2\/tags?post=1706"},{"taxonomy":"product-type","embeddable":true,"href":"https:\/\/bestcharcoalmachine.com\/de\/wp-json\/wp\/v2\/product-type?post=1706"}],"curies":[{"name":"wp","href":"https:\/\/api.w.org\/{rel}","templated":true}]}}