{"id":1673,"date":"2021-12-21T01:38:40","date_gmt":"2021-12-21T01:38:40","guid":{"rendered":"https:\/\/bestcharcoalmachine.com\/?p=1673"},"modified":"2022-12-26T17:34:20","modified_gmt":"2022-12-26T09:34:20","slug":"charcoal-briquette-packing-machine-2","status":"publish","type":"product","link":"https:\/\/bestcharcoalmachine.com\/de\/product\/charcoal-briquette-packing-machine-2\/","title":{"rendered":"Verpackungsmaschine f\u00fcr Holzkohlebriketts |  Verpackungsmaschine f\u00fcr Shisha-Kohle"},"content":{"rendered":"<div class=\"kk-star-ratings kksr-auto kksr-align-left kksr-valign-top\"     data-payload='{&quot;align&quot;:&quot;left&quot;,&quot;id&quot;:&quot;1673&quot;,&quot;slug&quot;:&quot;default&quot;,&quot;valign&quot;:&quot;top&quot;,&quot;ignore&quot;:&quot;&quot;,&quot;reference&quot;:&quot;auto&quot;,&quot;class&quot;:&quot;&quot;,&quot;count&quot;:&quot;27&quot;,&quot;legendonly&quot;:&quot;&quot;,&quot;readonly&quot;:&quot;&quot;,&quot;score&quot;:&quot;4.8&quot;,&quot;starsonly&quot;:&quot;&quot;,&quot;best&quot;:&quot;5&quot;,&quot;gap&quot;:&quot;5&quot;,&quot;greet&quot;:&quot;Rate this product&quot;,&quot;legend&quot;:&quot;4.8\\\/5 - (27 votes)&quot;,&quot;size&quot;:&quot;24&quot;,&quot;title&quot;:&quot;Charcoal Briquette Packing Machine |  Hookah Coal Packaging Machine&quot;,&quot;width&quot;:&quot;136.7&quot;,&quot;_legend&quot;:&quot;{score}\\\/{best} - ({count} {votes})&quot;,&quot;font_factor&quot;:&quot;1.25&quot;}'>              <div class=\"kksr-stars\">      <div class=\"kksr-stars-inactive\">             <div class=\"kksr-star\" data-star=\"1\" style=\"padding-right: 5px\">               <div class=\"kksr-icon\" style=\"width: 24px; height: 24px;\"><\/div>         <\/div>             <div class=\"kksr-star\" data-star=\"2\" style=\"padding-right: 5px\">               <div class=\"kksr-icon\" style=\"width: 24px; height: 24px;\"><\/div>         <\/div>             <div class=\"kksr-star\" data-star=\"3\" style=\"padding-right: 5px\">               <div class=\"kksr-icon\" style=\"width: 24px; height: 24px;\"><\/div>         <\/div>             <div class=\"kksr-star\" data-star=\"4\" style=\"padding-right: 5px\">               <div class=\"kksr-icon\" style=\"width: 24px; height: 24px;\"><\/div>         <\/div>             <div class=\"kksr-star\" data-star=\"5\" style=\"padding-right: 5px\">               <div class=\"kksr-icon\" style=\"width: 24px; height: 24px;\"><\/div>         <\/div>     <\/div>      <div class=\"kksr-stars-active\" style=\"width: 136.7px;\">             <div class=\"kksr-star\" style=\"padding-right: 5px\">               <div class=\"kksr-icon\" style=\"width: 24px; height: 24px;\"><\/div>         <\/div>             <div class=\"kksr-star\" style=\"padding-right: 5px\">               <div class=\"kksr-icon\" style=\"width: 24px; height: 24px;\"><\/div>         <\/div>             <div class=\"kksr-star\" style=\"padding-right: 5px\">               <div class=\"kksr-icon\" style=\"width: 24px; height: 24px;\"><\/div>         <\/div>             <div class=\"kksr-star\" style=\"padding-right: 5px\">               <div class=\"kksr-icon\" style=\"width: 24px; height: 24px;\"><\/div>         <\/div>             <div class=\"kksr-star\" style=\"padding-right: 5px\">               <div class=\"kksr-icon\" style=\"width: 24px; height: 24px;\"><\/div>         <\/div>     <\/div> <\/div>                   <div class=\"kksr-legend\" style=\"font-size: 19.2px;\">             4,8\/5 - (27 Stimmen)    <\/div>     <\/div>  <p>Die Holzkohlebrikett-Verpackungsmaschine wird haupts\u00e4chlich zum Verpacken von Holzkohle, Wasserpfeifenkohle, Anz\u00fcndkohle, Grillkohle, Biomassest\u00e4ben, sauberer Kohle und anderen Produkten verwendet. Nach dem Verpacken sieht es exquisit und sch\u00f6n aus, ist praktisch f\u00fcr Lagerung und Transport und schnell und bequem zu verwenden. WOOD Machinery verf\u00fcgt \u00fcber ein ausgereiftes automatisches Verpackungsprojekt. Die automatische Verpackungsmaschine verpackt Geschwindigkeitsbl\u00f6cke und weist eine hohe Arbeitseffizienz auf. Teilen Sie uns einfach die Rohstoffe mit, die Sie verpacken m\u00f6chten, und wir k\u00f6nnen eine passende Verpackungsl\u00f6sung f\u00fcr Holzkohle oder Wasserpfeifenkohle f\u00fcr Sie zusammenstellen.<\/p>    <h2 class=\"wp-block-heading\">Kurze Einf\u00fchrung in die Verpackungsmaschine f\u00fcr Holzkohlebriketts<\/h2>    <p>WOOD Machinery ist bestrebt, seinen Kunden Holzkohleverpackungsmaschinen h\u00f6chster Qualit\u00e4t anzubieten. Um den Bed\u00fcrfnissen der Benutzer gerecht zu werden, produzieren wir drei Arten von Holzkohleverpackungsmaschinen, darunter Shisha-Holzkohleverpackungsmaschinen, Mengenverpackungsmaschinen und Schrumpfverpackungsmaschinen. Kunden k\u00f6nnen je nach Rohstoff zwischen verschiedenen Holzkohlebrikett-Verpackungsmaschinen w\u00e4hlen.<\/p>    <h2 class=\"wp-block-heading\" id=\"h-shisha-charcoal-packing-machine\">Verpackungsmaschine f\u00fcr Shisha-Kohle<\/h2>    <h3 class=\"wp-block-heading\">Runde Shisha-Kohle verpacken<\/h3>    <p class=\"translation-block\">Hookah-Briketts, die von einer <a href=\"https:\/\/bestcharcoalmachine.com\/de\/shisha-charcoal-machine\/\">Shisha-Holzkohlemaschine<\/a> hergestellt werden, k\u00f6nnen in diesem Schritt gut verpackt werden.<\/p>    <figure class=\"wp-block-image aligncenter size-full\"><img loading=\"lazy\" decoding=\"async\" width=\"720\" height=\"540\" src=\"https:\/\/bestcharcoalmachine.com\/wp-content\/uploads\/2021\/12\/round-briquettes-of-shisha-charcoal-production-line.jpg\" alt=\"Produktionslinie f\u00fcr runde Shisha-Kohlebriketts\" class=\"wp-image-2112\" srcset=\"https:\/\/bestcharcoalmachine.com\/wp-content\/uploads\/2021\/12\/round-briquettes-of-shisha-charcoal-production-line.jpg 720w, https:\/\/bestcharcoalmachine.com\/wp-content\/uploads\/2021\/12\/round-briquettes-of-shisha-charcoal-production-line-300x225.jpg 300w\" sizes=\"auto, (max-width: 720px) 100vw, 720px\" \/><figcaption class=\"wp-element-caption\">runde-briketts-aus-<a href=\"https:\/\/en.wikipedia.org\/wiki\/Shisha\" target=\"_blank\" rel=\"noopener\">Shisha<\/a>-Kohleproduktionslinie<\/figcaption><\/figure>    <figure class=\"wp-block-image aligncenter size-full\"><img loading=\"lazy\" decoding=\"async\" width=\"720\" height=\"540\" src=\"https:\/\/bestcharcoalmachine.com\/wp-content\/uploads\/2021\/12\/The-shisha-packing-machine-is-working.jpg\" alt=\"Die Shisha-Verpackungsmaschine funktioniert\" class=\"wp-image-1768\" srcset=\"https:\/\/bestcharcoalmachine.com\/wp-content\/uploads\/2021\/12\/The-shisha-packing-machine-is-working.jpg 720w, https:\/\/bestcharcoalmachine.com\/wp-content\/uploads\/2021\/12\/The-shisha-packing-machine-is-working-300x225.jpg 300w\" sizes=\"auto, (max-width: 720px) 100vw, 720px\" \/><figcaption class=\"wp-element-caption\">Die Shisha-Verpackungsmaschine funktioniert<\/figcaption><\/figure>    <h4 class=\"wp-block-heading\">Strukturelle Eigenschaften der Verpackungsmaschine f\u00fcr Holzkohlebriketts<\/h4>    <ul class=\"wp-block-list\"> <li>Diese Verpackungsmaschine f\u00fcr Holzkohlebriketts verf\u00fcgt \u00fcber eine Touchscreen-Steuerung, der Hauptsteuerkreis verf\u00fcgt \u00fcber einen intelligenten Chip, eine genaue Messung, eine bequeme und schnelle Parametereinstellung, eine einfache Bedienung und eine bequeme Einstellung.<\/li>    <li>Durch die Fehlerselbstdiagnosefunktion ist die Fehleranzeige auf einen Blick klar.<\/li>    <li>Geben Sie die Versiegelungs- und Schneidposition digital ein, um die Versiegelungs- und Schneidposition genauer zu machen.<\/li>    <li>Unabh\u00e4ngige PID-Temperaturregelung, besser geeignet f\u00fcr verschiedene Verpackungsmaterialien.<\/li>    <li>Das \u00dcbertragungssystem ist einfach, wartungsfreundlich, verschlei\u00dfarm und langlebig.<\/li>    <li>Die Versiegelungsleistung ist gut, der Verpackungseffekt ist sch\u00f6n und das Produktionsdatum, die Inflation und der dreidimensionale Faltwinkel k\u00f6nnen gleichzeitig gedruckt werden.<\/li> <\/ul>    <h2 class=\"wp-block-heading\" id=\"h-more-details-of-hookah-packing-machine\">Weitere Details zur Shisha-Verpackungsmaschine<\/h2>    <div class=\"wp-block-media-text is-stacked-on-mobile\"><figure class=\"wp-block-media-text__media\"><img loading=\"lazy\" decoding=\"async\" width=\"720\" height=\"540\" src=\"https:\/\/bestcharcoalmachine.com\/wp-content\/uploads\/2021\/12\/conveyor-of-the-packing-device-1.jpg\" alt=\"F\u00f6rderband der Verpackungsanlage\" class=\"wp-image-1769 size-full\" srcset=\"https:\/\/bestcharcoalmachine.com\/wp-content\/uploads\/2021\/12\/conveyor-of-the-packing-device-1.jpg 720w, https:\/\/bestcharcoalmachine.com\/wp-content\/uploads\/2021\/12\/conveyor-of-the-packing-device-1-300x225.jpg 300w\" sizes=\"auto, (max-width: 720px) 100vw, 720px\" \/><\/figure><div class=\"wp-block-media-text__content\"> <p>Das F\u00f6rderband ist sehr breit und die F\u00f6rdergeschwindigkeit ist einstellbar, wodurch eine gro\u00dfe Menge Wasserpfeifenkohle kontinuierlich gef\u00f6rdert werden kann, was die Arbeitskosten erheblich spart und gleichzeitig die vollst\u00e4ndige Form der Wasserpfeifenkohle gew\u00e4hrleistet.<\/p> <\/div><\/div>    <div class=\"wp-block-media-text has-media-on-the-right is-stacked-on-mobile\"><div class=\"wp-block-media-text__content\"> <p>Die Materialverteilungsausr\u00fcstung teilt die vom F\u00f6rderband gesendete Wasserpfeifenkohle in Gruppen auf, die Menge jeder Gruppe betr\u00e4gt im Allgemeinen 10, und die Menge kann auch individuell angepasst werden. <\/p>    <p>Das Verteilungsger\u00e4t kann die Kohlenstoffbl\u00f6cke schnell und genau gruppieren, was die Verpackungseffizienz verbessert.<\/p> <\/div><figure class=\"wp-block-media-text__media\"><img loading=\"lazy\" decoding=\"async\" width=\"720\" height=\"540\" src=\"https:\/\/bestcharcoalmachine.com\/wp-content\/uploads\/2021\/12\/packing-machine-1.jpg\" alt=\"\" class=\"wp-image-2069 size-full\" srcset=\"https:\/\/bestcharcoalmachine.com\/wp-content\/uploads\/2021\/12\/packing-machine-1.jpg 720w, https:\/\/bestcharcoalmachine.com\/wp-content\/uploads\/2021\/12\/packing-machine-1-300x225.jpg 300w\" sizes=\"auto, (max-width: 720px) 100vw, 720px\" \/><\/figure><\/div>    <div class=\"wp-block-media-text is-stacked-on-mobile\"><figure class=\"wp-block-media-text__media\"><img loading=\"lazy\" decoding=\"async\" width=\"720\" height=\"540\" src=\"https:\/\/bestcharcoalmachine.com\/wp-content\/uploads\/2021\/12\/details-1.jpg\" alt=\"\" class=\"wp-image-1907 size-full\" srcset=\"https:\/\/bestcharcoalmachine.com\/wp-content\/uploads\/2021\/12\/details-1.jpg 720w, https:\/\/bestcharcoalmachine.com\/wp-content\/uploads\/2021\/12\/details-1-300x225.jpg 300w\" sizes=\"auto, (max-width: 720px) 100vw, 720px\" \/><\/figure><div class=\"wp-block-media-text__content\"> <p>Nutzen Sie den zweisprachigen Bildschirm zum einfachen Einstellen von Parametern und Funktionen und nutzen Sie die Multi-Link-Filmrolle f\u00fcr einen reibungslosen Abzug.<\/p> <\/div><\/div>    <h2 class=\"wp-block-heading\" id=\"h-video-of-packing-round-shisha-charcoal\">Video zum Verpacken runder Shisha-Kohle<\/h2>    <figure class=\"wp-block-embed is-type-video is-provider-youtube wp-block-embed-youtube wp-embed-aspect-16-9 wp-has-aspect-ratio\"><div class=\"wp-block-embed__wrapper\"> <iframe loading=\"lazy\" title=\"Shisha-Kohleverpackungsmaschine zu verkaufen\" width=\"500\" height=\"281\" src=\"https:\/\/www.youtube.com\/embed\/mpClag14eF4?start=2&#038;feature=oembed\" frameborder=\"0\" allow=\"accelerometer; autoplay; clipboard-write; encrypted-media; gyroscope; picture-in-picture; web-share\" referrerpolicy=\"strict-origin-when-cross-origin\" allowfullscreen><\/iframe> <\/div><\/figure>    <h2 class=\"wp-block-heading\">Parameter der Verpackungsmaschine f\u00fcr Holzkohlebriketts<\/h2>    <figure class=\"wp-block-table\"><table><tbody><tr><td>Typ<\/td><td>WD-HP 280<\/td><td>&nbsp;Anmerkung<\/td><\/tr><tr><td>Breite der Verpackungsfolie<\/td><td>100\u2013280 mm<\/td><td>&nbsp;<\/td><\/tr><tr><td>Taschenl\u00e4nge<\/td><td>80-300mm<\/td><td>&nbsp;<\/td><\/tr><tr><td>Packh\u00f6he<\/td><td>5-60mm<\/td><td>&nbsp;\u00dcber 60 mm k\u00f6nnen je nach Kundenwunsch angepasst werden<\/td><\/tr><tr><td>Durchmesser der Filmrolle<\/td><td>\u2264320mm<\/td><\/tr><tr><td>Kapazit\u00e4t<\/td><td>120\u00a0Beutel\/Min<\/td><td>&nbsp;<\/td><\/tr><tr><td>Leistung<\/td><td>220V50HZ 3,55kw<\/td><td> <\/td><\/tr><tr><td>Gr\u00f6\u00dfe<\/td><td>(L)4000\u00d7(B)900\u00d7(H)1500mm<\/td><td>&nbsp;<\/td><\/tr><tr><td>Gewicht<\/td><td>500kg<\/td><td><\/td><\/tr><\/tbody><\/table><\/figure>    <h3 class=\"gb-headline gb-headline-7b051e28 gb-headline-text\">Video der Verpackung von w\u00fcrfelf\u00f6rmiger Shisha-Kohle<\/h3>    <p>Das Verpacken kubischer Shisha-Kohle unterscheidet sich ein wenig vom Verpacken runder Shisha-Kohle. Wenn Sie interessiert sind, k\u00f6nnen Sie sich gerne an uns wenden und Ihre Kommentare und W\u00fcnsche unten auf der Seite hinterlassen. Unser Vertriebsleiter wird Ihnen die entsprechenden Einzelheiten zusenden.<\/p>    <figure class=\"wp-block-embed is-type-video is-provider-youtube wp-block-embed-youtube wp-embed-aspect-16-9 wp-has-aspect-ratio\"><div class=\"wp-block-embed__wrapper\"> <iframe loading=\"lazy\" title=\"Wie wird der Shisha-Kohlew\u00fcrfel verpackt | Shisha-Kohleverpackungsmaschine\" width=\"500\" height=\"281\" src=\"https:\/\/www.youtube.com\/embed\/Ij1GaNTI-Og?start=37&#038;feature=oembed\" frameborder=\"0\" allow=\"accelerometer; autoplay; clipboard-write; encrypted-media; gyroscope; picture-in-picture; web-share\" referrerpolicy=\"strict-origin-when-cross-origin\" allowfullscreen><\/iframe> <\/div><\/figure>    <h2 class=\"wp-block-heading\">Quantitative Grillkohle-Verpackungsmaschine<\/h2>    <h3 class=\"wp-block-heading\">Einf\u00fchrung einer Verpackungsmaschine f\u00fcr Holzkohlebriketts<\/h3>    <p class=\"translation-block\">Eine quantitative Verpackungsmaschine wird verwendet, um BBQ-Briketts zu verpacken, die von einer <a href=\"https:\/\/bestcharcoalmachine.com\/de\/charcoal-ball-press-machine\/\">BBQ-Holzkohlepressmaschine<\/a> hergestellt werden. Sie besteht haupts\u00e4chlich aus vier Teilen: automatisches Wiegeger\u00e4t, F\u00f6rderger\u00e4t, N\u00e4hger\u00e4t und Computersteuerung. Die Verpackungsmaschine f\u00fcr Holzkohlebriketts ist f\u00fcr die automatische quantitative Verpackung verschiedener Arten von Kohlenstoff, Briketts, biologischen Partikeln, Granulaten (Futter, Quarzsand), organischen D\u00fcngemitteln, Pulverpartikeln, Mischmaterialien, Plattenmaterialien und unregelm\u00e4\u00dfigen Materialien geeignet. Sie hat die Eigenschaften einer vern\u00fcnftigen Struktur, einer sch\u00f6nen Erscheinung, stabilen Betriebstemperatur, Energieeinsparung und Stromersparnis, einfacher Bedienung und genauer Wiegefunktion.<\/p>    <figure class=\"wp-block-gallery has-nested-images columns-default is-cropped wp-block-gallery-2 is-layout-flex wp-block-gallery-is-layout-flex\"> <figure class=\"wp-block-image size-large\"><img decoding=\"async\" data-id=\"1689\" src=\"https:\/\/bestcharcoalmachine.com\/wp-content\/uploads\/2021\/12\/quantitative-charcoal-packing-machine.jpg\" alt=\"quantitative Holzkohleverpackungsmaschine\" class=\"wp-image-1689\"\/><figcaption class=\"wp-element-caption\">quantitative Holzkohleverpackungsmaschine<\/figcaption><\/figure>    <figure class=\"wp-block-image size-large\"><img decoding=\"async\" data-id=\"1698\" src=\"https:\/\/bestcharcoalmachine.com\/wp-content\/uploads\/2021\/12\/packaged-BBQ-briquettes.jpg\" alt=\"verpackte Grillbriketts\" class=\"wp-image-1698\"\/><figcaption class=\"wp-element-caption\">verpackte Grillbriketts<\/figcaption><\/figure> <\/figure>    <h3 class=\"wp-block-heading\">Merkmale der BBQ-Holzkohlebrikett-Verpackungsmaschine<\/h3>    <ul class=\"wp-block-list\"> <li>Verwendung des Herstellungsverfahrens f\u00fcr Kohlenstoffstahl.<\/li>    <li>Die Ausr\u00fcstung verf\u00fcgt \u00fcber eine Schaufelwiegung, einen unabh\u00e4ngigen Aufh\u00e4ngungssensor und einen Frequenzumrichter zur Steuerung der Motorgeschwindigkeit. Die Signal\u00fcbertragung ist stabil, um die Wiegegeschwindigkeit sicherzustellen.<\/li>    <li>Bandzuf\u00fchrung, keine Besch\u00e4digung des Materials durch Extrusion.<\/li>    <li>Die Hauptmaschine verf\u00fcgt \u00fcber einen schnellen, mittleren und langsamen Vorschub mit drei Geschwindigkeiten, um die Genauigkeit und Geschwindigkeit der Messung sicherzustellen.<\/li> <\/ul>    <figure class=\"wp-block-gallery has-nested-images columns-default is-cropped wp-block-gallery-3 is-layout-flex wp-block-gallery-is-layout-flex\"> <figure class=\"wp-block-image size-large\"><img decoding=\"async\" data-id=\"1690\" src=\"https:\/\/bestcharcoalmachine.com\/wp-content\/uploads\/2021\/12\/BBQ-briquette-packing-machine.jpg\" alt=\"BBQ-Brikett-Verpackungsmaschine\" class=\"wp-image-1690\"\/><figcaption class=\"wp-element-caption\">BBQ-Brikett-Verpackungsmaschine<\/figcaption><\/figure>    <figure class=\"wp-block-image size-large\"><img decoding=\"async\" data-id=\"1694\" src=\"https:\/\/bestcharcoalmachine.com\/wp-content\/uploads\/2021\/12\/controller.jpg\" alt=\"Regler\" class=\"wp-image-1694\"\/><figcaption class=\"wp-element-caption\">Regler<\/figcaption><\/figure> <\/figure>    <h3 class=\"wp-block-heading\">Wie kann das Gewicht des Produkts angepasst werden?<\/h3>    <ol class=\"wp-block-list\"> <li>Schalten Sie die Maschine ein.<\/li>    <li>Legen Sie die Zieldaten fest und klicken Sie dann auf \u201eBest\u00e4tigen\u201c.<\/li>    <li>Lead setzen (Verpackung wird am Ende langsamer).<\/li>    <li>Dr\u00fccken Sie lange auf \u201e\u00dcberarbeiten\u201c, h\u00e4ngen Sie ein Gewicht mit einem bekannten Gewicht auf, geben Sie das Gewicht ein und best\u00e4tigen Sie.<\/li> <\/ol>    <h2 class=\"wp-block-heading\" id=\"h-parameters-of-bbq-charcoal-briquette-packing-machine\">Parameter der Grill-Holzkohlebrikett-Verpackungsmaschine<\/h2>    <figure class=\"wp-block-table\"><table><tbody><tr><td>Modell<\/td><td>WD-BP<\/td><\/tr><tr><td>Verpackungsgewicht<\/td><td>20-50 kg\/Sack<\/td><\/tr><tr><td>Packgeschwindigkeit<\/td><td>300-400 S\u00e4cke\/h<\/td><\/tr><tr><td>Leistung<\/td><td>1,7 kW<\/td><\/tr><tr><td>Abmessungen<\/td><td>3000*1150*2550mm<\/td><\/tr><\/tbody><\/table><\/figure>    <h2 class=\"wp-block-heading\">Schrumpfverpackungsmaschine<\/h2>    <h3 class=\"wp-block-heading\">Einf\u00fchrung einer Schrumpfverpackungsmaschine<\/h3>    <p class=\"translation-block\">Die Siegel- und Schneidemaschine ist eine vollautomatische unbemannte Verpackungsmaschine, die h\u00e4ufig in der Massenproduktion und -verpackung eingesetzt wird, mit hoher Arbeitseffizienz, automatischem Folienzufuhr und Stanzen sowie automatischem Folienversiegeln und -schneiden. Sie kann mit einer automatischen <a href=\"https:\/\/bestcharcoalmachine.com\/de\/charcoal-briquette-production-line\/\">Produktionslinie f\u00fcr Holzkohlebriketts<\/a> oder einer <a href=\"https:\/\/bestcharcoalmachine.com\/de\/coal-briquette-processing-plant\/\">Verarbeitungsanlage f\u00fcr Kohlenbriketts<\/a> verwendet werden. Sie ist die erste Wahl f\u00fcr das Versiegeln und die Schrumpfverpackung von Holzkohle.<\/p>    <figure class=\"wp-block-image aligncenter size-large\"><img decoding=\"async\" src=\"https:\/\/bestcharcoalmachine.com\/wp-content\/uploads\/2021\/12\/Sealing-and-cutting-machine-3.jpg\" alt=\"Siegel- und Schneidemaschine\" class=\"wp-image-1695\"\/><figcaption class=\"wp-element-caption\">Siegel- und Schneidemaschine<\/figcaption><\/figure>    <h3 class=\"wp-block-heading\">Verpackungseffekt der Holzkohlebrikett-Verpackungsmaschine<\/h3>    <figure class=\"wp-block-gallery has-nested-images columns-default is-cropped wp-block-gallery-4 is-layout-flex wp-block-gallery-is-layout-flex\"> <figure class=\"wp-block-image size-large\"><img loading=\"lazy\" decoding=\"async\" width=\"720\" height=\"540\" data-id=\"3555\" src=\"https:\/\/bestcharcoalmachine.com\/wp-content\/uploads\/2021\/11\/packed-bio-briquettes.jpg\" alt=\"verpackte Biobriketts\" class=\"wp-image-3555\"\/><figcaption class=\"wp-element-caption\">verpackte Biobriketts<\/figcaption><\/figure>    <figure class=\"wp-block-image size-large\"><img loading=\"lazy\" decoding=\"async\" width=\"720\" height=\"540\" data-id=\"3557\" src=\"https:\/\/bestcharcoalmachine.com\/wp-content\/uploads\/2021\/11\/sawdust-briquettes.jpg\" alt=\"verpackte S\u00e4gemehlbriketts\" class=\"wp-image-3557\"\/><figcaption class=\"wp-element-caption\">verpackte S\u00e4gemehlbriketts<\/figcaption><\/figure> <\/figure>    <figure class=\"wp-block-gallery has-nested-images columns-default is-cropped wp-block-gallery-5 is-layout-flex wp-block-gallery-is-layout-flex\"> <figure class=\"wp-block-image size-large\"><img loading=\"lazy\" decoding=\"async\" width=\"720\" height=\"540\" data-id=\"3559\" src=\"https:\/\/bestcharcoalmachine.com\/wp-content\/uploads\/2021\/11\/sawdust-briquette.jpg\" alt=\"\" class=\"wp-image-3559\"\/><\/figure>    <figure class=\"wp-block-image size-large\"><img loading=\"lazy\" decoding=\"async\" width=\"720\" height=\"540\" data-id=\"2065\" src=\"https:\/\/bestcharcoalmachine.com\/wp-content\/uploads\/2021\/12\/packaged-honeycomb-coal.jpg\" alt=\"verpackte Wabenkohle\" class=\"wp-image-2065\" srcset=\"https:\/\/bestcharcoalmachine.com\/wp-content\/uploads\/2021\/12\/packaged-honeycomb-coal.jpg 720w, https:\/\/bestcharcoalmachine.com\/wp-content\/uploads\/2021\/12\/packaged-honeycomb-coal-300x225.jpg 300w\" sizes=\"auto, (max-width: 720px) 100vw, 720px\" \/><figcaption class=\"wp-element-caption\">verpackte Wabenkohle<\/figcaption><\/figure> <\/figure>    <h3 class=\"wp-block-heading\">Arbeitsvideo einer Holzkohlebrikett-Verpackungsmaschine<\/h3>    <figure class=\"wp-block-embed is-type-video is-provider-youtube wp-block-embed-youtube wp-embed-aspect-16-9 wp-has-aspect-ratio\"><div class=\"wp-block-embed__wrapper\"> <iframe loading=\"lazy\" title=\"Verpackungsmaschine f\u00fcr Holzkohlebriketts | Wie verpackt man S\u00e4gemehlbriketts automatisch?\" width=\"500\" height=\"281\" src=\"https:\/\/www.youtube.com\/embed\/EcaYnJMTlE0?start=21&#038;feature=oembed\" frameborder=\"0\" allow=\"accelerometer; autoplay; clipboard-write; encrypted-media; gyroscope; picture-in-picture; web-share\" referrerpolicy=\"strict-origin-when-cross-origin\" allowfullscreen><\/iframe> <\/div><\/figure>    <h3 class=\"wp-block-heading\" id=\"h-features-of-shrink-packing-machine\">Merkmale der Schrumpfverpackungsmaschine<\/h3>    <ul class=\"wp-block-list\"> <li>Die Verpackungsmaschine verf\u00fcgt \u00fcber einen hohen Automatisierungsgrad und ist einfach zu bedienen, es m\u00fcssen lediglich Parameter am Bedienfeld eingestellt werden.<\/li>    <li>Das verpackte Endprodukt hat eine flache Versiegelung und ist weit verbreitet und kann zum Verpacken von Lebensmitteln, Getr\u00e4nken, Waben, Dingen des t\u00e4glichen Bedarfs, elektronischen Produkten usw. verwendet werden.<\/li>    <li>Unter der Maschine gibt es einen speziellen Platz, an dem die \u00fcbersch\u00fcssige Folie, die geschnitten wird, recycelt werden kann, um sicherzustellen, dass die Werkstatt sauber ist.<\/li> <\/ul>    <h2 class=\"wp-block-heading\" id=\"h-shrink-packing-machine-parameters\">Parameter der Verpackungsmaschine f\u00fcr Holzkohlebriketts verkleinern<\/h2>    <figure class=\"wp-block-table\"><table><tbody><tr><td>Modell<\/td><td>WD-SP<\/td><\/tr><tr><td>Stromspannung<\/td><td>220V\/50-60HZ, 2,2KW<\/td><\/tr><tr><td>Packkapazit\u00e4t<\/td><td>0-30 St\u00fcck\/Min<\/td><\/tr><tr><td>Max. Versiegelungsgr\u00f6\u00dfe<\/td><td>L+2H\u2264550mm, B+H\u226435mm, H\u2264140mm<\/td><\/tr><tr><td>Siegeltemperatur<\/td><td>140\u2103-180\u2103<\/td><\/tr><tr><td>Dicke der Folie<\/td><td>0,015\u20130,1 mm<\/td><\/tr><tr><td>Schrumpffolie<\/td><td>POF, PVC, PE<\/td><\/tr><tr><td>Maschinengr\u00f6\u00dfe<\/td><td>1760*900*1580mm<\/td><\/tr><\/tbody><\/table><\/figure>","protected":false},"excerpt":{"rendered":"<p>The charcoal briquette packing machine is mainly used for the packaging of charcoal, hookah charcoal, ignition charcoal, barbecue charcoal, biomass rods, clean coal, and other products. After packaging, the appearance is exquisite and beautiful, convenient for storage and transportation, and quick and convenient to use. WOOD Machinery has a mature automatic packaging project. The automatic [&hellip;]<\/p>\n","protected":false},"author":1,"featured_media":1765,"parent":0,"template":"","tags":[],"product-type":[2],"class_list":["post-1673","product","type-product","status-publish","has-post-thumbnail","hentry","product-type-briquettes-packing-machine"],"_links":{"self":[{"href":"https:\/\/bestcharcoalmachine.com\/de\/wp-json\/wp\/v2\/product\/1673","targetHints":{"allow":["GET"]}}],"collection":[{"href":"https:\/\/bestcharcoalmachine.com\/de\/wp-json\/wp\/v2\/product"}],"about":[{"href":"https:\/\/bestcharcoalmachine.com\/de\/wp-json\/wp\/v2\/types\/product"}],"author":[{"embeddable":true,"href":"https:\/\/bestcharcoalmachine.com\/de\/wp-json\/wp\/v2\/users\/1"}],"wp:featuredmedia":[{"embeddable":true,"href":"https:\/\/bestcharcoalmachine.com\/de\/wp-json\/wp\/v2\/media\/1765"}],"wp:attachment":[{"href":"https:\/\/bestcharcoalmachine.com\/de\/wp-json\/wp\/v2\/media?parent=1673"}],"wp:term":[{"taxonomy":"post_tag","embeddable":true,"href":"https:\/\/bestcharcoalmachine.com\/de\/wp-json\/wp\/v2\/tags?post=1673"},{"taxonomy":"product-type","embeddable":true,"href":"https:\/\/bestcharcoalmachine.com\/de\/wp-json\/wp\/v2\/product-type?post=1673"}],"curies":[{"name":"wp","href":"https:\/\/api.w.org\/{rel}","templated":true}]}}