{"id":1459,"date":"2021-12-08T09:48:39","date_gmt":"2021-12-08T09:48:39","guid":{"rendered":"https:\/\/bestcharcoalmachine.com\/?p=1459"},"modified":"2023-01-04T16:03:36","modified_gmt":"2023-01-04T08:03:36","slug":"honeycomb-coal-briquette-machine","status":"publish","type":"product","link":"https:\/\/bestcharcoalmachine.com\/de\/product\/honeycomb-coal-briquette-machine\/","title":{"rendered":"Wabenkohlebrikettmaschine | Kohlepressmaschine"},"content":{"rendered":"<div class=\"kk-star-ratings kksr-auto kksr-align-left kksr-valign-top\"     data-payload='{&quot;align&quot;:&quot;left&quot;,&quot;id&quot;:&quot;1459&quot;,&quot;slug&quot;:&quot;default&quot;,&quot;valign&quot;:&quot;top&quot;,&quot;ignore&quot;:&quot;&quot;,&quot;reference&quot;:&quot;auto&quot;,&quot;class&quot;:&quot;&quot;,&quot;count&quot;:&quot;6&quot;,&quot;legendonly&quot;:&quot;&quot;,&quot;readonly&quot;:&quot;&quot;,&quot;score&quot;:&quot;4.6&quot;,&quot;starsonly&quot;:&quot;&quot;,&quot;best&quot;:&quot;5&quot;,&quot;gap&quot;:&quot;5&quot;,&quot;greet&quot;:&quot;Rate this product&quot;,&quot;legend&quot;:&quot;4.6\\\/5 - (6 votes)&quot;,&quot;size&quot;:&quot;24&quot;,&quot;title&quot;:&quot;Honeycomb Coal Briquette Machine | Charcoal Press Machine&quot;,&quot;width&quot;:&quot;130.9&quot;,&quot;_legend&quot;:&quot;{score}\\\/{best} - ({count} {votes})&quot;,&quot;font_factor&quot;:&quot;1.25&quot;}'>              <div class=\"kksr-stars\">      <div class=\"kksr-stars-inactive\">             <div class=\"kksr-star\" data-star=\"1\" style=\"padding-right: 5px\">               <div class=\"kksr-icon\" style=\"width: 24px; height: 24px;\"><\/div>         <\/div>             <div class=\"kksr-star\" data-star=\"2\" style=\"padding-right: 5px\">               <div class=\"kksr-icon\" style=\"width: 24px; height: 24px;\"><\/div>         <\/div>             <div class=\"kksr-star\" data-star=\"3\" style=\"padding-right: 5px\">               <div class=\"kksr-icon\" style=\"width: 24px; height: 24px;\"><\/div>         <\/div>             <div class=\"kksr-star\" data-star=\"4\" style=\"padding-right: 5px\">               <div class=\"kksr-icon\" style=\"width: 24px; height: 24px;\"><\/div>         <\/div>             <div class=\"kksr-star\" data-star=\"5\" style=\"padding-right: 5px\">               <div class=\"kksr-icon\" style=\"width: 24px; height: 24px;\"><\/div>         <\/div>     <\/div>      <div class=\"kksr-stars-active\" style=\"width: 130.9px;\">             <div class=\"kksr-star\" style=\"padding-right: 5px\">               <div class=\"kksr-icon\" style=\"width: 24px; height: 24px;\"><\/div>         <\/div>             <div class=\"kksr-star\" style=\"padding-right: 5px\">               <div class=\"kksr-icon\" style=\"width: 24px; height: 24px;\"><\/div>         <\/div>             <div class=\"kksr-star\" style=\"padding-right: 5px\">               <div class=\"kksr-icon\" style=\"width: 24px; height: 24px;\"><\/div>         <\/div>             <div class=\"kksr-star\" style=\"padding-right: 5px\">               <div class=\"kksr-icon\" style=\"width: 24px; height: 24px;\"><\/div>         <\/div>             <div class=\"kksr-star\" style=\"padding-right: 5px\">               <div class=\"kksr-icon\" style=\"width: 24px; height: 24px;\"><\/div>         <\/div>     <\/div> <\/div>                   <div class=\"kksr-legend\" style=\"font-size: 19.2px;\">             4,6\/5 - (6 Bewertungen)    <\/div>     <\/div>  <p class=\"translation-block\">Die Honigwaben-Kohlebrikettemaschine wird auch als Honigwaben-Holzkohlepresse bezeichnet. Es handelt sich um eine Brikettmaschinen-Ausr\u00fcstung, die Rohkohle oder gesiebten Kohlenstaub und Koksstaub zerkleinert, Additive in einem bestimmten Verh\u00e4ltnis hinzuf\u00fcgt und diese in eine Brikettform stanzt. Verschiedene Formen k\u00f6nnen durch den Austausch von Formen unterschiedlicher Gestalt hergestellt werden. Es erweitert die Funktionen der Brikettmaschine erheblich und ist bei der Mehrheit der Benutzer beliebt. Es ist ein ideales Brikettmaschinenprodukt f\u00fcr Unternehmer. WOOD Machinery bietet eine komplette <a href=\"https:\/\/bestcharcoalmachine.com\/de\/product\/coal-briquette-processing-plant-coal-making-machine-1\/\">Kohlenstoffproduktionslinie<\/a> f\u00fcr unsere Kunden an, bei Interesse sind Sie jederzeit willkommen, uns zu konsultieren.<\/p>    <figure class=\"wp-block-gallery has-nested-images columns-default is-cropped wp-block-gallery-2 is-layout-flex wp-block-gallery-is-layout-flex\"> <figure class=\"wp-block-image size-large\"><img loading=\"lazy\" decoding=\"async\" width=\"720\" height=\"540\" data-id=\"2796\" src=\"https:\/\/bestcharcoalmachine.com\/wp-content\/uploads\/2021\/12\/Honeycomb-coal-briquette-machine-2.jpg\" alt=\"\" class=\"wp-image-2796\"\/><figcaption class=\"wp-element-caption\">Wabenkohlebrikettmaschine<\/figcaption><\/figure>    <figure class=\"wp-block-image size-large\"><img loading=\"lazy\" decoding=\"async\" width=\"720\" height=\"540\" data-id=\"2797\" src=\"https:\/\/bestcharcoalmachine.com\/wp-content\/uploads\/2021\/12\/Charcoal-press-machine-1.jpg\" alt=\"Kohlepressmaschine\" class=\"wp-image-2797\"\/><figcaption class=\"wp-element-caption\">Kohlepressmaschine<\/figcaption><\/figure> <\/figure>    <h2 class=\"wp-block-heading\" id=\"h-raw-materials-of-honeycomb-briquette-press-machine\">Rohstoffe der Wabenbrikettpresse<\/h2>    <p>Der Rohstoff f\u00fcr Briketts ist Holzkohlepulver, Kohlepulver und Ton. Einerseits kann Ton als Bindemittel fungieren und das Brikett l\u00e4sst sich nach dem Brennen nicht leicht verteilen. Andererseits kann die Zugabe von L\u00f6ss den Gewinn des Endprodukts steigern.  Dar\u00fcber hinaus k\u00f6nnen Grasmehl und Saedust auch zu Waben gepresst werden.<\/p>    <figure class=\"wp-block-image aligncenter size-full\"><img loading=\"lazy\" decoding=\"async\" width=\"720\" height=\"540\" src=\"https:\/\/bestcharcoalmachine.com\/wp-content\/uploads\/2021\/12\/raw-materials-of-honeycomb-briquetting-machine1.jpg\" alt=\"Rohstoffe der Wabenbrikettiermaschine\" class=\"wp-image-2804\"\/><figcaption class=\"wp-element-caption\">Rohstoffe der Wabenbrikettiermaschine<\/figcaption><\/figure>    <h2 class=\"wp-block-heading\" id=\"products-display-of-honeycomb-coal-briquette-machine\">Produktpr\u00e4sentation der Wabenkohlebrikettmaschine<\/h2>    <p>Wabenkohlebriketts werden haupts\u00e4chlich zum Feuern und Heizen von H\u00e4usern verwendet. Der Produktionsdurchmesser der Briketts betr\u00e4gt 12 cm bis 16 cm. Die Waben-Kohlenbrikettiermaschine kann problemlos Formen austauschen. Die Funktionen der Brikettmaschine k\u00f6nnen durch den Austausch von Formen unterschiedlicher Form, die bei Anwendern sehr beliebt sind, erheblich erweitert werden.<\/p>    <figure class=\"wp-block-image aligncenter size-full\"><img decoding=\"async\" src=\"https:\/\/bestcharcoalmachine.com\/wp-content\/uploads\/2021\/12\/honeycomb-coal-briquettes-of-many-shapes.jpg\" alt=\"Wabenf\u00f6rmige Kohlebriketts in vielen Formen\" class=\"wp-image-1493\"\/><figcaption class=\"wp-element-caption\">Wabenf\u00f6rmige Kohlebriketts in vielen Formen<\/figcaption><\/figure>    <figure class=\"wp-block-image aligncenter size-full\"><img decoding=\"async\" src=\"https:\/\/bestcharcoalmachine.com\/wp-content\/uploads\/2021\/12\/honeycomb-coal-display.jpg\" alt=\"Wabenkohle-Display\" class=\"wp-image-1506\"\/><figcaption class=\"wp-element-caption\">Wabenkohle-Display<\/figcaption><\/figure>    <figure class=\"wp-block-image aligncenter size-full\"><img decoding=\"async\" src=\"https:\/\/bestcharcoalmachine.com\/wp-content\/uploads\/2021\/12\/Hexagonal-coal.jpg\" alt=\"Sechseckige Kohle\" class=\"wp-image-1507\"\/><figcaption class=\"wp-element-caption\">Sechseckige Kohle<\/figcaption><\/figure>    <h2 class=\"wp-block-heading\">Arbeitsvideo der Brikettiermaschine<\/h2>    <figure class=\"wp-block-embed is-type-video is-provider-youtube wp-block-embed-youtube wp-embed-aspect-16-9 wp-has-aspect-ratio\"><div class=\"wp-block-embed__wrapper\"> <iframe loading=\"lazy\" title=\"Welche Produkte k\u00f6nnen mit einer Holzkohlebrikettmaschine hergestellt werden? | Die beste Brikettpressmaschine f\u00fcr Sie\" width=\"500\" height=\"281\" src=\"https:\/\/www.youtube.com\/embed\/kQ_0RebwF4o?feature=oembed\" frameborder=\"0\" allow=\"accelerometer; autoplay; clipboard-write; encrypted-media; gyroscope; picture-in-picture; web-share\" referrerpolicy=\"strict-origin-when-cross-origin\" allowfullscreen><\/iframe> <\/div><\/figure>    <h2 class=\"wp-block-heading\" id=\"structures-of-honeycomb-coal-briquette-machine\">Strukturen einer Waben-Kohlenbrikettiermaschine <\/h2>    <p>Der Aufbau der Wabenkohlemaschine ist einfach, alle Teile arbeiten zusammen und der Betrieb ist koordiniert und stabil. Die Wabenkohlemaschine hat einen einfachen Aufbau und ist in f\u00fcnf Teile unterteilt: K\u00f6rper, Getriebe, Zuf\u00fchrung, Stanzen und F\u00f6rdern.<\/p>    <ul class=\"wp-block-list\"> <li>K\u00f6rperteil: Es besteht aus einer Platte und einer Basis als Skeletteinheit der Maschine.<\/li>    <li>Getriebeteil: Es besteht aus Motor, Riemenscheibe, Getriebe, Getriebewelle und anderen Komponenten. Der Motor treibt die Riemenscheibe an, um die Getriebewelle zu drehen und \u00fcber zwei Zahnr\u00e4der auf die Antriebswelle zu \u00fcbertragen.<\/li>    <li>Zuf\u00fchrteil: Besteht aus rotierender Welle, Trichter und R\u00fchrwerk. Der Antrieb erfolgt \u00fcber ein Axialgetriebe, um die Kohle in den Formzylinder einzur\u00fchren.<\/li>    <li>Der Stanzteil besteht haupts\u00e4chlich aus vier Gleitstangen, Gleitbalken, Stempeln, Stempelsitzen, Stempeln, beweglichen Druckplatten, beweglichen Matrizenb\u00f6den und Federn.<\/li>    <li>Der F\u00f6rderteil besteht aus einem F\u00f6rderrahmen, einer Riemenscheibe, einer Halterung und einem F\u00f6rderband. Das F\u00f6rderband dreht sich zuf\u00e4llig, um die geformte Kohle aus dem Maschinenk\u00f6rper zu bef\u00f6rdern, und die einstellbaren Schrauben am F\u00f6rderrahmen k\u00f6nnen die Spannung des F\u00f6rderbandes einstellen.<\/li> <\/ul>    <figure class=\"wp-block-gallery has-nested-images columns-default is-cropped wp-block-gallery-3 is-layout-flex wp-block-gallery-is-layout-flex\"> <figure class=\"wp-block-image size-large\"><img decoding=\"async\" data-id=\"1499\" src=\"https:\/\/bestcharcoalmachine.com\/wp-content\/uploads\/2021\/12\/pressing-device.jpg\" alt=\"Pressvorrichtung\" class=\"wp-image-1499\"\/><figcaption class=\"wp-element-caption\">Pressvorrichtung<\/figcaption><\/figure>    <figure class=\"wp-block-image size-large\"><img decoding=\"async\" data-id=\"1500\" src=\"https:\/\/bestcharcoalmachine.com\/wp-content\/uploads\/2021\/12\/movable-mold-bottom.jpg\" alt=\"beweglicher Formboden\" class=\"wp-image-1500\"\/><figcaption class=\"wp-element-caption\">beweglicher Formboden<\/figcaption><\/figure>    <figure class=\"wp-block-image size-large\"><img decoding=\"async\" data-id=\"1503\" src=\"https:\/\/bestcharcoalmachine.com\/wp-content\/uploads\/2021\/12\/Structures-of-honeycomb-coal-briquette-machine-2.jpg\" alt=\"Strukturen einer Waben-Kohlenbrikettiermaschine\" class=\"wp-image-1503\"\/><figcaption class=\"wp-element-caption\">Strukturen einer Waben-Kohlenbrikettiermaschine<\/figcaption><\/figure> <\/figure>    <h2 class=\"wp-block-heading\" id=\"working-principle-of-briquette-machine\">Funktionsprinzip der Brikettiermaschine<\/h2>    <p>Das Funktionsprinzip der Maschine besteht darin, dass der Motor oder Dieselmotor die Riemenscheibe antreibt, um den Kipphebel der Maschine anzutreiben, und die Form auf der Formplatte platziert wird, um in die Vorkomprimierung der ersten Stanznadel und die Formung der zweiten Stanznadel einzutreten . Der Antriebsmodus der Maschine kann ein Elektromotor und ein Dieselmotor sein.<\/p>    <figure class=\"wp-block-gallery has-nested-images columns-default is-cropped wp-block-gallery-4 is-layout-flex wp-block-gallery-is-layout-flex\"> <figure class=\"wp-block-image size-large\"><img decoding=\"async\" data-id=\"1494\" src=\"https:\/\/bestcharcoalmachine.com\/wp-content\/uploads\/2021\/12\/honeycomb-charcoal-briquette-machine-working-scene.jpg\" alt=\"Arbeitsszene der Wabenholzkohlebrikettmaschine\" class=\"wp-image-1494\"\/><figcaption class=\"wp-element-caption\">Arbeitsszene der Wabenholzkohlebrikettmaschine<\/figcaption><\/figure>    <figure class=\"wp-block-image size-large\"><img loading=\"lazy\" decoding=\"async\" width=\"720\" height=\"540\" data-id=\"2234\" src=\"https:\/\/bestcharcoalmachine.com\/wp-content\/uploads\/2021\/11\/working-scene.jpg\" alt=\"Arbeitsszene\" class=\"wp-image-2234\" srcset=\"https:\/\/bestcharcoalmachine.com\/wp-content\/uploads\/2021\/11\/working-scene.jpg 720w, https:\/\/bestcharcoalmachine.com\/wp-content\/uploads\/2021\/11\/working-scene-300x225.jpg 300w\" sizes=\"auto, (max-width: 720px) 100vw, 720px\" \/><figcaption class=\"wp-element-caption\">Arbeitsszene<\/figcaption><\/figure> <\/figure>    <h2 class=\"wp-block-heading\" id=\"h-features-of-honeycomb-coal-briquette-machine\">Merkmale der Wabenkohlebrikettmaschine<\/h2>    <ul class=\"wp-block-list\"> <li>Die Wabenbriketts werden vorverdichtet und anschlie\u00dfend geformt. Das fertige Produkt hat eine hohe Dichte und ist nicht leicht zu rei\u00dfen.<\/li>    <li>Die Maschine ist von guter Qualit\u00e4t, kann nicht leicht besch\u00e4digt werden, hat kein Zubeh\u00f6r, ist sehr bequem zu warten und hat eine lange Lebensdauer. Die Wartung ist sehr einfach: Einmal pro Woche wird Butter in die Innenzahnr\u00e4der des F\u00f6rderbandes und \u00d6l in die Lager gegeben. F\u00fcgen Sie dann 10 Tage lang und 15 Tage lang erneut \u00d6l hinzu, um es zu pflegen.<\/li> <\/ul>    <h2 class=\"wp-block-heading\" id=\"h-honeycomb-coal-press-machine-factory-stock\">Fabrikbestand der Wabenkohlepressmaschine<\/h2>    <figure class=\"wp-block-image aligncenter size-full\"><img loading=\"lazy\" decoding=\"async\" width=\"720\" height=\"540\" src=\"https:\/\/bestcharcoalmachine.com\/wp-content\/uploads\/2021\/12\/honeycomb-coal-briquette-machines-in-factory1.jpg\" alt=\"Wabenkohlebrikettmaschinen in der Fabrik\" class=\"wp-image-2802\"\/><figcaption class=\"wp-element-caption\">Wabenkohlebrikettmaschinen in der Fabrik<\/figcaption><\/figure>    <figure class=\"wp-block-image aligncenter size-full\"><img loading=\"lazy\" decoding=\"async\" width=\"720\" height=\"540\" src=\"https:\/\/bestcharcoalmachine.com\/wp-content\/uploads\/2021\/12\/honeycomb-charcoal-briquette-machine1.jpg\" alt=\"Waben-Holzkohlebrikettmaschine\" class=\"wp-image-2803\"\/><figcaption class=\"wp-element-caption\">Waben-Holzkohlebrikettmaschine<\/figcaption><\/figure>    <h2 class=\"wp-block-heading\" id=\"parameters-of-honeycomb-charcoal-press-machine\">Parameter der Wabenholzkohlepressmaschine<\/h2>    <figure class=\"wp-block-table\"><table><tbody><tr><td>Modell<\/td><td>Leistung<\/td><td>Maximaler Durchmesser der Holzkohle<\/td><td>Kapazit\u00e4t<\/td><\/tr><tr><td>WD-HC120<\/td><td>5,5 kW<\/td><td>120mm<\/td><td>45 St\u00fcck\/Zeit<\/td><\/tr><tr><td>WD-HC140<\/td><td>7,5 kW<\/td><td>140mm<\/td><td>45 St\u00fcck\/Zeit <\/td><\/tr><tr><td>WD-HC160<\/td><td>11 kW<\/td><td>160mm<\/td><td>45 St\u00fcck\/Zeit <\/td><\/tr><tr><td>WD-HC220<\/td><td>11 kW<\/td><td>220mm<\/td><td>45 St\u00fcck\/Zeit <\/td><\/tr><\/tbody><\/table><\/figure>    <p>Das Modell ist nach dem maximalen Durchmesser der Holzkohle benannt. Zum Beispiel die Maschine, deren Produktdurchmesser 120 mm betr\u00e4gt, daher hei\u00dft dieser Typ WD-HC 120. <\/p>    <h2 class=\"wp-block-heading\" id=\"customer-case-of-honeycomb-charcoal-briquette-machine\">Kundenbeispiel einer Waben-Holzkohlebrikettmaschine<\/h2>    <p>Kunden in Indonesien beabsichtigen, in eine kleine Holzkohleanlage zu investieren, um ihre Produkte zu diversifizieren. Sie haben sich f\u00fcr unsere Brikettmaschine entschieden, das Modell ist WD-HC120, die Leistung ist gering und das Risiko gering, was f\u00fcr ihre Anfangsinvestition sehr gut geeignet ist.<\/p>    <figure class=\"wp-block-gallery has-nested-images columns-default is-cropped wp-block-gallery-5 is-layout-flex wp-block-gallery-is-layout-flex\"> <figure class=\"wp-block-image size-large\"><img loading=\"lazy\" decoding=\"async\" width=\"720\" height=\"540\" data-id=\"2798\" src=\"https:\/\/bestcharcoalmachine.com\/wp-content\/uploads\/2021\/12\/packing-machine-components.jpg\" alt=\"Verpackungsmaschinenkomponenten\" class=\"wp-image-2798\"\/><figcaption class=\"wp-element-caption\">Verpackungsmaschinenkomponenten<\/figcaption><\/figure>    <figure class=\"wp-block-image size-large\"><img loading=\"lazy\" decoding=\"async\" width=\"720\" height=\"540\" data-id=\"2799\" src=\"https:\/\/bestcharcoalmachine.com\/wp-content\/uploads\/2021\/12\/packing-honeycomb-charcoal-briquette-machine.jpg\" alt=\"Verpackungsmaschine f\u00fcr Wabenholzkohlebriketts\" class=\"wp-image-2799\"\/><figcaption class=\"wp-element-caption\">Verpackungsmaschine f\u00fcr Wabenholzkohlebriketts<\/figcaption><\/figure>    <figure class=\"wp-block-image size-large\"><img loading=\"lazy\" decoding=\"async\" width=\"720\" height=\"540\" data-id=\"2800\" src=\"https:\/\/bestcharcoalmachine.com\/wp-content\/uploads\/2021\/12\/honeycomb-charcoal-briquette-machine.jpg\" alt=\"Waben-Holzkohlebrikettmaschine\" class=\"wp-image-2800\"\/><figcaption class=\"wp-element-caption\">Waben-Holzkohlebrikettmaschine<\/figcaption><\/figure> <\/figure>","protected":false},"excerpt":{"rendered":"<p>Honeycomb coal briquette machine is also called honeycomb charcoal press machine.It is a briquette machine equipment that crushes raw coal or sieving coal powder and coke powder, adding additives in a certain proportion, and punching it into a briquette shape. Various shapes can be made by changing molds of different shapes. It greatly expands the [&hellip;]<\/p>\n","protected":false},"author":1,"featured_media":1993,"parent":0,"template":"","tags":[],"product-type":[46],"class_list":["post-1459","product","type-product","status-publish","has-post-thumbnail","hentry","product-type-charcoal-briquette-machine"],"_links":{"self":[{"href":"https:\/\/bestcharcoalmachine.com\/de\/wp-json\/wp\/v2\/product\/1459","targetHints":{"allow":["GET"]}}],"collection":[{"href":"https:\/\/bestcharcoalmachine.com\/de\/wp-json\/wp\/v2\/product"}],"about":[{"href":"https:\/\/bestcharcoalmachine.com\/de\/wp-json\/wp\/v2\/types\/product"}],"author":[{"embeddable":true,"href":"https:\/\/bestcharcoalmachine.com\/de\/wp-json\/wp\/v2\/users\/1"}],"wp:featuredmedia":[{"embeddable":true,"href":"https:\/\/bestcharcoalmachine.com\/de\/wp-json\/wp\/v2\/media\/1993"}],"wp:attachment":[{"href":"https:\/\/bestcharcoalmachine.com\/de\/wp-json\/wp\/v2\/media?parent=1459"}],"wp:term":[{"taxonomy":"post_tag","embeddable":true,"href":"https:\/\/bestcharcoalmachine.com\/de\/wp-json\/wp\/v2\/tags?post=1459"},{"taxonomy":"product-type","embeddable":true,"href":"https:\/\/bestcharcoalmachine.com\/de\/wp-json\/wp\/v2\/product-type?post=1459"}],"curies":[{"name":"wp","href":"https:\/\/api.w.org\/{rel}","templated":true}]}}