{"id":1280,"date":"2021-12-02T07:30:33","date_gmt":"2021-12-02T07:30:33","guid":{"rendered":"https:\/\/bestcharcoalmachine.com\/?p=1280"},"modified":"2025-08-21T18:10:18","modified_gmt":"2025-08-21T10:10:18","slug":"horizontal-carbonization-furnace","status":"publish","type":"product","link":"https:\/\/bestcharcoalmachine.com\/de\/product\/horizontal-carbonization-furnace\/","title":{"rendered":"Horizontaler Karbonisierungsofen | Hartholzkohleofen"},"content":{"rendered":"<div class=\"kk-star-ratings kksr-auto kksr-align-left kksr-valign-top\"     data-payload='{&quot;align&quot;:&quot;left&quot;,&quot;id&quot;:&quot;1280&quot;,&quot;slug&quot;:&quot;default&quot;,&quot;valign&quot;:&quot;top&quot;,&quot;ignore&quot;:&quot;&quot;,&quot;reference&quot;:&quot;auto&quot;,&quot;class&quot;:&quot;&quot;,&quot;count&quot;:&quot;7&quot;,&quot;legendonly&quot;:&quot;&quot;,&quot;readonly&quot;:&quot;&quot;,&quot;score&quot;:&quot;4.9&quot;,&quot;starsonly&quot;:&quot;&quot;,&quot;best&quot;:&quot;5&quot;,&quot;gap&quot;:&quot;5&quot;,&quot;greet&quot;:&quot;Rate this product&quot;,&quot;legend&quot;:&quot;4.9\\\/5 - (7 votes)&quot;,&quot;size&quot;:&quot;24&quot;,&quot;title&quot;:&quot;Horizontal Carbonization Furnace | Hardwood Charcoal Furnace&quot;,&quot;width&quot;:&quot;139.6&quot;,&quot;_legend&quot;:&quot;{score}\\\/{best} - ({count} {votes})&quot;,&quot;font_factor&quot;:&quot;1.25&quot;}'>              <div class=\"kksr-stars\">      <div class=\"kksr-stars-inactive\">             <div class=\"kksr-star\" data-star=\"1\" style=\"padding-right: 5px\">               <div class=\"kksr-icon\" style=\"width: 24px; height: 24px;\"><\/div>         <\/div>             <div class=\"kksr-star\" data-star=\"2\" style=\"padding-right: 5px\">               <div class=\"kksr-icon\" style=\"width: 24px; height: 24px;\"><\/div>         <\/div>             <div class=\"kksr-star\" data-star=\"3\" style=\"padding-right: 5px\">               <div class=\"kksr-icon\" style=\"width: 24px; height: 24px;\"><\/div>         <\/div>             <div class=\"kksr-star\" data-star=\"4\" style=\"padding-right: 5px\">               <div class=\"kksr-icon\" style=\"width: 24px; height: 24px;\"><\/div>         <\/div>             <div class=\"kksr-star\" data-star=\"5\" style=\"padding-right: 5px\">               <div class=\"kksr-icon\" style=\"width: 24px; height: 24px;\"><\/div>         <\/div>     <\/div>      <div class=\"kksr-stars-active\" style=\"width: 139.6px;\">             <div class=\"kksr-star\" style=\"padding-right: 5px\">               <div class=\"kksr-icon\" style=\"width: 24px; height: 24px;\"><\/div>         <\/div>             <div class=\"kksr-star\" style=\"padding-right: 5px\">               <div class=\"kksr-icon\" style=\"width: 24px; height: 24px;\"><\/div>         <\/div>             <div class=\"kksr-star\" style=\"padding-right: 5px\">               <div class=\"kksr-icon\" style=\"width: 24px; height: 24px;\"><\/div>         <\/div>             <div class=\"kksr-star\" style=\"padding-right: 5px\">               <div class=\"kksr-icon\" style=\"width: 24px; height: 24px;\"><\/div>         <\/div>             <div class=\"kksr-star\" style=\"padding-right: 5px\">               <div class=\"kksr-icon\" style=\"width: 24px; height: 24px;\"><\/div>         <\/div>     <\/div> <\/div>                   <div class=\"kksr-legend\" style=\"font-size: 19.2px;\">             4,9\/5 - (7 Bewertungen)    <\/div>     <\/div>  <p>Der horizontale Karbonisierungsofen verarbeitet Holzkohle und kann verschiedene Rohstoffe verarbeiten, wie Bambus, Baumst\u00e4mme, Biomasse-St\u00f6cke aus einer S\u00e4gemehlbrikettmaschine, Kokosnussschalen und andere relativ gro\u00dfe Materialien.<\/p>    <p>Er verf\u00fcgt \u00fcber eine interne Heizung, bei der das brennbare Gas aus der Holzverbrennung zur vollst\u00e4ndigen Durchf\u00fchrung des Karbonisierungsprozesses wiederverwendet wird. Dar\u00fcber hinaus ist er mit einer Rauchreinigungseinrichtung ausgestattet, um die Abgasemissionen zu reduzieren. <\/p>    <p>Der Ofen hat eine Kapazit\u00e4t von 900\u20133000 kg pro 12\u201314 Stunden und eignet sich daher f\u00fcr die mittel- bis gro\u00dftechnische Holzkohleproduktion.<\/p>    <figure class=\"wp-block-embed is-type-video is-provider-youtube wp-block-embed-youtube wp-embed-aspect-16-9 wp-has-aspect-ratio\"><div class=\"wp-block-embed__wrapper\"> <iframe loading=\"lazy\" title=\"Effizient und umweltfreundlich: Im Inneren des horizontalen Karbonisierungsofens #Holzkohle #umweltfreundlich\" width=\"500\" height=\"281\" src=\"https:\/\/www.youtube.com\/embed\/6Rpev7oJoeo?feature=oembed\" frameborder=\"0\" allow=\"accelerometer; autoplay; clipboard-write; encrypted-media; gyroscope; picture-in-picture; web-share\" referrerpolicy=\"strict-origin-when-cross-origin\" allowfullscreen><\/iframe> <\/div><figcaption class=\"wp-element-caption\">Arbeitsvideo f\u00fcr den horizontalen Karbonisierungsofen<\/figcaption><\/figure>    <h2 class=\"wp-block-heading\" id=\"raw-materials\">Rohstoffe des horizontalen Karbonisierungsofens<\/h2>    <p>Der horizontale Kohlenstoffisierungsofen ist in Bezug auf die Rohstoffe \u00e4u\u00dferst vielseitig, was ihn f\u00fcr eine Vielzahl von Biomasse- und holzbasierten Eingaben geeignet macht. H\u00e4ufig verarbeitete Materialien sind Bambus, Holzst\u00e4mme, Kokosnussschalen, S\u00e4gemehlbriketts, Holzsp\u00e4ne, Obstkerne und andere landwirtschaftliche oder forstwirtschaftliche R\u00fcckst\u00e4nde. <\/p>    <p>Seine F\u00e4higkeit, gro\u00dfe und unregelm\u00e4\u00dfig geformte Rohstoffe zu verarbeiten, erm\u00f6glicht es Unternehmen, Abfallprodukte effizient zu nutzen und in hochwertige Kohle umzuwandeln. Diese Flexibilit\u00e4t senkt nicht nur die Rohstoffkosten, sondern unterst\u00fctzt auch eine nachhaltige Produktion, indem organische Abf\u00e4lle in wertvolle Energieressourcen recycelt werden.<\/p>    <figure class=\"wp-block-gallery has-nested-images columns-default is-cropped wp-block-gallery-2 is-layout-flex wp-block-gallery-is-layout-flex\"> <figure class=\"wp-block-image size-large\"><img loading=\"lazy\" decoding=\"async\" width=\"720\" height=\"540\" data-id=\"2663\" src=\"https:\/\/bestcharcoalmachine.com\/wp-content\/uploads\/2021\/12\/bamboo.jpg\" alt=\"Bambus\" class=\"wp-image-2663\"\/><figcaption class=\"wp-element-caption\">Bambus<\/figcaption><\/figure>    <figure class=\"wp-block-image size-large\"><img loading=\"lazy\" decoding=\"async\" width=\"720\" height=\"540\" data-id=\"2664\" src=\"https:\/\/bestcharcoalmachine.com\/wp-content\/uploads\/2021\/12\/logs-1.jpg\" alt=\"Protokolle\" class=\"wp-image-2664\"\/><figcaption class=\"wp-element-caption\">Protokolle<\/figcaption><\/figure> <\/figure>    <figure class=\"wp-block-gallery has-nested-images columns-default is-cropped wp-block-gallery-3 is-layout-flex wp-block-gallery-is-layout-flex\"> <figure class=\"wp-block-image size-large\"><img loading=\"lazy\" decoding=\"async\" width=\"720\" height=\"540\" data-id=\"2666\" src=\"https:\/\/bestcharcoalmachine.com\/wp-content\/uploads\/2021\/12\/biomass-sticks-1.jpg\" alt=\"Biomasse-Sticks\" class=\"wp-image-2666\"\/><figcaption class=\"wp-element-caption\">Biomasse-Sticks<\/figcaption><\/figure>    <figure class=\"wp-block-image size-large\"><img loading=\"lazy\" decoding=\"async\" width=\"720\" height=\"540\" data-id=\"2667\" src=\"https:\/\/bestcharcoalmachine.com\/wp-content\/uploads\/2021\/12\/waste-wood-blocks.jpg\" alt=\"Altholzbl\u00f6cke\" class=\"wp-image-2667\"\/><figcaption class=\"wp-element-caption\">Altholzbl\u00f6cke<\/figcaption><\/figure> <\/figure>    <h2 class=\"wp-block-heading\" id=\"h-application-of-biomass-carbonization-furnace\">Anwendung eines Biomasse-Karbonisierungsofens <\/h2>    <p>Ein horizontaler Kohlenstoffisierungsofen ist eine Art von Biomasse-Kohlenstoffisierungsofen, der verwendet wird, um Biomasse-Materialien wie \u00c4ste, Holzbl\u00f6cke, Bambus, Kokosnussschalenbl\u00f6cke, Restst\u00fccke aus M\u00f6belwerken usw. zu karbonisieren. <\/p>    <p>Das Material kann direkt karbonisiert oder zuerst mit einem Holzzerkleinerer oder Holzbrecher zerkleinert und dann nach der Herstellung von biologischen Holzst\u00e4bchen mit einer S\u00e4gemehlbrikettmaschine karbonisiert werden.<\/p>    <figure class=\"wp-block-image is-style-default\"><img loading=\"lazy\" decoding=\"async\" width=\"720\" height=\"540\" src=\"https:\/\/bestcharcoalmachine.com\/wp-content\/uploads\/2021\/12\/hardwood-charcoal-furnace-2.jpg\" alt=\"Holzkohleofen aus Hartholz\" class=\"wp-image-2669\"\/><figcaption class=\"wp-element-caption\">Holzkohleofen aus Hartholz<\/figcaption><\/figure>    <h2 class=\"wp-block-heading\" id=\"h-features-of-horizontal-carbonization-furnace\">Merkmale des horizontalen Karbonisierungsofens <\/h2>    <div class=\"wp-block-media-text is-stacked-on-mobile\"><figure class=\"wp-block-media-text__media\"><img decoding=\"async\" src=\"https:\/\/bestcharcoalmachine.com\/wp-content\/uploads\/2021\/12\/high-temperature-resistance-mineral-wool.jpg\" alt=\"hochtemperaturbest\u00e4ndige Mineralwolle\" class=\"wp-image-1322 size-full\"\/><\/figure><div class=\"wp-block-media-text__content\"> <p><strong>Der Karbonisierungsherd ist mit Isolationsmaterialien ausgestattet<\/strong><\/p>    <p>Der horizontale Bambus-Kohlenstoffisierungsofen verwendet einen horizontalen Herstellungsprozess mit einer doppelten Innenstruktur. <\/p>    <p>In der Mitte der Zwischenschicht befindet sich ein leichtes Hochtemperatur-Isoliermaterial, das die Temperatur im Ofen st\u00e4ndig von der Dissipation abh\u00e4lt.<\/p> <\/div><\/div>    <div class=\"wp-block-media-text has-media-on-the-right is-stacked-on-mobile\"><div class=\"wp-block-media-text__content\"> <p><strong>Der horizontale Karbonisierungsofen ist gut abgedichtet<\/strong><\/p>    <p>Die Ofent\u00fcr ist mit Hochtemperatur-Steinwolle aus der Kesselpackung abgedichtet, es dringt keine Luft ein und die Holzkohleaussto\u00dfrate ist viel h\u00f6her als bei einem herk\u00f6mmlichen Schwelofen.<\/p> <\/div><figure class=\"wp-block-media-text__media\"><img loading=\"lazy\" decoding=\"async\" width=\"720\" height=\"540\" src=\"https:\/\/bestcharcoalmachine.com\/wp-content\/uploads\/2021\/12\/horizontal-carbonization-furnace-1.jpg\" alt=\"horizontaler Karbonisierungsofen\" class=\"wp-image-2668 size-full\"\/><\/figure><\/div>    <div class=\"wp-block-media-text is-stacked-on-mobile\"><figure class=\"wp-block-media-text__media\"><img loading=\"lazy\" decoding=\"async\" width=\"720\" height=\"540\" src=\"https:\/\/bestcharcoalmachine.com\/wp-content\/uploads\/2021\/12\/Using-a-cart-makes-it-easier-to-put-and-load-charcoals..jpg\" alt=\"Die Verwendung eines Wagens erleichtert das Einlegen und Laden von Holzkohle.\" class=\"wp-image-2163 size-full\" srcset=\"https:\/\/bestcharcoalmachine.com\/wp-content\/uploads\/2021\/12\/Using-a-cart-makes-it-easier-to-put-and-load-charcoals..jpg 720w, https:\/\/bestcharcoalmachine.com\/wp-content\/uploads\/2021\/12\/Using-a-cart-makes-it-easier-to-put-and-load-charcoals.-300x225.jpg 300w\" sizes=\"auto, (max-width: 720px) 100vw, 720px\" \/><\/figure><div class=\"wp-block-media-text__content\"> <p><strong>Der Holzkohleofen f\u00fcr Hartholzbiomasse spart Brennstoff<\/strong><\/p>    <p>W\u00e4hrend der Kohlenstoffisierung der Materialien wird eine gro\u00dfe Menge leicht gelblichen brennbaren Gases erzeugt. <\/p>    <p>Diese Gase k\u00f6nnen \u00fcber die Rohre der Kohlenstoffisierungs\u00f6fen in die Verbrennungszone des Kohlenstoffisierungsofens umgeleitet werden, um eine sekund\u00e4re Z\u00fcndung und Erw\u00e4rmung zu erm\u00f6glichen, was umweltfreundlicher ist und Brennstoff spart.<\/p> <\/div><\/div>    <div class=\"wp-block-media-text has-media-on-the-right is-stacked-on-mobile\"><div class=\"wp-block-media-text__content\"> <p><strong>Bequeme F\u00fctterung und Entladung<\/strong><\/p>    <p>Der horizontale Karbonisierungsofen ist mit Schienen und Wagen ausgestattet, die den Raum im Ofen voll ausnutzen k\u00f6nnen, was bequemer zu nutzen ist und die Arbeitsintensit\u00e4t der Arbeiter verringert.<\/p> <\/div><figure class=\"wp-block-media-text__media\"><img loading=\"lazy\" decoding=\"async\" width=\"720\" height=\"540\" src=\"https:\/\/bestcharcoalmachine.com\/wp-content\/uploads\/2021\/12\/The-carbonization-furnace-is-equipped-with-rails-and-carts.jpg\" alt=\"Der Schwelofen ist mit Schienen und Wagen ausgestattet\" class=\"wp-image-2164 size-full\" srcset=\"https:\/\/bestcharcoalmachine.com\/wp-content\/uploads\/2021\/12\/The-carbonization-furnace-is-equipped-with-rails-and-carts.jpg 720w, https:\/\/bestcharcoalmachine.com\/wp-content\/uploads\/2021\/12\/The-carbonization-furnace-is-equipped-with-rails-and-carts-300x225.jpg 300w\" sizes=\"auto, (max-width: 720px) 100vw, 720px\" \/><\/figure><\/div>    <h2 class=\"wp-block-heading\" id=\"h-2-horizontal-carbonization-furnace-has-good-sealing\">Arbeitsprozess der horizontalen Holzkohleherstellungsmaschine<\/h2>    <div class=\"wp-block-media-text is-stacked-on-mobile\"><figure class=\"wp-block-media-text__media\"><img decoding=\"async\" src=\"https:\/\/bestcharcoalmachine.com\/wp-content\/uploads\/2021\/12\/horizontal-charcoal-furnace.jpg\" alt=\"horizontaler Holzkohleofen\" class=\"wp-image-1330 size-full\"\/><\/figure><div class=\"wp-block-media-text__content\"> <ul class=\"wp-block-list\"> <li>Finden Sie einen flachen Bereich und stellen Sie den horizontalen Kohlenstoffisierungsofen darauf.<\/li>    <li>\u00d6ffnen Sie die Ofent\u00fcr und laden Sie die Rohstoffe zur Kohlenstoffisierung, indem Sie den Ofen so weit wie m\u00f6glich f\u00fcllen.<\/li>    <li>Verwenden Sie Holz, um das Feuer zu entz\u00fcnden.<\/li>    <li>Wenn die Temperatur 150\u2013200\u00b0C erreicht, entz\u00fcndet sich das brennbare Gas automatisch durch die Pipeline.<\/li> <\/ul> <\/div><\/div>    <div class=\"wp-block-media-text has-media-on-the-right is-stacked-on-mobile\"><div class=\"wp-block-media-text__content\"> <ul class=\"wp-block-list\"> <li>Lassen Sie die Kohlenstoffisierung etwa 5 Stunden fortschreiten; die Flammen werden allm\u00e4hlich schw\u00e4cher, w\u00e4hrend das interne Gas verbraucht wird.<\/li>    <li>Sobald das Feuer erloschen ist, ist die Kohlenstoffisierung abgeschlossen.<\/li>    <li>\u00d6ffnen Sie den Ofen nicht sofort, da die Materialien im Inneren extrem hei\u00df sind und sich spontan entz\u00fcnden k\u00f6nnen.<\/li>    <li>Verwenden Sie das Spr\u00fchsystem des Ofens, um Wasser zu gie\u00dfen, oder warten Sie, bis die Oberfl\u00e4chentemperatur unter 50\u00b0C f\u00e4llt, bevor Sie die T\u00fcr \u00f6ffnen.<\/li> <\/ul> <\/div><figure class=\"wp-block-media-text__media\"><img loading=\"lazy\" decoding=\"async\" width=\"720\" height=\"540\" src=\"https:\/\/bestcharcoalmachine.com\/wp-content\/uploads\/2023\/12\/commercial-horizontal-carbonization-furnace.webp\" alt=\"kommerzieller horizontaler Karbonisierungsofen\" class=\"wp-image-3826 size-full\" srcset=\"https:\/\/bestcharcoalmachine.com\/wp-content\/uploads\/2023\/12\/commercial-horizontal-carbonization-furnace.webp 720w, https:\/\/bestcharcoalmachine.com\/wp-content\/uploads\/2023\/12\/commercial-horizontal-carbonization-furnace-300x225.webp 300w\" sizes=\"auto, (max-width: 720px) 100vw, 720px\" \/><\/figure><\/div>    <h2 class=\"wp-block-heading\" id=\"horizontal-carbonization-furnace-products\">Produkte f\u00fcr horizontale Bambuskarbonisierungs\u00f6fen<\/h2>    <figure class=\"wp-block-gallery has-nested-images columns-default is-cropped wp-block-gallery-4 is-layout-flex wp-block-gallery-is-layout-flex\"> <figure class=\"wp-block-image size-large\"><img decoding=\"async\" data-id=\"1325\" src=\"https:\/\/bestcharcoalmachine.com\/wp-content\/uploads\/2021\/12\/products-made-by-the-horizontal-carbonization-furnace.jpg\" alt=\"Produkte, die im horizontalen Karbonisierungsofen hergestellt werden\" class=\"wp-image-1325\"\/><figcaption class=\"wp-element-caption\">Produkte, die im horizontalen Karbonisierungsofen hergestellt werden<\/figcaption><\/figure>    <figure class=\"wp-block-image size-large\"><img loading=\"lazy\" decoding=\"async\" width=\"720\" height=\"540\" data-id=\"2161\" src=\"https:\/\/bestcharcoalmachine.com\/wp-content\/uploads\/2021\/12\/wood-charcoals.jpg\" alt=\"Holzkohle\" class=\"wp-image-2161\" srcset=\"https:\/\/bestcharcoalmachine.com\/wp-content\/uploads\/2021\/12\/wood-charcoals.jpg 720w, https:\/\/bestcharcoalmachine.com\/wp-content\/uploads\/2021\/12\/wood-charcoals-300x225.jpg 300w\" sizes=\"auto, (max-width: 720px) 100vw, 720px\" \/><figcaption class=\"wp-element-caption\">Holzkohle<\/figcaption><\/figure> <\/figure>    <figure class=\"wp-block-gallery has-nested-images columns-default is-cropped wp-block-gallery-5 is-layout-flex wp-block-gallery-is-layout-flex\"> <figure class=\"wp-block-image size-large\"><img loading=\"lazy\" decoding=\"async\" width=\"720\" height=\"540\" data-id=\"2677\" src=\"https:\/\/bestcharcoalmachine.com\/wp-content\/uploads\/2021\/12\/carbonized-waste-wood-blocks.jpg\" alt=\"karbonisierte Altholzbl\u00f6cke\" class=\"wp-image-2677\"\/><figcaption class=\"wp-element-caption\">karbonisierte Altholzbl\u00f6cke<\/figcaption><\/figure>    <figure class=\"wp-block-image size-large\"><img loading=\"lazy\" decoding=\"async\" width=\"720\" height=\"540\" data-id=\"2676\" src=\"https:\/\/bestcharcoalmachine.com\/wp-content\/uploads\/2021\/12\/carbonized-bamboo.jpg\" alt=\"\" class=\"wp-image-2676\"\/><figcaption class=\"wp-element-caption\">karbonisierter Bambus<\/figcaption><\/figure> <\/figure>    <h2 class=\"wp-block-heading\" id=\"h-parameters-of-hardwood-charcoal-furnace\">Parameter des Hartholzkohleofens<\/h2>    <figure class=\"wp-block-table\"><table><tbody><tr><td>Typ<\/td><td>Kapazit\u00e4t<\/td><td>Gewicht<\/td><td>Gr\u00f6\u00dfe <\/td><\/tr><tr><td>WD-HC1300&nbsp;&nbsp;<\/td><td>900-1200kg\/12-14h<\/td><td>2500kg<\/td><td>3*1,7*2,2m<\/td><\/tr><tr><td>WD-HC1500&nbsp;<\/td><td>1500\u20132000 kg\/12\u201314 Stunden<\/td><td>4000kg<\/td><td>4,5 * 1,9 * 2,3 m<\/td><\/tr><tr><td>WD-HC1900&nbsp;&nbsp;<\/td><td>2500\u20133000 kg\/12\u201314 Stunden<\/td><td>5500 kg<\/td><td>5*2,3*2,5m<\/td><\/tr><\/tbody><\/table><figcaption class=\"wp-element-caption\">Parameter des horizontalen Kohlenstoffisierungsofens<\/figcaption><\/figure>    <p>Eine horizontale Holzkohlemaschine ben\u00f6tigt 12 bis 14 Stunden, um Materialien zu karbonisieren. Die spezifische Karbonisierungszeit kann aufgrund unterschiedlicher Rohstoffe einige Abweichungen aufweisen. <\/p>    <h2 class=\"wp-block-heading\" id=\"h-further-processing-of-horizontal-carbonizing-furnace-product\">Weiterverarbeitung des horizontalen Karbonisierungsofenprodukts <\/h2>    <p class=\"translation-block\">Nach der Kohlenstoffisierung verschiedener Rohstoffe entscheiden sich viele Kunden, die Kohle weiter zu verarbeiten. Zum Beispiel zuerst die Kohle zu feinem Kohlenstaub mahlen, einen Bindemittel hinzuf\u00fcgen und gleichm\u00e4\u00dfig umr\u00fchren, dann mit professionellen Maschinen <a href=\"https:\/\/bestcharcoalmachine.com\/de\/product-line\/barbecue-charcoal-production-line\/\">Grillkohleballen<\/a> oder <a href=\"https:\/\/bestcharcoalmachine.com\/de\/product-line\/shisha-charcoal-production-line-1-3\/\">Shishakohle<\/a> herstellen. <\/p>    <p>Wir haben mehrere komplette Kohlenproduktionslinien entworfen und bereitgestellt, unser Verkaufsleiter wird Ihnen verwandte Maschinen gem\u00e4\u00df Ihrer Nachfrage empfehlen.<\/p>    <figure class=\"wp-block-image size-full\"><img loading=\"lazy\" decoding=\"async\" width=\"720\" height=\"540\" src=\"https:\/\/bestcharcoalmachine.com\/wp-content\/uploads\/2021\/12\/Shisha-Charcoal-Production-Line-1-1.jpg\" alt=\"Shisha-Kohle-Produktionslinie zu verkaufen\" class=\"wp-image-2134\" srcset=\"https:\/\/bestcharcoalmachine.com\/wp-content\/uploads\/2021\/12\/Shisha-Charcoal-Production-Line-1-1.jpg 720w, https:\/\/bestcharcoalmachine.com\/wp-content\/uploads\/2021\/12\/Shisha-Charcoal-Production-Line-1-1-300x225.jpg 300w\" sizes=\"auto, (max-width: 720px) 100vw, 720px\" \/><figcaption class=\"wp-element-caption\">Shisha-Kohle-Produktionslinie zu verkaufen<\/figcaption><\/figure>    <h2 class=\"wp-block-heading\" id=\"h-loading-and-delivery-of-horizontal-charcoal-making-machine\">Abschluss<\/h2>    <p class=\"translation-block\">Mit der F\u00e4higkeit, eine Vielzahl von Rohstoffen zu verarbeiten, effizienter interner Heizung und integriertem Rauchreinigungssystem bietet der horizontale Kohlenstoffisierungs-<a href=\"https:\/\/en.wikipedia.org\/wiki\/Furnace\" data-type=\"link\" data-id=\"https:\/\/en.wikipedia.org\/wiki\/Furnace\" target=\"_blank\" rel=\"noopener\">ofen<\/a> eine zuverl\u00e4ssige und umweltfreundliche L\u00f6sung f\u00fcr die Kohlenproduktion. <\/p>    <p>Seine hohe Kapazit\u00e4t, konstante Leistung und Sicherheitsmerkmale machen ihn zu einer idealen Wahl f\u00fcr Unternehmen, die effizient und nachhaltig hochwertige Kohle produzieren m\u00f6chten.<\/p>    <figure class=\"wp-block-gallery has-nested-images columns-default is-cropped wp-block-gallery-6 is-layout-flex wp-block-gallery-is-layout-flex\"> <figure class=\"wp-block-image size-large\"><img loading=\"lazy\" decoding=\"async\" width=\"720\" height=\"540\" data-id=\"2671\" src=\"https:\/\/bestcharcoalmachine.com\/wp-content\/uploads\/2021\/12\/charcoal-making-machine.jpg\" alt=\"Maschine zur Herstellung von Holzkohle\" class=\"wp-image-2671\"\/><figcaption class=\"wp-element-caption\">Maschine zur Herstellung von Holzkohle<\/figcaption><\/figure>    <figure class=\"wp-block-image size-large\"><img loading=\"lazy\" decoding=\"async\" width=\"720\" height=\"540\" data-id=\"2672\" src=\"https:\/\/bestcharcoalmachine.com\/wp-content\/uploads\/2021\/12\/carbonizing-machine.jpg\" alt=\"Maschine zur Herstellung von Holzkohle\" class=\"wp-image-2672\"\/><figcaption class=\"wp-element-caption\">Maschine zur Herstellung von Holzkohle<\/figcaption><\/figure> <\/figure>    <figure class=\"wp-block-gallery has-nested-images columns-default is-cropped wp-block-gallery-7 is-layout-flex wp-block-gallery-is-layout-flex\"> <figure class=\"wp-block-image size-large\"><img loading=\"lazy\" decoding=\"async\" width=\"720\" height=\"540\" data-id=\"2673\" src=\"https:\/\/bestcharcoalmachine.com\/wp-content\/uploads\/2021\/12\/loading.jpg\" alt=\"\" class=\"wp-image-2673\"\/><figcaption class=\"wp-element-caption\">Beladung eines horizontalen Karbonisierungsofens<\/figcaption><\/figure>    <figure class=\"wp-block-image size-large\"><img loading=\"lazy\" decoding=\"async\" width=\"720\" height=\"540\" data-id=\"2674\" src=\"https:\/\/bestcharcoalmachine.com\/wp-content\/uploads\/2021\/12\/machine-delivery.jpg\" alt=\"Maschinenlieferung\" class=\"wp-image-2674\"\/><figcaption class=\"wp-element-caption\">horizontale Karbonisierungsofenzustellung<\/figcaption><\/figure> <\/figure>","protected":false},"excerpt":{"rendered":"<p>Der horizontale Karbonisierungsofen verarbeitet Holzkohle und kann verschiedene Rohstoffe verarbeiten, wie Bambus, Baumst\u00e4mme, Biomasse-St\u00f6cke aus einer S\u00e4gemehlbrikettmaschine, Kokosnussschalen und andere relativ gro\u00dfe Materialien.<\/p>","protected":false},"author":1,"featured_media":1999,"parent":0,"template":"","tags":[94],"product-type":[47],"class_list":["post-1280","product","type-product","status-publish","has-post-thumbnail","hentry","tag-horizontal-carbonization-furnace","product-type-carbonization-furnace"],"_links":{"self":[{"href":"https:\/\/bestcharcoalmachine.com\/de\/wp-json\/wp\/v2\/product\/1280","targetHints":{"allow":["GET"]}}],"collection":[{"href":"https:\/\/bestcharcoalmachine.com\/de\/wp-json\/wp\/v2\/product"}],"about":[{"href":"https:\/\/bestcharcoalmachine.com\/de\/wp-json\/wp\/v2\/types\/product"}],"author":[{"embeddable":true,"href":"https:\/\/bestcharcoalmachine.com\/de\/wp-json\/wp\/v2\/users\/1"}],"wp:featuredmedia":[{"embeddable":true,"href":"https:\/\/bestcharcoalmachine.com\/de\/wp-json\/wp\/v2\/media\/1999"}],"wp:attachment":[{"href":"https:\/\/bestcharcoalmachine.com\/de\/wp-json\/wp\/v2\/media?parent=1280"}],"wp:term":[{"taxonomy":"post_tag","embeddable":true,"href":"https:\/\/bestcharcoalmachine.com\/de\/wp-json\/wp\/v2\/tags?post=1280"},{"taxonomy":"product-type","embeddable":true,"href":"https:\/\/bestcharcoalmachine.com\/de\/wp-json\/wp\/v2\/product-type?post=1280"}],"curies":[{"name":"wp","href":"https:\/\/api.w.org\/{rel}","templated":true}]}}