{"id":1259,"date":"2021-12-02T01:47:10","date_gmt":"2021-12-02T01:47:10","guid":{"rendered":"https:\/\/bestcharcoalmachine.com\/?p=1259"},"modified":"2025-07-03T18:24:59","modified_gmt":"2025-07-03T10:24:59","slug":"hoist-carbonization-furnace","status":"publish","type":"product","link":"https:\/\/bestcharcoalmachine.com\/de\/product\/hoist-carbonization-furnace\/","title":{"rendered":"Hebekarbonisierungsofen | Holzkohlemaschine mit vertikalem Luftstrom"},"content":{"rendered":"<div class=\"kk-star-ratings kksr-auto kksr-align-left kksr-valign-top\"     data-payload='{&quot;align&quot;:&quot;left&quot;,&quot;id&quot;:&quot;1259&quot;,&quot;slug&quot;:&quot;default&quot;,&quot;valign&quot;:&quot;top&quot;,&quot;ignore&quot;:&quot;&quot;,&quot;reference&quot;:&quot;auto&quot;,&quot;class&quot;:&quot;&quot;,&quot;count&quot;:&quot;6&quot;,&quot;legendonly&quot;:&quot;&quot;,&quot;readonly&quot;:&quot;&quot;,&quot;score&quot;:&quot;4.8&quot;,&quot;starsonly&quot;:&quot;&quot;,&quot;best&quot;:&quot;5&quot;,&quot;gap&quot;:&quot;5&quot;,&quot;greet&quot;:&quot;Rate this product&quot;,&quot;legend&quot;:&quot;4.8\\\/5 - (6 votes)&quot;,&quot;size&quot;:&quot;24&quot;,&quot;title&quot;:&quot;Hoist Carbonization Furnace | Vertical Airflow Wood Charcoal Machine&quot;,&quot;width&quot;:&quot;136.7&quot;,&quot;_legend&quot;:&quot;{score}\\\/{best} - ({count} {votes})&quot;,&quot;font_factor&quot;:&quot;1.25&quot;}'>              <div class=\"kksr-stars\">      <div class=\"kksr-stars-inactive\">             <div class=\"kksr-star\" data-star=\"1\" style=\"padding-right: 5px\">               <div class=\"kksr-icon\" style=\"width: 24px; height: 24px;\"><\/div>         <\/div>             <div class=\"kksr-star\" data-star=\"2\" style=\"padding-right: 5px\">               <div class=\"kksr-icon\" style=\"width: 24px; height: 24px;\"><\/div>         <\/div>             <div class=\"kksr-star\" data-star=\"3\" style=\"padding-right: 5px\">               <div class=\"kksr-icon\" style=\"width: 24px; height: 24px;\"><\/div>         <\/div>             <div class=\"kksr-star\" data-star=\"4\" style=\"padding-right: 5px\">               <div class=\"kksr-icon\" style=\"width: 24px; height: 24px;\"><\/div>         <\/div>             <div class=\"kksr-star\" data-star=\"5\" style=\"padding-right: 5px\">               <div class=\"kksr-icon\" style=\"width: 24px; height: 24px;\"><\/div>         <\/div>     <\/div>      <div class=\"kksr-stars-active\" style=\"width: 136.7px;\">             <div class=\"kksr-star\" style=\"padding-right: 5px\">               <div class=\"kksr-icon\" style=\"width: 24px; height: 24px;\"><\/div>         <\/div>             <div class=\"kksr-star\" style=\"padding-right: 5px\">               <div class=\"kksr-icon\" style=\"width: 24px; height: 24px;\"><\/div>         <\/div>             <div class=\"kksr-star\" style=\"padding-right: 5px\">               <div class=\"kksr-icon\" style=\"width: 24px; height: 24px;\"><\/div>         <\/div>             <div class=\"kksr-star\" style=\"padding-right: 5px\">               <div class=\"kksr-icon\" style=\"width: 24px; height: 24px;\"><\/div>         <\/div>             <div class=\"kksr-star\" style=\"padding-right: 5px\">               <div class=\"kksr-icon\" style=\"width: 24px; height: 24px;\"><\/div>         <\/div>     <\/div> <\/div>                   <div class=\"kksr-legend\" style=\"font-size: 19.2px;\">             4,8\/5 - (6 Stimmen)    <\/div>     <\/div>  <p class=\"translation-block\">Der <strong>Hoisting-Karbonisierungsofen<\/strong>, der mit einer vertikalen Hebestruktur konzipiert ist, vereinfacht dieses Modell das Be- und Entladen und erm\u00f6glicht die Chargenkarbonisierung mit austauschbaren Innentanks. Er eignet sich gut f\u00fcr die Verarbeitung einer breiten Palette von Biomaterialien wie Holz, Kokosnussschalen und S\u00e4gemehlbriketts. <\/p>    <p class=\"translation-block\">Mit einer Tagesleistung von <strong>bis zu 3000 kg Holzkohle<\/strong> unterst\u00fctzt der Ofen Hochbetriebsvolumen, ohne die Effizienz zu beeintr\u00e4chtigen. Seine robuste Konstruktion mit einer <strong>6 mm dicken Au\u00dfenwand<\/strong> und einem gro\u00dfz\u00fcgig dimensionierten Innentank gew\u00e4hrleistet Langlebigkeit bei kontinuierlicher Nutzung. <\/p>    <p class=\"translation-block\">Ausgestattet mit einem Gasrecyclingsystem und einer Rauchreinigungseinheit reduziert er nicht nur den Kraftstoffverbrauch, sondern erf\u00fcllt auch die Umweltemissionsstandards \u2013 was ihn zu einer idealen Wahl f\u00fcr Holzkohleproduzenten macht, die sowohl <strong>hohe Leistung als auch Umwelteffizienz<\/strong> suchen.<\/p>    <figure class=\"wp-block-embed is-type-video is-provider-youtube wp-block-embed-youtube wp-embed-aspect-16-9 wp-has-aspect-ratio\"><div class=\"wp-block-embed__wrapper\"> <iframe loading=\"lazy\" title=\"Hocheffiziente Holzkohlemaschine | Vertikale Luftstrom-Holzofen #Karbonisierung #Holzkohle\" width=\"500\" height=\"281\" src=\"https:\/\/www.youtube.com\/embed\/ACqN_uBc-GA?feature=oembed\" frameborder=\"0\" allow=\"accelerometer; autoplay; clipboard-write; encrypted-media; gyroscope; picture-in-picture; web-share\" referrerpolicy=\"strict-origin-when-cross-origin\" allowfullscreen><\/iframe> <\/div><figcaption class=\"wp-element-caption\">Arbeitsvideo des Hebekohlenstoffofens<\/figcaption><\/figure>    <h2 class=\"wp-block-heading\" id=\"h-applications-of-hoist-carbonization-furnace\">Welche Rohstoffe sind f\u00fcr den Hebekohlenstoffofen geeignet?<\/h2>    <p class=\"translation-block\">Die Holz-Kohlemaschine verwendet hohe Temperaturen, um Holzst\u00e4mme, gro\u00dfe \u00c4ste, Harth\u00f6lzer, Kokosnussschalen, Schalen, Palmschalen, Bambus usw. zu karbonisieren. Die Luftstrom-Holzkohlemaschine kann auch Biomasse-St\u00e4bchen, die mit der<a href=\"https:\/\/bestcharcoalmachine.com\/de\/sawdust-briquette-machine\ufeff-wood-briquettes-making-machine\/\">S\u00e4gemehlbrikettmaschine<\/a>hergestellt wurden, karbonisieren. Die fertigen Produkte k\u00f6nnen als Brennstoff verwendet oder weiter zu anderen Formen von Kohlebl\u00f6cken verarbeitet werden. <\/p>    <p class=\"translation-block\">Ein Hoisting-Karbonisierungsofen spielt eine sehr wichtige Rolle im Prozess der <a href=\"https:\/\/bestcharcoalmachine.com\/de\/product-line\/barbecue-charcoal-production-line\/\">Herstellung von Holzkohlebriketts<\/a>. Die karbonisierten St\u00e4mme, \u00c4ste und Bambus k\u00f6nnen zu Holzkohlepulver zerkleinert, dann mit etwas geeignetem Wasser und Bindemitteln vermischt werden. Das Holzkohlepulver wird zu verschiedenen Formen von Kohlenstoffbl\u00f6cken geformt.<\/p>    <figure class=\"wp-block-image aligncenter size-full\"><img decoding=\"async\" src=\"https:\/\/bestcharcoalmachine.com\/wp-content\/uploads\/2021\/12\/products-made-by-vertical-carbonization-furnace-display.jpg\" alt=\"Anwendungen des Hubkarbonisierungsofens\" class=\"wp-image-1307\"\/><figcaption class=\"wp-element-caption\">Anwendungen des Hubkarbonisierungsofens<\/figcaption><\/figure>    <h2 class=\"wp-block-heading\" id=\"structures-of-wood-charcoal-machine\">Struktur des Hebekohlenstoffofens<\/h2>    <div class=\"wp-block-media-text is-stacked-on-mobile\"><figure class=\"wp-block-media-text__media\"><img loading=\"lazy\" decoding=\"async\" width=\"720\" height=\"540\" src=\"https:\/\/bestcharcoalmachine.com\/wp-content\/uploads\/2021\/12\/wood-charcoal-machine.jpg\" alt=\"Holzkohlemaschine\" class=\"wp-image-2653 size-full\"\/><\/figure><div class=\"wp-block-media-text__content\"> <ul class=\"wp-block-list\"> <li>Der Ofen besteht haupts\u00e4chlich aus einem Regal, einem \u00e4u\u00dferen Tank, einem inneren Ofen, Bel\u00fcftungsrohren und einem Rauchreinigungssystem.<\/li>    <li>Der innere Ofen dient als Hauptkohlungsraum, in dem Biomasse-Materialien karbonisiert werden.<\/li>    <li>Ein Deckel ist auf dem Innentank installiert, der eine versiegelte Struktur mit der oberen Kante des \u00e4u\u00dferen Tanks bildet, um einen luftdichten Betrieb zu gew\u00e4hrleisten.<\/li> <\/ul> <\/div><\/div>    <div class=\"wp-block-media-text has-media-on-the-right is-stacked-on-mobile\"><div class=\"wp-block-media-text__content\"> <ul class=\"wp-block-list\"> <li>H\u00e4ngende Ohren am Innentank und Deckel erm\u00f6glichen ein einfaches Anheben und Abtrennen von der \u00e4u\u00dferen H\u00fclle.<\/li>    <li>Die Brennkammer ist vom Hauptkohlungseinheit getrennt, um einen sichereren und kontrollierteren Betrieb zu gew\u00e4hrleisten.<\/li>    <li>Bewegliche Karbonisierungsinnenauskleidungen erm\u00f6glichen eine kontinuierliche Produktion ohne Vorheizen zwischen den Chargen.<\/li>    <li>Der K\u00fchlprozess ist unabh\u00e4ngig vom Ofenk\u00f6rper, was die Struktur einfach, sicher und leicht bedienbar macht.<\/li> <\/ul> <\/div><figure class=\"wp-block-media-text__media\"><img loading=\"lazy\" decoding=\"async\" width=\"720\" height=\"540\" src=\"https:\/\/bestcharcoalmachine.com\/wp-content\/uploads\/2021\/12\/carbonizing-furnace.jpg\" alt=\"Karbonisierungsofen\" class=\"wp-image-2659 size-full\"\/><\/figure><\/div>    <h2 class=\"wp-block-heading\" id=\"hoist-carbonization-furnace-working-principle\">Wie funktioniert der Hebekohlenstoffofen?<\/h2>    <div class=\"wp-block-media-text is-stacked-on-mobile\"><figure class=\"wp-block-media-text__media\"><img decoding=\"async\" src=\"https:\/\/bestcharcoalmachine.com\/wp-content\/uploads\/2021\/12\/inner-brick-wall-and-pipes.jpg\" alt=\"innere Ziegelwand und Rohre\" class=\"wp-image-1306 size-full\"\/><\/figure><div class=\"wp-block-media-text__content\"> <ul class=\"wp-block-list\"> <li>Der innere Tank wird in die \u00e4u\u00dfere H\u00fclle gehoben.<\/li>    <li>Brennstoff wird im Brennraum am Boden verbrannt.<\/li>    <li>W\u00e4hrend das Holz im Ofen brennt, entsteht brennbares Gas.<\/li>    <li>Diese Gase zirkulieren und werden im durchl\u00f6cherten Rohr erhitzt.<\/li>    <li>Es ist nicht notwendig, nachzutanken, wenn der Kraftstoff aufgebraucht ist.<\/li>    <li>Beobachten Sie das Rohr im Brennraum.<\/li>    <li>Die Karbonisierung endet, wenn das Loch im Rohr nicht mehr feuert.<\/li> <\/ul> <\/div><\/div>    <h2 class=\"wp-block-heading\" id=\"h-operation-steps-of-hoist-carbonization-furnace\">Prozess der Karbonisierung von Holzkohle<\/h2>    <div class=\"wp-block-media-text has-media-on-the-right is-stacked-on-mobile\"><div class=\"wp-block-media-text__content\"> <ul class=\"wp-block-list\"> <li>\u00d6ffnen Sie den Deckel des Schwelofens.<\/li>    <li>Heben Sie den Ofen heraus und stellen Sie ihn in den Holzkohle-Ladebereich.<\/li>    <li>\u00d6ffnen Sie den Deckel des Innentanks, stellen Sie den Ofen schr\u00e4g und installieren Sie die St\u00e4be.<\/li>    <li>Decken Sie nach der Installation der Stange den Ofendeckel ab und h\u00e4ngen Sie den Ofen in den Au\u00dfentank.<\/li>    <li>\u00d6ffnen Sie nacheinander die Rauchabz\u00fcge des Ofenk\u00f6rpers, decken Sie den Ofendeckel fest ab und beginnen Sie mit der Karbonisierung.<\/li> <\/ul> <\/div><figure class=\"wp-block-media-text__media\"><img decoding=\"async\" src=\"https:\/\/bestcharcoalmachine.com\/wp-content\/uploads\/2021\/12\/inside-structure-of-the-inner-tank.jpg\" alt=\"Innenstruktur des Innentanks\" class=\"wp-image-1305 size-full\"\/><\/figure><\/div>    <h2 class=\"wp-block-heading\" id=\"advantages-of-airflow-wood-charcoal-machine\">Vorteile des Hebekohlenstoffofens<\/h2>    <div class=\"wp-block-media-text is-stacked-on-mobile\"><figure class=\"wp-block-media-text__media\"><img loading=\"lazy\" decoding=\"async\" width=\"720\" height=\"540\" src=\"https:\/\/bestcharcoalmachine.com\/wp-content\/uploads\/2021\/12\/wood-charcoal-machine1.jpg\" alt=\"Holzkohlemaschine\" class=\"wp-image-3638 size-full\"\/><\/figure><div class=\"wp-block-media-text__content\"> <ul class=\"wp-block-list\"> <li>Der Ofen hat eine starke tragende Struktur, die \u00fcber 2 Tonnen unterst\u00fctzt und minimalen Wartungsaufwand erfordert.<\/li>    <li>Brennbares Gas wird w\u00e4hrend des Betriebs recycelt, wodurch die Notwendigkeit st\u00e4ndiger Nachf\u00fcllungen entf\u00e4llt und der Arbeitsaufwand reduziert wird.<\/li>    <li>Sowohl das \u00e4u\u00dfere Geh\u00e4use als auch der innere Tank bestehen aus Q245-Stahl mit feuerfester Auskleidung, was Haltbarkeit und Widerstandsf\u00e4higkeit gegen Zusammenbr\u00fcche gew\u00e4hrleistet.<\/li> <\/ul> <\/div><\/div>    <div class=\"wp-block-media-text has-media-on-the-right is-stacked-on-mobile\"><div class=\"wp-block-media-text__content\"> <ul class=\"wp-block-list\"> <li>Das kompakte Design mit fernbedientem Heben macht den Betrieb sicherer und arbeitswirtschaftlicher.<\/li>    <li>Ausgestattet mit drei inneren Tanks erm\u00f6glicht das System eine kontinuierliche Karbonisierung, ohne auf Abk\u00fchlung oder Vorheizung warten zu m\u00fcssen.<\/li>    <li>Die separate Struktur des Ofens und der Verbrennungskammer sowie die beweglichen Auskleidungen erh\u00f6hen die Produktivit\u00e4t und Flexibilit\u00e4t.<\/li> <\/ul> <\/div><figure class=\"wp-block-media-text__media\"><img loading=\"lazy\" decoding=\"async\" width=\"720\" height=\"540\" src=\"https:\/\/bestcharcoalmachine.com\/wp-content\/uploads\/2021\/12\/furnace.jpg\" alt=\"Ofen\" class=\"wp-image-2654 size-full\"\/><\/figure><\/div>    <h2 class=\"wp-block-heading\" id=\"h-carbonizing-furnace-gallery\">Anwendung der Produkte des Kohlenstoffofens<\/h2>    <p>Nach der Verkohlung k\u00f6nnen Biomasse-Holzst\u00e4bchen direkt als Brennstoff f\u00fcr Grillen, Heizung zu Hause usw. verwendet werden. Nach der Verkohlung von Bambus, St\u00e4mmen oder \u00c4sten ist die Struktur relativ locker und der Heizwert ist nicht hoch. Es ist etwas verschwenderisch, sie direkt als Brennstoff zu verwenden. <\/p>    <p class=\"translation-block\">Wir empfehlen die Kombination mit einer <a href=\"https:\/\/bestcharcoalmachine.com\/de\/product-line\/barbecue-charcoal-production-line\/\">Holzkohleproduktionslinie<\/a>. In der Produktionslinie pulverisieren wir die Holzkohle, mischen sie mit einem Bindemittel und verwenden verschiedene professionelle Maschinen, um Holzkohlebriketts herzustellen. Diese Holzkohleformen sind regelm\u00e4\u00dfig, hart und dicht, was hochwertige Kohlenstoffbl\u00f6cke ergibt.<\/p>    <figure class=\"wp-block-gallery has-nested-images columns-default is-cropped wp-block-gallery-2 is-layout-flex wp-block-gallery-is-layout-flex\"> <figure class=\"wp-block-image size-large\"><img decoding=\"async\" data-id=\"1303\" src=\"https:\/\/bestcharcoalmachine.com\/wp-content\/uploads\/2021\/12\/ourter-shell-of-the-carbonizing-furnace.jpg\" alt=\"Au\u00dfenh\u00fclle des Schwelofens\" class=\"wp-image-1303\"\/><figcaption class=\"wp-element-caption\">Au\u00dfenh\u00fclle des Schwelofens<\/figcaption><\/figure>    <figure class=\"wp-block-image size-large\"><img loading=\"lazy\" decoding=\"async\" width=\"720\" height=\"540\" data-id=\"2155\" src=\"https:\/\/bestcharcoalmachine.com\/wp-content\/uploads\/2021\/12\/three-inner-tanks-for-continuously-working.jpg\" alt=\"Drei Innentanks f\u00fcr kontinuierliches Arbeiten\" class=\"wp-image-2155\" srcset=\"https:\/\/bestcharcoalmachine.com\/wp-content\/uploads\/2021\/12\/three-inner-tanks-for-continuously-working.jpg 720w, https:\/\/bestcharcoalmachine.com\/wp-content\/uploads\/2021\/12\/three-inner-tanks-for-continuously-working-300x225.jpg 300w\" sizes=\"auto, (max-width: 720px) 100vw, 720px\" \/><figcaption class=\"wp-element-caption\">Drei Innentanks f\u00fcr kontinuierliches Arbeiten<\/figcaption><\/figure> <\/figure>    <h2 class=\"wp-block-heading\" id=\"h-hoist-wood-charcoal-machine-parameters\">Parameter der Hebemaschine f\u00fcr Holzkohle<\/h2>    <figure class=\"wp-block-table\"><table><tbody><tr><td>Modell<\/td><td>WD-C1500<\/td><\/tr><tr><td>Abmessungen<\/td><td>1940 mm * 1900 mm * 1900 mm<\/td><\/tr><tr><td>Innentankgr\u00f6\u00dfe<\/td><td>1500 mm * 1500 mm<\/td><\/tr><tr><td>Dicke der \u00e4u\u00dferen Blase<\/td><td>6mm<\/td><\/tr><tr><td>Ausgabekapazit\u00e4t<\/td><td>2500\u20133000 kg\/24 Stunden<\/td><\/tr><tr><td>Ladekapazit\u00e4t<\/td><td>2600\u20133000 kg\/pro 8 Stunden<\/td><\/tr><tr><td>Gewicht<\/td><td>2,8t<\/td><\/tr><\/tbody><\/table><figcaption class=\"wp-element-caption\">Parameter des Kohlenstoffisierungsofens<\/figcaption><\/figure>    <p>Das Modell des Holzkohle-Verkohlungsofens ist nach dem Durchmesser des Innentanks benannt. Je gr\u00f6\u00dfer der Durchmesser des Karbonisierungsofens ist, desto gr\u00f6\u00dfer ist das Volumen und es k\u00f6nnen mehr Rohstoffe karbonisiert werden.<\/p>    <figure class=\"wp-block-image size-large\"><img loading=\"lazy\" decoding=\"async\" width=\"720\" height=\"540\" src=\"https:\/\/bestcharcoalmachine.com\/wp-content\/uploads\/2021\/12\/charcoal-machines.jpg\" alt=\"Holzkohlemaschinen\" class=\"wp-image-2655\"\/><figcaption class=\"wp-element-caption\">Holzkohlemaschinen<\/figcaption><\/figure>    <h2 class=\"wp-block-heading\" id=\"faq-of-hoist-carbonizing-furnace\">FAQ zum Hebekarbonisierungsofen <\/h2>   <div id=\"rank-math-faq\" class=\"rank-math-block\"> <div class=\"rank-math-list\"> <div id=\"faq-question-1751532472503\" class=\"rank-math-list-item\"> <h3 class=\"rank-math-question\"><strong>Welcher Brennstoff wird in der Brennkammer des Schwelofens verwendet?<\/strong><\/h3> <div class=\"rank-math-answer\">  <p>Abfallmaterialien und Holz, Kokosnussschalen, Kohle und Holzpellets k\u00f6nnen verwendet werden (ein Brenner ist erforderlich).<\/p>  <\/div> <\/div> <div id=\"faq-question-1751532484478\" class=\"rank-math-list-item\"> <h3 class=\"rank-math-question\"><strong>Welche Dichte hat die fertige Holzkohle?<\/strong><\/h3> <div class=\"rank-math-answer\">  <p>Die Dichte von Holzst\u00e4bchen betr\u00e4gt etwa 1\u20131,3 Tonnen Kubikmeter, und die dichtere Holzkohle ist widerstandsf\u00e4higer gegen Verbrennungen.<\/p>  <\/div> <\/div> <div id=\"faq-question-1751532486028\" class=\"rank-math-list-item\"> <h3 class=\"rank-math-question\"><strong>Verursacht der vom Hebekarbonisierungsofen erzeugte Abgasrauch und die Abgase eine Umweltverschmutzung?<\/strong><\/h3> <div class=\"rank-math-answer\">  <p>Die Maschine ist mit einer Entnahmeeinrichtung ausgestattet. Bei hohen Anforderungen verf\u00fcgen wir auch \u00fcber elektrostatische Hochspannungs-Reinigungsger\u00e4te, mit denen die Rauchemissionen maximal reduziert werden k\u00f6nnen.<\/p>  <\/div> <\/div> <div id=\"faq-question-1751532542685\" class=\"rank-math-list-item\"> <h3 class=\"rank-math-question\"><strong>Kann Oliventrester in einem vertikalen Karbonisierungsofen verwendet werden?<\/strong><\/h3> <div class=\"rank-math-answer\">  <p class=\"translation-block\">Nein, die Maschine karbonisiert alle harten Materialien. Wenn Sie sie verwenden m\u00fcssen, wird empfohlen, eine <a href=\"https:\/\/bestcharcoalmachine.com\/de\/product\/sawdust-briquette-machines\/\" data-type=\"link\" data-id=\"https:\/\/bestcharcoalmachine.com\/product\/sawdust-briquette-machines\/\">S\u00e4gemehlbrikettmaschine<\/a> zu verwenden, um Olivenresttrester zu einem harten Biomassestab zu verarbeiten und ihn dann in einem Hoisting-Karbonisierungsofen zu karbonisieren.<\/p>  <\/div> <\/div> <div id=\"faq-question-1751532543464\" class=\"rank-math-list-item\"> <h3 class=\"rank-math-question\"><strong>Wie werden die Rohstoffe in den Futtereinlass gegeben?<\/strong><\/h3> <div class=\"rank-math-answer\">  <p>Konfigurieren Sie den Reihenkran, geben Sie die Rohstoffe zuerst in den Innentank, heben Sie den Innentank mit dem Reihenkran an, legen Sie ihn in den Au\u00dfentank und verbrennen Sie ihn dann.<\/p>  <\/div> <\/div> <div id=\"faq-question-1751532573328\" class=\"rank-math-list-item\"> <h3 class=\"rank-math-question\"><strong>Welche Leistung bringt der Schwelofen?<\/strong><\/h3> <div class=\"rank-math-answer\">  <p>Unser Karbonisierungsofen verf\u00fcgt \u00fcber drei Modelle, die Leistung betr\u00e4gt 300 kg\/4\u20136 Stunden; 600 kg\/6\u20138 Stunden; 1000 kg\/8\u201310 Stunden. Unter ihnen ist dieser mit 1000 kg\/8\u201310 Stunden am beliebtesten.<\/p>  <\/div> <\/div> <div id=\"faq-question-1751532574032\" class=\"rank-math-list-item\"> <h3 class=\"rank-math-question\"><strong>Warum f\u00e4llt nach der Verbrennung weniger Holzkohle an als der Rohstoff?<\/strong><\/h3> <div class=\"rank-math-answer\">  <p>Da das Wasser im Holz verdunstet, wird das Lignin gebunden und in Kohlenstoff umgewandelt, und aus 3-4 Tonnen Rohstoffen kann eine Tonne Kohlenstoff hergestellt werden.<\/p>  <\/div> <\/div> <div id=\"faq-question-1751532575064\" class=\"rank-math-list-item\"> <h3 class=\"rank-math-question\"><strong>Wird es Nebenprodukte geben?<\/strong><\/h3> <div class=\"rank-math-answer\">  <p>Bei der Karbonisierung entsteht eine kleine Menge Holzteer und Holzessig. Sie werden durch nat\u00fcrliche K\u00fchlung und Verfl\u00fcssigung des Rauches gewonnen, der bei der Verbrennung von Holz zu Holzkohle entsteht.<\/p>  <\/div> <\/div> <\/div> <\/div>   <figure class=\"wp-block-image size-large\"><img loading=\"lazy\" decoding=\"async\" width=\"720\" height=\"540\" src=\"https:\/\/bestcharcoalmachine.com\/wp-content\/uploads\/2021\/12\/charcoal-machine.jpg\" alt=\"Preis f\u00fcr Kohlenstoffisierungsofen\" class=\"wp-image-2657\"\/><figcaption class=\"wp-element-caption\">Preis f\u00fcr Kohlenstoffisierungsofen<\/figcaption><\/figure>    <h2 class=\"wp-block-heading\">Abschluss<\/h2>    <p class=\"translation-block\">Mit seiner langlebigen Konstruktion, dem energiesparenden Design und der F\u00e4higkeit, kontinuierlich mit mehreren Innentanks zu arbeiten, bietet der <strong>Hoisting <a href=\"https:\/\/en.wikipedia.org\/wiki\/Carbonization\" data-type=\"link\" data-id=\"https:\/\/en.wikipedia.org\/wiki\/Carbonization\" target=\"_blank\" rel=\"noopener\">Karbonisierungs<\/a>-Ofen<\/strong> eine ideale L\u00f6sung f\u00fcr eine effiziente, gro\u00df angelegte Holzkohleproduktion. <\/p>    <p>Egal, ob Sie die Arbeitskosten senken, die Produktion verbessern oder auf eine umweltfreundlichere Produktionsmethode umsteigen m\u00f6chten, diese Maschine bietet in allen Bereichen Leistung. <\/p>    <p class=\"translation-block\">Wenn Sie bereit sind, Ihre Holzkohleproduktionslinie aufzur\u00fcsten, <strong>kontaktieren Sie uns heute<\/strong> f\u00fcr eine ma\u00dfgeschneiderte L\u00f6sung, die auf Ihre Bed\u00fcrfnisse zugeschnitten ist.<\/p>    <figure class=\"wp-block-image size-large\"><img loading=\"lazy\" decoding=\"async\" width=\"720\" height=\"540\" src=\"https:\/\/bestcharcoalmachine.com\/wp-content\/uploads\/2021\/12\/carbonization-furnace-2.jpg\" alt=\"Hebekarbonisierungsofen\" class=\"wp-image-2658\"\/><figcaption class=\"wp-element-caption\">Hebekarbonisierungsofen<\/figcaption><\/figure>","protected":false},"excerpt":{"rendered":"<p>Der Hoist-Kohlenstoffisierungsofen, der mit einer vertikalen Hebekonstruktion entworfen wurde, vereinfacht das Laden und Entladen und erm\u00f6glicht die Chargenkohlenstoffisierung mit austauschbaren Innentanks.<\/p>","protected":false},"author":1,"featured_media":1973,"parent":0,"template":"","tags":[93],"product-type":[47],"class_list":["post-1259","product","type-product","status-publish","has-post-thumbnail","hentry","tag-hoist-carbonization-furnace","product-type-carbonization-furnace"],"_links":{"self":[{"href":"https:\/\/bestcharcoalmachine.com\/de\/wp-json\/wp\/v2\/product\/1259","targetHints":{"allow":["GET"]}}],"collection":[{"href":"https:\/\/bestcharcoalmachine.com\/de\/wp-json\/wp\/v2\/product"}],"about":[{"href":"https:\/\/bestcharcoalmachine.com\/de\/wp-json\/wp\/v2\/types\/product"}],"author":[{"embeddable":true,"href":"https:\/\/bestcharcoalmachine.com\/de\/wp-json\/wp\/v2\/users\/1"}],"wp:featuredmedia":[{"embeddable":true,"href":"https:\/\/bestcharcoalmachine.com\/de\/wp-json\/wp\/v2\/media\/1973"}],"wp:attachment":[{"href":"https:\/\/bestcharcoalmachine.com\/de\/wp-json\/wp\/v2\/media?parent=1259"}],"wp:term":[{"taxonomy":"post_tag","embeddable":true,"href":"https:\/\/bestcharcoalmachine.com\/de\/wp-json\/wp\/v2\/tags?post=1259"},{"taxonomy":"product-type","embeddable":true,"href":"https:\/\/bestcharcoalmachine.com\/de\/wp-json\/wp\/v2\/product-type?post=1259"}],"curies":[{"name":"wp","href":"https:\/\/api.w.org\/{rel}","templated":true}]}}