{"id":1180,"date":"2021-11-30T09:26:21","date_gmt":"2021-11-30T09:26:21","guid":{"rendered":"https:\/\/bestcharcoalmachine.com\/?p=1180"},"modified":"2025-06-12T18:25:25","modified_gmt":"2025-06-12T10:25:25","slug":"industry-biomass-rotary-dryer","status":"publish","type":"product","link":"https:\/\/bestcharcoalmachine.com\/de\/product\/industry-biomass-rotary-dryer\/","title":{"rendered":"Industrie-Biomasse-Rotationstrockner | S\u00e4gemehltrockner"},"content":{"rendered":"<div class=\"kk-star-ratings kksr-auto kksr-align-left kksr-valign-top\"     data-payload='{&quot;align&quot;:&quot;left&quot;,&quot;id&quot;:&quot;1180&quot;,&quot;slug&quot;:&quot;default&quot;,&quot;valign&quot;:&quot;top&quot;,&quot;ignore&quot;:&quot;&quot;,&quot;reference&quot;:&quot;auto&quot;,&quot;class&quot;:&quot;&quot;,&quot;count&quot;:&quot;11&quot;,&quot;legendonly&quot;:&quot;&quot;,&quot;readonly&quot;:&quot;&quot;,&quot;score&quot;:&quot;4.7&quot;,&quot;starsonly&quot;:&quot;&quot;,&quot;best&quot;:&quot;5&quot;,&quot;gap&quot;:&quot;5&quot;,&quot;greet&quot;:&quot;Rate this product&quot;,&quot;legend&quot;:&quot;4.7\\\/5 - (11 votes)&quot;,&quot;size&quot;:&quot;24&quot;,&quot;title&quot;:&quot;Industry Biomass Rotary Dryer | Sawdust Dryer&quot;,&quot;width&quot;:&quot;133.8&quot;,&quot;_legend&quot;:&quot;{score}\\\/{best} - ({count} {votes})&quot;,&quot;font_factor&quot;:&quot;1.25&quot;}'>              <div class=\"kksr-stars\">      <div class=\"kksr-stars-inactive\">             <div class=\"kksr-star\" data-star=\"1\" style=\"padding-right: 5px\">               <div class=\"kksr-icon\" style=\"width: 24px; height: 24px;\"><\/div>         <\/div>             <div class=\"kksr-star\" data-star=\"2\" style=\"padding-right: 5px\">               <div class=\"kksr-icon\" style=\"width: 24px; height: 24px;\"><\/div>         <\/div>             <div class=\"kksr-star\" data-star=\"3\" style=\"padding-right: 5px\">               <div class=\"kksr-icon\" style=\"width: 24px; height: 24px;\"><\/div>         <\/div>             <div class=\"kksr-star\" data-star=\"4\" style=\"padding-right: 5px\">               <div class=\"kksr-icon\" style=\"width: 24px; height: 24px;\"><\/div>         <\/div>             <div class=\"kksr-star\" data-star=\"5\" style=\"padding-right: 5px\">               <div class=\"kksr-icon\" style=\"width: 24px; height: 24px;\"><\/div>         <\/div>     <\/div>      <div class=\"kksr-stars-active\" style=\"width: 133.8px;\">             <div class=\"kksr-star\" style=\"padding-right: 5px\">               <div class=\"kksr-icon\" style=\"width: 24px; height: 24px;\"><\/div>         <\/div>             <div class=\"kksr-star\" style=\"padding-right: 5px\">               <div class=\"kksr-icon\" style=\"width: 24px; height: 24px;\"><\/div>         <\/div>             <div class=\"kksr-star\" style=\"padding-right: 5px\">               <div class=\"kksr-icon\" style=\"width: 24px; height: 24px;\"><\/div>         <\/div>             <div class=\"kksr-star\" style=\"padding-right: 5px\">               <div class=\"kksr-icon\" style=\"width: 24px; height: 24px;\"><\/div>         <\/div>             <div class=\"kksr-star\" style=\"padding-right: 5px\">               <div class=\"kksr-icon\" style=\"width: 24px; height: 24px;\"><\/div>         <\/div>     <\/div> <\/div>                   <div class=\"kksr-legend\" style=\"font-size: 19.2px;\">             4,7\/5 - (11 Stimmen)    <\/div>     <\/div>  <p>Der Industrie-Biomasse-Rotary-Dryer ist eine hocheffiziente Trockenmaschine, die entwickelt wurde, um den Feuchtigkeitsgehalt von Materialien wie Holzsp\u00e4nen und Reish\u00fclsen auf 8 %\u201312 % zu reduzieren, mit Kapazit\u00e4ten von 400 bis 2000 kg\/h. <\/p>    <p class=\"translation-block\">Wir bieten zwei Arten von Biomasse-Trocknern an: den <strong>Rotations-Trockner<\/strong>, ideal f\u00fcr Gro\u00dfbetriebe, und den <strong>Luftstrom-S\u00e4gemehl-Trockner<\/strong>, geeignet f\u00fcr kleinere, schnellere Trocknungsbedarfe. Beide werden h\u00e4ufig in der Holzkohleproduktion, Holzverarbeitung und Papierherstellung eingesetzt, um Rohstoffe f\u00fcr Briketts, Pellets, M\u00f6bel und mehr vorzubereiten. <\/p>    <figure class=\"wp-block-embed is-type-video is-provider-youtube wp-block-embed-youtube wp-embed-aspect-16-9 wp-has-aspect-ratio\"><div class=\"wp-block-embed__wrapper\"> <iframe loading=\"lazy\" title=\"Energieeinsparender Biomasse-Rotations-Trockner zu verkaufen! #trockner #biomasse #kohle #s\u00e4geabf\u00e4lle\" width=\"500\" height=\"281\" src=\"https:\/\/www.youtube.com\/embed\/feozM1BGRpI?feature=oembed\" frameborder=\"0\" allow=\"accelerometer; autoplay; clipboard-write; encrypted-media; gyroscope; picture-in-picture; web-share\" referrerpolicy=\"strict-origin-when-cross-origin\" allowfullscreen><\/iframe> <\/div><figcaption class=\"wp-element-caption\">Arbeitsprozess des industriellen Holzkohle-Trockners<\/figcaption><\/figure>    <h2 class=\"wp-block-heading\">Rohstoffe f\u00fcr die Industrie Biomasse Rotations-Trockner<\/h2>    <p>Der industrielle Biomasse-Rotations-Trockner ist so konzipiert, dass er eine Vielzahl von Biomasse-Materialien verarbeitet, die h\u00e4ufig in der Brikettproduktion verwendet werden. Geeignete Rohstoffe sind Holzsp\u00e4ne, Reish\u00fclsen, Kokosnussschalen, Weizenstroh und andere landwirtschaftliche oder forstwirtschaftliche R\u00fcckst\u00e4nde. <\/p>    <p class=\"translation-block\">Nach dem Trocknen erreichen diese Materialien das ideale Feuchtigkeitsniveau f\u00fcr die direkte Zuf\u00fchrung in <a href=\"https:\/\/bestcharcoalmachine.com\/de\/product\/sawdust-briquette-machines\/\" data-type=\"link\" data-id=\"https:\/\/bestcharcoalmachine.com\/product\/sawdust-briquette-machines\/\">S\u00e4gemehl-Brikettpressen<\/a>, was die Verbrennungsleistung und die Qualit\u00e4tsbildung verbessert. Dies macht den industriellen Biomasse-Rotations-Trockner zu einem wichtigen Bestandteil der nachhaltigen Biomassebrennstoffproduktion.<\/p>    <figure class=\"wp-block-image\"><img loading=\"lazy\" decoding=\"async\" width=\"720\" height=\"540\" src=\"https:\/\/bestcharcoalmachine.com\/wp-content\/uploads\/2021\/11\/raw-materials-of-Industry-Biomass-Rotary-Dryer.jpg\" alt=\"Rohstoffe f\u00fcr Industrie-Biomasse-Rotationstrockner\" class=\"wp-image-2914\"\/><figcaption class=\"wp-element-caption\">Rohstoffe f\u00fcr Industrie-Biomasse-Rotationstrockner<\/figcaption><\/figure>    <h2 class=\"wp-block-heading\" id=\"h-structure-of-industry-rice-husk-drying-machine\">Aufbau des industriellen Biomasse-Rotations-Trockners<\/h2>    <div class=\"wp-block-media-text is-stacked-on-mobile\"><figure class=\"wp-block-media-text__media\"><img loading=\"lazy\" decoding=\"async\" width=\"720\" height=\"540\" src=\"https:\/\/bestcharcoalmachine.com\/wp-content\/uploads\/2021\/11\/inside-structure-of-industry-biomass-rotary-dryer.jpg\" alt=\"Innenstruktur des Industrie-Biomasse-Rotationstrockners\" class=\"wp-image-2252 size-full\" srcset=\"https:\/\/bestcharcoalmachine.com\/wp-content\/uploads\/2021\/11\/inside-structure-of-industry-biomass-rotary-dryer.jpg 720w, https:\/\/bestcharcoalmachine.com\/wp-content\/uploads\/2021\/11\/inside-structure-of-industry-biomass-rotary-dryer-300x225.jpg 300w\" sizes=\"auto, (max-width: 720px) 100vw, 720px\" \/><\/figure><div class=\"wp-block-media-text__content\"> <ul class=\"wp-block-list\"> <li>Hauptkomponenten. Umfasst Trockenzylinder, Verbindungspipes, Heizofen (vom Kunden installiert), Ventilatoren, Zuf\u00fchr- und Entladesysteme.<\/li>    <li>Trommeldesign. Die Trommel ist geneigt, um Materialien besser mit hei\u00dfer Luft in Kontakt zu bringen und eine effiziente Trocknung zu gew\u00e4hrleisten.<\/li>    <li>Zuf\u00fchr- und Entladesystem. Ausgestattet mit Einlass- und Auslassteilen sowie Dichtplatten, um Materialleckagen zu verhindern.<\/li>    <li>Heizofenst\u00fctze. Der Hersteller kann bei der Konstruktion helfen und Installationszeichnungen bereitstellen.<\/li>    <li>Optionale K\u00fchlger\u00e4te. K\u00f6nnen f\u00fcr Hochleistungsbedarfe hinzugef\u00fcgt werden, um die weitere Verarbeitung zu unterst\u00fctzen.<\/li> <\/ul> <\/div><\/div>    <h2 class=\"wp-block-heading\">Wie funktioniert der industrielle Biomasse-Rotations-Trockner?<\/h2>    <div class=\"wp-block-media-text has-media-on-the-right is-stacked-on-mobile\"><div class=\"wp-block-media-text__content\"> <ul class=\"wp-block-list\"> <li>W\u00e4rmequelle. Der Heizofen erzeugt hei\u00dfe Luft als prim\u00e4re W\u00e4rmequelle.<\/li>    <li>Luftzirkulation. Ein Ventilator leitet die hei\u00dfe Luft vom Ofen in die Trockentrommel.<\/li>    <li>Materialbewegung. Feuchte Biomasse gelangt in die Trommel und bewegt sich \u00fcber einen dicht gepackten Zahnriemen.<\/li> <\/ul> <\/div><figure class=\"wp-block-media-text__media\"><img loading=\"lazy\" decoding=\"async\" width=\"720\" height=\"540\" src=\"https:\/\/bestcharcoalmachine.com\/wp-content\/uploads\/2021\/11\/Rotary-dryer-machine-factory.jpg\" alt=\"Fabrik f\u00fcr W\u00e4schespinnmaschinen\" class=\"wp-image-2254 size-full\" srcset=\"https:\/\/bestcharcoalmachine.com\/wp-content\/uploads\/2021\/11\/Rotary-dryer-machine-factory.jpg 720w, https:\/\/bestcharcoalmachine.com\/wp-content\/uploads\/2021\/11\/Rotary-dryer-machine-factory-300x225.jpg 300w\" sizes=\"auto, (max-width: 720px) 100vw, 720px\" \/><\/figure><\/div>    <div class=\"wp-block-media-text is-stacked-on-mobile\"><figure class=\"wp-block-media-text__media\"><img loading=\"lazy\" decoding=\"async\" width=\"720\" height=\"540\" src=\"https:\/\/bestcharcoalmachine.com\/wp-content\/uploads\/2021\/11\/sawdust-dryer.jpg\" alt=\"S\u00e4gemehltrockner\" class=\"wp-image-2256 size-full\" srcset=\"https:\/\/bestcharcoalmachine.com\/wp-content\/uploads\/2021\/11\/sawdust-dryer.jpg 720w, https:\/\/bestcharcoalmachine.com\/wp-content\/uploads\/2021\/11\/sawdust-dryer-300x225.jpg 300w\" sizes=\"auto, (max-width: 720px) 100vw, 720px\" \/><\/figure><div class=\"wp-block-media-text__content\"> <ul class=\"wp-block-list\"> <li>Trocknungsprozess. Das Material wird w\u00e4hrend der Bewegung einem Hochtemperatur-Luftstrom ausgesetzt, um die Feuchtigkeit effektiv zu entfernen.<\/li>    <li>Entladungstemperatur. Das getrocknete Material verl\u00e4sst die Anlage bei etwa 40\u201350\u00b0C.<\/li>    <li>K\u00fchloption. Gr\u00f6\u00dfere Maschinen k\u00f6nnen mit K\u00fchlsystemen ausgestattet werden, um die Temperatur des Endprodukts zu senken.<\/li> <\/ul> <\/div><\/div>    <h2 class=\"wp-block-heading\">Vorteile des industriellen Biomasse-Rotations-Trockners<\/h2>    <div class=\"wp-block-media-text has-media-on-the-right is-stacked-on-mobile\"><div class=\"wp-block-media-text__content\"> <ul class=\"wp-block-list\"> <li><strong>Hohe Verarbeitungskapazit\u00e4t<\/strong>. Unterst\u00fctzt die Trocknung im gro\u00dfen Ma\u00dfstab mit niedrigem Brennstoffverbrauch und reduzierten Betriebskosten.<\/li>    <li><strong>Robuste Struktur<\/strong>. Verstellbarer Zentrumsschlepper und rollendes Ringdesign reduzieren den Verschlei\u00df und sparen Energie.<\/li>    <li><strong>Stabile Betriebsweise<\/strong>. Ausgestattet mit einer Blockradstruktur, um die horizontale Kraft zu minimieren und die Stabilit\u00e4t der Ausr\u00fcstung zu verbessern.<\/li>    <li><strong>Schnelles Trocknen<\/strong>. Handhabt Hochtemperatur-Luftstr\u00f6me f\u00fcr eine effiziente Feuchtigkeitsentfernung.<\/li> <\/ul> <\/div><figure class=\"wp-block-media-text__media\"><img loading=\"lazy\" decoding=\"async\" width=\"720\" height=\"540\" src=\"https:\/\/bestcharcoalmachine.com\/wp-content\/uploads\/2021\/11\/commercial-Industry-Biomass-Rotary-Dryer.webp\" alt=\"gewerbliche Biomasse-Rotations-Trockner\" class=\"wp-image-4160 size-full\" srcset=\"https:\/\/bestcharcoalmachine.com\/wp-content\/uploads\/2021\/11\/commercial-Industry-Biomass-Rotary-Dryer.webp 720w, https:\/\/bestcharcoalmachine.com\/wp-content\/uploads\/2021\/11\/commercial-Industry-Biomass-Rotary-Dryer-300x225.webp 300w, https:\/\/bestcharcoalmachine.com\/wp-content\/uploads\/2021\/11\/commercial-Industry-Biomass-Rotary-Dryer-16x12.webp 16w\" sizes=\"auto, (max-width: 720px) 100vw, 720px\" \/><\/figure><\/div>    <div class=\"wp-block-media-text is-stacked-on-mobile\"><figure class=\"wp-block-media-text__media\"><img loading=\"lazy\" decoding=\"async\" width=\"720\" height=\"540\" src=\"https:\/\/bestcharcoalmachine.com\/wp-content\/uploads\/2021\/11\/Industry-Biomass-Rotary-Dryer-price.webp\" alt=\"Preis f\u00fcr gewerbliche Biomasse-Rotations-Trockner\" class=\"wp-image-4161 size-full\" srcset=\"https:\/\/bestcharcoalmachine.com\/wp-content\/uploads\/2021\/11\/Industry-Biomass-Rotary-Dryer-price.webp 720w, https:\/\/bestcharcoalmachine.com\/wp-content\/uploads\/2021\/11\/Industry-Biomass-Rotary-Dryer-price-300x225.webp 300w, https:\/\/bestcharcoalmachine.com\/wp-content\/uploads\/2021\/11\/Industry-Biomass-Rotary-Dryer-price-16x12.webp 16w\" sizes=\"auto, (max-width: 720px) 100vw, 720px\" \/><\/figure><div class=\"wp-block-media-text__content\"> <ul class=\"wp-block-list\"> <li><strong>Flexible Skalierbarkeit<\/strong>. Entworfen mit einem Erweiterungsbereich\u2014kein Austausch der Ausr\u00fcstung notwendig f\u00fcr moderate Produktionssteigerungen.<\/li>    <li><strong>Effiziente W\u00e4rmeverwendung<\/strong>. Optimierte Anordnung der Hebeplatten sorgt f\u00fcr gleichm\u00e4\u00dfige Trocknung und hohe thermische Effizienz.<\/li>    <li><strong>Geringer Wartungsaufwand<\/strong>Weniger Materialreinigungen und einfache Pflege.<\/li> <\/ul> <\/div><\/div>    <h2 class=\"wp-block-heading\" id=\"h-video-of-industry-biomass-rotary-dryer\">Video des industriellen Biomasse-Rotations-Trockners<\/h2>    <figure class=\"wp-block-embed is-type-video is-provider-youtube wp-block-embed-youtube wp-embed-aspect-16-9 wp-has-aspect-ratio\"><div class=\"wp-block-embed__wrapper\"> <iframe loading=\"lazy\" title=\"Rotary Biomass Dryer zu verkaufen \u2013 Hohe Kapazit\u00e4t &amp; geringer Energieverbrauch #biomasse #trockner #holzkohle #s\u00e4gemehl\" width=\"500\" height=\"281\" src=\"https:\/\/www.youtube.com\/embed\/Kq0JoS7BLj0?feature=oembed\" frameborder=\"0\" allow=\"accelerometer; autoplay; clipboard-write; encrypted-media; gyroscope; picture-in-picture; web-share\" referrerpolicy=\"strict-origin-when-cross-origin\" allowfullscreen><\/iframe> <\/div><figcaption class=\"wp-element-caption\">Industrie Biomasse Rotations-Trockner Arbeitsvideo<\/figcaption><\/figure>    <h2 class=\"wp-block-heading\">Parameter des Biomasse-Rotationsofens der Industrie<\/h2>    <figure class=\"wp-block-table\"><table><tbody><tr><td>Modell<\/td><td>Kapazit\u00e4t<\/td><td>Leistung<\/td><td>Drehdurchmesser<\/td><\/tr><tr><td>WD-RD800<\/td><td>400\u2013600 kg\/h<\/td><td>4 kW<\/td><td>0,8 m Durchmesser, L\u00e4nge 8 m<\/td><\/tr><tr><td>WD-RD1000<\/td><td>800-1000kg\/h<\/td><td>5,5+5,5 kW<\/td><td>1m Durchmesser, L\u00e4nge 10m<\/td><\/tr><tr><td>WD-RD1200<\/td><td>1000-1200 kg\/h<\/td><td>7,5+7,5 kW<\/td><td>1,2 m Durchmesser, L\u00e4nge 12 m<\/td><\/tr><tr><td>WD-RD1500<\/td><td>1500\u20132000 kg\/h<\/td><td>15+15 kW<\/td><td>1,5 m Durchmesser, L\u00e4nge 12 m<\/td><\/tr><\/tbody><\/table><figcaption class=\"wp-element-caption\">Parameter des Industrie Biomasse Rotations-Trockners<\/figcaption><\/figure>    <h2 class=\"wp-block-heading\">Luftstrom-S\u00e4gemehldryer zu verkaufen<\/h2>    <p>Der Luftstrom-S\u00e4gemehld\u00f6rrer ist eine kosteng\u00fcnstige Trocknungsl\u00f6sung, die hochtemperierten Luftstrom nutzt, um den Feuchtigkeitsgehalt in Rohmaterialien schnell zu reduzieren. Nasse Biomasse wie Reish\u00fclsen oder S\u00e4gemehl wird mit hei\u00dfer Luft gemischt und w\u00e4hrend des Transports durch das Trocknungrohr getrocknet. <\/p>    <p>Ein Separator entfernt dann effizient Feuchtigkeit aus dem Material. Ideal f\u00fcr Branchen wie Holzverarbeitung, Futtermittel, Chemie und Pharmazie, verarbeitet dieser Trockner Materialien mit einer Feuchtigkeit von unter 30 % und wird aufgrund seiner einfachen Struktur und seines g\u00fcnstigen Preises h\u00e4ufig eingesetzt.<\/p>    <figure class=\"wp-block-image aligncenter size-full\"><img loading=\"lazy\" decoding=\"async\" width=\"720\" height=\"540\" src=\"https:\/\/bestcharcoalmachine.com\/wp-content\/uploads\/2021\/11\/airflow-dryer.jpg\" alt=\"Luftstromtrockner\" class=\"wp-image-2255\" srcset=\"https:\/\/bestcharcoalmachine.com\/wp-content\/uploads\/2021\/11\/airflow-dryer.jpg 720w, https:\/\/bestcharcoalmachine.com\/wp-content\/uploads\/2021\/11\/airflow-dryer-300x225.jpg 300w\" sizes=\"auto, (max-width: 720px) 100vw, 720px\" \/><figcaption class=\"wp-element-caption\">Luftstromtrockner<\/figcaption><\/figure>    <h2 class=\"wp-block-heading\">Wie funktioniert der Luftstrom von S\u00e4gemehl? <a href=\"https:\/\/en.wikipedia.org\/wiki\/Dryer\" data-type=\"link\" data-id=\"https:\/\/en.wikipedia.org\/wiki\/Dryer\" target=\"_blank\" rel=\"noopener\">Trockner<\/a> Wie funktioniert die Maschine?<\/h2>    <div class=\"wp-block-media-text is-stacked-on-mobile\"><figure class=\"wp-block-media-text__media\"><img loading=\"lazy\" decoding=\"async\" width=\"720\" height=\"540\" src=\"https:\/\/bestcharcoalmachine.com\/wp-content\/uploads\/2021\/11\/airflow-drying-machine.webp\" alt=\"Luftstrom-Trocknungsmaschine\" class=\"wp-image-4164 size-full\" srcset=\"https:\/\/bestcharcoalmachine.com\/wp-content\/uploads\/2021\/11\/airflow-drying-machine.webp 720w, https:\/\/bestcharcoalmachine.com\/wp-content\/uploads\/2021\/11\/airflow-drying-machine-300x225.webp 300w, https:\/\/bestcharcoalmachine.com\/wp-content\/uploads\/2021\/11\/airflow-drying-machine-16x12.webp 16w\" sizes=\"auto, (max-width: 720px) 100vw, 720px\" \/><\/figure><div class=\"wp-block-media-text__content\"> <ul class=\"wp-block-list\"> <li><strong>Materialvorbereitung<\/strong>. Biomasse-Materialien wie Holz, Bambus oder Stroh m\u00fcssen vor der Trocknung zu S\u00e4gemehl (\u22645mm) zerkleinert werden.<\/li>    <li><strong>Hei\u00dfluftgeneration<\/strong>. Ein Frontz\u00fcndungsofen erzeugt einen Hochtemperatur-Luftstrom, \u00e4hnlich einem Rotations-Trocknersystem.<\/li>    <li><strong>Materialzufuhr<\/strong>Nasses S\u00e4gemehl wird durch die Saugkraft des Ventilators in das Trocknungsrohr eingef\u00fchrt.<\/li>    <li><strong>Trocknungsprozess<\/strong>. W\u00e4hrend das Material durch die Rohre kippt und sich bewegt, kommt es vollst\u00e4ndig mit der hei\u00dfen Luft in Kontakt, was eine schnelle Verdampfung der Feuchtigkeit erm\u00f6glicht.<\/li>    <li><strong>Entladung<\/strong>. Getrocknete Partikel verlassen den Staubabscheider und schlie\u00dfen den Trocknungsprozess ab.<\/li> <\/ul> <\/div><\/div>    <h2 class=\"wp-block-heading\">Vorteile der Luftstromtrocknungsmaschine<\/h2>    <div class=\"wp-block-media-text has-media-on-the-right is-stacked-on-mobile\"><div class=\"wp-block-media-text__content\"> <ul class=\"wp-block-list\"> <li><strong>Rohstoffanforderungen<\/strong>. Geeignet f\u00fcr granulierte Materialien wie Reish\u00fclsen, S\u00e4gemehl, Sp\u00e4ne und zerkleinerte \u00c4ste (\u22643mm Durchmesser, \u22645mm L\u00e4nge).<\/li>    <li><strong>Trockenleistung<\/strong>. Trocknet Material von 35% auf 10% Feuchtigkeit mit hei\u00dfer Luft bei \u2265180\u00b0C; Entlauftemperatur: 40\u201350\u00b0C.<\/li>    <li><strong>Kraftstoffoptionen<\/strong>. Kompatibel mit Holzsp\u00e4nen, Kohle, Dampf, Elektrizit\u00e4t oder Gasheizung.<\/li>    <li><strong>Hohe Leistung<\/strong>. Verf\u00fcgt \u00fcber eine starke Trocknungskapazit\u00e4t, kompakte Gr\u00f6\u00dfe, geringe Investition und schnelle Betriebszeit (2\u201310 Sekunden).<\/li>    <li><strong>Produktqualit\u00e4t<\/strong>. Minimale W\u00e4rmebelastung des Materials, was weniger Verschmutzung und bessere Qualit\u00e4t gew\u00e4hrleistet.<\/li>    <li><strong>Flexible Konfiguration<\/strong>. Unterst\u00fctzt mehrere Heizmethoden, um unterschiedlichen Standortbedingungen und Verarbeitungsbed\u00fcrfnissen gerecht zu werden.<\/li> <\/ul> <\/div><figure class=\"wp-block-media-text__media\"><img loading=\"lazy\" decoding=\"async\" width=\"720\" height=\"540\" src=\"https:\/\/bestcharcoalmachine.com\/wp-content\/uploads\/2021\/11\/airflow-sawdust-dryer.webp\" alt=\"Luftstrom-S\u00e4gemehl-Trockner\" class=\"wp-image-4165 size-full\" srcset=\"https:\/\/bestcharcoalmachine.com\/wp-content\/uploads\/2021\/11\/airflow-sawdust-dryer.webp 720w, https:\/\/bestcharcoalmachine.com\/wp-content\/uploads\/2021\/11\/airflow-sawdust-dryer-300x225.webp 300w, https:\/\/bestcharcoalmachine.com\/wp-content\/uploads\/2021\/11\/airflow-sawdust-dryer-16x12.webp 16w\" sizes=\"auto, (max-width: 720px) 100vw, 720px\" \/><\/figure><\/div>    <h2 class=\"wp-block-heading\">Parameter der Luftstrom-Reisschalentrocknungsmaschine<\/h2>    <figure class=\"wp-block-table\"><table><tbody><tr><td>Typ<\/td><td>Kapazit\u00e4t<\/td><td>Leistung<\/td><\/tr><tr><td>WD-AD320<\/td><td>500-600kg\/h<\/td><td>7,5 kW<\/td><\/tr><tr><td>WD-AD219<\/td><td>300-400kg\/h <\/td><td>5,5 kW<\/td><\/tr><\/tbody><\/table><figcaption class=\"wp-element-caption\">Parameter der Luftstromtrocknungsmaschine<\/figcaption><\/figure>    <figure class=\"wp-block-image size-large\"><img loading=\"lazy\" decoding=\"async\" width=\"720\" height=\"540\" src=\"https:\/\/bestcharcoalmachine.com\/wp-content\/uploads\/2021\/11\/airflow-drying-machine-for-sale.jpg\" alt=\"Luftstromtrocknungsmaschine zu verkaufen\" class=\"wp-image-2257\" srcset=\"https:\/\/bestcharcoalmachine.com\/wp-content\/uploads\/2021\/11\/airflow-drying-machine-for-sale.jpg 720w, https:\/\/bestcharcoalmachine.com\/wp-content\/uploads\/2021\/11\/airflow-drying-machine-for-sale-300x225.jpg 300w\" sizes=\"auto, (max-width: 720px) 100vw, 720px\" \/><figcaption class=\"wp-element-caption\">Luftstromtrocknungsmaschine zu verkaufen<\/figcaption><\/figure>    <h2 class=\"wp-block-heading\">Anwendung von Trocknungsmaschinen in Produktionslinien <\/h2>    <p>Sobald der S\u00e4gemehl getrocknet und die Feuchtigkeit entfernt ist, eignet es sich f\u00fcr die weitere Verarbeitung in verschiedenen Biomasseproduktionslinien. Wir bieten zwei Hauptl\u00f6sungen an:<\/p>    <ul class=\"wp-block-list\"> <li><strong>Produktionslinie f\u00fcr Holzpalettenkl\u00f6tze<\/strong>. Diese Linie umfasst einen Holzzerkleinerer, eine Trocknungsmaschine, einen Kleber\u00fchrer und eine Blockformmaschine \u2013 ideal zur Herstellung langlebiger Palettenbl\u00f6cke aus getrockneter Biomasse.<\/li>    <li><strong>Biomasse-Brikett-Produktionslinie<\/strong>Hier wird der getrocknete S\u00e4gemehl in eine S\u00e4gemehlbrikettpresse eingef\u00fchrt, die ihn zu Brennstoffbriketts f\u00fcr Heiz- oder Energiezwecke verdichtet.<\/li> <\/ul>    <div class=\"wp-block-media-text is-stacked-on-mobile\"><figure class=\"wp-block-media-text__media\"><img loading=\"lazy\" decoding=\"async\" width=\"720\" height=\"540\" src=\"https:\/\/bestcharcoalmachine.com\/wp-content\/uploads\/2022\/02\/wood-block-machine.jpg\" alt=\"Holzblockmaschine\" class=\"wp-image-2710 size-full\"\/><\/figure><div class=\"wp-block-media-text__content\"> <p><strong>Herstellung von Palettenkl\u00f6tzen aus Holz<\/strong><\/p>    <p class=\"translation-block\">Die gemischten Rohstoffe werden in die <a href=\"https:\/\/bestcharcoalmachine.com\/de\/product\/wood-block-machine\/attachment\/wood-block-machine\/\">S\u00e4gemehl-Ziegelmaschine<\/a> gegeben, und das S\u00e4gemehl wird durch hohe Temperatur und hohen Druck zu Holzst\u00e4bchen gepresst.<\/p>    <p>Diese St\u00e4bchen haben eine hohe Dichte und hohe H\u00e4rte. Nach dem Zuschnitt k\u00f6nnen sie als Fu\u00dfst\u00fctzen f\u00fcr Holzpaletten verwendet werden.<\/p> <\/div><\/div>    <div class=\"wp-block-media-text alignwide has-media-on-the-right is-stacked-on-mobile\"><div class=\"wp-block-media-text__content\"> <p><strong>Herstellung von S\u00e4gemehlbriketts<\/strong><\/p>    <p class=\"translation-block\">Eine <a href=\"https:\/\/bestcharcoalmachine.com\/de\/biomass-briquette-machine\/sawdust-briquette-machines\/\">S\u00e4gemehl-Brikettmaschine<\/a> kann die zerkleinerten Holzsp\u00e4ne durch hohe Temperaturen in Biomassest\u00e4bchen pressen. <\/p> <\/div><figure class=\"wp-block-media-text__media\"><img decoding=\"async\" src=\"https:\/\/bestcharcoalmachine.com\/wp-content\/uploads\/2021\/11\/sawdust-briquette-machine.jpg\" alt=\"S\u00e4gemehl-Brikettiermaschine\" class=\"wp-image-2542 size-full\"\/><\/figure><\/div>    <p>Jede Linie maximiert den Wert von getrockneten Materialien f\u00fcr umweltfreundliche Herstellung.<\/p>    <h2 class=\"wp-block-heading\">Abschluss<\/h2>    <p>Mit seiner hohen Trocknungseffizienz, der breiten Materialanpassungsf\u00e4higkeit und den anpassbaren Konfigurationen ist der industrielle Biomasse-Rotary-Dryer eine ideale L\u00f6sung f\u00fcr gro\u00dfangelegte Biomasseverarbeitungsprojekte. <\/p>    <p>Ob in der Brikettproduktion, Pelletherstellung oder der Vorbereitung von holzbasierten Materialien verwendet, sorgt dieser Trockner f\u00fcr eine konstante Feuchtigkeitskontrolle und steigert die Gesamteffizienz der Produktion. Kontaktieren Sie uns noch heute, um ma\u00dfgeschneiderte L\u00f6sungen f\u00fcr Ihre Biomasse-Trocknungsbed\u00fcrfnisse zu erhalten.<\/p>","protected":false},"excerpt":{"rendered":"<p>Der industrielle Biomasse-Rotations-Trockner ist eine spezialisierte Maschine zum Trocknen von Biomasse-Materialien wie Holzsp\u00e4nen und Reish\u00fclsen, die deren Feuchtigkeit auf 8%-12% reduziert, um eine effiziente Holzkohleproduktion zu erm\u00f6glichen.<\/p>","protected":false},"author":1,"featured_media":2250,"parent":0,"template":"","tags":[92],"product-type":[49],"class_list":["post-1180","product","type-product","status-publish","has-post-thumbnail","hentry","tag-industry-biomass-rotary-dryer","product-type-drying-machine"],"_links":{"self":[{"href":"https:\/\/bestcharcoalmachine.com\/de\/wp-json\/wp\/v2\/product\/1180","targetHints":{"allow":["GET"]}}],"collection":[{"href":"https:\/\/bestcharcoalmachine.com\/de\/wp-json\/wp\/v2\/product"}],"about":[{"href":"https:\/\/bestcharcoalmachine.com\/de\/wp-json\/wp\/v2\/types\/product"}],"author":[{"embeddable":true,"href":"https:\/\/bestcharcoalmachine.com\/de\/wp-json\/wp\/v2\/users\/1"}],"wp:featuredmedia":[{"embeddable":true,"href":"https:\/\/bestcharcoalmachine.com\/de\/wp-json\/wp\/v2\/media\/2250"}],"wp:attachment":[{"href":"https:\/\/bestcharcoalmachine.com\/de\/wp-json\/wp\/v2\/media?parent=1180"}],"wp:term":[{"taxonomy":"post_tag","embeddable":true,"href":"https:\/\/bestcharcoalmachine.com\/de\/wp-json\/wp\/v2\/tags?post=1180"},{"taxonomy":"product-type","embeddable":true,"href":"https:\/\/bestcharcoalmachine.com\/de\/wp-json\/wp\/v2\/product-type?post=1180"}],"curies":[{"name":"wp","href":"https:\/\/api.w.org\/{rel}","templated":true}]}}