{"id":28,"date":"2021-12-21T08:47:15","date_gmt":"2021-12-21T08:47:15","guid":{"rendered":"http:\/\/bestcharcoalmachine.local\/?page_id=28"},"modified":"2026-04-23T11:21:00","modified_gmt":"2026-04-23T03:21:00","slug":"about-us","status":"publish","type":"page","link":"https:\/\/bestcharcoalmachine.com\/de\/about-us\/","title":{"rendered":"\u00dcber uns"},"content":{"rendered":"<p>Gegr\u00fcndet mit jahrelanger Erfahrung in der Herstellung von Biomasseverarbeitungsmaschinen, wird Shuliy Machinery von einer professionellen, gro\u00df angelegten Fabrik unterst\u00fctzt, die sich der Forschung, Entwicklung, Produktion, dem Verkauf und dem After-Sales-Service von Kohleherstellungsger\u00e4ten widmet.<\/p>    <p>Wir konzentrieren uns auf Komplettl\u00f6sungen f\u00fcr die Kohleherstellung, einschlie\u00dflich Kohlebrikettmaschinen, Karbonisierungs\u00f6fen, Holzzerkleinerungsmaschinen, Trocknungsanlagen, Shisha-Kohlemaschinen, Grillkohleproduktionslinien und aller unterst\u00fctzenden Hilfsmaschinen.<\/p>    <p>Dank ausgereifter Produktionstechnologie, strenger Produktionsstandards und reicher Fertigungserfahrung optimieren wir st\u00e4ndig Maschinenstruktur, Energieeffizienz und Produktionskapazit\u00e4t, um den unterschiedlichen Produktionsanforderungen globaler Kunden gerecht zu werden. Alle unsere Kernmaschinen werden intern hergestellt, mit stabilem Betrieb, langer Lebensdauer und hohem Kohleverbrauch.<\/p>    <figure class=\"wp-block-gallery has-nested-images columns-default is-cropped wp-block-gallery-2 is-layout-flex wp-block-gallery-is-layout-flex\"> <figure class=\"wp-block-image size-large\"><img loading=\"lazy\" decoding=\"async\" width=\"720\" height=\"540\" data-id=\"4319\" src=\"https:\/\/bestcharcoalmachine.com\/wp-content\/uploads\/2026\/04\/shuliy-machinery.webp\" alt=\"Shuliy Machinery\" class=\"wp-image-4319\" srcset=\"https:\/\/bestcharcoalmachine.com\/wp-content\/uploads\/2026\/04\/shuliy-machinery.webp 720w, https:\/\/bestcharcoalmachine.com\/wp-content\/uploads\/2026\/04\/shuliy-machinery-300x225.webp 300w, https:\/\/bestcharcoalmachine.com\/wp-content\/uploads\/2026\/04\/shuliy-machinery-16x12.webp 16w\" sizes=\"auto, (max-width: 720px) 100vw, 720px\" \/><figcaption class=\"wp-element-caption\">Shuliy Machinery<\/figcaption><\/figure>    <figure class=\"wp-block-image size-large\"><img loading=\"lazy\" decoding=\"async\" width=\"720\" height=\"540\" data-id=\"4318\" src=\"https:\/\/bestcharcoalmachine.com\/wp-content\/uploads\/2026\/04\/shuliy-factory.webp\" alt=\"Shuliy-Fabrik\" class=\"wp-image-4318\" srcset=\"https:\/\/bestcharcoalmachine.com\/wp-content\/uploads\/2026\/04\/shuliy-factory.webp 720w, https:\/\/bestcharcoalmachine.com\/wp-content\/uploads\/2026\/04\/shuliy-factory-300x225.webp 300w, https:\/\/bestcharcoalmachine.com\/wp-content\/uploads\/2026\/04\/shuliy-factory-16x12.webp 16w\" sizes=\"auto, (max-width: 720px) 100vw, 720px\" \/><figcaption class=\"wp-element-caption\">Shuliy-Fabrik<\/figcaption><\/figure> <\/figure>    <h2 class=\"wp-block-heading\">Unsere Produktionsst\u00e4rke<\/h2>    <p>Wir besitzen eine vollst\u00e4ndige, unabh\u00e4ngige Produktionshalle mit gro\u00dfem Bearbeitungsbereich, vollst\u00e4ndiger mechanischer Verarbeitungsausr\u00fcstung, professionellen Montagelinien und standardisiertem Produktionsprozess.<\/p>    <p>Von der Rohstoffverarbeitung, Teilebearbeitung, Montage der Maschine bis hin zur Endprodukt-Feinabstimmung wird jede Produktionsstufe eigenst\u00e4ndig in unserer Fabrik durchgef\u00fchrt. Wir verf\u00fcgen \u00fcber professionelle Produktionsteams und geschickte technische Arbeiter, die jeden Produktionsdetail streng kontrollieren.<\/p>    <p>Wir unterst\u00fctzen kundenspezifische Produktion entsprechend den unterschiedlichen Rohstoffen, Standortbedingungen und Aussto\u00dfanforderungen der Kunden, was stabile Qualit\u00e4t und zuverl\u00e4ssige Lieferung f\u00fcr jede Kohleherstellungsmaschine gew\u00e4hrleistet.<\/p>    <figure class=\"wp-block-gallery has-nested-images columns-2 is-cropped wp-block-gallery-3 is-layout-flex wp-block-gallery-is-layout-flex\"> <figure class=\"wp-block-image size-large\"><img loading=\"lazy\" decoding=\"async\" width=\"720\" height=\"540\" data-id=\"4310\" src=\"https:\/\/bestcharcoalmachine.com\/wp-content\/uploads\/2026\/04\/biomass-drying-machine-factory.webp\" alt=\"Biomasse-Trocknungsmaschinenfabrik\" class=\"wp-image-4310\" srcset=\"https:\/\/bestcharcoalmachine.com\/wp-content\/uploads\/2026\/04\/biomass-drying-machine-factory.webp 720w, https:\/\/bestcharcoalmachine.com\/wp-content\/uploads\/2026\/04\/biomass-drying-machine-factory-300x225.webp 300w, https:\/\/bestcharcoalmachine.com\/wp-content\/uploads\/2026\/04\/biomass-drying-machine-factory-16x12.webp 16w\" sizes=\"auto, (max-width: 720px) 100vw, 720px\" \/><figcaption class=\"wp-element-caption\">Biomasse-Trocknungsmaschinenfabrik<\/figcaption><\/figure>    <figure class=\"wp-block-image size-large\"><img loading=\"lazy\" decoding=\"async\" width=\"720\" height=\"540\" data-id=\"4311\" src=\"https:\/\/bestcharcoalmachine.com\/wp-content\/uploads\/2026\/04\/charcoal-briquette-machine-unit.webp\" alt=\"Kohlebrikettiermaschinen-Einheit\" class=\"wp-image-4311\" srcset=\"https:\/\/bestcharcoalmachine.com\/wp-content\/uploads\/2026\/04\/charcoal-briquette-machine-unit.webp 720w, https:\/\/bestcharcoalmachine.com\/wp-content\/uploads\/2026\/04\/charcoal-briquette-machine-unit-300x225.webp 300w, https:\/\/bestcharcoalmachine.com\/wp-content\/uploads\/2026\/04\/charcoal-briquette-machine-unit-16x12.webp 16w\" sizes=\"auto, (max-width: 720px) 100vw, 720px\" \/><figcaption class=\"wp-element-caption\">Kohlebrikettiermaschinen-Einheit<\/figcaption><\/figure>    <figure class=\"wp-block-image size-large\"><img loading=\"lazy\" decoding=\"async\" width=\"720\" height=\"540\" data-id=\"4312\" src=\"https:\/\/bestcharcoalmachine.com\/wp-content\/uploads\/2026\/04\/Mechanical-charcoal-production-line.webp\" alt=\"Mechanische Kohleherstellungsanlage\" class=\"wp-image-4312\" srcset=\"https:\/\/bestcharcoalmachine.com\/wp-content\/uploads\/2026\/04\/Mechanical-charcoal-production-line.webp 720w, https:\/\/bestcharcoalmachine.com\/wp-content\/uploads\/2026\/04\/Mechanical-charcoal-production-line-300x225.webp 300w, https:\/\/bestcharcoalmachine.com\/wp-content\/uploads\/2026\/04\/Mechanical-charcoal-production-line-16x12.webp 16w\" sizes=\"auto, (max-width: 720px) 100vw, 720px\" \/><figcaption class=\"wp-element-caption\">Mechanische Kohleherstellungsanlage<\/figcaption><\/figure>    <figure class=\"wp-block-image size-large\"><img loading=\"lazy\" decoding=\"async\" width=\"720\" height=\"540\" data-id=\"4313\" src=\"https:\/\/bestcharcoalmachine.com\/wp-content\/uploads\/2026\/04\/sawdust-briquette-making-machine-plant.webp\" alt=\"Sawdust-Brikettiermaschine-Anlage\" class=\"wp-image-4313\" srcset=\"https:\/\/bestcharcoalmachine.com\/wp-content\/uploads\/2026\/04\/sawdust-briquette-making-machine-plant.webp 720w, https:\/\/bestcharcoalmachine.com\/wp-content\/uploads\/2026\/04\/sawdust-briquette-making-machine-plant-300x225.webp 300w, https:\/\/bestcharcoalmachine.com\/wp-content\/uploads\/2026\/04\/sawdust-briquette-making-machine-plant-16x12.webp 16w\" sizes=\"auto, (max-width: 720px) 100vw, 720px\" \/><figcaption class=\"wp-element-caption\">Sawdust-Brikettiermaschine-Anlage<\/figcaption><\/figure> <\/figure>    <h2 class=\"wp-block-heading\">Globale Projektf\u00e4lle<\/h2>    <p>Mit jahrelanger Exporterfahrung wurden unsere Kohlemaschinen und vollst\u00e4ndigen Produktionslinien in Dutzende von L\u00e4ndern weltweit exportiert, darunter Russland, Saudi-Arabien, Nepal, Algerien, Ecuador und viele andere s\u00fcdostasiatische, nah\u00f6stliche und afrikanische L\u00e4nder.<\/p>    <p>Wir haben eine gro\u00dfe Anzahl erfolgreicher Vor-Ort-Betriebserfahrungen in verschiedenen Regionen gesammelt. Basierend auf lokalen Rohstoffressourcen und den Produktionsbed\u00fcrfnissen der Kunden bieten wir eine vern\u00fcnftige Gesamtplanung der Produktionslinie, Equipment-Konfiguration und Vor-Ort-Bauleitung. Unsere stabile Maschinenqualit\u00e4t und praktischen Produktionsl\u00f6sungen haben weltweit hohe Anerkennung gefunden.<\/p>    <figure class=\"wp-block-gallery has-nested-images columns-default is-cropped wp-block-gallery-4 is-layout-flex wp-block-gallery-is-layout-flex\"> <figure class=\"wp-block-image size-large\"><img loading=\"lazy\" decoding=\"async\" width=\"720\" height=\"540\" data-id=\"4303\" src=\"https:\/\/bestcharcoalmachine.com\/wp-content\/uploads\/2026\/04\/carbonization-furnace-exported-to-Jordan.webp\" alt=\"Karbonisierungs\u00f6fen nach Jordanien exportiert\" class=\"wp-image-4303\" srcset=\"https:\/\/bestcharcoalmachine.com\/wp-content\/uploads\/2026\/04\/carbonization-furnace-exported-to-Jordan.webp 720w, https:\/\/bestcharcoalmachine.com\/wp-content\/uploads\/2026\/04\/carbonization-furnace-exported-to-Jordan-300x225.webp 300w, https:\/\/bestcharcoalmachine.com\/wp-content\/uploads\/2026\/04\/carbonization-furnace-exported-to-Jordan-16x12.webp 16w\" sizes=\"auto, (max-width: 720px) 100vw, 720px\" \/><figcaption class=\"wp-element-caption\">Karbonisierungs\u00f6fen nach Jordanien exportiert<\/figcaption><\/figure>    <figure class=\"wp-block-image size-large\"><img loading=\"lazy\" decoding=\"async\" width=\"540\" height=\"720\" data-id=\"4304\" src=\"https:\/\/bestcharcoalmachine.com\/wp-content\/uploads\/2026\/04\/Dubai-clients-visit-the-factory.webp\" alt=\"Dubai-Kunden besuchen die Fabrik\" class=\"wp-image-4304\" srcset=\"https:\/\/bestcharcoalmachine.com\/wp-content\/uploads\/2026\/04\/Dubai-clients-visit-the-factory.webp 540w, https:\/\/bestcharcoalmachine.com\/wp-content\/uploads\/2026\/04\/Dubai-clients-visit-the-factory-225x300.webp 225w, https:\/\/bestcharcoalmachine.com\/wp-content\/uploads\/2026\/04\/Dubai-clients-visit-the-factory-9x12.webp 9w\" sizes=\"auto, (max-width: 540px) 100vw, 540px\" \/><figcaption class=\"wp-element-caption\">Dubai-Kunden besuchen die Fabrik<\/figcaption><\/figure>    <figure class=\"wp-block-image size-large\"><img loading=\"lazy\" decoding=\"async\" width=\"540\" height=\"720\" data-id=\"4305\" src=\"https:\/\/bestcharcoalmachine.com\/wp-content\/uploads\/2026\/04\/Japanese-customers-purchase-carbonisation-furnaces.webp\" alt=\"Japanische Kunden kaufen Karbonisierungs\u00f6fen\" class=\"wp-image-4305\" srcset=\"https:\/\/bestcharcoalmachine.com\/wp-content\/uploads\/2026\/04\/Japanese-customers-purchase-carbonisation-furnaces.webp 540w, https:\/\/bestcharcoalmachine.com\/wp-content\/uploads\/2026\/04\/Japanese-customers-purchase-carbonisation-furnaces-225x300.webp 225w, https:\/\/bestcharcoalmachine.com\/wp-content\/uploads\/2026\/04\/Japanese-customers-purchase-carbonisation-furnaces-9x12.webp 9w\" sizes=\"auto, (max-width: 540px) 100vw, 540px\" \/><figcaption class=\"wp-element-caption\">Japanische Kunden kaufen Karbonisierungs\u00f6fen<\/figcaption><\/figure>    <figure class=\"wp-block-image size-large\"><img loading=\"lazy\" decoding=\"async\" width=\"720\" height=\"540\" data-id=\"4306\" src=\"https:\/\/bestcharcoalmachine.com\/wp-content\/uploads\/2026\/04\/Nigerian-clients-visit-the-factory.webp\" alt=\"Nigerianische Kunden besuchen die Fabrik\" class=\"wp-image-4306\" srcset=\"https:\/\/bestcharcoalmachine.com\/wp-content\/uploads\/2026\/04\/Nigerian-clients-visit-the-factory.webp 720w, https:\/\/bestcharcoalmachine.com\/wp-content\/uploads\/2026\/04\/Nigerian-clients-visit-the-factory-300x225.webp 300w, https:\/\/bestcharcoalmachine.com\/wp-content\/uploads\/2026\/04\/Nigerian-clients-visit-the-factory-16x12.webp 16w\" sizes=\"auto, (max-width: 720px) 100vw, 720px\" \/><figcaption class=\"wp-element-caption\">Nigerianische Kunden besuchen die Fabrik<\/figcaption><\/figure>    <figure class=\"wp-block-image size-large\"><img loading=\"lazy\" decoding=\"async\" width=\"540\" height=\"720\" data-id=\"4307\" src=\"https:\/\/bestcharcoalmachine.com\/wp-content\/uploads\/2026\/04\/Pakistani-customer-purchases-a-log-debarker.webp\" alt=\"Pakistanscher Kunde kauft einen Baumstamm-Entaster\" class=\"wp-image-4307\" srcset=\"https:\/\/bestcharcoalmachine.com\/wp-content\/uploads\/2026\/04\/Pakistani-customer-purchases-a-log-debarker.webp 540w, https:\/\/bestcharcoalmachine.com\/wp-content\/uploads\/2026\/04\/Pakistani-customer-purchases-a-log-debarker-225x300.webp 225w, https:\/\/bestcharcoalmachine.com\/wp-content\/uploads\/2026\/04\/Pakistani-customer-purchases-a-log-debarker-9x12.webp 9w\" sizes=\"auto, (max-width: 540px) 100vw, 540px\" \/><figcaption class=\"wp-element-caption\">Pakistanscher Kunde kauft einen Baumstamm-Entaster<\/figcaption><\/figure>    <figure class=\"wp-block-image size-large\"><img loading=\"lazy\" decoding=\"async\" width=\"720\" height=\"540\" data-id=\"4308\" src=\"https:\/\/bestcharcoalmachine.com\/wp-content\/uploads\/2026\/04\/Turkish-clients-visit-the-company.webp\" alt=\"T\u00fcrkische Kunden besuchen das Unternehmen\" class=\"wp-image-4308\" srcset=\"https:\/\/bestcharcoalmachine.com\/wp-content\/uploads\/2026\/04\/Turkish-clients-visit-the-company.webp 720w, https:\/\/bestcharcoalmachine.com\/wp-content\/uploads\/2026\/04\/Turkish-clients-visit-the-company-300x225.webp 300w, https:\/\/bestcharcoalmachine.com\/wp-content\/uploads\/2026\/04\/Turkish-clients-visit-the-company-16x12.webp 16w\" sizes=\"auto, (max-width: 720px) 100vw, 720px\" \/><figcaption class=\"wp-element-caption\">T\u00fcrkische Kunden besuchen das Unternehmen<\/figcaption><\/figure> <\/figure>    <h2 class=\"wp-block-heading\">Qualifikationen &amp; Zertifikate<\/h2>    <p>Unsere Hauptger\u00e4te zur Kohleherstellung haben eine anerkannte internationale Zertifizierung erhalten. Mit standardisiertem Produktionsmanagement und qualifizierter Maschinenqualit\u00e4t halten wir uns an internationale Handelsnormen und Sicherheitsvorschriften in allen Produktions- und Exportgesch\u00e4ften.<\/p>    <p>Vollst\u00e4ndige Qualifikationszertifikate bieten eine zuverl\u00e4ssige Garantie f\u00fcr die Zollabfertigung, den Ger\u00e4tegebrauch und den sp\u00e4teren Produktionsbetrieb der Kunden.<\/p>    <figure class=\"wp-block-image size-full\"><img loading=\"lazy\" decoding=\"async\" width=\"540\" height=\"720\" src=\"https:\/\/bestcharcoalmachine.com\/wp-content\/uploads\/2026\/04\/charcoal-briquette-making-machine-qualification-certificates.webp\" alt=\"Zertifikate f\u00fcr Qualifikation von Kohlebrikettmaschinen\" class=\"wp-image-4316\" srcset=\"https:\/\/bestcharcoalmachine.com\/wp-content\/uploads\/2026\/04\/charcoal-briquette-making-machine-qualification-certificates.webp 540w, https:\/\/bestcharcoalmachine.com\/wp-content\/uploads\/2026\/04\/charcoal-briquette-making-machine-qualification-certificates-225x300.webp 225w, https:\/\/bestcharcoalmachine.com\/wp-content\/uploads\/2026\/04\/charcoal-briquette-making-machine-qualification-certificates-9x12.webp 9w\" sizes=\"auto, (max-width: 540px) 100vw, 540px\" \/><figcaption class=\"wp-element-caption\">Zertifikate f\u00fcr Qualifikation von Kohlebrikettmaschinen<\/figcaption><\/figure>    <h2 class=\"wp-block-heading\">Umfassender After-Sales-Service<\/h2>    <p>Wir bieten globalen Kunden einen One-Stop-Service w\u00e4hrend des gesamten Kooperationsprozesses.<\/p>    <ul class=\"wp-block-list\"> <li>Vor der Bestellung: Kostenlose professionelle Produktionslinienplanung, Equipment-Auswahlvorschl\u00e4ge und detailliertes Angebot entsprechend Ihren Anforderungen.<\/li>    <li>W\u00e4hrend der Zusammenarbeit: Strenge Produktionsplanung, Echtzeit-Feedback zum Produktionsfortschritt und sichere Container-Shipping-Arrangements.<\/li>    <li>Nach der Lieferung: Lebenslange technische Unterst\u00fctzung, Online-Betriebsanleitung, Installationshilfe, Wartungsanleitung und Ersatzteilversorgung.<\/li> <\/ul>    <p>Unser professionelles Serviceteam steht immer bereit, um alle Probleme bei der Maschinenbenutzung und Produktion zu l\u00f6sen.<\/p>    <figure class=\"wp-block-gallery has-nested-images columns-2 is-cropped wp-block-gallery-5 is-layout-flex wp-block-gallery-is-layout-flex\"> <figure class=\"wp-block-image size-large\"><img loading=\"lazy\" decoding=\"async\" width=\"720\" height=\"540\" data-id=\"4322\" src=\"https:\/\/bestcharcoalmachine.com\/wp-content\/uploads\/2026\/04\/Complete-Charcoal-Machine-Container-Loading.webp\" alt=\"Komplette Containerladung f\u00fcr Kohlemaschinen\" class=\"wp-image-4322\" srcset=\"https:\/\/bestcharcoalmachine.com\/wp-content\/uploads\/2026\/04\/Complete-Charcoal-Machine-Container-Loading.webp 720w, https:\/\/bestcharcoalmachine.com\/wp-content\/uploads\/2026\/04\/Complete-Charcoal-Machine-Container-Loading-300x225.webp 300w, https:\/\/bestcharcoalmachine.com\/wp-content\/uploads\/2026\/04\/Complete-Charcoal-Machine-Container-Loading-16x12.webp 16w\" sizes=\"auto, (max-width: 720px) 100vw, 720px\" \/><figcaption class=\"wp-element-caption\">Komplette Containerladung f\u00fcr Kohlemaschinen<\/figcaption><\/figure>    <figure class=\"wp-block-image size-large\"><img loading=\"lazy\" decoding=\"async\" width=\"720\" height=\"540\" data-id=\"4323\" src=\"https:\/\/bestcharcoalmachine.com\/wp-content\/uploads\/2026\/04\/Full-Set-Charcoal-Production-Line-In-Workshop.webp\" alt=\"Vollst\u00e4ndige Kohleproduktionslinie im Werk\" class=\"wp-image-4323\" srcset=\"https:\/\/bestcharcoalmachine.com\/wp-content\/uploads\/2026\/04\/Full-Set-Charcoal-Production-Line-In-Workshop.webp 720w, https:\/\/bestcharcoalmachine.com\/wp-content\/uploads\/2026\/04\/Full-Set-Charcoal-Production-Line-In-Workshop-300x225.webp 300w, https:\/\/bestcharcoalmachine.com\/wp-content\/uploads\/2026\/04\/Full-Set-Charcoal-Production-Line-In-Workshop-16x12.webp 16w\" sizes=\"auto, (max-width: 720px) 100vw, 720px\" \/><figcaption class=\"wp-element-caption\">Vollst\u00e4ndige Kohleproduktionslinie im Werk<\/figcaption><\/figure>    <figure class=\"wp-block-image size-large\"><img loading=\"lazy\" decoding=\"async\" width=\"720\" height=\"540\" data-id=\"4324\" src=\"https:\/\/bestcharcoalmachine.com\/wp-content\/uploads\/2026\/04\/Large-Biomass-Charcoal-Equipment-Shipment.webp\" alt=\"Gro\u00dfversand von Biomasse-Kohleausr\u00fcstung\" class=\"wp-image-4324\" srcset=\"https:\/\/bestcharcoalmachine.com\/wp-content\/uploads\/2026\/04\/Large-Biomass-Charcoal-Equipment-Shipment.webp 720w, https:\/\/bestcharcoalmachine.com\/wp-content\/uploads\/2026\/04\/Large-Biomass-Charcoal-Equipment-Shipment-300x225.webp 300w, https:\/\/bestcharcoalmachine.com\/wp-content\/uploads\/2026\/04\/Large-Biomass-Charcoal-Equipment-Shipment-16x12.webp 16w\" sizes=\"auto, (max-width: 720px) 100vw, 720px\" \/><figcaption class=\"wp-element-caption\">Gro\u00dfversand von Biomasse-Kohleausr\u00fcstung<\/figcaption><\/figure>    <figure class=\"wp-block-image size-large\"><img loading=\"lazy\" decoding=\"async\" width=\"720\" height=\"540\" data-id=\"4325\" src=\"https:\/\/bestcharcoalmachine.com\/wp-content\/uploads\/2026\/04\/Vertical-Carbonization-Furnace-Container-Loading.webp\" alt=\"Vertikaler Karbonisierungs\u00f6fen-Containerladung\" class=\"wp-image-4325\" srcset=\"https:\/\/bestcharcoalmachine.com\/wp-content\/uploads\/2026\/04\/Vertical-Carbonization-Furnace-Container-Loading.webp 720w, https:\/\/bestcharcoalmachine.com\/wp-content\/uploads\/2026\/04\/Vertical-Carbonization-Furnace-Container-Loading-300x225.webp 300w, https:\/\/bestcharcoalmachine.com\/wp-content\/uploads\/2026\/04\/Vertical-Carbonization-Furnace-Container-Loading-16x12.webp 16w\" sizes=\"auto, (max-width: 720px) 100vw, 720px\" \/><figcaption class=\"wp-element-caption\">Vertikaler Karbonisierungs\u00f6fen-Containerladung<\/figcaption><\/figure> <\/figure>    <h2 class=\"wp-block-heading\">Starten Sie Ihr Kohlegesch\u00e4ft mit uns<\/h2>    <p>Wenn Sie zuverl\u00e4ssige, hocheffiziente Kohleherstellungsmaschinen und vollst\u00e4ndige Produktionslinienl\u00f6sungen suchen, sind wir Ihr idealer langfristiger Kooperationspartner.<\/p>    <p>Z\u00f6gern Sie nicht, uns Ihre detaillierten Anforderungen zu senden, wir erstellen Ihnen einen exklusiven, ma\u00dfgeschneiderten Plan und bieten Ihnen g\u00fcnstige Fabrikpreise direkt ab Werk.<\/p>    <div class=\"wp-block-buttons is-content-justification-left is-layout-flex wp-container-core-buttons-is-layout-fc4fd283 wp-block-buttons-is-layout-flex\"> <div class=\"wp-block-button is-style-outline is-style-outline--6\"><a class=\"wp-block-button__link wp-element-button\" href=\"https:\/\/wa.me\/+8617329326135\" target=\"_blank\" rel=\"noopener\">Erhalten Sie jetzt Ihr kostenloses Angebot<\/a><\/div> <\/div>","protected":false},"excerpt":{"rendered":"<p>Founded with years of manufacturing experience in biomass processing machinery, Shuliy machinery is backed by a professional, large-scale factory dedicated to the research, development, production, sales, and after-sales service of charcoal making equipment. We focus on full-set charcoal production solutions, covering charcoal briquette machines, carbonization furnaces, wood crusher machines, drying equipment, shisha charcoal machines, BBQ [&hellip;]<\/p>\n","protected":false},"author":1,"featured_media":0,"parent":0,"menu_order":0,"comment_status":"closed","ping_status":"closed","template":"","meta":{"footnotes":""},"class_list":["post-28","page","type-page","status-publish","hentry"],"_links":{"self":[{"href":"https:\/\/bestcharcoalmachine.com\/de\/wp-json\/wp\/v2\/pages\/28","targetHints":{"allow":["GET"]}}],"collection":[{"href":"https:\/\/bestcharcoalmachine.com\/de\/wp-json\/wp\/v2\/pages"}],"about":[{"href":"https:\/\/bestcharcoalmachine.com\/de\/wp-json\/wp\/v2\/types\/page"}],"author":[{"embeddable":true,"href":"https:\/\/bestcharcoalmachine.com\/de\/wp-json\/wp\/v2\/users\/1"}],"replies":[{"embeddable":true,"href":"https:\/\/bestcharcoalmachine.com\/de\/wp-json\/wp\/v2\/comments?post=28"}],"version-history":[{"count":9,"href":"https:\/\/bestcharcoalmachine.com\/de\/wp-json\/wp\/v2\/pages\/28\/revisions"}],"predecessor-version":[{"id":4331,"href":"https:\/\/bestcharcoalmachine.com\/de\/wp-json\/wp\/v2\/pages\/28\/revisions\/4331"}],"wp:attachment":[{"href":"https:\/\/bestcharcoalmachine.com\/de\/wp-json\/wp\/v2\/media?parent=28"}],"curies":[{"name":"wp","href":"https:\/\/api.w.org\/{rel}","templated":true}]}}